{"id":289,"date":"2025-03-09T23:39:39","date_gmt":"2025-03-09T23:39:39","guid":{"rendered":"https:\/\/escoladigital.madeira.gov.pt\/eb1peccarreira\/?page_id=289"},"modified":"2025-06-18T09:25:57","modified_gmt":"2025-06-18T09:25:57","slug":"caracterizacao-da-escola","status":"publish","type":"page","link":"https:\/\/escoladigital.madeira.gov.pt\/eb1peccarreira\/caracterizacao-da-escola\/","title":{"rendered":"CARACTERIZA\u00c7\u00c3O DA ESCOLA"},"content":{"rendered":"\t\t<div data-elementor-type=\"wp-page\" data-elementor-id=\"289\" class=\"elementor elementor-289\">\n\t\t\t\t<div class=\"elementor-element elementor-element-5817d40c e-flex e-con-boxed e-con e-parent\" data-id=\"5817d40c\" data-element_type=\"container\" data-e-type=\"container\">\n\t\t\t\t\t<div class=\"e-con-inner\">\n\t\t\t\t<div class=\"elementor-element elementor-element-6f9c697e elementor-widget elementor-widget-text-editor\" data-id=\"6f9c697e\" data-element_type=\"widget\" data-e-type=\"widget\" data-widget_type=\"text-editor.default\">\n\t\t\t\t<div class=\"elementor-widget-container\">\n\t\t\t\t\t\t\t\t\t\n<p><strong>Bem-vindos \u00e0 EB1\/PE Carvalhal e Carreira!<\/strong><\/p>\n<p>\u00c9 com grande satisfa\u00e7\u00e3o que abrimos este espa\u00e7o digital para todos os que fazem parte da nossa comunidade educativa. A nossa escola \u00e9 um lugar de aprendizagem, crescimento e partilha, onde cada aluno \u00e9 valorizado no seu percurso educativo.<\/p>\n<p>Neste site, poder\u00e3o encontrar informa\u00e7\u00f5es essenciais sobre a nossa institui\u00e7\u00e3o, desde os projetos educativos e atividades escolares at\u00e9 documentos e avisos importantes. Queremos que este seja um canal de comunica\u00e7\u00e3o direta, promovendo a proximidade entre a escola, os alunos e as fam\u00edlias.<\/p>\n<p>Acreditamos que a educa\u00e7\u00e3o vai al\u00e9m da sala de aula e que o envolvimento dos pais e encarregados de educa\u00e7\u00e3o \u00e9 fundamental para o sucesso dos nossos alunos. Por isso, convidamos-vos a participar ativamente na vida escolar, acompanhando as novidades, os eventos e as iniciativas que realizamos ao longo do ano letivo.<\/p>\n<p>Juntos, constru\u00edmos uma escola mais forte, inovadora e acolhedora, onde o respeito, a coopera\u00e7\u00e3o e o compromisso com a educa\u00e7\u00e3o s\u00e3o valores essenciais.<\/p>\n<p>Sejam bem-vindos ao nosso espa\u00e7o online! Contamos convosco para fazer desta jornada educativa um sucesso para todos.<\/p>\n<p>\ud83d\udcda\ud83d\udca1 EB1\/PE Carvalhal e Carreira \u2013 Aprender e crescer juntos!<\/p>\n<p>\u00a0<\/p>\n<p><strong>Situada na Estrada Tito Cabral Noronha, na freguesia dos Canhas, Concelho da Ponta do Sol, o edif\u00edcio principal \u00e9 constitu\u00eddo por um bloco, de constru\u00e7\u00e3o moderno. Originalmente esta escola, foi uma constru\u00e7\u00e3o do tipo \u201cPlano Centen\u00e1rio\u201d, mas sofreu obras de amplia\u00e7\u00e3o e remodela\u00e7\u00e3o durante o ano lectivo 2008\/2009. Esta escola apresenta mobili\u00e1rio adequado e em n\u00famero suficiente, adaptado aos diferentes grupos et\u00e1rios dos alunos em ambos os edif\u00edcios. A ilumina\u00e7\u00e3o das salas \u00e9 boa e estas re\u00fanem boas condi\u00e7\u00f5es para trabalhar. O edif\u00edcio possui espa\u00e7os exteriores completamente vedados e um polivalente descoberto aberto \u00e0 comunidade educativa para utiliza\u00e7\u00e3o desportiva. O edif\u00edcio escolar est\u00e1 inserido num meio rural que est\u00e1 abrangido por uma rede de transportes p\u00fablicos e alguns servi\u00e7os. A escola tem excelentes instala\u00e7\u00f5es de trabalho entre as quais salientamos: salas de aula curricular, salas do Pr\u00e9-escolar, salas para atividades de Enriquecimento curricular, sala de TIC; sala de Express\u00e3o Musical, Biblioteca, salas de Professores, campo de jogos, balne\u00e1rios, refeit\u00f3rio, gabinetes de uso diversificado e cozinha. O edif\u00edcio possui tamb\u00e9m um elevador que pode ser de utilidade para pessoas e alunos com mobilidade reduzida. Todos os pisos est\u00e3o munidos de instala\u00e7\u00f5es sanit\u00e1rias e de arrecada\u00e7\u00f5es.<\/strong><strong><br \/>As turmas neste ano letivo est\u00e3o distribu\u00eddas da seguinte forma: Quatro turmas do 1. Ciclo (1.\u00ba ano, 2.\u00ba ano, 3.\u00ba ano e 4.\u00ba ano), duas de Pr\u00e9-escolar e duas de ensino recorrente. A EB1\/PE de Carvalhal e Carreira no ano letivo de 2024\/25 \u00e9 constitu\u00edda por 34 alunos do pr\u00e9-escolar, 58 no 1.\u00ba ciclo, 48 alunos no ensino recorrente e 19 professores.<\/strong><\/p>\n\n<figure class=\"wp-block-image size-large is-resized\"><img decoding=\"async\" class=\"wp-image-341\" style=\"width: 1138px;height: auto\" src=\"https:\/\/escoladigital.madeira.gov.pt\/eb1peccarreira\/wp-content\/uploads\/sites\/33\/2025\/03\/fotoescola-1-1024x768.jpg\" alt=\"\" \/><\/figure>\n\n<p>\u00a0<\/p>\n\t\t\t\t\t\t\t\t<\/div>\n\t\t\t\t<\/div>\n\t\t\t\t\t<\/div>\n\t\t\t\t<\/div>\n\t\t<div class=\"elementor-element elementor-element-1449357 e-flex e-con-boxed e-con e-parent\" data-id=\"1449357\" data-element_type=\"container\" data-e-type=\"container\">\n\t\t\t\t\t<div class=\"e-con-inner\">\n\t\t\t\t<div class=\"elementor-element elementor-element-6e9dc4e elementor-align-right elementor-widget elementor-widget-button\" data-id=\"6e9dc4e\" data-element_type=\"widget\" data-e-type=\"widget\" data-widget_type=\"button.default\">\n\t\t\t\t<div class=\"elementor-widget-container\">\n\t\t\t\t\t\t\t\t\t<div class=\"elementor-button-wrapper\">\n\t\t\t\t\t<a class=\"elementor-button elementor-button-link elementor-size-sm\" href=\"https:\/\/escoladigital.madeira.gov.pt\/eb1peccarreira\/\">\n\t\t\t\t\t\t<span class=\"elementor-button-content-wrapper\">\n\t\t\t\t\t\t<span class=\"elementor-button-icon\">\n\t\t\t\t<svg aria-hidden=\"true\" class=\"e-font-icon-svg e-fas-home\" viewBox=\"0 0 576 512\" xmlns=\"http:\/\/www.w3.org\/2000\/svg\"><path d=\"M280.37 148.26L96 300.11V464a16 16 0 0 0 16 16l112.06-.29a16 16 0 0 0 15.92-16V368a16 16 0 0 1 16-16h64a16 16 0 0 1 16 16v95.64a16 16 0 0 0 16 16.05L464 480a16 16 0 0 0 16-16V300L295.67 148.26a12.19 12.19 0 0 0-15.3 0zM571.6 251.47L488 182.56V44.05a12 12 0 0 0-12-12h-56a12 12 0 0 0-12 12v72.61L318.47 43a48 48 0 0 0-61 0L4.34 251.47a12 12 0 0 0-1.6 16.9l25.5 31A12 12 0 0 0 45.15 301l235.22-193.74a12.19 12.19 0 0 1 15.3 0L530.9 301a12 12 0 0 0 16.9-1.6l25.5-31a12 12 0 0 0-1.7-16.93z\"><\/path><\/svg>\t\t\t<\/span>\n\t\t\t\t\t\t\t\t\t<span class=\"elementor-button-text\">P\u00e1gina Inicial<\/span>\n\t\t\t\t\t<\/span>\n\t\t\t\t\t<\/a>\n\t\t\t\t<\/div>\n\t\t\t\t\t\t\t\t<\/div>\n\t\t\t\t<\/div>\n\t\t\t\t\t<\/div>\n\t\t\t\t<\/div>\n\t\t<div class=\"elementor-element elementor-element-ac683a0 e-flex e-con-boxed e-con e-parent\" data-id=\"ac683a0\" data-element_type=\"container\" data-e-type=\"container\">\n\t\t\t\t\t<div class=\"e-con-inner\">\n\t\t\t\t<div class=\"elementor-element elementor-element-50f29a0 elementor-widget elementor-widget-image\" data-id=\"50f29a0\" data-element_type=\"widget\" data-e-type=\"widget\" data-widget_type=\"image.default\">\n\t\t\t\t<div class=\"elementor-widget-container\">\n\t\t\t\t\t\t\t\t\t\t\t\t<figure class=\"wp-caption\">\n\t\t\t\t\t\t\t\t\t\t<img fetchpriority=\"high\" decoding=\"async\" width=\"300\" height=\"184\" src=\"https:\/\/escoladigital.madeira.gov.pt\/eb1peccarreira\/wp-content\/uploads\/sites\/33\/2025\/03\/seinov24-300x184.png\" class=\"attachment-medium size-medium wp-image-668\" alt=\"\" srcset=\"https:\/\/escoladigital.madeira.gov.pt\/eb1peccarreira\/wp-content\/uploads\/sites\/33\/2025\/03\/seinov24-300x184.png 300w, https:\/\/escoladigital.madeira.gov.pt\/eb1peccarreira\/wp-content\/uploads\/sites\/33\/2025\/03\/seinov24-1024x628.png 1024w, https:\/\/escoladigital.madeira.gov.pt\/eb1peccarreira\/wp-content\/uploads\/sites\/33\/2025\/03\/seinov24-2000x1227.png 2000w, https:\/\/escoladigital.madeira.gov.pt\/eb1peccarreira\/wp-content\/uploads\/sites\/33\/2025\/03\/seinov24-1536x942.png 1536w, https:\/\/escoladigital.madeira.gov.pt\/eb1peccarreira\/wp-content\/uploads\/sites\/33\/2025\/03\/seinov24-2048x1257.png 2048w\" sizes=\"100vw\" \/>\t\t\t\t\t\t\t\t\t\t\t<figcaption class=\"widget-image-caption wp-caption-text\">Escola Tecnol\u00f3gica Inovadora<\/figcaption>\n\t\t\t\t\t\t\t\t\t\t<\/figure>\n\t\t\t\t\t\t\t\t\t<\/div>\n\t\t\t\t<\/div>\n\t\t\t\t\t<\/div>\n\t\t\t\t<\/div>\n\t\t<div class=\"elementor-element elementor-element-ae23fab e-flex e-con-boxed e-con e-parent\" data-id=\"ae23fab\" data-element_type=\"container\" data-e-type=\"container\">\n\t\t\t\t\t<div class=\"e-con-inner\">\n\t\t\t\t<div class=\"elementor-element elementor-element-f4b599e elementor-widget elementor-widget-image\" data-id=\"f4b599e\" data-element_type=\"widget\" data-e-type=\"widget\" data-widget_type=\"image.default\">\n\t\t\t\t<div class=\"elementor-widget-container\">\n\t\t\t\t\t\t\t\t\t\t\t\t<figure class=\"wp-caption\">\n\t\t\t\t\t\t\t\t\t\t<img decoding=\"async\" width=\"300\" height=\"212\" src=\"https:\/\/escoladigital.madeira.gov.pt\/eb1peccarreira\/wp-content\/uploads\/sites\/33\/2025\/03\/ref_2024-300x212.png\" class=\"attachment-medium size-medium wp-image-667\" alt=\"\" srcset=\"https:\/\/escoladigital.madeira.gov.pt\/eb1peccarreira\/wp-content\/uploads\/sites\/33\/2025\/03\/ref_2024-300x212.png 300w, https:\/\/escoladigital.madeira.gov.pt\/eb1peccarreira\/wp-content\/uploads\/sites\/33\/2025\/03\/ref_2024-1024x724.png 1024w, https:\/\/escoladigital.madeira.gov.pt\/eb1peccarreira\/wp-content\/uploads\/sites\/33\/2025\/03\/ref_2024.png 1232w\" sizes=\"100vw\" \/>\t\t\t\t\t\t\t\t\t\t\t<figcaption class=\"widget-image-caption wp-caption-text\">Escola Tecnol\u00f3gica de Refer\u00eancia<\/figcaption>\n\t\t\t\t\t\t\t\t\t\t<\/figure>\n\t\t\t\t\t\t\t\t\t<\/div>\n\t\t\t\t<\/div>\n\t\t\t\t\t<\/div>\n\t\t\t\t<\/div>\n\t\t<div class=\"elementor-element elementor-element-a0f98fd e-flex e-con-boxed e-con e-parent\" data-id=\"a0f98fd\" data-element_type=\"container\" data-e-type=\"container\">\n\t\t\t\t\t<div class=\"e-con-inner\">\n\t\t\t\t<div class=\"elementor-element elementor-element-512676c elementor-widget elementor-widget-image\" data-id=\"512676c\" data-element_type=\"widget\" data-e-type=\"widget\" data-widget_type=\"image.default\">\n\t\t\t\t<div class=\"elementor-widget-container\">\n\t\t\t\t\t\t\t\t\t\t\t\t\t\t\t<img decoding=\"async\" width=\"768\" height=\"480\" src=\"https:\/\/escoladigital.madeira.gov.pt\/eb1peccarreira\/wp-content\/uploads\/sites\/33\/2025\/03\/codeweek2024-1.png\" class=\"attachment-medium_large size-medium_large wp-image-678\" alt=\"\" srcset=\"https:\/\/escoladigital.madeira.gov.pt\/eb1peccarreira\/wp-content\/uploads\/sites\/33\/2025\/03\/codeweek2024-1.png 896w, https:\/\/escoladigital.madeira.gov.pt\/eb1peccarreira\/wp-content\/uploads\/sites\/33\/2025\/03\/codeweek2024-1-300x188.png 300w\" sizes=\"100vw\" \/>\t\t\t\t\t\t\t\t\t\t\t\t\t\t\t<\/div>\n\t\t\t\t<\/div>\n\t\t\t\t\t<\/div>\n\t\t\t\t<\/div>\n\t\t<div class=\"elementor-element elementor-element-5d8086b e-flex e-con-boxed e-con e-parent\" data-id=\"5d8086b\" data-element_type=\"container\" data-e-type=\"container\">\n\t\t\t\t\t<div class=\"e-con-inner\">\n\t\t\t\t<div class=\"elementor-element elementor-element-74f4396 elementor-widget elementor-widget-image\" data-id=\"74f4396\" data-element_type=\"widget\" data-e-type=\"widget\" data-widget_type=\"image.default\">\n\t\t\t\t<div class=\"elementor-widget-container\">\n\t\t\t\t\t\t\t\t\t\t\t\t\t\t\t<img loading=\"lazy\" decoding=\"async\" width=\"891\" height=\"623\" src=\"https:\/\/escoladigital.madeira.gov.pt\/eb1peccarreira\/wp-content\/uploads\/sites\/33\/2025\/03\/terra-treme.png\" class=\"attachment-large size-large wp-image-754\" alt=\"\" srcset=\"https:\/\/escoladigital.madeira.gov.pt\/eb1peccarreira\/wp-content\/uploads\/sites\/33\/2025\/03\/terra-treme.png 891w, https:\/\/escoladigital.madeira.gov.pt\/eb1peccarreira\/wp-content\/uploads\/sites\/33\/2025\/03\/terra-treme-300x210.png 300w\" sizes=\"100vw\" \/>\t\t\t\t\t\t\t\t\t\t\t\t\t\t\t<\/div>\n\t\t\t\t<\/div>\n\t\t\t\t\t<\/div>\n\t\t\t\t<\/div>\n\t\t<div class=\"elementor-element elementor-element-b4c26fe e-flex e-con-boxed e-con e-parent\" data-id=\"b4c26fe\" data-element_type=\"container\" data-e-type=\"container\">\n\t\t\t\t\t<div class=\"e-con-inner\">\n\t\t\t\t<div class=\"elementor-element elementor-element-d7520eb elementor-widget elementor-widget-image\" data-id=\"d7520eb\" data-element_type=\"widget\" data-e-type=\"widget\" data-widget_type=\"image.default\">\n\t\t\t\t<div class=\"elementor-widget-container\">\n\t\t\t\t\t\t\t\t\t\t\t\t\t\t\t<img loading=\"lazy\" decoding=\"async\" width=\"902\" height=\"654\" src=\"https:\/\/escoladigital.madeira.gov.pt\/eb1peccarreira\/wp-content\/uploads\/sites\/33\/2025\/03\/diplomaeco.png\" class=\"attachment-large size-large wp-image-758\" alt=\"\" srcset=\"https:\/\/escoladigital.madeira.gov.pt\/eb1peccarreira\/wp-content\/uploads\/sites\/33\/2025\/03\/diplomaeco.png 902w, https:\/\/escoladigital.madeira.gov.pt\/eb1peccarreira\/wp-content\/uploads\/sites\/33\/2025\/03\/diplomaeco-300x218.png 300w\" sizes=\"100vw\" \/>\t\t\t\t\t\t\t\t\t\t\t\t\t\t\t<\/div>\n\t\t\t\t<\/div>\n\t\t\t\t\t<\/div>\n\t\t\t\t<\/div>\n\t\t<div class=\"elementor-element elementor-element-c86371f e-flex e-con-boxed e-con e-parent\" data-id=\"c86371f\" data-element_type=\"container\" data-e-type=\"container\">\n\t\t\t\t\t<div class=\"e-con-inner\">\n\t\t\t\t<div class=\"elementor-element elementor-element-3fd79f0 elementor-widget elementor-widget-image\" data-id=\"3fd79f0\" data-element_type=\"widget\" data-e-type=\"widget\" data-widget_type=\"image.default\">\n\t\t\t\t<div class=\"elementor-widget-container\">\n\t\t\t\t\t\t\t\t\t\t\t\t<figure class=\"wp-caption\">\n\t\t\t\t\t\t\t\t\t\t<img loading=\"lazy\" decoding=\"async\" width=\"768\" height=\"483\" src=\"https:\/\/escoladigital.madeira.gov.pt\/eb1peccarreira\/wp-content\/uploads\/sites\/33\/2025\/06\/seinova25-scaled.png\" class=\"attachment-medium_large size-medium_large wp-image-1720\" alt=\"\" srcset=\"https:\/\/escoladigital.madeira.gov.pt\/eb1peccarreira\/wp-content\/uploads\/sites\/33\/2025\/06\/seinova25-scaled.png 2560w, https:\/\/escoladigital.madeira.gov.pt\/eb1peccarreira\/wp-content\/uploads\/sites\/33\/2025\/06\/seinova25-300x189.png 300w, https:\/\/escoladigital.madeira.gov.pt\/eb1peccarreira\/wp-content\/uploads\/sites\/33\/2025\/06\/seinova25-1024x644.png 1024w, https:\/\/escoladigital.madeira.gov.pt\/eb1peccarreira\/wp-content\/uploads\/sites\/33\/2025\/06\/seinova25-2000x1258.png 2000w, https:\/\/escoladigital.madeira.gov.pt\/eb1peccarreira\/wp-content\/uploads\/sites\/33\/2025\/06\/seinova25-scaled-1536x966.png 1536w, https:\/\/escoladigital.madeira.gov.pt\/eb1peccarreira\/wp-content\/uploads\/sites\/33\/2025\/06\/seinova25-scaled-2048x1288.png 2048w\" sizes=\"100vw\" \/>\t\t\t\t\t\t\t\t\t\t\t<figcaption class=\"widget-image-caption wp-caption-text\">selo2024-2025<\/figcaption>\n\t\t\t\t\t\t\t\t\t\t<\/figure>\n\t\t\t\t\t\t\t\t\t<\/div>\n\t\t\t\t<\/div>\n\t\t\t\t\t<\/div>\n\t\t\t\t<\/div>\n\t\t\t\t<\/div>\n\t\t","protected":false},"excerpt":{"rendered":"<p>Bem-vindos \u00e0 EB1\/PE Carvalhal e Carreira! \u00c9 com grande satisfa\u00e7\u00e3o que abrimos este espa\u00e7o digital para todos os que fazem parte da nossa comunidade educativa. A nossa escola \u00e9 um lugar de aprendizagem, crescimento e partilha, onde cada aluno \u00e9 valorizado no seu percurso educativo. Neste site, poder\u00e3o encontrar informa\u00e7\u00f5es essenciais sobre a nossa institui\u00e7\u00e3o, &hellip; <\/p>\n<p class=\"link-more\"><a href=\"https:\/\/escoladigital.madeira.gov.pt\/eb1peccarreira\/caracterizacao-da-escola\/\" class=\"more-link\">Read more<span class=\"screen-reader-text\"> &#8220;CARACTERIZA\u00c7\u00c3O DA ESCOLA&#8221;<\/span><\/a><\/p>\n","protected":false},"author":44,"featured_media":0,"parent":0,"menu_order":0,"comment_status":"closed","ping_status":"closed","template":"","meta":{"_themeisle_gutenberg_block_has_review":false,"inspiro_hide_title":false,"footnotes":""},"class_list":["post-289","page","type-page","status-publish","hentry"],"_links":{"self":[{"href":"https:\/\/escoladigital.madeira.gov.pt\/eb1peccarreira\/wp-json\/wp\/v2\/pages\/289","targetHints":{"allow":["GET"]}}],"collection":[{"href":"https:\/\/escoladigital.madeira.gov.pt\/eb1peccarreira\/wp-json\/wp\/v2\/pages"}],"about":[{"href":"https:\/\/escoladigital.madeira.gov.pt\/eb1peccarreira\/wp-json\/wp\/v2\/types\/page"}],"author":[{"embeddable":true,"href":"https:\/\/escoladigital.madeira.gov.pt\/eb1peccarreira\/wp-json\/wp\/v2\/users\/44"}],"replies":[{"embeddable":true,"href":"https:\/\/escoladigital.madeira.gov.pt\/eb1peccarreira\/wp-json\/wp\/v2\/comments?post=289"}],"version-history":[{"count":36,"href":"https:\/\/escoladigital.madeira.gov.pt\/eb1peccarreira\/wp-json\/wp\/v2\/pages\/289\/revisions"}],"predecessor-version":[{"id":1723,"href":"https:\/\/escoladigital.madeira.gov.pt\/eb1peccarreira\/wp-json\/wp\/v2\/pages\/289\/revisions\/1723"}],"wp:attachment":[{"href":"https:\/\/escoladigital.madeira.gov.pt\/eb1peccarreira\/wp-json\/wp\/v2\/media?parent=289"}],"curies":[{"name":"wp","href":"https:\/\/api.w.org\/{rel}","templated":true}]}}