{"id":314,"date":"2025-03-09T23:49:19","date_gmt":"2025-03-09T23:49:19","guid":{"rendered":"https:\/\/escoladigital.madeira.gov.pt\/eb1peccarreira\/?page_id=314"},"modified":"2025-03-10T21:48:56","modified_gmt":"2025-03-10T21:48:56","slug":"rgpc","status":"publish","type":"page","link":"https:\/\/escoladigital.madeira.gov.pt\/eb1peccarreira\/rgpc\/","title":{"rendered":"RGPC"},"content":{"rendered":"\t\t<div data-elementor-type=\"wp-page\" data-elementor-id=\"314\" class=\"elementor elementor-314\">\n\t\t\t\t<div class=\"elementor-element elementor-element-5cc3429a e-flex e-con-boxed e-con e-parent\" data-id=\"5cc3429a\" data-element_type=\"container\" data-e-type=\"container\">\n\t\t\t\t\t<div class=\"e-con-inner\">\n\t\t\t\t<div class=\"elementor-element elementor-element-65a8b1f1 elementor-widget elementor-widget-text-editor\" data-id=\"65a8b1f1\" data-element_type=\"widget\" data-e-type=\"widget\" data-widget_type=\"text-editor.default\">\n\t\t\t\t<div class=\"elementor-widget-container\">\n\t\t\t\t\t\t\t\t\t\n<h2 id=\"wp-block-themeisle-blocks-advanced-heading-53d5b064\" class=\"wp-block-heading\">GEST\u00c3O DE RISCOS DE CORRUP\u00c7\u00c3O E INFRA\u00c7\u00d5ES CONEXAS<\/h2>\n\n<blockquote class=\"wp-block-quote is-layout-flow wp-block-quote-is-layout-flow\">\n<p class=\"has-text-align-center\"><a href=\"https:\/\/canaldenuncias.madeira.gov.pt\/\">Canal de Denuncias<\/a><\/p>\n\n<p class=\"has-text-align-center\">C\u00f3digo de \u00e9tica e de conduta<\/p>\n\n<p class=\"has-text-align-center\">Despacho respons\u00e1vel cumprimento normativo<\/p>\n\n<p class=\"has-text-align-center\">Plano de forma\u00e7\u00e3o<\/p>\n\n<p class=\"has-text-align-center\">Plano de preven\u00e7\u00e3o de riscos corrup\u00e7\u00e3o e infra\u00e7\u00f5es<\/p>\n<\/blockquote>\n\n<div data-wp-interactive=\"core\/file\" class=\"wp-block-file\"><object data-wp-bind--hidden=\"!state.hasPdfPreview\" hidden class=\"wp-block-file__embed\" style=\"width: 100%;height: 600px\" data=\"https:\/\/escoladigital.madeira.gov.pt\/eb1peccarreira\/wp-content\/uploads\/sites\/33\/2025\/03\/PGRCIC-Eb1-de-carvalhal-e-carreira.pdf\" type=\"application\/pdf\" aria-label=\"Incorpora\u00e7\u00e3o de PGRCIC - Eb1 de carvalhal e carreira.\"><\/object><a id=\"wp-block-file--media-4bda9e66-6431-48a6-b6aa-6e315184b5cd\" href=\"https:\/\/escoladigital.madeira.gov.pt\/eb1peccarreira\/wp-content\/uploads\/sites\/33\/2025\/03\/PGRCIC-Eb1-de-carvalhal-e-carreira.pdf\">PGRCIC &#8211; Eb1 de carvalhal e carreira<\/a><a class=\"wp-block-file__button wp-element-button\" href=\"https:\/\/escoladigital.madeira.gov.pt\/eb1peccarreira\/wp-content\/uploads\/sites\/33\/2025\/03\/PGRCIC-Eb1-de-carvalhal-e-carreira.pdf\" aria-describedby=\"wp-block-file--media-4bda9e66-6431-48a6-b6aa-6e315184b5cd\">Descarregar<\/a><\/div>\n\t\t\t\t\t\t\t\t<\/div>\n\t\t\t\t<\/div>\n\t\t\t\t\t<\/div>\n\t\t\t\t<\/div>\n\t\t<div class=\"elementor-element elementor-element-bee5428 e-flex e-con-boxed e-con e-parent\" data-id=\"bee5428\" data-element_type=\"container\" data-e-type=\"container\">\n\t\t\t\t\t<div class=\"e-con-inner\">\n\t\t\t\t<div class=\"elementor-element elementor-element-1521c96 elementor-align-right elementor-widget elementor-widget-button\" data-id=\"1521c96\" data-element_type=\"widget\" data-e-type=\"widget\" data-widget_type=\"button.default\">\n\t\t\t\t<div class=\"elementor-widget-container\">\n\t\t\t\t\t\t\t\t\t<div class=\"elementor-button-wrapper\">\n\t\t\t\t\t<a class=\"elementor-button elementor-button-link elementor-size-sm\" href=\"https:\/\/escoladigital.madeira.gov.pt\/eb1peccarreira\/\">\n\t\t\t\t\t\t<span class=\"elementor-button-content-wrapper\">\n\t\t\t\t\t\t<span class=\"elementor-button-icon\">\n\t\t\t\t<svg aria-hidden=\"true\" class=\"e-font-icon-svg e-fas-home\" viewBox=\"0 0 576 512\" xmlns=\"http:\/\/www.w3.org\/2000\/svg\"><path d=\"M280.37 148.26L96 300.11V464a16 16 0 0 0 16 16l112.06-.29a16 16 0 0 0 15.92-16V368a16 16 0 0 1 16-16h64a16 16 0 0 1 16 16v95.64a16 16 0 0 0 16 16.05L464 480a16 16 0 0 0 16-16V300L295.67 148.26a12.19 12.19 0 0 0-15.3 0zM571.6 251.47L488 182.56V44.05a12 12 0 0 0-12-12h-56a12 12 0 0 0-12 12v72.61L318.47 43a48 48 0 0 0-61 0L4.34 251.47a12 12 0 0 0-1.6 16.9l25.5 31A12 12 0 0 0 45.15 301l235.22-193.74a12.19 12.19 0 0 1 15.3 0L530.9 301a12 12 0 0 0 16.9-1.6l25.5-31a12 12 0 0 0-1.7-16.93z\"><\/path><\/svg>\t\t\t<\/span>\n\t\t\t\t\t\t\t\t\t<span class=\"elementor-button-text\">P\u00e1gina Inicial<\/span>\n\t\t\t\t\t<\/span>\n\t\t\t\t\t<\/a>\n\t\t\t\t<\/div>\n\t\t\t\t\t\t\t\t<\/div>\n\t\t\t\t<\/div>\n\t\t\t\t\t<\/div>\n\t\t\t\t<\/div>\n\t\t\t\t<\/div>\n\t\t","protected":false},"excerpt":{"rendered":"<p>GEST\u00c3O DE RISCOS DE CORRUP\u00c7\u00c3O E INFRA\u00c7\u00d5ES CONEXAS Canal de Denuncias C\u00f3digo de \u00e9tica e de conduta Despacho respons\u00e1vel cumprimento normativo Plano de forma\u00e7\u00e3o Plano de preven\u00e7\u00e3o de riscos corrup\u00e7\u00e3o e infra\u00e7\u00f5es P\u00e1gina Inicial<\/p>\n","protected":false},"author":44,"featured_media":0,"parent":0,"menu_order":0,"comment_status":"closed","ping_status":"closed","template":"","meta":{"_themeisle_gutenberg_block_has_review":false,"inspiro_hide_title":false,"footnotes":""},"class_list":["post-314","page","type-page","status-publish","hentry"],"_links":{"self":[{"href":"https:\/\/escoladigital.madeira.gov.pt\/eb1peccarreira\/wp-json\/wp\/v2\/pages\/314","targetHints":{"allow":["GET"]}}],"collection":[{"href":"https:\/\/escoladigital.madeira.gov.pt\/eb1peccarreira\/wp-json\/wp\/v2\/pages"}],"about":[{"href":"https:\/\/escoladigital.madeira.gov.pt\/eb1peccarreira\/wp-json\/wp\/v2\/types\/page"}],"author":[{"embeddable":true,"href":"https:\/\/escoladigital.madeira.gov.pt\/eb1peccarreira\/wp-json\/wp\/v2\/users\/44"}],"replies":[{"embeddable":true,"href":"https:\/\/escoladigital.madeira.gov.pt\/eb1peccarreira\/wp-json\/wp\/v2\/comments?post=314"}],"version-history":[{"count":12,"href":"https:\/\/escoladigital.madeira.gov.pt\/eb1peccarreira\/wp-json\/wp\/v2\/pages\/314\/revisions"}],"predecessor-version":[{"id":575,"href":"https:\/\/escoladigital.madeira.gov.pt\/eb1peccarreira\/wp-json\/wp\/v2\/pages\/314\/revisions\/575"}],"wp:attachment":[{"href":"https:\/\/escoladigital.madeira.gov.pt\/eb1peccarreira\/wp-json\/wp\/v2\/media?parent=314"}],"curies":[{"name":"wp","href":"https:\/\/api.w.org\/{rel}","templated":true}]}}