{"id":317,"date":"2025-03-09T23:49:35","date_gmt":"2025-03-09T23:49:35","guid":{"rendered":"https:\/\/escoladigital.madeira.gov.pt\/eb1peccarreira\/?page_id=317"},"modified":"2025-03-10T21:37:21","modified_gmt":"2025-03-10T21:37:21","slug":"documento-das-aprendizagens-essenciais","status":"publish","type":"page","link":"https:\/\/escoladigital.madeira.gov.pt\/eb1peccarreira\/documento-das-aprendizagens-essenciais\/","title":{"rendered":"DOCUMENTO DAS APRENDIZAGENS ESSENCIAIS"},"content":{"rendered":"\t\t<div data-elementor-type=\"wp-page\" data-elementor-id=\"317\" class=\"elementor elementor-317\">\n\t\t\t\t<div class=\"elementor-element elementor-element-46fc4f29 e-flex e-con-boxed e-con e-parent\" data-id=\"46fc4f29\" data-element_type=\"container\" data-e-type=\"container\">\n\t\t\t\t\t<div class=\"e-con-inner\">\n\t\t\t\t<div class=\"elementor-element elementor-element-2a113973 elementor-widget elementor-widget-text-editor\" data-id=\"2a113973\" data-element_type=\"widget\" data-e-type=\"widget\" data-widget_type=\"text-editor.default\">\n\t\t\t\t<div class=\"elementor-widget-container\">\n\t\t\t\t\t\t\t\t\t\n<p>As Aprendizagens Essenciais (AE) referentes ao Ensino B\u00e1sico s\u00e3o homologadas pelo&nbsp;<a href=\"https:\/\/dre.pt\/application\/file\/a\/115742277\" target=\"_blank\" rel=\"noreferrer noopener\">Despacho n.\u00ba 6944-A\/2018, de 19 de julho<\/a>.<\/p>\n\n\n\n<p>\u27a3&nbsp;<a href=\"https:\/\/dre.pt\/application\/conteudo\/166512681\" target=\"_blank\" rel=\"noreferrer noopener\">Despacho n.\u00ba 6605-A\/2021, de 6 de julho<\/a>&nbsp;\u2013 Procede \u00e0 defini\u00e7\u00e3o dos referenciais curriculares das v\u00e1rias dimens\u00f5es do desenvolvimento curricular, incluindo a avalia\u00e7\u00e3o externa.<\/p>\n\n\n\n<figure class=\"wp-block-table\"><table class=\"has-fixed-layout\"><tbody><tr><td colspan=\"2\" rowspan=\"2\">Componentes do curr\u00edculo<\/td><td colspan=\"4\"><strong>1. \u00ba Ciclo<\/strong><\/td><td>&nbsp;<\/td><\/tr><tr><td><strong>1.\u00ba Ano<\/strong><\/td><td><strong>2.\u00ba Ano<\/strong><\/td><td><strong>3.\u00ba Ano<\/strong><\/td><td><strong>4.\u00ba Ano<\/strong><\/td><td>&nbsp;<\/td><\/tr><tr><td colspan=\"2\">Portugu\u00eas<\/td><td><a href=\"https:\/\/www.dge.mec.pt\/sites\/default\/files\/Curriculo\/Aprendizagens_Essenciais\/1_ciclo\/ae_1.o_ano_1o_ciclo_eb_portugues.pdf\" target=\"_blank\" rel=\"noreferrer noopener\">PDF<\/a><\/td><td><a href=\"https:\/\/www.dge.mec.pt\/sites\/default\/files\/Curriculo\/Aprendizagens_Essenciais\/1_ciclo\/portugues_1c_2a_ff.pdf\" target=\"_blank\" rel=\"noreferrer noopener\">PDF<\/a><\/td><td><a href=\"https:\/\/www.dge.mec.pt\/sites\/default\/files\/Curriculo\/Aprendizagens_Essenciais\/1_ciclo\/portugues_1c_3a_ff.pdf\" target=\"_blank\" rel=\"noreferrer noopener\">PDF<\/a><\/td><td><a href=\"https:\/\/www.dge.mec.pt\/sites\/default\/files\/Curriculo\/Aprendizagens_Essenciais\/1_ciclo\/portugues_1c_4a_ff.pdf\" target=\"_blank\" rel=\"noreferrer noopener\">PDF<\/a><\/td><td>&nbsp;<\/td><\/tr><tr><td colspan=\"2\">Matem\u00e1tica<\/td><td><a href=\"https:\/\/www.dge.mec.pt\/sites\/default\/files\/Curriculo\/Aprendizagens_Essenciais\/1_ciclo\/ae_mat_1.o_ano.pdf\" target=\"_blank\" rel=\"noreferrer noopener\">PDF<\/a><\/td><td><a href=\"http:\/\/www.dge.mec.pt\/sites\/default\/files\/Curriculo\/Aprendizagens_Essenciais\/1_ciclo\/ae_mat_2.o_ano.pdf\" target=\"_blank\" rel=\"noreferrer noopener\">PDF<\/a><\/td><td><a href=\"https:\/\/www.dge.mec.pt\/sites\/default\/files\/Curriculo\/Aprendizagens_Essenciais\/1_ciclo\/ae_mat_3.o_ano.pdf\" target=\"_blank\" rel=\"noreferrer noopener\">PDF<\/a><\/td><td><a href=\"http:\/\/www.dge.mec.pt\/sites\/default\/files\/Curriculo\/Aprendizagens_Essenciais\/1_ciclo\/ae_mat_4.o_ano.pdf\" target=\"_blank\" rel=\"noreferrer noopener\">PDF<\/a><\/td><td>&nbsp;<\/td><\/tr><tr><td colspan=\"2\">Estudo do Meio<\/td><td><a href=\"https:\/\/www.dge.mec.pt\/sites\/default\/files\/Curriculo\/Aprendizagens_Essenciais\/1_ciclo\/1_estudo_do_meio.pdf\" target=\"_blank\" rel=\"noreferrer noopener\">PDF<\/a><\/td><td><a href=\"https:\/\/www.dge.mec.pt\/sites\/default\/files\/Curriculo\/Aprendizagens_Essenciais\/1_ciclo\/2_estudo_do_meio.pdf\" target=\"_blank\" rel=\"noreferrer noopener\">PDF<\/a><\/td><td><a href=\"https:\/\/www.dge.mec.pt\/sites\/default\/files\/Curriculo\/Aprendizagens_Essenciais\/1_ciclo\/3_estudo_do_meio.pdf\" target=\"_blank\" rel=\"noreferrer noopener\">PDF<\/a><\/td><td><a href=\"https:\/\/www.dge.mec.pt\/sites\/default\/files\/Curriculo\/Aprendizagens_Essenciais\/1_ciclo\/4_estudo_do_meio.pdf\" target=\"_blank\" rel=\"noreferrer noopener\">PDF<\/a><\/td><td>&nbsp;<\/td><\/tr><tr><td rowspan=\"4\">Educa\u00e7\u00e3o Art\u00edstica<\/td><td>Artes Visuais<\/td><td colspan=\"4\"><a href=\"https:\/\/www.dge.mec.pt\/sites\/default\/files\/Curriculo\/Aprendizagens_Essenciais\/1_ciclo\/1c_artes_visuais.pdf\" target=\"_blank\" rel=\"noreferrer noopener\">PDF<\/a><\/td><td>&nbsp;<\/td><\/tr><tr><td>Express\u00e3o Dram\u00e1tica\/Teatro<\/td><td colspan=\"4\"><a href=\"https:\/\/www.dge.mec.pt\/sites\/default\/files\/Curriculo\/Aprendizagens_Essenciais\/1_ciclo\/1c_teatro.pdf\" target=\"_blank\" rel=\"noreferrer noopener\">PDF<\/a><\/td><td>&nbsp;<\/td><\/tr><tr><td>Dan\u00e7a<\/td><td colspan=\"4\"><a href=\"https:\/\/www.dge.mec.pt\/sites\/default\/files\/Curriculo\/Aprendizagens_Essenciais\/1_ciclo\/1c_danca.pdf\" target=\"_blank\" rel=\"noreferrer noopener\">PDF<\/a><\/td><td>&nbsp;<\/td><\/tr><tr><td>M\u00fasica<\/td><td colspan=\"4\"><a href=\"https:\/\/www.dge.mec.pt\/sites\/default\/files\/Curriculo\/Aprendizagens_Essenciais\/1_ciclo\/1c_musica.pdf\" target=\"_blank\" rel=\"noreferrer noopener\">PDF<\/a><\/td><td>&nbsp;<\/td><\/tr><tr><td colspan=\"2\">Cidadania e Desenvolvimento<\/td><td colspan=\"5\"><a href=\"https:\/\/www.dge.mec.pt\/sites\/default\/files\/Curriculo\/Aprendizagens_Essenciais\/cidadania_e_desenvolvimento.pdf\" target=\"_blank\" rel=\"noreferrer noopener\">PDF<\/a><\/td><\/tr><tr><td colspan=\"2\">Educa\u00e7\u00e3o F\u00edsica<\/td><td><a href=\"https:\/\/www.dge.mec.pt\/sites\/default\/files\/Curriculo\/Aprendizagens_Essenciais\/1_ciclo\/1_educacao_fisica.pdf\" target=\"_blank\" rel=\"noreferrer noopener\">PDF<\/a><\/td><td><a href=\"https:\/\/www.dge.mec.pt\/sites\/default\/files\/Curriculo\/Aprendizagens_Essenciais\/1_ciclo\/2_educacao_fisica.pdf\" target=\"_blank\" rel=\"noreferrer noopener\">PDF<\/a><\/td><td><a href=\"https:\/\/www.dge.mec.pt\/sites\/default\/files\/Curriculo\/Aprendizagens_Essenciais\/1_ciclo\/3_educacao_fisica.pdf\" target=\"_blank\" rel=\"noreferrer noopener\">PDF<\/a><\/td><td><a href=\"https:\/\/www.dge.mec.pt\/sites\/default\/files\/Curriculo\/Aprendizagens_Essenciais\/1_ciclo\/4_educacao_fisica.pdf\" target=\"_blank\" rel=\"noreferrer noopener\">PDF<\/a><\/td><td>&nbsp;<\/td><\/tr><tr><td colspan=\"2\">Ingl\u00eas<\/td><td>&nbsp;<\/td><td>&nbsp;<\/td><td><a href=\"https:\/\/www.dge.mec.pt\/sites\/default\/files\/Curriculo\/Aprendizagens_Essenciais\/1_ciclo\/ingles_1c_3a_ff.pdf\" target=\"_blank\" rel=\"noreferrer noopener\">PDF<\/a><\/td><td><a href=\"https:\/\/www.dge.mec.pt\/sites\/default\/files\/Curriculo\/Aprendizagens_Essenciais\/1_ciclo\/ingles_1c_4a_ff.pdf\" target=\"_blank\" rel=\"noreferrer noopener\">PDF<\/a><\/td><td>&nbsp;<\/td><\/tr><tr><td colspan=\"2\">TIC<\/td><td colspan=\"4\"><a href=\"https:\/\/www.dge.mec.pt\/sites\/default\/files\/Curriculo\/Aprendizagens_Essenciais\/1_ciclo\/oc_1_tic_1.pdf\" target=\"_blank\" rel=\"noreferrer noopener\">PDF<\/a><\/td><td>&nbsp;<\/td><\/tr><tr><td colspan=\"2\">Educa\u00e7\u00e3o Moral e Religiosa Cat\u00f3lica<\/td><td><a href=\"https:\/\/www.dge.mec.pt\/sites\/default\/files\/Curriculo\/Aprendizagens_Essenciais\/1_ciclo\/emrc_1c_1a.pdf\" target=\"_blank\" rel=\"noreferrer noopener\">PDF<\/a><\/td><td><a href=\"https:\/\/www.dge.mec.pt\/sites\/default\/files\/Curriculo\/Aprendizagens_Essenciais\/1_ciclo\/emrc_1c_2a.pdf\" target=\"_blank\" rel=\"noreferrer noopener\">PDF<\/a><\/td><td><a href=\"https:\/\/www.dge.mec.pt\/sites\/default\/files\/Curriculo\/Aprendizagens_Essenciais\/1_ciclo\/emrc_1c_3a.pdf\" target=\"_blank\" rel=\"noreferrer noopener\">PDF<\/a><\/td><td><a href=\"https:\/\/www.dge.mec.pt\/sites\/default\/files\/Curriculo\/Aprendizagens_Essenciais\/1_ciclo\/emrc_1c_4a.pdf\" target=\"_blank\" rel=\"noreferrer noopener\">PDF<\/a><\/td><td>&nbsp;<\/td><\/tr><tr><td colspan=\"2\">Educa\u00e7\u00e3o Moral e Religiosa Evang\u00e9lica<\/td><td><a href=\"https:\/\/www.dge.mec.pt\/sites\/default\/files\/Curriculo\/Aprendizagens_Essenciais\/1_ciclo\/1emre.pdf\" target=\"_blank\" rel=\"noreferrer noopener\">PDF<\/a><\/td><td><a href=\"https:\/\/www.dge.mec.pt\/sites\/default\/files\/Curriculo\/Aprendizagens_Essenciais\/1_ciclo\/2emre.pdf\" target=\"_blank\" rel=\"noreferrer noopener\">PDF<\/a><\/td><td><a href=\"https:\/\/www.dge.mec.pt\/sites\/default\/files\/Curriculo\/Aprendizagens_Essenciais\/1_ciclo\/3emre.pdf\" target=\"_blank\" rel=\"noreferrer noopener\">PDF<\/a><\/td><td><a href=\"https:\/\/www.dge.mec.pt\/sites\/default\/files\/Curriculo\/Aprendizagens_Essenciais\/1_ciclo\/4emre.pdf\" target=\"_blank\" rel=\"noreferrer noopener\">PDF<\/a><\/td><td>&nbsp;<\/td><\/tr><\/tbody><\/table><\/figure>\n\n\n\n<figure class=\"wp-block-table\"><table class=\"has-fixed-layout\"><tbody><tr><td>Portugu\u00eas L\u00edngua N\u00e3o Materna<\/td><td><a href=\"https:\/\/www.dge.mec.pt\/sites\/default\/files\/Curriculo\/Aprendizagens_Essenciais\/PLNM\/plnm_a1_ff.pdf\" target=\"_blank\" rel=\"noreferrer noopener\">N\u00edvel A1<\/a><\/td><td><a href=\"https:\/\/www.dge.mec.pt\/sites\/default\/files\/Curriculo\/Aprendizagens_Essenciais\/PLNM\/plnm_a2_ff.pdf\" target=\"_blank\" rel=\"noreferrer noopener\">N\u00edvel A2<\/a><\/td><td><a href=\"https:\/\/www.dge.mec.pt\/sites\/default\/files\/Curriculo\/Aprendizagens_Essenciais\/PLNM\/plnm_b1_ff.pdf\" target=\"_blank\" rel=\"noreferrer noopener\">N\u00edvel B1<\/a><\/td><td><a href=\"https:\/\/www.dge.mec.pt\/portugueslinguanaomaterna\" target=\"_blank\" rel=\"noreferrer noopener\">https:\/\/www.dge.mec.pt\/portugueslinguanaomaterna<\/a><\/td><\/tr><\/tbody><\/table><\/figure>\n\n\n\n<p><sup><a>1&nbsp;<\/a><\/sup>aplic\u00e1veis quando criadas pela escola no \u00e2mbito da Oferta Complementar.<br><sup><a>2&nbsp;<\/a><\/sup>aplic\u00e1veis quando criadas pela escola no \u00e2mbito do Complemento \u00e0 Educa\u00e7\u00e3o Art\u00edstica ou da Oferta Complementar.&nbsp; &nbsp; &nbsp; &nbsp;<\/p>\n\n\n\n<p><strong>fonte:&nbsp;<\/strong><em><a href=\"https:\/\/www.dge.mec.pt\/aprendizagens-essenciais-ensino-basico\">https:\/\/www.dge.mec.pt\/aprendizagens-essenciais-ensino-basico<\/a><\/em><\/p>\n\t\t\t\t\t\t\t\t<\/div>\n\t\t\t\t<\/div>\n\t\t\t\t\t<\/div>\n\t\t\t\t<\/div>\n\t\t<div class=\"elementor-element elementor-element-609cbd8 e-flex e-con-boxed e-con e-parent\" data-id=\"609cbd8\" data-element_type=\"container\" data-e-type=\"container\">\n\t\t\t\t\t<div class=\"e-con-inner\">\n\t\t\t\t<div class=\"elementor-element elementor-element-b0ce36b elementor-align-right elementor-widget elementor-widget-button\" data-id=\"b0ce36b\" data-element_type=\"widget\" data-e-type=\"widget\" data-widget_type=\"button.default\">\n\t\t\t\t<div class=\"elementor-widget-container\">\n\t\t\t\t\t\t\t\t\t<div class=\"elementor-button-wrapper\">\n\t\t\t\t\t<a class=\"elementor-button elementor-button-link elementor-size-sm\" href=\"https:\/\/escoladigital.madeira.gov.pt\/eb1peccarreira\/\">\n\t\t\t\t\t\t<span class=\"elementor-button-content-wrapper\">\n\t\t\t\t\t\t<span class=\"elementor-button-icon\">\n\t\t\t\t<svg aria-hidden=\"true\" class=\"e-font-icon-svg e-fas-home\" viewBox=\"0 0 576 512\" xmlns=\"http:\/\/www.w3.org\/2000\/svg\"><path d=\"M280.37 148.26L96 300.11V464a16 16 0 0 0 16 16l112.06-.29a16 16 0 0 0 15.92-16V368a16 16 0 0 1 16-16h64a16 16 0 0 1 16 16v95.64a16 16 0 0 0 16 16.05L464 480a16 16 0 0 0 16-16V300L295.67 148.26a12.19 12.19 0 0 0-15.3 0zM571.6 251.47L488 182.56V44.05a12 12 0 0 0-12-12h-56a12 12 0 0 0-12 12v72.61L318.47 43a48 48 0 0 0-61 0L4.34 251.47a12 12 0 0 0-1.6 16.9l25.5 31A12 12 0 0 0 45.15 301l235.22-193.74a12.19 12.19 0 0 1 15.3 0L530.9 301a12 12 0 0 0 16.9-1.6l25.5-31a12 12 0 0 0-1.7-16.93z\"><\/path><\/svg>\t\t\t<\/span>\n\t\t\t\t\t\t\t\t\t<span class=\"elementor-button-text\">P\u00e1gina Inicial<\/span>\n\t\t\t\t\t<\/span>\n\t\t\t\t\t<\/a>\n\t\t\t\t<\/div>\n\t\t\t\t\t\t\t\t<\/div>\n\t\t\t\t<\/div>\n\t\t\t\t\t<\/div>\n\t\t\t\t<\/div>\n\t\t\t\t<\/div>\n\t\t","protected":false},"excerpt":{"rendered":"<p>As Aprendizagens Essenciais (AE) referentes ao Ensino B\u00e1sico s\u00e3o homologadas pelo&nbsp;Despacho n.\u00ba 6944-A\/2018, de 19 de julho. \u27a3&nbsp;Despacho n.\u00ba 6605-A\/2021, de 6 de julho&nbsp;\u2013 Procede \u00e0 defini\u00e7\u00e3o dos referenciais curriculares das v\u00e1rias dimens\u00f5es do desenvolvimento curricular, incluindo a avalia\u00e7\u00e3o externa. Componentes do curr\u00edculo 1. \u00ba Ciclo &nbsp; 1.\u00ba Ano 2.\u00ba Ano 3.\u00ba Ano 4.\u00ba Ano &hellip; <\/p>\n<p class=\"link-more\"><a href=\"https:\/\/escoladigital.madeira.gov.pt\/eb1peccarreira\/documento-das-aprendizagens-essenciais\/\" class=\"more-link\">Read more<span class=\"screen-reader-text\"> &#8220;DOCUMENTO DAS APRENDIZAGENS ESSENCIAIS&#8221;<\/span><\/a><\/p>\n","protected":false},"author":44,"featured_media":0,"parent":0,"menu_order":0,"comment_status":"closed","ping_status":"closed","template":"","meta":{"_themeisle_gutenberg_block_has_review":false,"inspiro_hide_title":false,"footnotes":""},"class_list":["post-317","page","type-page","status-publish","hentry"],"_links":{"self":[{"href":"https:\/\/escoladigital.madeira.gov.pt\/eb1peccarreira\/wp-json\/wp\/v2\/pages\/317","targetHints":{"allow":["GET"]}}],"collection":[{"href":"https:\/\/escoladigital.madeira.gov.pt\/eb1peccarreira\/wp-json\/wp\/v2\/pages"}],"about":[{"href":"https:\/\/escoladigital.madeira.gov.pt\/eb1peccarreira\/wp-json\/wp\/v2\/types\/page"}],"author":[{"embeddable":true,"href":"https:\/\/escoladigital.madeira.gov.pt\/eb1peccarreira\/wp-json\/wp\/v2\/users\/44"}],"replies":[{"embeddable":true,"href":"https:\/\/escoladigital.madeira.gov.pt\/eb1peccarreira\/wp-json\/wp\/v2\/comments?post=317"}],"version-history":[{"count":5,"href":"https:\/\/escoladigital.madeira.gov.pt\/eb1peccarreira\/wp-json\/wp\/v2\/pages\/317\/revisions"}],"predecessor-version":[{"id":567,"href":"https:\/\/escoladigital.madeira.gov.pt\/eb1peccarreira\/wp-json\/wp\/v2\/pages\/317\/revisions\/567"}],"wp:attachment":[{"href":"https:\/\/escoladigital.madeira.gov.pt\/eb1peccarreira\/wp-json\/wp\/v2\/media?parent=317"}],"curies":[{"name":"wp","href":"https:\/\/api.w.org\/{rel}","templated":true}]}}