{"id":847,"date":"2025-03-19T19:53:27","date_gmt":"2025-03-19T19:53:27","guid":{"rendered":"https:\/\/escoladigital.madeira.gov.pt\/eb1peccarreira\/?page_id=847"},"modified":"2025-03-19T20:00:38","modified_gmt":"2025-03-19T20:00:38","slug":"tuna-do-carvalhal-e-carreira","status":"publish","type":"page","link":"https:\/\/escoladigital.madeira.gov.pt\/eb1peccarreira\/tuna-do-carvalhal-e-carreira\/","title":{"rendered":"TUNA DO CARVALHAL E CARREIRA"},"content":{"rendered":"\n<p class=\"has-text-align-left\">Uma Tuna Musical \u00e9 um grupo tradicional que se re\u00fane para tocar m\u00fasicas e animar eventos acad\u00eamicos e culturais. Origin\u00e1ria da tradi\u00e7\u00e3o ib\u00e9rica, especialmente de Portugal e Espanha, a tuna \u00e9 composta por instrumentistas e vocalistas que utilizam viol\u00f5es, bandolins, pandeiretas e outros instrumentos t\u00edpicos. Al\u00e9m da m\u00fasica, as tunas s\u00e3o conhecidas por seu esp\u00edrito e trajes caracter\u00edsticos e performances animadas, levando alegria e tradi\u00e7\u00e3o a diversos p\u00fablicos. <\/p>\n\n\n\n<figure class=\"wp-block-image size-full is-resized\"><img fetchpriority=\"high\" decoding=\"async\" width=\"600\" height=\"400\" src=\"https:\/\/escoladigital.madeira.gov.pt\/eb1peccarreira\/wp-content\/uploads\/sites\/33\/2025\/03\/TUNA-2.jpg\" alt=\"\" class=\"wp-image-852\" style=\"width:1140px;height:auto\" srcset=\"https:\/\/escoladigital.madeira.gov.pt\/eb1peccarreira\/wp-content\/uploads\/sites\/33\/2025\/03\/TUNA-2.jpg 600w, https:\/\/escoladigital.madeira.gov.pt\/eb1peccarreira\/wp-content\/uploads\/sites\/33\/2025\/03\/TUNA-2-300x200.jpg 300w\" sizes=\"(max-width: 600px) 100vw, 600px\" \/><\/figure>\n\n\n\n<figure class=\"wp-block-image size-large is-resized\"><img decoding=\"async\" width=\"1024\" height=\"637\" src=\"https:\/\/escoladigital.madeira.gov.pt\/eb1peccarreira\/wp-content\/uploads\/sites\/33\/2025\/03\/TUNA-1024x637.jpg\" alt=\"\" class=\"wp-image-854\" style=\"width:1140px;height:auto\" srcset=\"https:\/\/escoladigital.madeira.gov.pt\/eb1peccarreira\/wp-content\/uploads\/sites\/33\/2025\/03\/TUNA-1024x637.jpg 1024w, https:\/\/escoladigital.madeira.gov.pt\/eb1peccarreira\/wp-content\/uploads\/sites\/33\/2025\/03\/TUNA-300x187.jpg 300w, https:\/\/escoladigital.madeira.gov.pt\/eb1peccarreira\/wp-content\/uploads\/sites\/33\/2025\/03\/TUNA.jpg 1200w\" sizes=\"(max-width: 1024px) 100vw, 1024px\" \/><\/figure>\n","protected":false},"excerpt":{"rendered":"<p>Uma Tuna Musical \u00e9 um grupo tradicional que se re\u00fane para tocar m\u00fasicas e animar eventos acad\u00eamicos e culturais. Origin\u00e1ria da tradi\u00e7\u00e3o ib\u00e9rica, especialmente de Portugal e Espanha, a tuna \u00e9 composta por instrumentistas e vocalistas que utilizam viol\u00f5es, bandolins, pandeiretas e outros instrumentos t\u00edpicos. Al\u00e9m da m\u00fasica, as tunas s\u00e3o conhecidas por seu esp\u00edrito &hellip; <\/p>\n<p class=\"link-more\"><a href=\"https:\/\/escoladigital.madeira.gov.pt\/eb1peccarreira\/tuna-do-carvalhal-e-carreira\/\" class=\"more-link\">Read more<span class=\"screen-reader-text\"> &#8220;TUNA DO CARVALHAL E CARREIRA&#8221;<\/span><\/a><\/p>\n","protected":false},"author":44,"featured_media":0,"parent":0,"menu_order":0,"comment_status":"closed","ping_status":"closed","template":"","meta":{"_themeisle_gutenberg_block_has_review":false,"inspiro_hide_title":false,"footnotes":""},"class_list":["post-847","page","type-page","status-publish","hentry"],"_links":{"self":[{"href":"https:\/\/escoladigital.madeira.gov.pt\/eb1peccarreira\/wp-json\/wp\/v2\/pages\/847","targetHints":{"allow":["GET"]}}],"collection":[{"href":"https:\/\/escoladigital.madeira.gov.pt\/eb1peccarreira\/wp-json\/wp\/v2\/pages"}],"about":[{"href":"https:\/\/escoladigital.madeira.gov.pt\/eb1peccarreira\/wp-json\/wp\/v2\/types\/page"}],"author":[{"embeddable":true,"href":"https:\/\/escoladigital.madeira.gov.pt\/eb1peccarreira\/wp-json\/wp\/v2\/users\/44"}],"replies":[{"embeddable":true,"href":"https:\/\/escoladigital.madeira.gov.pt\/eb1peccarreira\/wp-json\/wp\/v2\/comments?post=847"}],"version-history":[{"count":3,"href":"https:\/\/escoladigital.madeira.gov.pt\/eb1peccarreira\/wp-json\/wp\/v2\/pages\/847\/revisions"}],"predecessor-version":[{"id":856,"href":"https:\/\/escoladigital.madeira.gov.pt\/eb1peccarreira\/wp-json\/wp\/v2\/pages\/847\/revisions\/856"}],"wp:attachment":[{"href":"https:\/\/escoladigital.madeira.gov.pt\/eb1peccarreira\/wp-json\/wp\/v2\/media?parent=847"}],"curies":[{"name":"wp","href":"https:\/\/api.w.org\/{rel}","templated":true}]}}