{"id":871,"date":"2025-03-20T09:50:55","date_gmt":"2025-03-20T09:50:55","guid":{"rendered":"https:\/\/escoladigital.madeira.gov.pt\/eb1peccarreira\/?page_id=871"},"modified":"2025-03-20T09:56:08","modified_gmt":"2025-03-20T09:56:08","slug":"informacoes-2","status":"publish","type":"page","link":"https:\/\/escoladigital.madeira.gov.pt\/eb1peccarreira\/informacoes-2\/","title":{"rendered":"INFORMA\u00c7\u00d5ES"},"content":{"rendered":"\n<figure class=\"wp-block-image size-full is-resized\"><img fetchpriority=\"high\" decoding=\"async\" width=\"800\" height=\"550\" src=\"https:\/\/escoladigital.madeira.gov.pt\/eb1peccarreira\/wp-content\/uploads\/sites\/33\/2025\/03\/INFORMACOES.png\" alt=\"\" class=\"wp-image-872\" style=\"width:461px;height:auto\" srcset=\"https:\/\/escoladigital.madeira.gov.pt\/eb1peccarreira\/wp-content\/uploads\/sites\/33\/2025\/03\/INFORMACOES.png 800w, https:\/\/escoladigital.madeira.gov.pt\/eb1peccarreira\/wp-content\/uploads\/sites\/33\/2025\/03\/INFORMACOES-300x206.png 300w\" sizes=\"(max-width: 800px) 100vw, 800px\" \/><\/figure>\n\n\n\n<p><strong>HOR\u00c1RIO DE FUNCIONAMENTO:<\/strong><\/p>\n\n\n\n<p><strong>8h30 &#8211; 18h30 &#8211; De segunda a sexta<\/strong><\/p>\n\n\n\n<p>NIF:672000497<\/p>\n\n\n\n<p>IBAN\/NIB: PT50 -00018 &#8211; 000805793402094<\/p>\n\n\n\n<p>Os pagamentos da alimenta\u00e7\u00e3o devem ser efetuados at\u00e9 ao dia 08 de cada m\u00eas na secretaria da escola ou no banco\/multibanco. Caso escolha esta \u00faltima op\u00e7\u00e3o, n\u00e3o se esque\u00e7a de remeter \u00e0 escola o recibo para que possa ser emitido o comprovativo do pagamento.<\/p>\n\n\n\n<figure class=\"wp-block-image aligncenter\"><a href=\"https:\/\/place.madeira.gov.pt\/aluno\"><img decoding=\"async\" width=\"300\" height=\"300\" src=\"https:\/\/escoladigital.madeira.gov.pt\/eb1peccarreira\/wp-content\/uploads\/sites\/33\/2025\/03\/LOGOEUROS-300x300.jpg\" alt=\"\" class=\"wp-image-773\" srcset=\"https:\/\/escoladigital.madeira.gov.pt\/eb1peccarreira\/wp-content\/uploads\/sites\/33\/2025\/03\/LOGOEUROS-300x300.jpg 300w, https:\/\/escoladigital.madeira.gov.pt\/eb1peccarreira\/wp-content\/uploads\/sites\/33\/2025\/03\/LOGOEUROS-150x150.jpg 150w, https:\/\/escoladigital.madeira.gov.pt\/eb1peccarreira\/wp-content\/uploads\/sites\/33\/2025\/03\/LOGOEUROS.jpg 980w\" sizes=\"(max-width: 300px) 100vw, 300px\" \/><\/a><\/figure>\n\n\n\n<p>O encarregado de educa\u00e7\u00e3o poder\u00e1 verificar o montante a pagar clicando aqui.<\/p>\n\n\n\n<figure class=\"wp-block-image\"><a href=\"mailto:eb1peccarreira@edu.madeira.gov.pt\"><img decoding=\"async\" width=\"300\" height=\"150\" src=\"https:\/\/escoladigital.madeira.gov.pt\/eb1peccarreira\/wp-content\/uploads\/sites\/33\/2025\/03\/contactos-300x150.jpg\" alt=\"\" class=\"wp-image-399\" srcset=\"https:\/\/escoladigital.madeira.gov.pt\/eb1peccarreira\/wp-content\/uploads\/sites\/33\/2025\/03\/contactos-300x150.jpg 300w, https:\/\/escoladigital.madeira.gov.pt\/eb1peccarreira\/wp-content\/uploads\/sites\/33\/2025\/03\/contactos-1024x512.jpg 1024w, https:\/\/escoladigital.madeira.gov.pt\/eb1peccarreira\/wp-content\/uploads\/sites\/33\/2025\/03\/contactos.jpg 1172w\" sizes=\"(max-width: 300px) 100vw, 300px\" \/><\/a><\/figure>\n","protected":false},"excerpt":{"rendered":"<p>HOR\u00c1RIO DE FUNCIONAMENTO: 8h30 &#8211; 18h30 &#8211; De segunda a sexta NIF:672000497 IBAN\/NIB: PT50 -00018 &#8211; 000805793402094 Os pagamentos da alimenta\u00e7\u00e3o devem ser efetuados at\u00e9 ao dia 08 de cada m\u00eas na secretaria da escola ou no banco\/multibanco. Caso escolha esta \u00faltima op\u00e7\u00e3o, n\u00e3o se esque\u00e7a de remeter \u00e0 escola o recibo para que possa &hellip; <\/p>\n<p class=\"link-more\"><a href=\"https:\/\/escoladigital.madeira.gov.pt\/eb1peccarreira\/informacoes-2\/\" class=\"more-link\">Read more<span class=\"screen-reader-text\"> &#8220;INFORMA\u00c7\u00d5ES&#8221;<\/span><\/a><\/p>\n","protected":false},"author":44,"featured_media":0,"parent":0,"menu_order":0,"comment_status":"closed","ping_status":"closed","template":"","meta":{"_themeisle_gutenberg_block_has_review":false,"inspiro_hide_title":false,"footnotes":""},"class_list":["post-871","page","type-page","status-publish","hentry"],"_links":{"self":[{"href":"https:\/\/escoladigital.madeira.gov.pt\/eb1peccarreira\/wp-json\/wp\/v2\/pages\/871","targetHints":{"allow":["GET"]}}],"collection":[{"href":"https:\/\/escoladigital.madeira.gov.pt\/eb1peccarreira\/wp-json\/wp\/v2\/pages"}],"about":[{"href":"https:\/\/escoladigital.madeira.gov.pt\/eb1peccarreira\/wp-json\/wp\/v2\/types\/page"}],"author":[{"embeddable":true,"href":"https:\/\/escoladigital.madeira.gov.pt\/eb1peccarreira\/wp-json\/wp\/v2\/users\/44"}],"replies":[{"embeddable":true,"href":"https:\/\/escoladigital.madeira.gov.pt\/eb1peccarreira\/wp-json\/wp\/v2\/comments?post=871"}],"version-history":[{"count":2,"href":"https:\/\/escoladigital.madeira.gov.pt\/eb1peccarreira\/wp-json\/wp\/v2\/pages\/871\/revisions"}],"predecessor-version":[{"id":879,"href":"https:\/\/escoladigital.madeira.gov.pt\/eb1peccarreira\/wp-json\/wp\/v2\/pages\/871\/revisions\/879"}],"wp:attachment":[{"href":"https:\/\/escoladigital.madeira.gov.pt\/eb1peccarreira\/wp-json\/wp\/v2\/media?parent=871"}],"curies":[{"name":"wp","href":"https:\/\/api.w.org\/{rel}","templated":true}]}}