{"id":898,"date":"2025-03-21T15:13:59","date_gmt":"2025-03-21T15:13:59","guid":{"rendered":"https:\/\/escoladigital.madeira.gov.pt\/eb1peccarreira\/?page_id=898"},"modified":"2025-03-22T14:05:38","modified_gmt":"2025-03-22T14:05:38","slug":"agenda-mensal","status":"publish","type":"page","link":"https:\/\/escoladigital.madeira.gov.pt\/eb1peccarreira\/agenda-mensal\/","title":{"rendered":"AGENDA MENSAL"},"content":{"rendered":"\t\t<div data-elementor-type=\"wp-page\" data-elementor-id=\"898\" class=\"elementor elementor-898\">\n\t\t\t\t<div class=\"elementor-element elementor-element-3501e3db e-flex e-con-boxed e-con e-parent\" data-id=\"3501e3db\" data-element_type=\"container\" data-e-type=\"container\">\n\t\t\t\t\t<div class=\"e-con-inner\">\n\t\t\t\t<div class=\"elementor-element elementor-element-41b8cdcb elementor-widget elementor-widget-text-editor\" data-id=\"41b8cdcb\" data-element_type=\"widget\" data-e-type=\"widget\" data-widget_type=\"text-editor.default\">\n\t\t\t\t<div class=\"elementor-widget-container\">\n\t\t\t\t\t\t\t\t\t\n<p>Aqui ser\u00e3o divulgados os eventos mensais da Escola:<\/p>\n\t\t\t\t\t\t\t\t<\/div>\n\t\t\t\t<\/div>\n\t\t\t\t\t<\/div>\n\t\t\t\t<\/div>\n\t\t<div class=\"elementor-element elementor-element-5c904a9 e-flex e-con-boxed e-con e-parent\" data-id=\"5c904a9\" data-element_type=\"container\" data-e-type=\"container\">\n\t\t\t\t\t<div class=\"e-con-inner\">\n\t\t\t\t<div class=\"elementor-element elementor-element-ac55014 premium-post-ticker__layout-1 pa-infinite-ticker-yes elementor-widget elementor-widget-premium-post-ticker\" data-id=\"ac55014\" data-element_type=\"widget\" data-e-type=\"widget\" data-widget_type=\"premium-post-ticker.default\">\n\t\t\t\t<div class=\"elementor-widget-container\">\n\t\t\t\t\t\t\t\t<div class=\"premium-post-ticker__outer-wrapper premium-post-ticker__hidden \" data-ticker-settings=\"{&quot;layout&quot;:&quot;layout-1&quot;,&quot;typing&quot;:false,&quot;fade&quot;:false,&quot;arrows&quot;:false,&quot;infinite&quot;:true,&quot;autoPlay&quot;:true,&quot;vertical&quot;:false,&quot;speed&quot;:&quot;4951&quot;,&quot;slidesToShow&quot;:null,&quot;pauseOnHover&quot;:true,&quot;animation&quot;:&quot;&quot;,&quot;shouldBeRtl&quot;:false,&quot;autoplaySpeed&quot;:null}\">\n\t\t\t\t\t\t\t\t\t\t\t\t\t\t<div class=\"premium-post-ticker__header-wrapper\">\n\t\t\t\t\t\t\t\t<div class=\"premium-post-ticker__date-wrapper\">\n\t\t\t<span class=\"premium-post-ticker__date\"> Abril 22, 2026<\/span>\n\t\t<\/div>\n\t\t\t\t\t\t\t<\/div>\n\t\t\t\t\t\n\t\t\t\t\t<div class=\"premium-post-ticker__content\">\n\t\t\t\t\t\t\t\t<div class=\"premium-post-ticker__title-wrapper\">\n\t\t\t\n\t\t\t<h4 class=\"premium-post-ticker__title\"> AGENDA <\/h4>\n\t\t<\/div>\n\t\t\n\t\t\t\t\t\t<div dir=\"ltr\" class=\"premium-post-ticker__posts-wrapper\">\n\t\t\t\t\t\t\t\n\t\t<div class=\"premium-post-ticker__post-wrapper animated \">\n\n\t\t\t\n\t\t\t\n\t\t\t<div>\n\t\t\t\t<h4 class=\"premium-post-ticker__post-title\">\n\t\t\t\t\t<a href=\"https:\/\/escoladigital.madeira.gov.pt\/eb1peccarreira\/2025\/12\/22\/festa-de-natal-na-escola\/\" target=\"_blank\">\n\t\t\t\t\t\tFESTA DE NATAL NA ESCOLA\t\t\t\t\t<\/a>\n\t\t\t\t<\/h4>\n\t\t\t<\/div>\n\n\t\t\t\t\t\t\t<div>\n\t\t\t\t\t<span class=\"premium-post-ticker__post-date\">\n\t\t\t\t\t\t<span>Dezembro 22, 2025<\/span>\n\t\t\t\t\t<\/span>\n\t\t\t\t<\/div>\n\t\t\t\n\t\t\t\n\t\t<\/div>\n\n\t\t\n\t\t<div class=\"premium-post-ticker__post-wrapper animated \">\n\n\t\t\t\n\t\t\t\n\t\t\t<div>\n\t\t\t\t<h4 class=\"premium-post-ticker__post-title\">\n\t\t\t\t\t<a href=\"https:\/\/escoladigital.madeira.gov.pt\/eb1peccarreira\/2025\/12\/13\/postal-digital-4-o-ano\/\" target=\"_blank\">\n\t\t\t\t\t\tPostal Digital &#8211; 4.\u00ba Ano\t\t\t\t\t<\/a>\n\t\t\t\t<\/h4>\n\t\t\t<\/div>\n\n\t\t\t\t\t\t\t<div>\n\t\t\t\t\t<span class=\"premium-post-ticker__post-date\">\n\t\t\t\t\t\t<span>Dezembro 13, 2025<\/span>\n\t\t\t\t\t<\/span>\n\t\t\t\t<\/div>\n\t\t\t\n\t\t\t\n\t\t<\/div>\n\n\t\t\n\t\t<div class=\"premium-post-ticker__post-wrapper animated \">\n\n\t\t\t\n\t\t\t\n\t\t\t<div>\n\t\t\t\t<h4 class=\"premium-post-ticker__post-title\">\n\t\t\t\t\t<a href=\"https:\/\/escoladigital.madeira.gov.pt\/eb1peccarreira\/2025\/12\/12\/dia-internacional-das-pessoas-com-deficiencia\/\" target=\"_blank\">\n\t\t\t\t\t\tDia Internacional das Pessoas com Defici\u00eancia\t\t\t\t\t<\/a>\n\t\t\t\t<\/h4>\n\t\t\t<\/div>\n\n\t\t\t\t\t\t\t<div>\n\t\t\t\t\t<span class=\"premium-post-ticker__post-date\">\n\t\t\t\t\t\t<span>Dezembro 12, 2025<\/span>\n\t\t\t\t\t<\/span>\n\t\t\t\t<\/div>\n\t\t\t\n\t\t\t\n\t\t<\/div>\n\n\t\t\n\t\t<div class=\"premium-post-ticker__post-wrapper animated \">\n\n\t\t\t\n\t\t\t\n\t\t\t<div>\n\t\t\t\t<h4 class=\"premium-post-ticker__post-title\">\n\t\t\t\t\t<a href=\"https:\/\/escoladigital.madeira.gov.pt\/eb1peccarreira\/2025\/12\/12\/a-magia-do-natal-acontece-na-biblioteca-%f0%9f%93%9a%f0%9f%8e%84\/\" target=\"_blank\">\n\t\t\t\t\t\tA Magia do Natal Acontece na Biblioteca! \ud83d\udcda\ud83c\udf84\t\t\t\t\t<\/a>\n\t\t\t\t<\/h4>\n\t\t\t<\/div>\n\n\t\t\t\t\t\t\t<div>\n\t\t\t\t\t<span class=\"premium-post-ticker__post-date\">\n\t\t\t\t\t\t<span>Dezembro 12, 2025<\/span>\n\t\t\t\t\t<\/span>\n\t\t\t\t<\/div>\n\t\t\t\n\t\t\t\n\t\t<\/div>\n\n\t\t\n\t\t<div class=\"premium-post-ticker__post-wrapper animated \">\n\n\t\t\t\n\t\t\t\n\t\t\t<div>\n\t\t\t\t<h4 class=\"premium-post-ticker__post-title\">\n\t\t\t\t\t<a href=\"https:\/\/escoladigital.madeira.gov.pt\/eb1peccarreira\/2025\/12\/12\/criatividade-e-sustentabilidade-no-eco-escolas-%f0%9f%8c%b2\/\" target=\"_blank\">\n\t\t\t\t\t\tCriatividade e Sustentabilidade no Eco-Escolas! \ud83c\udf32\t\t\t\t\t<\/a>\n\t\t\t\t<\/h4>\n\t\t\t<\/div>\n\n\t\t\t\t\t\t\t<div>\n\t\t\t\t\t<span class=\"premium-post-ticker__post-date\">\n\t\t\t\t\t\t<span>Dezembro 12, 2025<\/span>\n\t\t\t\t\t<\/span>\n\t\t\t\t<\/div>\n\t\t\t\n\t\t\t\n\t\t<\/div>\n\n\t\t\n\t\t<div class=\"premium-post-ticker__post-wrapper animated \">\n\n\t\t\t\n\t\t\t\n\t\t\t<div>\n\t\t\t\t<h4 class=\"premium-post-ticker__post-title\">\n\t\t\t\t\t<a href=\"https:\/\/escoladigital.madeira.gov.pt\/eb1peccarreira\/2025\/12\/12\/teatro-a-bela-e-o-monstro\/\" target=\"_blank\">\n\t\t\t\t\t\tTeatro &#8211; A Bela e o Monstro\t\t\t\t\t<\/a>\n\t\t\t\t<\/h4>\n\t\t\t<\/div>\n\n\t\t\t\t\t\t\t<div>\n\t\t\t\t\t<span class=\"premium-post-ticker__post-date\">\n\t\t\t\t\t\t<span>Dezembro 12, 2025<\/span>\n\t\t\t\t\t<\/span>\n\t\t\t\t<\/div>\n\t\t\t\n\t\t\t\n\t\t<\/div>\n\n\t\t\n\t\t<div class=\"premium-post-ticker__post-wrapper animated \">\n\n\t\t\t\n\t\t\t\n\t\t\t<div>\n\t\t\t\t<h4 class=\"premium-post-ticker__post-title\">\n\t\t\t\t\t<a href=\"https:\/\/escoladigital.madeira.gov.pt\/eb1peccarreira\/2025\/12\/12\/hora-da-ia-inteligencia-artificial\/\" target=\"_blank\">\n\t\t\t\t\t\tHora da IA &#8211; Intelig\u00eancia Artificial\t\t\t\t\t<\/a>\n\t\t\t\t<\/h4>\n\t\t\t<\/div>\n\n\t\t\t\t\t\t\t<div>\n\t\t\t\t\t<span class=\"premium-post-ticker__post-date\">\n\t\t\t\t\t\t<span>Dezembro 12, 2025<\/span>\n\t\t\t\t\t<\/span>\n\t\t\t\t<\/div>\n\t\t\t\n\t\t\t\n\t\t<\/div>\n\n\t\t\n\t\t<div class=\"premium-post-ticker__post-wrapper animated \">\n\n\t\t\t\n\t\t\t\n\t\t\t<div>\n\t\t\t\t<h4 class=\"premium-post-ticker__post-title\">\n\t\t\t\t\t<a href=\"https:\/\/escoladigital.madeira.gov.pt\/eb1peccarreira\/2025\/11\/30\/boas-festas-e-feliz-ano-nov\/\" target=\"_blank\">\n\t\t\t\t\t\tBoas Festas e Feliz ano Novo\t\t\t\t\t<\/a>\n\t\t\t\t<\/h4>\n\t\t\t<\/div>\n\n\t\t\t\t\t\t\t<div>\n\t\t\t\t\t<span class=\"premium-post-ticker__post-date\">\n\t\t\t\t\t\t<span>Novembro 30, 2025<\/span>\n\t\t\t\t\t<\/span>\n\t\t\t\t<\/div>\n\t\t\t\n\t\t\t\n\t\t<\/div>\n\n\t\t\n\t\t<div class=\"premium-post-ticker__post-wrapper animated \">\n\n\t\t\t\n\t\t\t\n\t\t\t<div>\n\t\t\t\t<h4 class=\"premium-post-ticker__post-title\">\n\t\t\t\t\t<a href=\"https:\/\/escoladigital.madeira.gov.pt\/eb1peccarreira\/2025\/11\/24\/dia-do-pijama\/\" target=\"_blank\">\n\t\t\t\t\t\tDia do Pijama\t\t\t\t\t<\/a>\n\t\t\t\t<\/h4>\n\t\t\t<\/div>\n\n\t\t\t\t\t\t\t<div>\n\t\t\t\t\t<span class=\"premium-post-ticker__post-date\">\n\t\t\t\t\t\t<span>Novembro 24, 2025<\/span>\n\t\t\t\t\t<\/span>\n\t\t\t\t<\/div>\n\t\t\t\n\t\t\t\n\t\t<\/div>\n\n\t\t\n\t\t<div class=\"premium-post-ticker__post-wrapper animated \">\n\n\t\t\t\n\t\t\t\n\t\t\t<div>\n\t\t\t\t<h4 class=\"premium-post-ticker__post-title\">\n\t\t\t\t\t<a href=\"https:\/\/escoladigital.madeira.gov.pt\/eb1peccarreira\/2025\/11\/12\/banda-desenhada-em-tic\/\" target=\"_blank\">\n\t\t\t\t\t\tBanda Desenhada em TIC\t\t\t\t\t<\/a>\n\t\t\t\t<\/h4>\n\t\t\t<\/div>\n\n\t\t\t\t\t\t\t<div>\n\t\t\t\t\t<span class=\"premium-post-ticker__post-date\">\n\t\t\t\t\t\t<span>Novembro 12, 2025<\/span>\n\t\t\t\t\t<\/span>\n\t\t\t\t<\/div>\n\t\t\t\n\t\t\t\n\t\t<\/div>\n\n\t\t\t\t\t\t\t\t<\/div>\n\n\t\t\t\t\t\t\t\t\t\t\t<\/div>\n\t\t\t\t\t\t\t<\/div>\n\t\t\t\t\t\t<\/div>\n\t\t\t\t<\/div>\n\t\t\t\t\t<\/div>\n\t\t\t\t<\/div>\n\t\t\t\t<\/div>\n\t\t","protected":false},"excerpt":{"rendered":"<p>Aqui ser\u00e3o divulgados os eventos mensais da Escola: Mar\u00e7o 22, 2025 AGENDA A CHEGADA DA PRIMAVERA Mar\u00e7o 22, 2025 A TERRA TREME Mar\u00e7o 21, 2025 A NOSSA ESCOLA VISTA DE OUTRA PERSPETIVA Mar\u00e7o 21, 2025 TA\u00c7A ESCOLAR DE PREVEN\u00c7\u00c3O RODOVI\u00c1RIA Mar\u00e7o 21, 2025 PALESTRA 25 DE MAR\u00c7O Mar\u00e7o 21, 2025 PR\u00c9-ESCOLAR Mar\u00e7o 14, 2025 1.\u00ba &hellip; <\/p>\n<p class=\"link-more\"><a href=\"https:\/\/escoladigital.madeira.gov.pt\/eb1peccarreira\/2025\/11\/12\/banda-desenhada-em-tic\/\" class=\"more-link\">Read more<span class=\"screen-reader-text\"> &#8220;Banda Desenhada em TIC&#8221;<\/span><\/a><\/p>\n","protected":false},"author":44,"featured_media":0,"parent":0,"menu_order":0,"comment_status":"closed","ping_status":"closed","template":"","meta":{"_themeisle_gutenberg_block_has_review":false,"inspiro_hide_title":false,"footnotes":""},"class_list":["post-898","page","type-page","status-publish","hentry"],"_links":{"self":[{"href":"https:\/\/escoladigital.madeira.gov.pt\/eb1peccarreira\/wp-json\/wp\/v2\/pages\/898","targetHints":{"allow":["GET"]}}],"collection":[{"href":"https:\/\/escoladigital.madeira.gov.pt\/eb1peccarreira\/wp-json\/wp\/v2\/pages"}],"about":[{"href":"https:\/\/escoladigital.madeira.gov.pt\/eb1peccarreira\/wp-json\/wp\/v2\/types\/page"}],"author":[{"embeddable":true,"href":"https:\/\/escoladigital.madeira.gov.pt\/eb1peccarreira\/wp-json\/wp\/v2\/users\/44"}],"replies":[{"embeddable":true,"href":"https:\/\/escoladigital.madeira.gov.pt\/eb1peccarreira\/wp-json\/wp\/v2\/comments?post=898"}],"version-history":[{"count":4,"href":"https:\/\/escoladigital.madeira.gov.pt\/eb1peccarreira\/wp-json\/wp\/v2\/pages\/898\/revisions"}],"predecessor-version":[{"id":1055,"href":"https:\/\/escoladigital.madeira.gov.pt\/eb1peccarreira\/wp-json\/wp\/v2\/pages\/898\/revisions\/1055"}],"wp:attachment":[{"href":"https:\/\/escoladigital.madeira.gov.pt\/eb1peccarreira\/wp-json\/wp\/v2\/media?parent=898"}],"curies":[{"name":"wp","href":"https:\/\/api.w.org\/{rel}","templated":true}]}}