{"id":160,"date":"2024-12-18T15:19:06","date_gmt":"2024-12-18T15:19:06","guid":{"rendered":"https:\/\/escoladigital.madeira.gov.pt\/eb1peccarvalho\/?page_id=160"},"modified":"2024-12-18T23:26:38","modified_gmt":"2024-12-18T23:26:38","slug":"a-escola","status":"publish","type":"page","link":"https:\/\/escoladigital.madeira.gov.pt\/eb1peccarvalho\/a-escola\/","title":{"rendered":"Hist\u00f3ria"},"content":{"rendered":"\t\t<div data-elementor-type=\"wp-page\" data-elementor-id=\"160\" class=\"elementor elementor-160\">\n\t\t\t\t<div class=\"elementor-element elementor-element-b63621e e-flex e-con-boxed e-con e-parent\" data-id=\"b63621e\" data-element_type=\"container\" data-e-type=\"container\">\n\t\t\t\t\t<div class=\"e-con-inner\">\n\t\t\t\t<div class=\"elementor-element elementor-element-6b57563 elementor-shape-rounded elementor-grid-0 e-grid-align-center elementor-widget elementor-widget-social-icons\" data-id=\"6b57563\" data-element_type=\"widget\" data-e-type=\"widget\" data-widget_type=\"social-icons.default\">\n\t\t\t\t<div class=\"elementor-widget-container\">\n\t\t\t\t\t\t\t<div class=\"elementor-social-icons-wrapper elementor-grid\" role=\"list\">\n\t\t\t\t\t\t\t<span class=\"elementor-grid-item\" role=\"listitem\">\n\t\t\t\t\t<a class=\"elementor-icon elementor-social-icon elementor-social-icon-facebook elementor-repeater-item-8ac25aa\" href=\"https:\/\/www.facebook.com\/eb1peccarvalho\" target=\"_blank\">\n\t\t\t\t\t\t<span class=\"elementor-screen-only\">Facebook<\/span>\n\t\t\t\t\t\t<svg aria-hidden=\"true\" class=\"e-font-icon-svg e-fab-facebook\" viewBox=\"0 0 512 512\" xmlns=\"http:\/\/www.w3.org\/2000\/svg\"><path d=\"M504 256C504 119 393 8 256 8S8 119 8 256c0 123.78 90.69 226.38 209.25 245V327.69h-63V256h63v-54.64c0-62.15 37-96.48 93.67-96.48 27.14 0 55.52 4.84 55.52 4.84v61h-31.28c-30.8 0-40.41 19.12-40.41 38.73V256h68.78l-11 71.69h-57.78V501C413.31 482.38 504 379.78 504 256z\"><\/path><\/svg>\t\t\t\t\t<\/a>\n\t\t\t\t<\/span>\n\t\t\t\t\t\t\t<span class=\"elementor-grid-item\" role=\"listitem\">\n\t\t\t\t\t<a class=\"elementor-icon elementor-social-icon elementor-social-icon-instagram elementor-repeater-item-75ef25d\" href=\"http:\/\/instagram.com\/eb1peccarvalho\" target=\"_blank\">\n\t\t\t\t\t\t<span class=\"elementor-screen-only\">Instagram<\/span>\n\t\t\t\t\t\t<svg aria-hidden=\"true\" class=\"e-font-icon-svg e-fab-instagram\" viewBox=\"0 0 448 512\" xmlns=\"http:\/\/www.w3.org\/2000\/svg\"><path d=\"M224.1 141c-63.6 0-114.9 51.3-114.9 114.9s51.3 114.9 114.9 114.9S339 319.5 339 255.9 287.7 141 224.1 141zm0 189.6c-41.1 0-74.7-33.5-74.7-74.7s33.5-74.7 74.7-74.7 74.7 33.5 74.7 74.7-33.6 74.7-74.7 74.7zm146.4-194.3c0 14.9-12 26.8-26.8 26.8-14.9 0-26.8-12-26.8-26.8s12-26.8 26.8-26.8 26.8 12 26.8 26.8zm76.1 27.2c-1.7-35.9-9.9-67.7-36.2-93.9-26.2-26.2-58-34.4-93.9-36.2-37-2.1-147.9-2.1-184.9 0-35.8 1.7-67.6 9.9-93.9 36.1s-34.4 58-36.2 93.9c-2.1 37-2.1 147.9 0 184.9 1.7 35.9 9.9 67.7 36.2 93.9s58 34.4 93.9 36.2c37 2.1 147.9 2.1 184.9 0 35.9-1.7 67.7-9.9 93.9-36.2 26.2-26.2 34.4-58 36.2-93.9 2.1-37 2.1-147.8 0-184.8zM398.8 388c-7.8 19.6-22.9 34.7-42.6 42.6-29.5 11.7-99.5 9-132.1 9s-102.7 2.6-132.1-9c-19.6-7.8-34.7-22.9-42.6-42.6-11.7-29.5-9-99.5-9-132.1s-2.6-102.7 9-132.1c7.8-19.6 22.9-34.7 42.6-42.6 29.5-11.7 99.5-9 132.1-9s102.7-2.6 132.1 9c19.6 7.8 34.7 22.9 42.6 42.6 11.7 29.5 9 99.5 9 132.1s2.7 102.7-9 132.1z\"><\/path><\/svg>\t\t\t\t\t<\/a>\n\t\t\t\t<\/span>\n\t\t\t\t\t<\/div>\n\t\t\t\t\t\t<\/div>\n\t\t\t\t<\/div>\n\t\t\t\t\t<\/div>\n\t\t\t\t<\/div>\n\t\t<div class=\"elementor-element elementor-element-10f585a e-flex e-con-boxed e-con e-parent\" data-id=\"10f585a\" data-element_type=\"container\" data-e-type=\"container\">\n\t\t\t\t\t<div class=\"e-con-inner\">\n\t\t\t\t<div class=\"elementor-element elementor-element-02ecb41 elementor-widget elementor-widget-image\" data-id=\"02ecb41\" data-element_type=\"widget\" data-e-type=\"widget\" data-widget_type=\"image.default\">\n\t\t\t\t<div class=\"elementor-widget-container\">\n\t\t\t\t\t\t\t\t\t\t\t\t\t\t\t<img fetchpriority=\"high\" decoding=\"async\" width=\"1024\" height=\"727\" src=\"https:\/\/escoladigital.madeira.gov.pt\/eb1peccarvalho\/wp-content\/uploads\/sites\/44\/2024\/12\/escola2-1024x727.jpg\" class=\"attachment-large size-large wp-image-211\" alt=\"\" srcset=\"https:\/\/escoladigital.madeira.gov.pt\/eb1peccarvalho\/wp-content\/uploads\/sites\/44\/2024\/12\/escola2-1024x727.jpg 1024w, https:\/\/escoladigital.madeira.gov.pt\/eb1peccarvalho\/wp-content\/uploads\/sites\/44\/2024\/12\/escola2-300x213.jpg 300w, https:\/\/escoladigital.madeira.gov.pt\/eb1peccarvalho\/wp-content\/uploads\/sites\/44\/2024\/12\/escola2-768x545.jpg 768w, https:\/\/escoladigital.madeira.gov.pt\/eb1peccarvalho\/wp-content\/uploads\/sites\/44\/2024\/12\/escola2.jpg 1522w\" sizes=\"(max-width: 1024px) 100vw, 1024px\" \/>\t\t\t\t\t\t\t\t\t\t\t\t\t\t\t<\/div>\n\t\t\t\t<\/div>\n\t\t<div class=\"elementor-element elementor-element-993a8ab e-con-full e-flex e-con e-child\" data-id=\"993a8ab\" data-element_type=\"container\" data-e-type=\"container\">\n\t\t\t\t<div class=\"elementor-element elementor-element-2f48039 elementor-widget elementor-widget-text-editor\" data-id=\"2f48039\" data-element_type=\"widget\" data-e-type=\"widget\" data-widget_type=\"text-editor.default\">\n\t\t\t\t<div class=\"elementor-widget-container\">\n\t\t\t\t\t\t\t\t\t<p>\u00a0 \u00a0 \u00a0\u00c9 uma Escola B\u00e1sica do 1\u00ba Ciclo com Pr\u00e9 &#8211; Escolar da Cruz de Carvalho, situada na Freguesia de S. Pedro, na parte ocidental da Cidade do Funchal, em pleno Bairro do Hospital. A nossa escola (EB1\/ PE Cruz de Carvalho), data de 1981, situa-se no Bairro do Hospital, tendo como principal acesso a avenida Lu\u00eds de Cam\u00f5es.<br \/>No ano de 2003 sofreu obras de amplia\u00e7\u00e3o ficando um edif\u00edcio tipo P3 onde funcionam 4 salas em regime cruzado com espa\u00e7os votados ao trabalho de grupo, tr\u00eas salas com o Ensino Pr\u00e9 &#8211; Escolar; uma biblioteca inaugurada a 23 de Maio de 1991, um polivalente e um gabinete da direc\u00e7\u00e3o, uma sala de secretaria, uma sala de Professores um refeit\u00f3rio, uma cozinha, uma dispensa, 4 arrecada\u00e7\u00f5es, 10 casas de banho, duas pequenas salas para apoio \u00e0s crian\u00e7as com N.E.E., uma sala de inform\u00e1tica, uma sala de inicia\u00e7\u00e3o \u00e0 l\u00edngua inglesa, uma sala de estudo, uma sala de express\u00e3o pl\u00e1stica e uma sala de express\u00e3o musical e dram\u00e1tica<br \/>Este edif\u00edcio est\u00e1 dotado de espa\u00e7os exteriores adequados \u00e0 pr\u00e1tica desportiva e que serve a comunidade local.<br \/>A \u00e1rea onde est\u00e1 inserida a escola h\u00e1 cerca de 30 anos atr\u00e1s caracterizava-se pela actividade agr\u00edcola, passando a zona residencial, ap\u00f3s a constru\u00e7\u00e3o do Centro Hospitalar do Funchal.<br \/>O Bairro do Hospital situa-se na freguesia de S\u00e3o Pedro, junto ao Centro Hospitalar do Funchal, e integra 240 fogos de habita\u00e7\u00e3o conclu\u00eddos em 1978.<br \/><br \/>Nesta zona existem diversos estabelecimentos s\u00f3cio &#8211; culturais e econ\u00f3micos:<br \/><br \/>&#8211; Centro Cultural e Desportivo Lu\u00eds de Cam\u00f5es; <br \/>&#8211; Biblioteca Calouste Gulbenkian;<br \/>&#8211; Creche, Jardim de Inf\u00e2ncia;<br \/>&#8211; Escolas de 2\u00ba e 3\u00ba ciclos;<br \/>&#8211; Centro Paroquial da Sagrada Fam\u00edlia.<br \/>&#8211; Igreja da Sagrada Fam\u00edlia;<br \/>&#8211; Conservat\u00f3rio de M\u00fasica do Funchal;<br \/>&#8211; Engenho de mel do Ribeiro Seco;<br \/>&#8211; Supermercado;<br \/>&#8211; Restaurantes;<br \/>&#8211; F\u00e1brica de tape\u00e7arias;<br \/>&#8211; Cabeleireiro;<br \/>&#8211; Florista;<br \/>&#8211; Centro Hospitalar do Funchal;<br \/>&#8211; Farm\u00e1cia;<br \/><br \/>A Escola \u00e9 frequentada por crian\u00e7as de v\u00e1rios estratos sociais de n\u00edvel cultural bastante diversificado, o que motiva estrat\u00e9gias pedag\u00f3gicas heterog\u00e9neas. A maior parte destas crian\u00e7as s\u00e3o provenientes fora da zona residente \u00e0 escola.<\/p>\t\t\t\t\t\t\t\t<\/div>\n\t\t\t\t<\/div>\n\t\t\t\t<\/div>\n\t\t\t\t\t<\/div>\n\t\t\t\t<\/div>\n\t\t\t\t<\/div>\n\t\t","protected":false},"excerpt":{"rendered":"<p>Facebook Instagram \u00a0 \u00a0 \u00a0\u00c9 uma Escola B\u00e1sica do 1\u00ba Ciclo com Pr\u00e9 &#8211; Escolar da Cruz de Carvalho, situada na Freguesia de S. Pedro, na parte ocidental da Cidade do Funchal, em pleno Bairro do Hospital. A nossa escola (EB1\/ PE Cruz de Carvalho), data de 1981, situa-se no Bairro do Hospital, tendo como [&hellip;]<\/p>\n","protected":false},"author":57,"featured_media":0,"parent":0,"menu_order":0,"comment_status":"closed","ping_status":"closed","template":"elementor_canvas","meta":{"_themeisle_gutenberg_block_has_review":false,"footnotes":""},"class_list":["post-160","page","type-page","status-publish","hentry"],"_links":{"self":[{"href":"https:\/\/escoladigital.madeira.gov.pt\/eb1peccarvalho\/wp-json\/wp\/v2\/pages\/160","targetHints":{"allow":["GET"]}}],"collection":[{"href":"https:\/\/escoladigital.madeira.gov.pt\/eb1peccarvalho\/wp-json\/wp\/v2\/pages"}],"about":[{"href":"https:\/\/escoladigital.madeira.gov.pt\/eb1peccarvalho\/wp-json\/wp\/v2\/types\/page"}],"author":[{"embeddable":true,"href":"https:\/\/escoladigital.madeira.gov.pt\/eb1peccarvalho\/wp-json\/wp\/v2\/users\/57"}],"replies":[{"embeddable":true,"href":"https:\/\/escoladigital.madeira.gov.pt\/eb1peccarvalho\/wp-json\/wp\/v2\/comments?post=160"}],"version-history":[{"count":21,"href":"https:\/\/escoladigital.madeira.gov.pt\/eb1peccarvalho\/wp-json\/wp\/v2\/pages\/160\/revisions"}],"predecessor-version":[{"id":217,"href":"https:\/\/escoladigital.madeira.gov.pt\/eb1peccarvalho\/wp-json\/wp\/v2\/pages\/160\/revisions\/217"}],"wp:attachment":[{"href":"https:\/\/escoladigital.madeira.gov.pt\/eb1peccarvalho\/wp-json\/wp\/v2\/media?parent=160"}],"curies":[{"name":"wp","href":"https:\/\/api.w.org\/{rel}","templated":true}]}}