{"id":59,"date":"2025-10-22T09:47:27","date_gmt":"2025-10-22T09:47:27","guid":{"rendered":"https:\/\/escoladigital.madeira.gov.pt\/eb1peclobos\/?page_id=59"},"modified":"2025-10-22T14:22:49","modified_gmt":"2025-10-22T14:22:49","slug":"nao-docentes","status":"publish","type":"page","link":"https:\/\/escoladigital.madeira.gov.pt\/eb1peclobos\/nao-docentes\/","title":{"rendered":"N\u00c3O DOCENTES"},"content":{"rendered":"\n<div class=\"wp-block-columns is-layout-flex wp-container-core-columns-is-layout-28f84493 wp-block-columns-is-layout-flex\">\n<div class=\"wp-block-column is-layout-flow wp-block-column-is-layout-flow\">\n<p class=\"has-text-align-center\">T\u00c9CNICAS SUPERIORES<\/p>\n\n\n\n<ul class=\"wp-block-list\">\n<li>Dina Lu\u00edsa Pestana Figueira<\/li>\n\n\n\n<li>Maria Susana dos santos Freitas<\/li>\n\n\n\n<li>Regina Maria Caires Gon\u00e7alves Dantas Silva<\/li>\n<\/ul>\n<\/div>\n\n\n\n<div class=\"wp-block-column is-layout-flow wp-block-column-is-layout-flow\">\n<p class=\"has-text-align-center\">T\u00c9CNICOS<\/p>\n\n\n\n<p class=\"has-text-align-center\">ASSITENTES T\u00c9CNICOS<\/p>\n\n\n\n<ul class=\"wp-block-list\">\n<li>Luz Maria Caldeira Drumond<\/li>\n\n\n\n<li>Ariana carolina S\u00e1 Teixeira<\/li>\n\n\n\n<li>Jo\u00e3o Pedro Faria de Freitas<\/li>\n<\/ul>\n\n\n\n<p class=\"has-text-align-center\">T\u00c9CNICOS DE APOIO \u00c0 INF\u00c2NCIA<\/p>\n\n\n\n<ul class=\"wp-block-list\">\n<li>Carla Patr\u00edcia Ferraz dos Santos<\/li>\n\n\n\n<li>Dina Maria Calisto Gon\u00e7alves Brito Pereira<\/li>\n\n\n\n<li>Dina Maria Freitas Teles<\/li>\n\n\n\n<li>Ana Isabel Freitas Caires Abreu <\/li>\n\n\n\n<li>Luc\u00e9lia Mars\u00edlia Abreu Martim<\/li>\n<\/ul>\n<\/div>\n\n\n\n<div class=\"wp-block-column is-layout-flow wp-block-column-is-layout-flow\">\n<p class=\"has-text-align-center\">ASSISTENTES OPERACIONAIS<\/p>\n\n\n\n<ul class=\"wp-block-list\">\n<li>C\u00e9lia Gomes Vasconcelos<\/li>\n\n\n\n<li>Cl\u00e1udia Alexandra Sousa Gouveia Gon\u00e7alves<\/li>\n\n\n\n<li>Maria da Luz Fernandes Vieira<\/li>\n\n\n\n<li>Maria Ivalize Ferreira Santos <\/li>\n\n\n\n<li>Maria L\u00eddia da Costa Silva Oliveira<\/li>\n\n\n\n<li>Micaela Vieira Henriques<\/li>\n\n\n\n<li>No\u00e9lia de Freitas Figueira<\/li>\n\n\n\n<li>Rita Leonilde Gon\u00e7alves Sousa Branco<\/li>\n<\/ul>\n<\/div>\n<\/div>\n\n\n\n<p><\/p>\n","protected":false},"excerpt":{"rendered":"<p>T\u00c9CNICAS SUPERIORES T\u00c9CNICOS ASSITENTES T\u00c9CNICOS T\u00c9CNICOS DE APOIO \u00c0 INF\u00c2NCIA ASSISTENTES OPERACIONAIS<\/p>\n","protected":false},"author":103,"featured_media":0,"parent":0,"menu_order":0,"comment_status":"closed","ping_status":"closed","template":"","meta":{"site-sidebar-layout":"default","site-content-layout":"","ast-site-content-layout":"default","site-content-style":"default","site-sidebar-style":"default","ast-global-header-display":"","ast-banner-title-visibility":"","ast-main-header-display":"","ast-hfb-above-header-display":"","ast-hfb-below-header-display":"","ast-hfb-mobile-header-display":"","site-post-title":"","ast-breadcrumbs-content":"","ast-featured-img":"","footer-sml-layout":"","ast-disable-related-posts":"","theme-transparent-header-meta":"","adv-header-id-meta":"","stick-header-meta":"","header-above-stick-meta":"","header-main-stick-meta":"","header-below-stick-meta":"","astra-migrate-meta-layouts":"default","ast-page-background-enabled":"default","ast-page-background-meta":{"desktop":{"background-color":"var(--ast-global-color-5)","background-image":"","background-repeat":"repeat","background-position":"center center","background-size":"auto","background-attachment":"scroll","background-type":"","background-media":"","overlay-type":"","overlay-color":"","overlay-opacity":"","overlay-gradient":""},"tablet":{"background-color":"","background-image":"","background-repeat":"repeat","background-position":"center center","background-size":"auto","background-attachment":"scroll","background-type":"","background-media":"","overlay-type":"","overlay-color":"","overlay-opacity":"","overlay-gradient":""},"mobile":{"background-color":"","background-image":"","background-repeat":"repeat","background-position":"center center","background-size":"auto","background-attachment":"scroll","background-type":"","background-media":"","overlay-type":"","overlay-color":"","overlay-opacity":"","overlay-gradient":""}},"ast-content-background-meta":{"desktop":{"background-color":"var(--ast-global-color-4)","background-image":"","background-repeat":"repeat","background-position":"center center","background-size":"auto","background-attachment":"scroll","background-type":"","background-media":"","overlay-type":"","overlay-color":"","overlay-opacity":"","overlay-gradient":""},"tablet":{"background-color":"var(--ast-global-color-4)","background-image":"","background-repeat":"repeat","background-position":"center center","background-size":"auto","background-attachment":"scroll","background-type":"","background-media":"","overlay-type":"","overlay-color":"","overlay-opacity":"","overlay-gradient":""},"mobile":{"background-color":"var(--ast-global-color-4)","background-image":"","background-repeat":"repeat","background-position":"center center","background-size":"auto","background-attachment":"scroll","background-type":"","background-media":"","overlay-type":"","overlay-color":"","overlay-opacity":"","overlay-gradient":""}},"_themeisle_gutenberg_block_has_review":false,"footnotes":""},"class_list":["post-59","page","type-page","status-publish","hentry"],"_links":{"self":[{"href":"https:\/\/escoladigital.madeira.gov.pt\/eb1peclobos\/wp-json\/wp\/v2\/pages\/59","targetHints":{"allow":["GET"]}}],"collection":[{"href":"https:\/\/escoladigital.madeira.gov.pt\/eb1peclobos\/wp-json\/wp\/v2\/pages"}],"about":[{"href":"https:\/\/escoladigital.madeira.gov.pt\/eb1peclobos\/wp-json\/wp\/v2\/types\/page"}],"author":[{"embeddable":true,"href":"https:\/\/escoladigital.madeira.gov.pt\/eb1peclobos\/wp-json\/wp\/v2\/users\/103"}],"replies":[{"embeddable":true,"href":"https:\/\/escoladigital.madeira.gov.pt\/eb1peclobos\/wp-json\/wp\/v2\/comments?post=59"}],"version-history":[{"count":3,"href":"https:\/\/escoladigital.madeira.gov.pt\/eb1peclobos\/wp-json\/wp\/v2\/pages\/59\/revisions"}],"predecessor-version":[{"id":89,"href":"https:\/\/escoladigital.madeira.gov.pt\/eb1peclobos\/wp-json\/wp\/v2\/pages\/59\/revisions\/89"}],"wp:attachment":[{"href":"https:\/\/escoladigital.madeira.gov.pt\/eb1peclobos\/wp-json\/wp\/v2\/media?parent=59"}],"curies":[{"name":"wp","href":"https:\/\/api.w.org\/{rel}","templated":true}]}}