{"id":69,"date":"2025-10-22T09:54:54","date_gmt":"2025-10-22T09:54:54","guid":{"rendered":"https:\/\/escoladigital.madeira.gov.pt\/eb1peclobos\/?page_id=69"},"modified":"2025-11-26T14:27:52","modified_gmt":"2025-11-26T14:27:52","slug":"oferta-educativa","status":"publish","type":"page","link":"https:\/\/escoladigital.madeira.gov.pt\/eb1peclobos\/escola\/oferta-educativa\/","title":{"rendered":"OFERTA EDUCATIVA"},"content":{"rendered":"\t\t<div data-elementor-type=\"wp-page\" data-elementor-id=\"69\" class=\"elementor elementor-69\">\n\t\t\t\t<div class=\"elementor-element elementor-element-434349a e-flex e-con-boxed e-con e-parent\" data-id=\"434349a\" data-element_type=\"container\" data-e-type=\"container\">\n\t\t\t\t\t<div class=\"e-con-inner\">\n\t\t\t\t<div class=\"elementor-element elementor-element-e9ee9fb elementor-widget elementor-widget-text-editor\" data-id=\"e9ee9fb\" data-element_type=\"widget\" data-e-type=\"widget\" data-widget_type=\"text-editor.default\">\n\t\t\t\t\t\t\t\t\t<p><span style=\"font-family: Aptos;font-style: inherit;font-weight: inherit;text-align: justify\">A EB1\/PE de C\u00e2mara de Lobos funciona em dois turnos: manh\u00e3 (8:30h-13:30h) e tarde (13:30h-18:30h). No turno da manh\u00e3 funcionam o 1\u00ba e 2\u00ba ano curricular e o enriquecimento curricular do 3\u00ba e 4\u00ba ano. No turno da tarde funciona o 3\u00ba e 4\u00ba ano curricular e o enriquecimento curricular do 1\u00ba e 2\u00ba ano.\u00a0<\/span><\/p><p class=\"MsoNormal\" style=\"text-align: justify\" align=\"justify\"><span style=\"font-family: Aptos;font-size: 13,0000pt\">O Apoio Pedag\u00f3gico Acrescido e a Educa\u00e7\u00e3o Especial funcionam na sua maioria no hor\u00e1rio curricular das turmas.\u00a0a Unidade Especializada funciona das 9:00h \u00e0s 17h.\u00a0O Ensino Recorrente tamb\u00e9m funciona de tarde, com uma turma.\u00a0\u00a0A Pr\u00e9-escolar funciona das 8:30h at\u00e9 \u00e0s 18:30h, havendo altern\u00e2ncia de turnos entre docentes.\u00a0<\/span><b><\/b><\/p>\t\t\t\t\t\t\t\t<\/div>\n\t\t\t\t\t<\/div>\n\t\t\t\t<\/div>\n\t\t\t\t<\/div>\n\t\t","protected":false},"excerpt":{"rendered":"<p>A EB1\/PE de C\u00e2mara de Lobos funciona em dois turnos: manh\u00e3 (8:30h-13:30h) e tarde (13:30h-18:30h). No turno da manh\u00e3 funcionam [&hellip;]<\/p>\n","protected":false},"author":103,"featured_media":0,"parent":49,"menu_order":0,"comment_status":"closed","ping_status":"closed","template":"","meta":{"site-sidebar-layout":"no-sidebar","site-content-layout":"","ast-site-content-layout":"full-width-container","site-content-style":"default","site-sidebar-style":"default","ast-global-header-display":"","ast-banner-title-visibility":"","ast-main-header-display":"","ast-hfb-above-header-display":"","ast-hfb-below-header-display":"","ast-hfb-mobile-header-display":"","site-post-title":"","ast-breadcrumbs-content":"","ast-featured-img":"disabled","footer-sml-layout":"","ast-disable-related-posts":"","theme-transparent-header-meta":"","adv-header-id-meta":"","stick-header-meta":"","header-above-stick-meta":"","header-main-stick-meta":"","header-below-stick-meta":"","astra-migrate-meta-layouts":"default","ast-page-background-enabled":"default","ast-page-background-meta":{"desktop":{"background-color":"var(--ast-global-color-5)","background-image":"","background-repeat":"repeat","background-position":"center center","background-size":"auto","background-attachment":"scroll","background-type":"","background-media":"","overlay-type":"","overlay-color":"","overlay-opacity":"","overlay-gradient":""},"tablet":{"background-color":"","background-image":"","background-repeat":"repeat","background-position":"center center","background-size":"auto","background-attachment":"scroll","background-type":"","background-media":"","overlay-type":"","overlay-color":"","overlay-opacity":"","overlay-gradient":""},"mobile":{"background-color":"","background-image":"","background-repeat":"repeat","background-position":"center center","background-size":"auto","background-attachment":"scroll","background-type":"","background-media":"","overlay-type":"","overlay-color":"","overlay-opacity":"","overlay-gradient":""}},"ast-content-background-meta":{"desktop":{"background-color":"var(--ast-global-color-4)","background-image":"","background-repeat":"repeat","background-position":"center center","background-size":"auto","background-attachment":"scroll","background-type":"","background-media":"","overlay-type":"","overlay-color":"","overlay-opacity":"","overlay-gradient":""},"tablet":{"background-color":"var(--ast-global-color-4)","background-image":"","background-repeat":"repeat","background-position":"center center","background-size":"auto","background-attachment":"scroll","background-type":"","background-media":"","overlay-type":"","overlay-color":"","overlay-opacity":"","overlay-gradient":""},"mobile":{"background-color":"var(--ast-global-color-4)","background-image":"","background-repeat":"repeat","background-position":"center center","background-size":"auto","background-attachment":"scroll","background-type":"","background-media":"","overlay-type":"","overlay-color":"","overlay-opacity":"","overlay-gradient":""}},"_themeisle_gutenberg_block_has_review":false,"footnotes":""},"class_list":["post-69","page","type-page","status-publish","hentry"],"_links":{"self":[{"href":"https:\/\/escoladigital.madeira.gov.pt\/eb1peclobos\/wp-json\/wp\/v2\/pages\/69","targetHints":{"allow":["GET"]}}],"collection":[{"href":"https:\/\/escoladigital.madeira.gov.pt\/eb1peclobos\/wp-json\/wp\/v2\/pages"}],"about":[{"href":"https:\/\/escoladigital.madeira.gov.pt\/eb1peclobos\/wp-json\/wp\/v2\/types\/page"}],"author":[{"embeddable":true,"href":"https:\/\/escoladigital.madeira.gov.pt\/eb1peclobos\/wp-json\/wp\/v2\/users\/103"}],"replies":[{"embeddable":true,"href":"https:\/\/escoladigital.madeira.gov.pt\/eb1peclobos\/wp-json\/wp\/v2\/comments?post=69"}],"version-history":[{"count":4,"href":"https:\/\/escoladigital.madeira.gov.pt\/eb1peclobos\/wp-json\/wp\/v2\/pages\/69\/revisions"}],"predecessor-version":[{"id":110,"href":"https:\/\/escoladigital.madeira.gov.pt\/eb1peclobos\/wp-json\/wp\/v2\/pages\/69\/revisions\/110"}],"up":[{"embeddable":true,"href":"https:\/\/escoladigital.madeira.gov.pt\/eb1peclobos\/wp-json\/wp\/v2\/pages\/49"}],"wp:attachment":[{"href":"https:\/\/escoladigital.madeira.gov.pt\/eb1peclobos\/wp-json\/wp\/v2\/media?parent=69"}],"curies":[{"name":"wp","href":"https:\/\/api.w.org\/{rel}","templated":true}]}}