{"id":73,"date":"2025-10-22T09:57:21","date_gmt":"2025-10-22T09:57:21","guid":{"rendered":"https:\/\/escoladigital.madeira.gov.pt\/eb1peclobos\/?page_id=73"},"modified":"2025-12-17T08:43:01","modified_gmt":"2025-12-17T08:43:01","slug":"alunos","status":"publish","type":"page","link":"https:\/\/escoladigital.madeira.gov.pt\/eb1peclobos\/alunos\/","title":{"rendered":"ALUNOS"},"content":{"rendered":"\n<p>CALEND\u00c1RIO ESCOLAR 2025\/2026<\/p>\n\n\n\n<p>1\u00ba PER\u00cdODO <\/p>\n\n\n\n<p class=\"has-text-align-left\"><strong>O 1.\u00ba per\u00edodo\u00a0ter\u00e1 in\u00edcio a 8 de setembro para o 1.\u00ba ciclo do ensino b\u00e1sico e entre os dias 8 e 12 de setembro de 2025 e terminando a 16 de dezembro.<\/strong><\/p>\n\n\n\n<p><\/p>\n\n\n\n<p>2\u00ba PER\u00cdODO <\/p>\n\n\n\n<p><strong>O 2.\u00ba per\u00edodo\u00a0estender-se-\u00e1 de 5 de janeiro a 27 de mar\u00e7o de 2026.<\/strong><\/p>\n\n\n\n<p><\/p>\n\n\n\n<p>3\u00ba PER\u00cdODO<\/p>\n\n\n\n<p><strong>O\u00a03.\u00ba per\u00edodo\u00a0come\u00e7ar\u00e1 a 13 de abril de 2026 e terminar\u00e1 a 30 de junho para o 1.\u00ba ciclo, isto \u00e9, do 1.\u00ba ao 4.\u00ba ano de escolaridade.<\/strong><\/p>\n\n\n\n<p><\/p>\n","protected":false},"excerpt":{"rendered":"<p>CALEND\u00c1RIO ESCOLAR 2025\/2026 1\u00ba PER\u00cdODO O 1.\u00ba per\u00edodo\u00a0ter\u00e1 in\u00edcio a 8 de setembro para o 1.\u00ba ciclo do ensino b\u00e1sico [&hellip;]<\/p>\n","protected":false},"author":103,"featured_media":0,"parent":0,"menu_order":0,"comment_status":"closed","ping_status":"closed","template":"","meta":{"site-sidebar-layout":"default","site-content-layout":"","ast-site-content-layout":"default","site-content-style":"default","site-sidebar-style":"default","ast-global-header-display":"","ast-banner-title-visibility":"","ast-main-header-display":"","ast-hfb-above-header-display":"","ast-hfb-below-header-display":"","ast-hfb-mobile-header-display":"","site-post-title":"","ast-breadcrumbs-content":"","ast-featured-img":"","footer-sml-layout":"","ast-disable-related-posts":"","theme-transparent-header-meta":"","adv-header-id-meta":"","stick-header-meta":"","header-above-stick-meta":"","header-main-stick-meta":"","header-below-stick-meta":"","astra-migrate-meta-layouts":"default","ast-page-background-enabled":"default","ast-page-background-meta":{"desktop":{"background-color":"var(--ast-global-color-5)","background-image":"","background-repeat":"repeat","background-position":"center center","background-size":"auto","background-attachment":"scroll","background-type":"","background-media":"","overlay-type":"","overlay-color":"","overlay-opacity":"","overlay-gradient":""},"tablet":{"background-color":"","background-image":"","background-repeat":"repeat","background-position":"center center","background-size":"auto","background-attachment":"scroll","background-type":"","background-media":"","overlay-type":"","overlay-color":"","overlay-opacity":"","overlay-gradient":""},"mobile":{"background-color":"","background-image":"","background-repeat":"repeat","background-position":"center center","background-size":"auto","background-attachment":"scroll","background-type":"","background-media":"","overlay-type":"","overlay-color":"","overlay-opacity":"","overlay-gradient":""}},"ast-content-background-meta":{"desktop":{"background-color":"var(--ast-global-color-4)","background-image":"","background-repeat":"repeat","background-position":"center center","background-size":"auto","background-attachment":"scroll","background-type":"","background-media":"","overlay-type":"","overlay-color":"","overlay-opacity":"","overlay-gradient":""},"tablet":{"background-color":"var(--ast-global-color-4)","background-image":"","background-repeat":"repeat","background-position":"center center","background-size":"auto","background-attachment":"scroll","background-type":"","background-media":"","overlay-type":"","overlay-color":"","overlay-opacity":"","overlay-gradient":""},"mobile":{"background-color":"var(--ast-global-color-4)","background-image":"","background-repeat":"repeat","background-position":"center center","background-size":"auto","background-attachment":"scroll","background-type":"","background-media":"","overlay-type":"","overlay-color":"","overlay-opacity":"","overlay-gradient":""}},"_themeisle_gutenberg_block_has_review":false,"footnotes":""},"class_list":["post-73","page","type-page","status-publish","hentry"],"_links":{"self":[{"href":"https:\/\/escoladigital.madeira.gov.pt\/eb1peclobos\/wp-json\/wp\/v2\/pages\/73","targetHints":{"allow":["GET"]}}],"collection":[{"href":"https:\/\/escoladigital.madeira.gov.pt\/eb1peclobos\/wp-json\/wp\/v2\/pages"}],"about":[{"href":"https:\/\/escoladigital.madeira.gov.pt\/eb1peclobos\/wp-json\/wp\/v2\/types\/page"}],"author":[{"embeddable":true,"href":"https:\/\/escoladigital.madeira.gov.pt\/eb1peclobos\/wp-json\/wp\/v2\/users\/103"}],"replies":[{"embeddable":true,"href":"https:\/\/escoladigital.madeira.gov.pt\/eb1peclobos\/wp-json\/wp\/v2\/comments?post=73"}],"version-history":[{"count":4,"href":"https:\/\/escoladigital.madeira.gov.pt\/eb1peclobos\/wp-json\/wp\/v2\/pages\/73\/revisions"}],"predecessor-version":[{"id":321,"href":"https:\/\/escoladigital.madeira.gov.pt\/eb1peclobos\/wp-json\/wp\/v2\/pages\/73\/revisions\/321"}],"wp:attachment":[{"href":"https:\/\/escoladigital.madeira.gov.pt\/eb1peclobos\/wp-json\/wp\/v2\/media?parent=73"}],"curies":[{"name":"wp","href":"https:\/\/api.w.org\/{rel}","templated":true}]}}