{"id":167,"date":"2025-02-20T03:46:46","date_gmt":"2025-02-20T03:46:46","guid":{"rendered":"https:\/\/escoladigital.madeira.gov.pt\/eb1pecovao\/?page_id=167"},"modified":"2025-02-21T17:59:11","modified_gmt":"2025-02-21T17:59:11","slug":"167-2","status":"publish","type":"page","link":"https:\/\/escoladigital.madeira.gov.pt\/eb1pecovao\/","title":{"rendered":"In\u00edcio"},"content":{"rendered":"\n<iframe class=\"full-width-video\" src=\"https:\/\/www.youtube.com\/embed\/fk8ztDVCzuY?autoplay=1&amp;mute=1&amp;controls=0&amp;showinfo=0&amp;modestbranding=1&amp;rel=0&amp;loop=1&amp;playlist=fk8ztDVCzuY\" frameborder=\"0\" allow=\"autoplay; fullscreen\">\n<\/iframe>\n\n\n\n<div id=\"wp-block-themeisle-blocks-advanced-columns-e1dbcc0f\" class=\"wp-block-themeisle-blocks-advanced-columns alignfull has-2-columns has-desktop-equal-layout has-tablet-equal-layout has-mobile-collapsedRows-layout has-vertical-center has-light-bg\"><div class=\"wp-block-themeisle-blocks-advanced-columns-overlay\"><\/div><div class=\"innerblocks-wrap\">\n<div id=\"wp-block-themeisle-blocks-advanced-column-22e258c2\" class=\"wp-block-themeisle-blocks-advanced-column has-light-bg\">\n<figure class=\"wp-block-image\"><img fetchpriority=\"high\" decoding=\"async\" width=\"2560\" height=\"1920\" src=\"https:\/\/escoladigital.madeira.gov.pt\/eb1pecovao\/wp-content\/uploads\/sites\/65\/2025\/02\/WhatsApp-Image-2025-02-20-at-03.00.39-1-scaled.jpeg\" alt=\"\" class=\"wp-image-168\" srcset=\"https:\/\/escoladigital.madeira.gov.pt\/eb1pecovao\/wp-content\/uploads\/sites\/65\/2025\/02\/WhatsApp-Image-2025-02-20-at-03.00.39-1-scaled.jpeg 2560w, https:\/\/escoladigital.madeira.gov.pt\/eb1pecovao\/wp-content\/uploads\/sites\/65\/2025\/02\/WhatsApp-Image-2025-02-20-at-03.00.39-1-300x225.jpeg 300w, https:\/\/escoladigital.madeira.gov.pt\/eb1pecovao\/wp-content\/uploads\/sites\/65\/2025\/02\/WhatsApp-Image-2025-02-20-at-03.00.39-1-1024x768.jpeg 1024w, https:\/\/escoladigital.madeira.gov.pt\/eb1pecovao\/wp-content\/uploads\/sites\/65\/2025\/02\/WhatsApp-Image-2025-02-20-at-03.00.39-1-768x576.jpeg 768w, https:\/\/escoladigital.madeira.gov.pt\/eb1pecovao\/wp-content\/uploads\/sites\/65\/2025\/02\/WhatsApp-Image-2025-02-20-at-03.00.39-1-1536x1152.jpeg 1536w, https:\/\/escoladigital.madeira.gov.pt\/eb1pecovao\/wp-content\/uploads\/sites\/65\/2025\/02\/WhatsApp-Image-2025-02-20-at-03.00.39-1-2048x1536.jpeg 2048w\" sizes=\"(max-width: 2560px) 100vw, 2560px\" \/><\/figure>\n<\/div>\n\n\n\n<div id=\"wp-block-themeisle-blocks-advanced-column-f07bda88\" class=\"wp-block-themeisle-blocks-advanced-column\">\n<h2 id=\"wp-block-themeisle-blocks-advanced-heading-80030d0c\" class=\"wp-block-themeisle-blocks-advanced-heading wp-block-themeisle-blocks-advanced-heading-80030d0c\"><strong><strong>Bem-vindo \u00e0 EB1\/PE do Cov\u00e3o e Vargem<\/strong><\/strong><\/h2>\n\n\n\n<p class=\"has-text-color has-link-color wp-elements-01aa584aebbead7fd5d1ac854d009aae\" style=\"color:#070731\">Situada no Estreito de C\u00e2mara de Lobos, a nossa escola dedica-se a oferecer um ensino de excel\u00eancia, promovendo o desenvolvimento integral dos alunos num ambiente seguro, inclusivo e estimulante. Aqui, acreditamos que cada crian\u00e7a tem um potencial \u00fanico e que o sucesso passa pela cria\u00e7\u00e3o de bases s\u00f3lidas para a aprendizagem ao longo da vida.<\/p>\n\n\n\n<div style=\"height:20px\" aria-hidden=\"true\" class=\"wp-block-spacer\"><\/div>\n\n\n\n<div class=\"wp-block-buttons is-layout-flex wp-block-buttons-is-layout-flex\">\n<div class=\"wp-block-button is-style-secondary\"><a class=\"wp-block-button__link has-text-color has-background has-link-color wp-element-button\" href=\"https:\/\/escoladigital.madeira.gov.pt\/eb1pecovao\/sobre-nos\/\" style=\"color:#070731;background-color:#fdb72b\"><font style=\"vertical-align: inherit\"><font style=\"vertical-align: inherit\">Ler mais<\/font><\/font><\/a><\/div>\n<\/div>\n<\/div>\n<\/div><\/div>\n\n\n\n<section id=\"wp-block-themeisle-blocks-advanced-columns-990a718e\" class=\"wp-block-themeisle-blocks-advanced-columns alignfull has-2-columns has-desktop-equal-layout has-tablet-equal-layout has-mobile-collapsedRows-layout has-vertical-center has-light-bg\"><div class=\"wp-block-themeisle-blocks-advanced-columns-overlay\"><\/div><div class=\"innerblocks-wrap\">\n<div id=\"wp-block-themeisle-blocks-advanced-column-73e5b683\" class=\"wp-block-themeisle-blocks-advanced-column\">\n<div class=\"wp-block-cover is-light\"><span aria-hidden=\"true\" class=\"wp-block-cover__background has-background-dim\"><\/span><div class=\"wp-block-cover__inner-container is-layout-constrained wp-block-cover-is-layout-constrained\"><div style=\"height:400pxpx;\" class=\"wp-block-themeisle-blocks-leaflet-map\" id=\"wp-block-themeisle-blocks-google-map-74347d45\"><\/div>\n<script type=\"text\/javascript\">\n\t\/* <![CDATA[ *\/\n\t\tif ( ! window.themeisleLeafletMaps ) window.themeisleLeafletMaps =[];\n\t\twindow.themeisleLeafletMaps.push( { container: \"wp-block-themeisle-blocks-google-map-74347d45\", attributes: {\"id\":\"wp-block-themeisle-blocks-google-map-74347d45\",\"location\":\"Escola B\\u00e1sica do 1\\u00ba Ciclo com pr\\u00e9 do Cov\\u00e3o e Vargem\",\"latitude\":\"32.66996517506652\",\"longitude\":\"-16.965731084346775\",\"bbox\":\"-16.967107057571415,32.66906202366596,-16.964355111122135,32.67086831733814\",\"zoom\":18,\"height\":\"400px\",\"markers\":[],\"zoomControl\":true,\"draggable\":true,\"hasCustomCSS\":false,\"customCSS\":\"\",\"otterConditions\":[]} } );\n\t\/* ]]> *\/\n<\/script>\n<\/div><\/div>\n<\/div>\n\n\n\n<header id=\"wp-block-themeisle-blocks-advanced-column-d2ab60f9\" class=\"wp-block-themeisle-blocks-advanced-column has-light-bg\"><div class=\"wp-block-themeisle-blocks-advanced-column-overlay\"><\/div>\n<h2 class=\"wp-block-heading has-text-align-left has-ast-global-color-6-color has-text-color\"><font style=\"vertical-align: inherit\"><font style=\"vertical-align: inherit\">Contatos<\/font><\/font><\/h2>\n\n\n\n<h1 id=\"wp-block-themeisle-blocks-advanced-heading-60814737\" class=\"wp-block-themeisle-blocks-advanced-heading wp-block-themeisle-blocks-advanced-heading-60814737\"><strong>morada<\/strong><\/h1>\n\n\n\n<p class=\"has-ast-global-color-1-color has-text-color\">Caminho do Ernesto 9325-098&nbsp;Estreito de C\u00e2mara de Lobos<\/p>\n\n\n\n<p><strong>Telefone<\/strong>: 291948641<\/p>\n\n\n\n<p><strong><font style=\"vertical-align: inherit\"><font style=\"vertical-align: inherit\">E-mail<\/font><\/font><\/strong><font style=\"vertical-align: inherit\"><font style=\"vertical-align: inherit\"> : eb1pecovao@edu.madeira.gov.pt&nbsp;<\/font><\/font><\/p>\n\n\n\n<p class=\"has-text-align-center has-ast-global-color-1-color has-text-color\"><strong>Delega\u00e7\u00e3o Escolar de C\u00e2mara de Lobos<\/strong>&nbsp;<\/p>\n<\/header>\n<\/div><\/section>\n\n\n\n<p><\/p>\n","protected":false},"excerpt":{"rendered":"","protected":false},"author":84,"featured_media":0,"parent":0,"menu_order":0,"comment_status":"closed","ping_status":"closed","template":"","meta":{"site-sidebar-layout":"default","site-content-layout":"","ast-site-content-layout":"","site-content-style":"default","site-sidebar-style":"default","ast-global-header-display":"","ast-banner-title-visibility":"","ast-main-header-display":"","ast-hfb-above-header-display":"","ast-hfb-below-header-display":"","ast-hfb-mobile-header-display":"","site-post-title":"disabled","ast-breadcrumbs-content":"","ast-featured-img":"","footer-sml-layout":"","ast-disable-related-posts":"","theme-transparent-header-meta":"","adv-header-id-meta":"","stick-header-meta":"","header-above-stick-meta":"","header-main-stick-meta":"","header-below-stick-meta":"","astra-migrate-meta-layouts":"default","ast-page-background-enabled":"default","ast-page-background-meta":{"desktop":{"background-color":"var(--ast-global-color-5)","background-image":"","background-repeat":"repeat","background-position":"center center","background-size":"auto","background-attachment":"scroll","background-type":"","background-media":"","overlay-type":"","overlay-color":"","overlay-opacity":"","overlay-gradient":""},"tablet":{"background-color":"","background-image":"","background-repeat":"repeat","background-position":"center center","background-size":"auto","background-attachment":"scroll","background-type":"","background-media":"","overlay-type":"","overlay-color":"","overlay-opacity":"","overlay-gradient":""},"mobile":{"background-color":"","background-image":"","background-repeat":"repeat","background-position":"center center","background-size":"auto","background-attachment":"scroll","background-type":"","background-media":"","overlay-type":"","overlay-color":"","overlay-opacity":"","overlay-gradient":""}},"ast-content-background-meta":{"desktop":{"background-color":"var(--ast-global-color-4)","background-image":"","background-repeat":"repeat","background-position":"center center","background-size":"auto","background-attachment":"scroll","background-type":"","background-media":"","overlay-type":"","overlay-color":"","overlay-opacity":"","overlay-gradient":""},"tablet":{"background-color":"var(--ast-global-color-4)","background-image":"","background-repeat":"repeat","background-position":"center center","background-size":"auto","background-attachment":"scroll","background-type":"","background-media":"","overlay-type":"","overlay-color":"","overlay-opacity":"","overlay-gradient":""},"mobile":{"background-color":"var(--ast-global-color-4)","background-image":"","background-repeat":"repeat","background-position":"center center","background-size":"auto","background-attachment":"scroll","background-type":"","background-media":"","overlay-type":"","overlay-color":"","overlay-opacity":"","overlay-gradient":""}},"_themeisle_gutenberg_block_has_review":false,"footnotes":""},"class_list":["post-167","page","type-page","status-publish","hentry"],"_links":{"self":[{"href":"https:\/\/escoladigital.madeira.gov.pt\/eb1pecovao\/wp-json\/wp\/v2\/pages\/167","targetHints":{"allow":["GET"]}}],"collection":[{"href":"https:\/\/escoladigital.madeira.gov.pt\/eb1pecovao\/wp-json\/wp\/v2\/pages"}],"about":[{"href":"https:\/\/escoladigital.madeira.gov.pt\/eb1pecovao\/wp-json\/wp\/v2\/types\/page"}],"author":[{"embeddable":true,"href":"https:\/\/escoladigital.madeira.gov.pt\/eb1pecovao\/wp-json\/wp\/v2\/users\/84"}],"replies":[{"embeddable":true,"href":"https:\/\/escoladigital.madeira.gov.pt\/eb1pecovao\/wp-json\/wp\/v2\/comments?post=167"}],"version-history":[{"count":11,"href":"https:\/\/escoladigital.madeira.gov.pt\/eb1pecovao\/wp-json\/wp\/v2\/pages\/167\/revisions"}],"predecessor-version":[{"id":274,"href":"https:\/\/escoladigital.madeira.gov.pt\/eb1pecovao\/wp-json\/wp\/v2\/pages\/167\/revisions\/274"}],"wp:attachment":[{"href":"https:\/\/escoladigital.madeira.gov.pt\/eb1pecovao\/wp-json\/wp\/v2\/media?parent=167"}],"curies":[{"name":"wp","href":"https:\/\/api.w.org\/{rel}","templated":true}]}}