{"id":92,"date":"2025-02-21T04:05:33","date_gmt":"2025-02-21T04:05:33","guid":{"rendered":"https:\/\/escoladigital.madeira.gov.pt\/eb1pecovao\/?page_id=92"},"modified":"2025-02-21T04:53:38","modified_gmt":"2025-02-21T04:53:38","slug":"documentos","status":"publish","type":"page","link":"https:\/\/escoladigital.madeira.gov.pt\/eb1pecovao\/documentos\/","title":{"rendered":"Documentos"},"content":{"rendered":"\n<section id=\"wp-block-themeisle-blocks-advanced-columns-a5663609\" class=\"wp-block-themeisle-blocks-advanced-columns alignwide has-1-columns has-desktop-equal-layout has-tablet-equal-layout has-mobile-equal-layout has-vertical-flex-start has-light-bg\"><div class=\"wp-block-themeisle-blocks-advanced-columns-overlay\"><\/div><div class=\"innerblocks-wrap\">\n<div id=\"wp-block-themeisle-blocks-advanced-column-4c4fd106\" class=\"wp-block-themeisle-blocks-advanced-column\">\n<section id=\"wp-block-themeisle-blocks-advanced-columns-0eb219a1\" class=\"wp-block-themeisle-blocks-advanced-columns has-3-columns has-desktop-equal-layout has-tablet-equal-layout has-mobile-collapsedRows-layout has-vertical-flex-start\"><div class=\"wp-block-themeisle-blocks-advanced-columns-overlay\"><\/div><div class=\"innerblocks-wrap\">\n<div id=\"wp-block-themeisle-blocks-advanced-column-dce98669\" class=\"wp-block-themeisle-blocks-advanced-column\">\n<h3 class=\"wp-block-heading has-text-align-center has-text-color has-link-color wp-elements-b111779de8dbf336ab2c9422e006ef46\" style=\"color:#080808\">Projeto Educativo de Escola<\/h3>\n\n\n\n<p class=\"has-text-align-left has-text-color has-link-color wp-elements-0cd0eaf686daf31232520554858a79cb\" style=\"color:#080808\">O documento no qual se explicitam os princ\u00edpios, os valores, as metas e as estrat\u00e9gias segundo os quais a escola se prop\u00f5e cumprir a sua fun\u00e7\u00e3o educativa.<\/p>\n\n\n\n<div class=\"wp-block-buttons is-horizontal is-content-justification-center is-layout-flex wp-container-core-buttons-is-layout-03627597 wp-block-buttons-is-layout-flex\">\n<div class=\"wp-block-button is-style-primary\"><a class=\"wp-block-button__link has-ast-global-color-5-background-color has-text-color has-background has-link-color wp-element-button\" href=\"https:\/\/escoladigital.madeira.gov.pt\/eb1pecovao\/wp-content\/uploads\/sites\/65\/2025\/02\/PEE_2023_2027-1.pdf\" style=\"border-radius:22px;color:#080808\"><strong>Consultar<\/strong><\/a><\/div>\n<\/div>\n<\/div>\n\n\n\n<div id=\"wp-block-themeisle-blocks-advanced-column-840de2b2\" class=\"wp-block-themeisle-blocks-advanced-column\">\n<h3 class=\"wp-block-heading has-text-align-center has-text-color has-link-color wp-elements-0d417ed4c0b16a914ac8c62ad525afe5\" style=\"color:#080808\">Regulamento Interno<\/h3>\n\n\n\n<p class=\"has-text-align-left has-text-color has-link-color wp-elements-7f608c972bf7cadc08d5b040c3ed4c43\" style=\"color:#080808\">O documento define o regime de funcionamento da escola, de cada um dos \u00f3rg\u00e3os de administra\u00e7\u00e3o e gest\u00e3o, estruturas de gest\u00e3o interm\u00e9dia e dos servi\u00e7os, bem como os direitos e os deveres dos membros da comunidade escolar.<\/p>\n\n\n\n<div class=\"wp-block-buttons is-horizontal is-content-justification-center is-layout-flex wp-container-core-buttons-is-layout-03627597 wp-block-buttons-is-layout-flex\">\n<div class=\"wp-block-button is-style-primary\"><a class=\"wp-block-button__link has-ast-global-color-5-background-color has-text-color has-background has-link-color wp-element-button\" href=\"https:\/\/escoladigital.madeira.gov.pt\/eb1pecovao\/wp-content\/uploads\/sites\/65\/2025\/02\/Regulamento-Interno-2024_2025.pdf.pdf\" style=\"border-radius:22px;color:#080808\"><strong>Consultar<\/strong><\/a><\/div>\n<\/div>\n<\/div>\n\n\n\n<div id=\"wp-block-themeisle-blocks-advanced-column-2e2d3255\" class=\"wp-block-themeisle-blocks-advanced-column\">\n<h3 class=\"wp-block-heading has-text-align-center has-text-color has-link-color wp-elements-5eac5f49b1cd40081dd33b0d6861e608\" style=\"color:#080808\">Plano Anual de Atividades<\/h3>\n\n\n\n<p class=\"has-text-align-left has-text-color has-link-color wp-elements-a3d6825960e522e575febdb40e27b38a\" style=\"color:#080808\">O Plano Anual de Atividades constitui um instrumento de operacionaliza\u00e7\u00e3o do Projeto Educativo de Escola, que potencia a autonomia da escola.<\/p>\n\n\n\n<div class=\"wp-block-buttons is-horizontal is-content-justification-center is-layout-flex wp-container-core-buttons-is-layout-03627597 wp-block-buttons-is-layout-flex\">\n<div class=\"wp-block-button is-style-primary\"><a class=\"wp-block-button__link has-ast-global-color-5-background-color has-text-color has-background has-link-color wp-element-button\" href=\"https:\/\/escoladigital.madeira.gov.pt\/eb1pecovao\/wp-content\/uploads\/sites\/65\/2025\/02\/PAA-2023_2024.pdf.-1.pdf\" style=\"border-radius:22px;color:#080808\"><strong>Consultar<\/strong><\/a><\/div>\n<\/div>\n<\/div>\n<\/div><\/section>\n<\/div>\n<\/div><\/section>\n\n\n\n<p><\/p>\n\n\n\n<p><\/p>\n","protected":false},"excerpt":{"rendered":"","protected":false},"author":84,"featured_media":0,"parent":0,"menu_order":0,"comment_status":"closed","ping_status":"closed","template":"","meta":{"site-sidebar-layout":"default","site-content-layout":"","ast-site-content-layout":"default","site-content-style":"default","site-sidebar-style":"default","ast-global-header-display":"","ast-banner-title-visibility":"","ast-main-header-display":"","ast-hfb-above-header-display":"","ast-hfb-below-header-display":"","ast-hfb-mobile-header-display":"","site-post-title":"","ast-breadcrumbs-content":"","ast-featured-img":"","footer-sml-layout":"","ast-disable-related-posts":"","theme-transparent-header-meta":"","adv-header-id-meta":"","stick-header-meta":"","header-above-stick-meta":"","header-main-stick-meta":"","header-below-stick-meta":"","astra-migrate-meta-layouts":"default","ast-page-background-enabled":"default","ast-page-background-meta":{"desktop":{"background-color":"var(--ast-global-color-5)","background-image":"","background-repeat":"repeat","background-position":"center center","background-size":"auto","background-attachment":"scroll","background-type":"","background-media":"","overlay-type":"","overlay-color":"","overlay-opacity":"","overlay-gradient":""},"tablet":{"background-color":"","background-image":"","background-repeat":"repeat","background-position":"center center","background-size":"auto","background-attachment":"scroll","background-type":"","background-media":"","overlay-type":"","overlay-color":"","overlay-opacity":"","overlay-gradient":""},"mobile":{"background-color":"","background-image":"","background-repeat":"repeat","background-position":"center center","background-size":"auto","background-attachment":"scroll","background-type":"","background-media":"","overlay-type":"","overlay-color":"","overlay-opacity":"","overlay-gradient":""}},"ast-content-background-meta":{"desktop":{"background-color":"var(--ast-global-color-4)","background-image":"","background-repeat":"repeat","background-position":"center center","background-size":"auto","background-attachment":"scroll","background-type":"","background-media":"","overlay-type":"","overlay-color":"","overlay-opacity":"","overlay-gradient":""},"tablet":{"background-color":"var(--ast-global-color-4)","background-image":"","background-repeat":"repeat","background-position":"center center","background-size":"auto","background-attachment":"scroll","background-type":"","background-media":"","overlay-type":"","overlay-color":"","overlay-opacity":"","overlay-gradient":""},"mobile":{"background-color":"var(--ast-global-color-4)","background-image":"","background-repeat":"repeat","background-position":"center center","background-size":"auto","background-attachment":"scroll","background-type":"","background-media":"","overlay-type":"","overlay-color":"","overlay-opacity":"","overlay-gradient":""}},"_themeisle_gutenberg_block_has_review":false,"footnotes":""},"class_list":["post-92","page","type-page","status-publish","hentry"],"_links":{"self":[{"href":"https:\/\/escoladigital.madeira.gov.pt\/eb1pecovao\/wp-json\/wp\/v2\/pages\/92","targetHints":{"allow":["GET"]}}],"collection":[{"href":"https:\/\/escoladigital.madeira.gov.pt\/eb1pecovao\/wp-json\/wp\/v2\/pages"}],"about":[{"href":"https:\/\/escoladigital.madeira.gov.pt\/eb1pecovao\/wp-json\/wp\/v2\/types\/page"}],"author":[{"embeddable":true,"href":"https:\/\/escoladigital.madeira.gov.pt\/eb1pecovao\/wp-json\/wp\/v2\/users\/84"}],"replies":[{"embeddable":true,"href":"https:\/\/escoladigital.madeira.gov.pt\/eb1pecovao\/wp-json\/wp\/v2\/comments?post=92"}],"version-history":[{"count":4,"href":"https:\/\/escoladigital.madeira.gov.pt\/eb1pecovao\/wp-json\/wp\/v2\/pages\/92\/revisions"}],"predecessor-version":[{"id":246,"href":"https:\/\/escoladigital.madeira.gov.pt\/eb1pecovao\/wp-json\/wp\/v2\/pages\/92\/revisions\/246"}],"wp:attachment":[{"href":"https:\/\/escoladigital.madeira.gov.pt\/eb1pecovao\/wp-json\/wp\/v2\/media?parent=92"}],"curies":[{"name":"wp","href":"https:\/\/api.w.org\/{rel}","templated":true}]}}