{"id":148,"date":"2024-12-03T22:36:01","date_gmt":"2024-12-03T22:36:01","guid":{"rendered":"https:\/\/escoladigital.madeira.gov.pt\/eb1pecstamaro\/?page_id=148"},"modified":"2026-03-03T12:18:15","modified_gmt":"2026-03-03T12:18:15","slug":"relatorio-de-autoavaliacao-de-escola","status":"publish","type":"page","link":"https:\/\/escoladigital.madeira.gov.pt\/eb1pecstamaro\/relatorio-de-autoavaliacao-de-escola\/","title":{"rendered":"Relat\u00f3rio de Autoavalia\u00e7\u00e3o de Escola"},"content":{"rendered":"\n<p>O presente relat\u00f3rio de autoavalia\u00e7\u00e3o da Escola B\u00e1sica do 1.\u00ba Ciclo com Pr\u00e9-escolar e Creche de Santo Amaro, relativo ao ano letivo 2020\/2021, tem como enquadramento legal a Portaria n.\u00ba 245\/2014, de 23 de dezembro, e surge no \u00e2mbito do projeto de Aferi\u00e7\u00e3o da Qualidade do Sistema Educativo Regional, da Regi\u00e3o Aut\u00f3noma da Madeira. Esta autoavalia\u00e7\u00e3o pretende analisar a situa\u00e7\u00e3o atual da escola, promover a reflex\u00e3o e a discuss\u00e3o interna e identificar os pontos fortes e fracos, contribuindo, assim, para a transforma\u00e7\u00e3o de pr\u00e1ticas, a melhoria dos processos educativos e o sucesso escolar dos alunos. Desta forma o diagn\u00f3stico apurado ap\u00f3s a an\u00e1lise dos diferentes eixos ir\u00e1 sustentar o pr\u00f3ximo Projeto Educativo de Escola.&nbsp;<\/p>\n\n\n\n<div data-wp-interactive=\"core\/file\" class=\"wp-block-file\"><object data-wp-bind--hidden=\"!state.hasPdfPreview\" hidden class=\"wp-block-file__embed\" data=\"https:\/\/escoladigital.madeira.gov.pt\/eb1pecstamaro\/wp-content\/uploads\/sites\/32\/2026\/03\/Relatorio-final-autoavaliacao-escola-Sto-Amaro-2025.pdf\" type=\"application\/pdf\" style=\"width:100%;height:600px\" aria-label=\"Incorpora\u00e7\u00e3o de Relato\u0301rio final autoavaliac\u0327a\u0303o escola Sto Amaro- 2025.\"><\/object><a id=\"wp-block-file--media-7c597b26-5d15-47a8-a0cf-bce2093743ca\" href=\"https:\/\/escoladigital.madeira.gov.pt\/eb1pecstamaro\/wp-content\/uploads\/sites\/32\/2026\/03\/Relatorio-final-autoavaliacao-escola-Sto-Amaro-2025.pdf\">Relato\u0301rio final autoavaliac\u0327a\u0303o escola Sto Amaro- 2025<\/a><a href=\"https:\/\/escoladigital.madeira.gov.pt\/eb1pecstamaro\/wp-content\/uploads\/sites\/32\/2026\/03\/Relatorio-final-autoavaliacao-escola-Sto-Amaro-2025.pdf\" class=\"wp-block-file__button wp-element-button\" download aria-describedby=\"wp-block-file--media-7c597b26-5d15-47a8-a0cf-bce2093743ca\">Descarregar<\/a><\/div>\n","protected":false},"excerpt":{"rendered":"<p>O presente relat\u00f3rio de autoavalia\u00e7\u00e3o da Escola B\u00e1sica do 1.\u00ba Ciclo com Pr\u00e9-escolar e Creche de Santo Amaro, relativo ao [&hellip;]<\/p>\n","protected":false},"author":43,"featured_media":0,"parent":0,"menu_order":0,"comment_status":"closed","ping_status":"closed","template":"","meta":{"site-sidebar-layout":"default","site-content-layout":"","ast-site-content-layout":"default","site-content-style":"default","site-sidebar-style":"default","ast-global-header-display":"","ast-banner-title-visibility":"","ast-main-header-display":"","ast-hfb-above-header-display":"","ast-hfb-below-header-display":"","ast-hfb-mobile-header-display":"","site-post-title":"","ast-breadcrumbs-content":"","ast-featured-img":"","footer-sml-layout":"","ast-disable-related-posts":"","theme-transparent-header-meta":"","adv-header-id-meta":"","stick-header-meta":"","header-above-stick-meta":"","header-main-stick-meta":"","header-below-stick-meta":"","astra-migrate-meta-layouts":"default","ast-page-background-enabled":"default","ast-page-background-meta":{"desktop":{"background-color":"var(--ast-global-color-4)","background-image":"","background-repeat":"repeat","background-position":"center center","background-size":"auto","background-attachment":"scroll","background-type":"","background-media":"","overlay-type":"","overlay-color":"","overlay-opacity":"","overlay-gradient":""},"tablet":{"background-color":"","background-image":"","background-repeat":"repeat","background-position":"center center","background-size":"auto","background-attachment":"scroll","background-type":"","background-media":"","overlay-type":"","overlay-color":"","overlay-opacity":"","overlay-gradient":""},"mobile":{"background-color":"","background-image":"","background-repeat":"repeat","background-position":"center center","background-size":"auto","background-attachment":"scroll","background-type":"","background-media":"","overlay-type":"","overlay-color":"","overlay-opacity":"","overlay-gradient":""}},"ast-content-background-meta":{"desktop":{"background-color":"var(--ast-global-color-5)","background-image":"","background-repeat":"repeat","background-position":"center center","background-size":"auto","background-attachment":"scroll","background-type":"","background-media":"","overlay-type":"","overlay-color":"","overlay-opacity":"","overlay-gradient":""},"tablet":{"background-color":"var(--ast-global-color-5)","background-image":"","background-repeat":"repeat","background-position":"center center","background-size":"auto","background-attachment":"scroll","background-type":"","background-media":"","overlay-type":"","overlay-color":"","overlay-opacity":"","overlay-gradient":""},"mobile":{"background-color":"var(--ast-global-color-5)","background-image":"","background-repeat":"repeat","background-position":"center center","background-size":"auto","background-attachment":"scroll","background-type":"","background-media":"","overlay-type":"","overlay-color":"","overlay-opacity":"","overlay-gradient":""}},"_themeisle_gutenberg_block_has_review":false,"footnotes":""},"class_list":["post-148","page","type-page","status-publish","hentry"],"_links":{"self":[{"href":"https:\/\/escoladigital.madeira.gov.pt\/eb1pecstamaro\/wp-json\/wp\/v2\/pages\/148","targetHints":{"allow":["GET"]}}],"collection":[{"href":"https:\/\/escoladigital.madeira.gov.pt\/eb1pecstamaro\/wp-json\/wp\/v2\/pages"}],"about":[{"href":"https:\/\/escoladigital.madeira.gov.pt\/eb1pecstamaro\/wp-json\/wp\/v2\/types\/page"}],"author":[{"embeddable":true,"href":"https:\/\/escoladigital.madeira.gov.pt\/eb1pecstamaro\/wp-json\/wp\/v2\/users\/43"}],"replies":[{"embeddable":true,"href":"https:\/\/escoladigital.madeira.gov.pt\/eb1pecstamaro\/wp-json\/wp\/v2\/comments?post=148"}],"version-history":[{"count":4,"href":"https:\/\/escoladigital.madeira.gov.pt\/eb1pecstamaro\/wp-json\/wp\/v2\/pages\/148\/revisions"}],"predecessor-version":[{"id":805,"href":"https:\/\/escoladigital.madeira.gov.pt\/eb1pecstamaro\/wp-json\/wp\/v2\/pages\/148\/revisions\/805"}],"wp:attachment":[{"href":"https:\/\/escoladigital.madeira.gov.pt\/eb1pecstamaro\/wp-json\/wp\/v2\/media?parent=148"}],"curies":[{"name":"wp","href":"https:\/\/api.w.org\/{rel}","templated":true}]}}