{"id":152,"date":"2024-12-03T22:49:34","date_gmt":"2024-12-03T22:49:34","guid":{"rendered":"https:\/\/escoladigital.madeira.gov.pt\/eb1pecstamaro\/?page_id=152"},"modified":"2024-12-10T20:26:26","modified_gmt":"2024-12-10T20:26:26","slug":"estrategia-da-educacao-e-cidadania","status":"publish","type":"page","link":"https:\/\/escoladigital.madeira.gov.pt\/eb1pecstamaro\/estrategia-da-educacao-e-cidadania\/","title":{"rendered":"Estrat\u00e9gia da Educa\u00e7\u00e3o e Cidadania"},"content":{"rendered":"\n<p>A \u201cEstrat\u00e9gia Nacional de Educa\u00e7\u00e3o para a Cidadania e Desenvolvimento\u201d est\u00e1 definida pelo Decreto-Lei n.\u00ba 55\/2018, de 6 de julho, na al\u00ednea g do seu Artigo 3.\u00ba e pretende obter &#8220;<em>O desenvolvimento de compet\u00eancias para uma cultura de democracia e aprendizagens com impacto na atitude c\u00edvica individual, no relacionamento interpessoal e no relacionamento social e intercultural, atrav\u00e9s da componente de Cidadania e Desenvolvimento<\/em>&#8220;.<\/p>\n\n\n\n<div data-wp-interactive=\"core\/file\" class=\"wp-block-file\"><object data-wp-bind--hidden=\"!state.hasPdfPreview\" hidden class=\"wp-block-file__embed\" data=\"https:\/\/escoladigital.madeira.gov.pt\/eb1pecstamaro\/wp-content\/uploads\/sites\/32\/2024\/12\/Estrategia-CD-2023.2024.pdf\" type=\"application\/pdf\" style=\"width:100%;height:600px\" aria-label=\"Incorpora\u00e7\u00e3o de Estrat\u00e9gia CD 2023.2024.\"><\/object><a id=\"wp-block-file--media-25b92ced-db8a-4bd7-8722-842c5cd30ba7\" href=\"https:\/\/escoladigital.madeira.gov.pt\/eb1pecstamaro\/wp-content\/uploads\/sites\/32\/2024\/12\/Estrategia-CD-2023.2024.pdf\">Estrat\u00e9gia CD 2023.2024<\/a><a href=\"https:\/\/escoladigital.madeira.gov.pt\/eb1pecstamaro\/wp-content\/uploads\/sites\/32\/2024\/12\/Estrategia-CD-2023.2024.pdf\" class=\"wp-block-file__button wp-element-button\" download aria-describedby=\"wp-block-file--media-25b92ced-db8a-4bd7-8722-842c5cd30ba7\">Descarregar<\/a><\/div>\n","protected":false},"excerpt":{"rendered":"<p>A \u201cEstrat\u00e9gia Nacional de Educa\u00e7\u00e3o para a Cidadania e Desenvolvimento\u201d est\u00e1 definida pelo Decreto-Lei n.\u00ba 55\/2018, de 6 de julho, [&hellip;]<\/p>\n","protected":false},"author":43,"featured_media":0,"parent":0,"menu_order":0,"comment_status":"closed","ping_status":"closed","template":"","meta":{"site-sidebar-layout":"default","site-content-layout":"","ast-site-content-layout":"default","site-content-style":"default","site-sidebar-style":"default","ast-global-header-display":"","ast-banner-title-visibility":"","ast-main-header-display":"","ast-hfb-above-header-display":"","ast-hfb-below-header-display":"","ast-hfb-mobile-header-display":"","site-post-title":"","ast-breadcrumbs-content":"","ast-featured-img":"","footer-sml-layout":"","ast-disable-related-posts":"","theme-transparent-header-meta":"","adv-header-id-meta":"","stick-header-meta":"","header-above-stick-meta":"","header-main-stick-meta":"","header-below-stick-meta":"","astra-migrate-meta-layouts":"default","ast-page-background-enabled":"default","ast-page-background-meta":{"desktop":{"background-color":"var(--ast-global-color-4)","background-image":"","background-repeat":"repeat","background-position":"center center","background-size":"auto","background-attachment":"scroll","background-type":"","background-media":"","overlay-type":"","overlay-color":"","overlay-opacity":"","overlay-gradient":""},"tablet":{"background-color":"","background-image":"","background-repeat":"repeat","background-position":"center center","background-size":"auto","background-attachment":"scroll","background-type":"","background-media":"","overlay-type":"","overlay-color":"","overlay-opacity":"","overlay-gradient":""},"mobile":{"background-color":"","background-image":"","background-repeat":"repeat","background-position":"center center","background-size":"auto","background-attachment":"scroll","background-type":"","background-media":"","overlay-type":"","overlay-color":"","overlay-opacity":"","overlay-gradient":""}},"ast-content-background-meta":{"desktop":{"background-color":"var(--ast-global-color-5)","background-image":"","background-repeat":"repeat","background-position":"center center","background-size":"auto","background-attachment":"scroll","background-type":"","background-media":"","overlay-type":"","overlay-color":"","overlay-opacity":"","overlay-gradient":""},"tablet":{"background-color":"var(--ast-global-color-5)","background-image":"","background-repeat":"repeat","background-position":"center center","background-size":"auto","background-attachment":"scroll","background-type":"","background-media":"","overlay-type":"","overlay-color":"","overlay-opacity":"","overlay-gradient":""},"mobile":{"background-color":"var(--ast-global-color-5)","background-image":"","background-repeat":"repeat","background-position":"center center","background-size":"auto","background-attachment":"scroll","background-type":"","background-media":"","overlay-type":"","overlay-color":"","overlay-opacity":"","overlay-gradient":""}},"_themeisle_gutenberg_block_has_review":false,"footnotes":""},"class_list":["post-152","page","type-page","status-publish","hentry"],"_links":{"self":[{"href":"https:\/\/escoladigital.madeira.gov.pt\/eb1pecstamaro\/wp-json\/wp\/v2\/pages\/152","targetHints":{"allow":["GET"]}}],"collection":[{"href":"https:\/\/escoladigital.madeira.gov.pt\/eb1pecstamaro\/wp-json\/wp\/v2\/pages"}],"about":[{"href":"https:\/\/escoladigital.madeira.gov.pt\/eb1pecstamaro\/wp-json\/wp\/v2\/types\/page"}],"author":[{"embeddable":true,"href":"https:\/\/escoladigital.madeira.gov.pt\/eb1pecstamaro\/wp-json\/wp\/v2\/users\/43"}],"replies":[{"embeddable":true,"href":"https:\/\/escoladigital.madeira.gov.pt\/eb1pecstamaro\/wp-json\/wp\/v2\/comments?post=152"}],"version-history":[{"count":2,"href":"https:\/\/escoladigital.madeira.gov.pt\/eb1pecstamaro\/wp-json\/wp\/v2\/pages\/152\/revisions"}],"predecessor-version":[{"id":609,"href":"https:\/\/escoladigital.madeira.gov.pt\/eb1pecstamaro\/wp-json\/wp\/v2\/pages\/152\/revisions\/609"}],"wp:attachment":[{"href":"https:\/\/escoladigital.madeira.gov.pt\/eb1pecstamaro\/wp-json\/wp\/v2\/media?parent=152"}],"curies":[{"name":"wp","href":"https:\/\/api.w.org\/{rel}","templated":true}]}}