{"id":189,"date":"2024-12-03T23:20:02","date_gmt":"2024-12-03T23:20:02","guid":{"rendered":"https:\/\/escoladigital.madeira.gov.pt\/eb1pecstamaro\/?page_id=189"},"modified":"2026-03-02T00:18:52","modified_gmt":"2026-03-02T00:18:52","slug":"projeto-educativo-de-escola-2","status":"publish","type":"page","link":"https:\/\/escoladigital.madeira.gov.pt\/eb1pecstamaro\/projeto-educativo-de-escola-2\/","title":{"rendered":"Projeto Educativo de Escola"},"content":{"rendered":"\n<p>O&nbsp;<strong>Projeto Educativo de Escola (PEE)<\/strong>&nbsp;\u00e9 um documento que consagra a orienta\u00e7\u00e3o educativa da escola, elaborado e aprovado em Conselho Escolar, para um horizonte de quatro anos , no qual se explicitam os valores, metas e estrat\u00e9gias segundo os quais a escola se prop\u00f5e cumprir a sua fun\u00e7\u00e3o educativa.<\/p>\n\n\n\n<div data-wp-interactive=\"core\/file\" class=\"wp-block-file aligncenter\"><object data-wp-bind--hidden=\"!state.hasPdfPreview\" hidden class=\"wp-block-file__embed\" data=\"https:\/\/escoladigital.madeira.gov.pt\/eb1pecstamaro\/wp-content\/uploads\/sites\/32\/2026\/03\/PEE-2025-2029-Sto-Amaro.pdf\" type=\"application\/pdf\" style=\"width:100%;height:600px\" aria-label=\"Incorpora\u00e7\u00e3o de PEE 2025-2029 Sto Amaro.\"><\/object><a id=\"wp-block-file--media-887d7640-0973-4998-a066-5324e663066c\" href=\"https:\/\/escoladigital.madeira.gov.pt\/eb1pecstamaro\/wp-content\/uploads\/sites\/32\/2026\/03\/PEE-2025-2029-Sto-Amaro.pdf\">PEE 2025-2029 Sto Amaro<\/a><a href=\"https:\/\/escoladigital.madeira.gov.pt\/eb1pecstamaro\/wp-content\/uploads\/sites\/32\/2026\/03\/PEE-2025-2029-Sto-Amaro.pdf\" class=\"wp-block-file__button wp-element-button\" download aria-describedby=\"wp-block-file--media-887d7640-0973-4998-a066-5324e663066c\">Descarregar<\/a><\/div>\n\n\n\n<pre class=\"wp-block-code\"><code><\/code><\/pre>\n\n\n\n<pre class=\"wp-block-preformatted\"><\/pre>\n\n\n\n<ul class=\"wp-block-list\">\n<li><\/li>\n<\/ul>\n","protected":false},"excerpt":{"rendered":"<p>O&nbsp;Projeto Educativo de Escola (PEE)&nbsp;\u00e9 um documento que consagra a orienta\u00e7\u00e3o educativa da escola, elaborado e aprovado em Conselho Escolar, [&hellip;]<\/p>\n","protected":false},"author":43,"featured_media":0,"parent":0,"menu_order":0,"comment_status":"closed","ping_status":"closed","template":"","meta":{"site-sidebar-layout":"no-sidebar","site-content-layout":"","ast-site-content-layout":"full-width-container","site-content-style":"default","site-sidebar-style":"default","ast-global-header-display":"","ast-banner-title-visibility":"","ast-main-header-display":"","ast-hfb-above-header-display":"","ast-hfb-below-header-display":"","ast-hfb-mobile-header-display":"","site-post-title":"","ast-breadcrumbs-content":"","ast-featured-img":"disabled","footer-sml-layout":"","ast-disable-related-posts":"","theme-transparent-header-meta":"","adv-header-id-meta":"","stick-header-meta":"","header-above-stick-meta":"","header-main-stick-meta":"","header-below-stick-meta":"","astra-migrate-meta-layouts":"default","ast-page-background-enabled":"default","ast-page-background-meta":{"desktop":{"background-color":"var(--ast-global-color-4)","background-image":"","background-repeat":"repeat","background-position":"center center","background-size":"auto","background-attachment":"scroll","background-type":"","background-media":"","overlay-type":"","overlay-color":"","overlay-opacity":"","overlay-gradient":""},"tablet":{"background-color":"","background-image":"","background-repeat":"repeat","background-position":"center center","background-size":"auto","background-attachment":"scroll","background-type":"","background-media":"","overlay-type":"","overlay-color":"","overlay-opacity":"","overlay-gradient":""},"mobile":{"background-color":"","background-image":"","background-repeat":"repeat","background-position":"center center","background-size":"auto","background-attachment":"scroll","background-type":"","background-media":"","overlay-type":"","overlay-color":"","overlay-opacity":"","overlay-gradient":""}},"ast-content-background-meta":{"desktop":{"background-color":"var(--ast-global-color-5)","background-image":"","background-repeat":"repeat","background-position":"center center","background-size":"auto","background-attachment":"scroll","background-type":"","background-media":"","overlay-type":"","overlay-color":"","overlay-opacity":"","overlay-gradient":""},"tablet":{"background-color":"var(--ast-global-color-5)","background-image":"","background-repeat":"repeat","background-position":"center center","background-size":"auto","background-attachment":"scroll","background-type":"","background-media":"","overlay-type":"","overlay-color":"","overlay-opacity":"","overlay-gradient":""},"mobile":{"background-color":"var(--ast-global-color-5)","background-image":"","background-repeat":"repeat","background-position":"center center","background-size":"auto","background-attachment":"scroll","background-type":"","background-media":"","overlay-type":"","overlay-color":"","overlay-opacity":"","overlay-gradient":""}},"_themeisle_gutenberg_block_has_review":false,"footnotes":""},"class_list":["post-189","page","type-page","status-publish","hentry"],"_links":{"self":[{"href":"https:\/\/escoladigital.madeira.gov.pt\/eb1pecstamaro\/wp-json\/wp\/v2\/pages\/189","targetHints":{"allow":["GET"]}}],"collection":[{"href":"https:\/\/escoladigital.madeira.gov.pt\/eb1pecstamaro\/wp-json\/wp\/v2\/pages"}],"about":[{"href":"https:\/\/escoladigital.madeira.gov.pt\/eb1pecstamaro\/wp-json\/wp\/v2\/types\/page"}],"author":[{"embeddable":true,"href":"https:\/\/escoladigital.madeira.gov.pt\/eb1pecstamaro\/wp-json\/wp\/v2\/users\/43"}],"replies":[{"embeddable":true,"href":"https:\/\/escoladigital.madeira.gov.pt\/eb1pecstamaro\/wp-json\/wp\/v2\/comments?post=189"}],"version-history":[{"count":18,"href":"https:\/\/escoladigital.madeira.gov.pt\/eb1pecstamaro\/wp-json\/wp\/v2\/pages\/189\/revisions"}],"predecessor-version":[{"id":800,"href":"https:\/\/escoladigital.madeira.gov.pt\/eb1pecstamaro\/wp-json\/wp\/v2\/pages\/189\/revisions\/800"}],"wp:attachment":[{"href":"https:\/\/escoladigital.madeira.gov.pt\/eb1pecstamaro\/wp-json\/wp\/v2\/media?parent=189"}],"curies":[{"name":"wp","href":"https:\/\/api.w.org\/{rel}","templated":true}]}}