{"id":1128,"date":"2024-02-22T16:47:01","date_gmt":"2024-02-22T16:47:01","guid":{"rendered":"https:\/\/escoladigital.madeira.gov.pt\/eb1peecalheta\/?page_id=1128"},"modified":"2025-12-09T17:44:13","modified_gmt":"2025-12-09T17:44:13","slug":"documentos-orientadores","status":"publish","type":"page","link":"https:\/\/escoladigital.madeira.gov.pt\/eb1peecalheta\/documentos-orientadores\/","title":{"rendered":"Documentos Orientadores"},"content":{"rendered":"\t\t<div data-elementor-type=\"wp-page\" data-elementor-id=\"1128\" class=\"elementor elementor-1128\">\n\t\t\t\t<div class=\"elementor-element elementor-element-7ba2940f e-flex e-con-boxed e-con e-parent\" data-id=\"7ba2940f\" data-element_type=\"container\" data-e-type=\"container\">\n\t\t\t\t\t<div class=\"e-con-inner\">\n\t\t\t\t<div class=\"elementor-element elementor-element-75f0934d elementor-widget__width-initial elementor-widget elementor-widget-text-editor\" data-id=\"75f0934d\" data-element_type=\"widget\" data-e-type=\"widget\" data-widget_type=\"text-editor.default\">\n\t\t\t\t<div class=\"elementor-widget-container\">\n\t\t\t\t\t\t\t\t\t<div>\n<p><\/p>\n<div class=\"is-layout-flow wp-container-core-column-is-layout-e3d1c41b wp-block-column-is-layout-flow\">\n<p><\/p>\n<\/div>\n<div>\u00a0<\/div>\n<\/div>\n<div style=\"margin-top: 0;margin-bottom: 0;padding: var(--wp--preset--spacing--50)\">\n<p><\/p>\n<p><\/p>\n<div class=\"is-layout-flex wp-container-core-columns-is-layout-d0bbbce0 wp-block-columns-is-layout-flex\">\n<p><\/p>\n<div class=\"is-layout-flow wp-container-core-column-is-layout-e3d1c41b wp-block-column-is-layout-flow\">\n<p><\/p>\n<h3 class=\"wp-block-heading\" style=\"font-style: normal;font-weight: 600\"><a href=\"https:\/\/escoladigital.madeira.gov.pt\/eb1peecalheta\/ficheiros\/\" data-type=\"page\" data-id=\"96\">Projeto Educativo<\/a><\/h3>\n<p><\/p>\n<p><\/p>\n<p>Documento que define a estrat\u00e9gia pedag\u00f3gica da escola para o quadri\u00e9nio 2022-2026.<\/p>\n<p>\u00a0<\/p>\n<p><\/p>\n<\/div>\n<p><\/p>\n<p><\/p>\n<div class=\"is-layout-flow wp-container-core-column-is-layout-e3d1c41b wp-block-column-is-layout-flow\">\n<p><\/p>\n<h3 class=\"wp-block-heading\" style=\"font-style: normal;font-weight: 600\"><a href=\"https:\/\/escoladigital.madeira.gov.pt\/eb1peecalheta\/relatorio-de-auto-avaliacao-da-escola\/\">Relat\u00f3rio de Autoavalia\u00e7\u00e3o da Escola<\/a><\/h3>\n<p><\/p>\n<p><\/p>\n<p>Documento que relata a situa\u00e7\u00e3o da escola findo a implementa\u00e7\u00e3o do Projeto Educativo, abrangendo mais vertentes al\u00e9m da pedag\u00f3gica.<\/p>\n<p>\u00a0<\/p>\n<p><\/p>\n<\/div>\n<p><\/p>\n<p><\/p>\n<div class=\"is-layout-flow wp-container-core-column-is-layout-e3d1c41b wp-block-column-is-layout-flow\">\n<p><\/p>\n<h3 class=\"wp-block-heading\" style=\"font-style: normal;font-weight: 600\"><a href=\"https:\/\/escoladigital.madeira.gov.pt\/eb1peecalheta\/plano-anual-de-atividades-2023-2024\/\" target=\"_blank\" rel=\"noopener\">Plano Anual de Atividades 2025-26<\/a><\/h3>\n<p><\/p>\n<p><\/p>\n<p>Plano que define as atividades\/estrat\u00e9gias a desenvolver ao longo do ano letivo, por forma a concretizar os objetivos do Projeto Educativo.<\/p>\n<p><\/p>\n<\/div>\n<p><\/p>\n<\/div>\n<p><\/p>\n<p><\/p>\n<div style=\"height: var(--wp--preset--spacing--20)\" aria-hidden=\"true\">\u00a0<\/div>\n<p><\/p>\n<p><\/p>\n<div class=\"is-layout-flex wp-container-core-columns-is-layout-d0bbbce0 wp-block-columns-is-layout-flex\">\n<p><\/p>\n<div class=\"is-layout-flow wp-container-core-column-is-layout-e3d1c41b wp-block-column-is-layout-flow\">\n<p><\/p>\n<h3 class=\"wp-block-heading\" style=\"font-style: normal;font-weight: 600\"><a href=\"https:\/\/escoladigital.madeira.gov.pt\/eb1peecalheta\/plano-tic-2023-2024\/\">Plano TIC 2025-26<\/a><\/h3>\n<p><\/p>\n<p><\/p>\n<p>Plano que define as atividades a desenvolver, no \u00e2mbito das tecnologias, durante o ano letivo.<\/p>\n<p>\u00a0<\/p>\n<p><\/p>\n<\/div>\n<p><\/p>\n<p><\/p>\n<div class=\"is-layout-flow wp-container-core-column-is-layout-e3d1c41b wp-block-column-is-layout-flow\">\n<p><\/p>\n<h3 class=\"wp-block-heading\" style=\"font-style: normal;font-weight: 600\">Plano de Seguran\u00e7a e Preven\u00e7\u00e3o de Riscos<\/h3>\n<p><\/p>\n<p><\/p>\n<p>Plano que determina as medidas a tomar no \u00e2mbito da seguran\u00e7a.<\/p>\n<p>\u00a0<\/p>\n<p><\/p>\n<\/div>\n<p><\/p>\n<p><\/p>\n<div class=\"is-layout-flow wp-container-core-column-is-layout-e3d1c41b wp-block-column-is-layout-flow\">\n<h3 style=\"font-style: normal;font-weight: 600\"><a href=\"https:\/\/escoladigital.madeira.gov.pt\/eb1peecalheta\/regulamento-interno\/\">Regulamento Interno<\/a><\/h3>\n<p>Documento que regula o funcionamento da escola.<\/p>\n<p>\u00a0<\/p>\n<h3><b><u><a href=\"https:\/\/escoladigital.madeira.gov.pt\/eb1peecalheta\/plano-de-gestao-de-riscos-de-corrupcao-e-infracoes-conexas\/\">Plano de Gest\u00e3o de Riscos de Corrup\u00e7\u00e3o e Infra\u00e7\u00f5es<\/a> Conexas<\/u><\/b><\/h3>\n<p>Documento que define as situa\u00e7\u00f5es e as consequ\u00eancias de atos pass\u00edveis de corrup\u00e7\u00e3o.<\/p>\n<p>\u00a0<\/p>\n<\/div>\n<\/div>\n<\/div>\n<p><\/p>\n<p><\/p>\n<p><\/p>\n<!-- \/wp:columns -->\t\t\t\t\t\t\t\t<\/div>\n\t\t\t\t<\/div>\n\t\t\t\t\t<\/div>\n\t\t\t\t<\/div>\n\t\t\t\t<\/div>\n\t\t","protected":false},"excerpt":{"rendered":"<p>\u00a0 Projeto Educativo Documento que define a estrat\u00e9gia pedag\u00f3gica da escola para o quadri\u00e9nio 2022-2026. \u00a0 Relat\u00f3rio de Autoavalia\u00e7\u00e3o da Escola Documento que relata a situa\u00e7\u00e3o da escola findo a implementa\u00e7\u00e3o do Projeto Educativo, abrangendo mais vertentes al\u00e9m da pedag\u00f3gica. \u00a0 Plano Anual de Atividades 2025-26 Plano que define as atividades\/estrat\u00e9gias a desenvolver ao longo [&hellip;]<\/p>\n","protected":false},"author":6,"featured_media":0,"parent":0,"menu_order":0,"comment_status":"closed","ping_status":"closed","template":"","meta":{"site-sidebar-layout":"no-sidebar","site-content-layout":"","ast-site-content-layout":"normal-width-container","site-content-style":"boxed","site-sidebar-style":"boxed","ast-global-header-display":"","ast-banner-title-visibility":"","ast-main-header-display":"","ast-hfb-above-header-display":"","ast-hfb-below-header-display":"","ast-hfb-mobile-header-display":"","site-post-title":"","ast-breadcrumbs-content":"","ast-featured-img":"","footer-sml-layout":"","ast-disable-related-posts":"","theme-transparent-header-meta":"","adv-header-id-meta":"","stick-header-meta":"","header-above-stick-meta":"","header-main-stick-meta":"","header-below-stick-meta":"","astra-migrate-meta-layouts":"default","ast-page-background-enabled":"default","ast-page-background-meta":{"desktop":{"background-color":"var(--ast-global-color-4)","background-image":"","background-repeat":"repeat","background-position":"center center","background-size":"auto","background-attachment":"scroll","background-type":"","background-media":"","overlay-type":"","overlay-color":"","overlay-opacity":"","overlay-gradient":""},"tablet":{"background-color":"","background-image":"","background-repeat":"repeat","background-position":"center center","background-size":"auto","background-attachment":"scroll","background-type":"","background-media":"","overlay-type":"","overlay-color":"","overlay-opacity":"","overlay-gradient":""},"mobile":{"background-color":"","background-image":"","background-repeat":"repeat","background-position":"center center","background-size":"auto","background-attachment":"scroll","background-type":"","background-media":"","overlay-type":"","overlay-color":"","overlay-opacity":"","overlay-gradient":""}},"ast-content-background-meta":{"desktop":{"background-color":"var(--ast-global-color-5)","background-image":"","background-repeat":"repeat","background-position":"center center","background-size":"auto","background-attachment":"scroll","background-type":"","background-media":"","overlay-type":"","overlay-color":"","overlay-opacity":"","overlay-gradient":""},"tablet":{"background-color":"var(--ast-global-color-5)","background-image":"","background-repeat":"repeat","background-position":"center center","background-size":"auto","background-attachment":"scroll","background-type":"","background-media":"","overlay-type":"","overlay-color":"","overlay-opacity":"","overlay-gradient":""},"mobile":{"background-color":"var(--ast-global-color-5)","background-image":"","background-repeat":"repeat","background-position":"center center","background-size":"auto","background-attachment":"scroll","background-type":"","background-media":"","overlay-type":"","overlay-color":"","overlay-opacity":"","overlay-gradient":""}},"_themeisle_gutenberg_block_has_review":false,"footnotes":""},"class_list":["post-1128","page","type-page","status-publish","hentry"],"_links":{"self":[{"href":"https:\/\/escoladigital.madeira.gov.pt\/eb1peecalheta\/wp-json\/wp\/v2\/pages\/1128","targetHints":{"allow":["GET"]}}],"collection":[{"href":"https:\/\/escoladigital.madeira.gov.pt\/eb1peecalheta\/wp-json\/wp\/v2\/pages"}],"about":[{"href":"https:\/\/escoladigital.madeira.gov.pt\/eb1peecalheta\/wp-json\/wp\/v2\/types\/page"}],"author":[{"embeddable":true,"href":"https:\/\/escoladigital.madeira.gov.pt\/eb1peecalheta\/wp-json\/wp\/v2\/users\/6"}],"replies":[{"embeddable":true,"href":"https:\/\/escoladigital.madeira.gov.pt\/eb1peecalheta\/wp-json\/wp\/v2\/comments?post=1128"}],"version-history":[{"count":44,"href":"https:\/\/escoladigital.madeira.gov.pt\/eb1peecalheta\/wp-json\/wp\/v2\/pages\/1128\/revisions"}],"predecessor-version":[{"id":3789,"href":"https:\/\/escoladigital.madeira.gov.pt\/eb1peecalheta\/wp-json\/wp\/v2\/pages\/1128\/revisions\/3789"}],"wp:attachment":[{"href":"https:\/\/escoladigital.madeira.gov.pt\/eb1peecalheta\/wp-json\/wp\/v2\/media?parent=1128"}],"curies":[{"name":"wp","href":"https:\/\/api.w.org\/{rel}","templated":true}]}}