{"id":1556,"date":"2024-03-04T15:18:29","date_gmt":"2024-03-04T15:18:29","guid":{"rendered":"https:\/\/escoladigital.madeira.gov.pt\/eb1peecalheta\/?page_id=1556"},"modified":"2024-11-22T11:48:07","modified_gmt":"2024-11-22T11:48:07","slug":"clube-de-teatro","status":"publish","type":"page","link":"https:\/\/escoladigital.madeira.gov.pt\/eb1peecalheta\/clube-de-teatro\/","title":{"rendered":"Clube de Teatro e Dan\u00e7a"},"content":{"rendered":"\t\t<div data-elementor-type=\"wp-page\" data-elementor-id=\"1556\" class=\"elementor elementor-1556\">\n\t\t\t\t<div class=\"elementor-element elementor-element-636dbdc e-flex e-con-boxed e-con e-parent\" data-id=\"636dbdc\" data-element_type=\"container\" data-e-type=\"container\">\n\t\t\t\t\t<div class=\"e-con-inner\">\n\t\t\t\t<div class=\"elementor-element elementor-element-7cf34f5 elementor-widget elementor-widget-text-editor\" data-id=\"7cf34f5\" data-element_type=\"widget\" data-e-type=\"widget\" data-widget_type=\"text-editor.default\">\n\t\t\t\t<div class=\"elementor-widget-container\">\n\t\t\t\t\t\t\t\t\t<p><strong>Clube\/Projeto: <\/strong><u>Teatro\/Dan\u00e7a<\/u> &#8211; 1\u00ba, 2\u00ba 3\u00ba e 4\u00ba anos\u00a0 \u00a0 \u00a0 \u00a0 \u00a0 \u00a0 \u00a0 \u00a0 \u00a0 \u00a0 \u00a0 \u00a0 \u00a0 \u00a0<\/p><p><strong>Docentes: <\/strong>Patr\u00edcia Camacho e Laurinda Nunes<\/p><p>\u00a0<\/p><p><strong>Objetivos:<\/strong><\/p><p>-Construir personagens, em situa\u00e7\u00f5es distintas e com difernetes finalidades;<\/p><p>-Usar a voz (ritmo, intensidade) e o corpo (postura, gestos, express\u00f5es) para caracterizar personagens;<\/p><p>-Explorar as possibilidades motoras e expressivas do corpo em diferentes atividades (de movimento livre ou orientado, cria\u00e7\u00e3o de personagens\u2026);<\/p><p>-Transformar objetos (adere\u00e7os, formas animadas\u2026), experimentando intencionalmente diferentes materiais e t\u00e9cnicas (recurso a partes articuladas; varia\u00e7\u00e3o de cor, forma e volume\u2026) para obter efeitos distintos;<\/p><p>-Reconhecer, valorizar e aceitar a pr\u00f3pria imagem corporal;<\/p><p>-Desenvolver a espontaneidade, a imagina\u00e7\u00e3o e a criatividade corporal;<\/p><p>-Desenvolver a express\u00e3o corporal, o ouvido e a mem\u00f3ria;<\/p><p>-Promover a autoconfian\u00e7a;<\/p><p>-Respeitar a diferen\u00e7a e exprimir opini\u00f5es;<\/p><p>-Incentivar a espontaneidade e desinibi\u00e7\u00e3o, favorecendo a inter-rela\u00e7\u00e3o corporal com o meio<\/p><p>ambiente e com terceiros.<\/p><p><strong>\u00a0<\/strong><\/p><p><strong>Atividades:<\/strong><\/p><p>-Reconto oral de hist\u00f3rias;<\/p><p>-Realiza\u00e7\u00e3o de pequenas dramatiza\u00e7\u00e3oes;<\/p><p>-Cria\u00e7\u00e3o de fantoches;<\/p><p>-Visualiza\u00e7\u00e3o de contos e hist\u00f3rias tradicionais;<\/p><p>-Explora\u00e7\u00e3o do corpo como instrumento;<\/p><p>-Jogos teatrais, faz de conta e m\u00edmica;<\/p><p>\u00a0-Jogos de coordena\u00e7\u00e3o visual\/motora;<\/p><p>-Exercicios de lateralidade, equilibrio e coordena\u00e7\u00e3o;<\/p><p>-Leitura e dramatiza\u00e7\u00e3o de pequenos textos;<\/p><p>-Memoriza\u00e7\u00e3o de poemas e lengalengas,<\/p><p>-Reprodu\u00e7\u00e3o de coereografias visualizadas. (Algumas atividades poder\u00e3o ser desenvolvidas no \u00e2mbito do Plano Anual de Atividades e Projeto Educativo de Escola).<\/p><p><strong>\u00a0<\/strong><\/p>\t\t\t\t\t\t\t\t<\/div>\n\t\t\t\t<\/div>\n\t\t\t\t\t<\/div>\n\t\t\t\t<\/div>\n\t\t<div class=\"elementor-element elementor-element-feab697 e-flex e-con-boxed e-con e-parent\" data-id=\"feab697\" data-element_type=\"container\" data-e-type=\"container\">\n\t\t\t\t\t<div class=\"e-con-inner\">\n\t\t\t\t<div class=\"elementor-element elementor-element-ad4c79d elementor-arrows-position-inside elementor-pagination-position-outside elementor-widget elementor-widget-image-carousel\" data-id=\"ad4c79d\" data-element_type=\"widget\" data-e-type=\"widget\" data-settings=\"{&quot;navigation&quot;:&quot;both&quot;,&quot;autoplay&quot;:&quot;yes&quot;,&quot;pause_on_hover&quot;:&quot;yes&quot;,&quot;pause_on_interaction&quot;:&quot;yes&quot;,&quot;autoplay_speed&quot;:5000,&quot;infinite&quot;:&quot;yes&quot;,&quot;speed&quot;:500}\" data-widget_type=\"image-carousel.default\">\n\t\t\t\t<div class=\"elementor-widget-container\">\n\t\t\t\t\t\t\t<div class=\"elementor-image-carousel-wrapper swiper\" role=\"region\" aria-roledescription=\"carousel\" aria-label=\"Carrossel de imagens\" dir=\"ltr\">\n\t\t\t<div class=\"elementor-image-carousel swiper-wrapper\" aria-live=\"off\">\n\t\t\t\t\t\t\t\t<div class=\"swiper-slide\" role=\"group\" aria-roledescription=\"slide\" aria-label=\"1 of 8\"><figure class=\"swiper-slide-inner\"><img decoding=\"async\" class=\"swiper-slide-image\" src=\"https:\/\/escoladigital.madeira.gov.pt\/eb1peecalheta\/wp-content\/uploads\/sites\/5\/2024\/04\/IMG_20231215_102041_edit_5210785915266860_resized_20240318_100458782-150x150.jpg\" alt=\"IMG_20231215_102041_edit_5210785915266860_resized_20240318_100458782\" \/><\/figure><\/div><div class=\"swiper-slide\" role=\"group\" aria-roledescription=\"slide\" aria-label=\"2 of 8\"><figure class=\"swiper-slide-inner\"><img decoding=\"async\" class=\"swiper-slide-image\" src=\"https:\/\/escoladigital.madeira.gov.pt\/eb1peecalheta\/wp-content\/uploads\/sites\/5\/2024\/04\/IMG-20231215-WA00221-150x150.jpg\" alt=\"IMG-20231215-WA0022(1)\" \/><\/figure><\/div><div class=\"swiper-slide\" role=\"group\" aria-roledescription=\"slide\" aria-label=\"3 of 8\"><figure class=\"swiper-slide-inner\"><img decoding=\"async\" class=\"swiper-slide-image\" src=\"https:\/\/escoladigital.madeira.gov.pt\/eb1peecalheta\/wp-content\/uploads\/sites\/5\/2024\/04\/IMG-20240313-WA0012-150x150.jpg\" alt=\"IMG-20240313-WA0012\" \/><\/figure><\/div><div class=\"swiper-slide\" role=\"group\" aria-roledescription=\"slide\" aria-label=\"4 of 8\"><figure class=\"swiper-slide-inner\"><img decoding=\"async\" class=\"swiper-slide-image\" src=\"https:\/\/escoladigital.madeira.gov.pt\/eb1peecalheta\/wp-content\/uploads\/sites\/5\/2024\/04\/Screenshot_20240313_151150_com.whatsapp_edit_1899797716437191-150x150.jpg\" alt=\"Screenshot_20240313_151150_com.whatsapp_edit_1899797716437191\" \/><\/figure><\/div><div class=\"swiper-slide\" role=\"group\" aria-roledescription=\"slide\" aria-label=\"5 of 8\"><figure class=\"swiper-slide-inner\"><img decoding=\"async\" class=\"swiper-slide-image\" src=\"https:\/\/escoladigital.madeira.gov.pt\/eb1peecalheta\/wp-content\/uploads\/sites\/5\/2024\/04\/Screenshot_20240313_152107_com.huawei.himovie.overseas_edit_1905026461341601-150x150.jpg\" alt=\"Screenshot_20240313_152107_com.huawei.himovie.overseas_edit_1905026461341601\" \/><\/figure><\/div><div class=\"swiper-slide\" role=\"group\" aria-roledescription=\"slide\" aria-label=\"6 of 8\"><figure class=\"swiper-slide-inner\"><img decoding=\"async\" class=\"swiper-slide-image\" src=\"https:\/\/escoladigital.madeira.gov.pt\/eb1peecalheta\/wp-content\/uploads\/sites\/5\/2024\/04\/Screenshot_20240318_095942_com.huawei.himovie.overseas_edit_71718083865097-150x150.jpg\" alt=\"Screenshot_20240318_095942_com.huawei.himovie.overseas_edit_71718083865097\" \/><\/figure><\/div><div class=\"swiper-slide\" role=\"group\" aria-roledescription=\"slide\" aria-label=\"7 of 8\"><figure class=\"swiper-slide-inner\"><img decoding=\"async\" class=\"swiper-slide-image\" src=\"https:\/\/escoladigital.madeira.gov.pt\/eb1peecalheta\/wp-content\/uploads\/sites\/5\/2024\/04\/Screenshot_20240318_100047_com.instagram.android_edit_71674772314583-150x150.jpg\" alt=\"Screenshot_20240318_100047_com.instagram.android_edit_71674772314583\" \/><\/figure><\/div><div class=\"swiper-slide\" role=\"group\" aria-roledescription=\"slide\" aria-label=\"8 of 8\"><figure class=\"swiper-slide-inner\"><img decoding=\"async\" class=\"swiper-slide-image\" src=\"https:\/\/escoladigital.madeira.gov.pt\/eb1peecalheta\/wp-content\/uploads\/sites\/5\/2024\/04\/Screenshot_20240318_100100_com.instagram.android_edit_71683219057290-150x150.jpg\" alt=\"Screenshot_20240318_100100_com.instagram.android_edit_71683219057290\" \/><\/figure><\/div>\t\t\t<\/div>\n\t\t\t\t\t\t\t\t\t\t\t\t<div class=\"elementor-swiper-button elementor-swiper-button-prev\" role=\"button\" tabindex=\"0\">\n\t\t\t\t\t\t<svg aria-hidden=\"true\" class=\"e-font-icon-svg e-eicon-chevron-left\" viewBox=\"0 0 1000 1000\" xmlns=\"http:\/\/www.w3.org\/2000\/svg\"><path d=\"M646 125C629 125 613 133 604 142L308 442C296 454 292 471 292 487 292 504 296 521 308 533L604 854C617 867 629 875 646 875 663 875 679 871 692 858 704 846 713 829 713 812 713 796 708 779 692 767L438 487 692 225C700 217 708 204 708 187 708 171 704 154 692 142 675 129 663 125 646 125Z\"><\/path><\/svg>\t\t\t\t\t<\/div>\n\t\t\t\t\t<div class=\"elementor-swiper-button elementor-swiper-button-next\" role=\"button\" tabindex=\"0\">\n\t\t\t\t\t\t<svg aria-hidden=\"true\" class=\"e-font-icon-svg e-eicon-chevron-right\" viewBox=\"0 0 1000 1000\" xmlns=\"http:\/\/www.w3.org\/2000\/svg\"><path d=\"M696 533C708 521 713 504 713 487 713 471 708 454 696 446L400 146C388 133 375 125 354 125 338 125 325 129 313 142 300 154 292 171 292 187 292 204 296 221 308 233L563 492 304 771C292 783 288 800 288 817 288 833 296 850 308 863 321 871 338 875 354 875 371 875 388 867 400 854L696 533Z\"><\/path><\/svg>\t\t\t\t\t<\/div>\n\t\t\t\t\n\t\t\t\t\t\t\t\t\t<div class=\"swiper-pagination\"><\/div>\n\t\t\t\t\t\t\t\t\t<\/div>\n\t\t\t\t\t\t<\/div>\n\t\t\t\t<\/div>\n\t\t\t\t\t<\/div>\n\t\t\t\t<\/div>\n\t\t\t\t<\/div>\n\t\t","protected":false},"excerpt":{"rendered":"<p>Clube\/Projeto: Teatro\/Dan\u00e7a &#8211; 1\u00ba, 2\u00ba 3\u00ba e 4\u00ba anos\u00a0 \u00a0 \u00a0 \u00a0 \u00a0 \u00a0 \u00a0 \u00a0 \u00a0 \u00a0 \u00a0 \u00a0 \u00a0 \u00a0 Docentes: Patr\u00edcia Camacho e Laurinda Nunes \u00a0 Objetivos: -Construir personagens, em situa\u00e7\u00f5es distintas e com difernetes finalidades; -Usar a voz (ritmo, intensidade) e o corpo (postura, gestos, express\u00f5es) para caracterizar personagens; -Explorar as [&hellip;]<\/p>\n","protected":false},"author":21,"featured_media":0,"parent":0,"menu_order":0,"comment_status":"closed","ping_status":"closed","template":"","meta":{"site-sidebar-layout":"no-sidebar","site-content-layout":"","ast-site-content-layout":"full-width-container","site-content-style":"boxed","site-sidebar-style":"boxed","ast-global-header-display":"","ast-banner-title-visibility":"","ast-main-header-display":"","ast-hfb-above-header-display":"","ast-hfb-below-header-display":"","ast-hfb-mobile-header-display":"","site-post-title":"","ast-breadcrumbs-content":"","ast-featured-img":"disabled","footer-sml-layout":"","ast-disable-related-posts":"","theme-transparent-header-meta":"","adv-header-id-meta":"","stick-header-meta":"","header-above-stick-meta":"","header-main-stick-meta":"","header-below-stick-meta":"","astra-migrate-meta-layouts":"default","ast-page-background-enabled":"default","ast-page-background-meta":{"desktop":{"background-color":"var(--ast-global-color-4)","background-image":"","background-repeat":"repeat","background-position":"center center","background-size":"auto","background-attachment":"scroll","background-type":"","background-media":"","overlay-type":"","overlay-color":"","overlay-opacity":"","overlay-gradient":""},"tablet":{"background-color":"","background-image":"","background-repeat":"repeat","background-position":"center center","background-size":"auto","background-attachment":"scroll","background-type":"","background-media":"","overlay-type":"","overlay-color":"","overlay-opacity":"","overlay-gradient":""},"mobile":{"background-color":"","background-image":"","background-repeat":"repeat","background-position":"center center","background-size":"auto","background-attachment":"scroll","background-type":"","background-media":"","overlay-type":"","overlay-color":"","overlay-opacity":"","overlay-gradient":""}},"ast-content-background-meta":{"desktop":{"background-color":"var(--ast-global-color-5)","background-image":"","background-repeat":"repeat","background-position":"center center","background-size":"auto","background-attachment":"scroll","background-type":"","background-media":"","overlay-type":"","overlay-color":"","overlay-opacity":"","overlay-gradient":""},"tablet":{"background-color":"var(--ast-global-color-5)","background-image":"","background-repeat":"repeat","background-position":"center center","background-size":"auto","background-attachment":"scroll","background-type":"","background-media":"","overlay-type":"","overlay-color":"","overlay-opacity":"","overlay-gradient":""},"mobile":{"background-color":"var(--ast-global-color-5)","background-image":"","background-repeat":"repeat","background-position":"center center","background-size":"auto","background-attachment":"scroll","background-type":"","background-media":"","overlay-type":"","overlay-color":"","overlay-opacity":"","overlay-gradient":""}},"_themeisle_gutenberg_block_has_review":false,"footnotes":""},"class_list":["post-1556","page","type-page","status-publish","hentry"],"_links":{"self":[{"href":"https:\/\/escoladigital.madeira.gov.pt\/eb1peecalheta\/wp-json\/wp\/v2\/pages\/1556","targetHints":{"allow":["GET"]}}],"collection":[{"href":"https:\/\/escoladigital.madeira.gov.pt\/eb1peecalheta\/wp-json\/wp\/v2\/pages"}],"about":[{"href":"https:\/\/escoladigital.madeira.gov.pt\/eb1peecalheta\/wp-json\/wp\/v2\/types\/page"}],"author":[{"embeddable":true,"href":"https:\/\/escoladigital.madeira.gov.pt\/eb1peecalheta\/wp-json\/wp\/v2\/users\/21"}],"replies":[{"embeddable":true,"href":"https:\/\/escoladigital.madeira.gov.pt\/eb1peecalheta\/wp-json\/wp\/v2\/comments?post=1556"}],"version-history":[{"count":12,"href":"https:\/\/escoladigital.madeira.gov.pt\/eb1peecalheta\/wp-json\/wp\/v2\/pages\/1556\/revisions"}],"predecessor-version":[{"id":2696,"href":"https:\/\/escoladigital.madeira.gov.pt\/eb1peecalheta\/wp-json\/wp\/v2\/pages\/1556\/revisions\/2696"}],"wp:attachment":[{"href":"https:\/\/escoladigital.madeira.gov.pt\/eb1peecalheta\/wp-json\/wp\/v2\/media?parent=1556"}],"curies":[{"name":"wp","href":"https:\/\/api.w.org\/{rel}","templated":true}]}}