{"id":1569,"date":"2024-03-04T15:31:55","date_gmt":"2024-03-04T15:31:55","guid":{"rendered":"https:\/\/escoladigital.madeira.gov.pt\/eb1peecalheta\/?page_id=1569"},"modified":"2024-11-22T11:37:28","modified_gmt":"2024-11-22T11:37:28","slug":"projeto-crescer-feliz","status":"publish","type":"page","link":"https:\/\/escoladigital.madeira.gov.pt\/eb1peecalheta\/projeto-crescer-feliz\/","title":{"rendered":"Projeto &#8220;Crescer Feliz&#8221;"},"content":{"rendered":"\t\t<div data-elementor-type=\"wp-page\" data-elementor-id=\"1569\" class=\"elementor elementor-1569\">\n\t\t\t\t<div class=\"elementor-element elementor-element-aef034f e-flex e-con-boxed e-con e-parent\" data-id=\"aef034f\" data-element_type=\"container\" data-e-type=\"container\">\n\t\t\t\t\t<div class=\"e-con-inner\">\n\t\t\t\t<div class=\"elementor-element elementor-element-6da55e8 elementor-widget elementor-widget-text-editor\" data-id=\"6da55e8\" data-element_type=\"widget\" data-e-type=\"widget\" data-widget_type=\"text-editor.default\">\n\t\t\t\t<div class=\"elementor-widget-container\">\n\t\t\t\t\t\t\t\t\t<p>Clube\/Projeto:\u00a0<u>Crescer Feliz<\/u> &#8211; 1\u00ba e 2\u00ba anos<\/p><p>\u00a0<\/p><p><strong>Docente: <\/strong>Laurinda Nunes<\/p><p>\u00a0<\/p><p><strong>Objetivos:<\/strong><\/p><p>-Estimular o desenvolvimento da intelig\u00eancia emocional;<\/p><p>-Contribuir para um maior autoconhecimento dos alunos;<\/p><p>-Construir ambientes prop\u00edcios ao crescimento e desenvolvimento integral dos alunos;<\/p><p>&#8211; Promover o sucesso emocional e social;<\/p><p>&#8211; Estimular a criatividade e a express\u00e3o art\u00edstica;<\/p><p>&#8211; Ensinar habilidades b\u00e1sicas de culin\u00e1ria e nutri\u00e7\u00e3o;<\/p><p>-Conectar os alunos com a Natureza e o Meio Ambiente por meio da horta escolar;<\/p><p>-Promover boas pr\u00e1ticas ambientais;<\/p><p>-Estimular a pr\u00e1tica de exerc\u00edcio f\u00edsico.<\/p><p><strong>\u00a0<\/strong><\/p><p><strong>Atividades:<\/strong><\/p><p>-Realiza\u00e7\u00e3o de sess\u00f5es de conversa que abordem temas emocionais e para que os alunos partilhem experi\u00eancias e sentimentos;<\/p><p>-Conto de hist\u00f3rias sobre tem\u00e1ticas que envolvam a intelig\u00eancia emocional;<\/p><p>-Realiza\u00e7\u00e3o de sess\u00f5es de cinema que incluam temas como: amizade, empatia, autocontrolo, inclus\u00e3o e resolu\u00e7\u00e3o de conflitos;<\/p><p>-Realiza\u00e7\u00e3o de produ\u00e7\u00f5es art\u00edticas que incluam pintura, desenho, recorte, colagem e modelagem;<\/p><p>-Entoa\u00e7\u00e3o de can\u00e7\u00f5es;<\/p><p>-Reprodu\u00e7\u00e3o de coreografias e jogos r\u00edtmicos;<\/p><p>-Realiza\u00e7\u00e3o de aulas de culin\u00e1ria simples e saud\u00e1veis;<\/p><p>-Promo\u00e7\u00e3o de debates sobre quest\u00f5es ambientais;<\/p><p>-Jogos Educativos que estimulem o racioc\u00ednio, a destreza e o esp\u00edrito de fair-play;<\/p><p>-Realiza\u00e7\u00e3o de apresenta\u00e7\u00f5es p\u00fablicas e exposi\u00e7\u00f5es das cria\u00e7\u00f5es dos alunos.<\/p><p><strong>\u00a0<\/strong><\/p>\t\t\t\t\t\t\t\t<\/div>\n\t\t\t\t<\/div>\n\t\t\t\t\t<\/div>\n\t\t\t\t<\/div>\n\t\t<div class=\"elementor-element elementor-element-2dfdd5d e-flex e-con-boxed e-con e-parent\" data-id=\"2dfdd5d\" data-element_type=\"container\" data-e-type=\"container\">\n\t\t\t\t\t<div class=\"e-con-inner\">\n\t\t\t\t<div class=\"elementor-element elementor-element-56ecc74 elementor-arrows-position-inside elementor-pagination-position-outside elementor-widget elementor-widget-image-carousel\" data-id=\"56ecc74\" data-element_type=\"widget\" data-e-type=\"widget\" data-settings=\"{&quot;navigation&quot;:&quot;both&quot;,&quot;autoplay&quot;:&quot;yes&quot;,&quot;pause_on_hover&quot;:&quot;yes&quot;,&quot;pause_on_interaction&quot;:&quot;yes&quot;,&quot;autoplay_speed&quot;:5000,&quot;infinite&quot;:&quot;yes&quot;,&quot;speed&quot;:500}\" data-widget_type=\"image-carousel.default\">\n\t\t\t\t<div class=\"elementor-widget-container\">\n\t\t\t\t\t\t\t<div class=\"elementor-image-carousel-wrapper swiper\" role=\"region\" aria-roledescription=\"carousel\" aria-label=\"Carrossel de imagens\" dir=\"ltr\">\n\t\t\t<div class=\"elementor-image-carousel swiper-wrapper\" aria-live=\"off\">\n\t\t\t\t\t\t\t\t<div class=\"swiper-slide\" role=\"group\" aria-roledescription=\"slide\" aria-label=\"1 of 10\"><figure class=\"swiper-slide-inner\"><img decoding=\"async\" class=\"swiper-slide-image\" src=\"https:\/\/escoladigital.madeira.gov.pt\/eb1peecalheta\/wp-content\/uploads\/sites\/5\/2024\/04\/IMG_20231129_144331_resized_20231212_081727675-150x150.jpg\" alt=\"IMG_20231129_144331_resized_20231212_081727675\" \/><\/figure><\/div><div class=\"swiper-slide\" role=\"group\" aria-roledescription=\"slide\" aria-label=\"2 of 10\"><figure class=\"swiper-slide-inner\"><img decoding=\"async\" class=\"swiper-slide-image\" src=\"https:\/\/escoladigital.madeira.gov.pt\/eb1peecalheta\/wp-content\/uploads\/sites\/5\/2024\/04\/IMG_20231205_171630_resized_20231212_081727130-150x150.jpg\" alt=\"IMG_20231205_171630_resized_20231212_081727130\" \/><\/figure><\/div><div class=\"swiper-slide\" role=\"group\" aria-roledescription=\"slide\" aria-label=\"3 of 10\"><figure class=\"swiper-slide-inner\"><img decoding=\"async\" class=\"swiper-slide-image\" src=\"https:\/\/escoladigital.madeira.gov.pt\/eb1peecalheta\/wp-content\/uploads\/sites\/5\/2024\/04\/IMG_20240103_151328_edit_5944063913624759_resized_20240208_093514420-150x150.jpg\" alt=\"IMG_20240103_151328_edit_5944063913624759_resized_20240208_093514420\" \/><\/figure><\/div><div class=\"swiper-slide\" role=\"group\" aria-roledescription=\"slide\" aria-label=\"4 of 10\"><figure class=\"swiper-slide-inner\"><img decoding=\"async\" class=\"swiper-slide-image\" src=\"https:\/\/escoladigital.madeira.gov.pt\/eb1peecalheta\/wp-content\/uploads\/sites\/5\/2024\/04\/IMG_20240110_150215_resized_20240208_093513915-150x150.jpg\" alt=\"IMG_20240110_150215_resized_20240208_093513915\" \/><\/figure><\/div><div class=\"swiper-slide\" role=\"group\" aria-roledescription=\"slide\" aria-label=\"5 of 10\"><figure class=\"swiper-slide-inner\"><img decoding=\"async\" class=\"swiper-slide-image\" src=\"https:\/\/escoladigital.madeira.gov.pt\/eb1peecalheta\/wp-content\/uploads\/sites\/5\/2024\/04\/IMG_20240207_144840_resized_20240208_093511518-150x150.jpg\" alt=\"IMG_20240207_144840_resized_20240208_093511518\" \/><\/figure><\/div><div class=\"swiper-slide\" role=\"group\" aria-roledescription=\"slide\" aria-label=\"6 of 10\"><figure class=\"swiper-slide-inner\"><img decoding=\"async\" class=\"swiper-slide-image\" src=\"https:\/\/escoladigital.madeira.gov.pt\/eb1peecalheta\/wp-content\/uploads\/sites\/5\/2024\/04\/IMG_20240207_151802_edit_440091533935970_resized_20240208_093512040-150x150.jpg\" alt=\"IMG_20240207_151802_edit_440091533935970_resized_20240208_093512040\" \/><\/figure><\/div><div class=\"swiper-slide\" role=\"group\" aria-roledescription=\"slide\" aria-label=\"7 of 10\"><figure class=\"swiper-slide-inner\"><img decoding=\"async\" class=\"swiper-slide-image\" src=\"https:\/\/escoladigital.madeira.gov.pt\/eb1peecalheta\/wp-content\/uploads\/sites\/5\/2024\/04\/IMG-20231011-WA0001-150x150.jpg\" alt=\"IMG-20231011-WA0001\" \/><\/figure><\/div><div class=\"swiper-slide\" role=\"group\" aria-roledescription=\"slide\" aria-label=\"8 of 10\"><figure class=\"swiper-slide-inner\"><img decoding=\"async\" class=\"swiper-slide-image\" src=\"https:\/\/escoladigital.madeira.gov.pt\/eb1peecalheta\/wp-content\/uploads\/sites\/5\/2024\/04\/IMG-20231017-WA0004-150x150.jpg\" alt=\"IMG-20231017-WA0004\" \/><\/figure><\/div><div class=\"swiper-slide\" role=\"group\" aria-roledescription=\"slide\" aria-label=\"9 of 10\"><figure class=\"swiper-slide-inner\"><img decoding=\"async\" class=\"swiper-slide-image\" src=\"https:\/\/escoladigital.madeira.gov.pt\/eb1peecalheta\/wp-content\/uploads\/sites\/5\/2024\/04\/Screenshot_20240318_093258_com.huawei.himovie.overseas_edit_70917594308969-150x150.jpg\" alt=\"Screenshot_20240318_093258_com.huawei.himovie.overseas_edit_70917594308969\" \/><\/figure><\/div><div class=\"swiper-slide\" role=\"group\" aria-roledescription=\"slide\" aria-label=\"10 of 10\"><figure class=\"swiper-slide-inner\"><img decoding=\"async\" class=\"swiper-slide-image\" src=\"https:\/\/escoladigital.madeira.gov.pt\/eb1peecalheta\/wp-content\/uploads\/sites\/5\/2024\/04\/Screenshot_20240318_093337_com.huawei.himovie.overseas_edit_70909484131887-150x150.jpg\" alt=\"Screenshot_20240318_093337_com.huawei.himovie.overseas_edit_70909484131887\" \/><\/figure><\/div>\t\t\t<\/div>\n\t\t\t\t\t\t\t\t\t\t\t\t<div class=\"elementor-swiper-button elementor-swiper-button-prev\" role=\"button\" tabindex=\"0\">\n\t\t\t\t\t\t<svg aria-hidden=\"true\" class=\"e-font-icon-svg e-eicon-chevron-left\" viewBox=\"0 0 1000 1000\" xmlns=\"http:\/\/www.w3.org\/2000\/svg\"><path d=\"M646 125C629 125 613 133 604 142L308 442C296 454 292 471 292 487 292 504 296 521 308 533L604 854C617 867 629 875 646 875 663 875 679 871 692 858 704 846 713 829 713 812 713 796 708 779 692 767L438 487 692 225C700 217 708 204 708 187 708 171 704 154 692 142 675 129 663 125 646 125Z\"><\/path><\/svg>\t\t\t\t\t<\/div>\n\t\t\t\t\t<div class=\"elementor-swiper-button elementor-swiper-button-next\" role=\"button\" tabindex=\"0\">\n\t\t\t\t\t\t<svg aria-hidden=\"true\" class=\"e-font-icon-svg e-eicon-chevron-right\" viewBox=\"0 0 1000 1000\" xmlns=\"http:\/\/www.w3.org\/2000\/svg\"><path d=\"M696 533C708 521 713 504 713 487 713 471 708 454 696 446L400 146C388 133 375 125 354 125 338 125 325 129 313 142 300 154 292 171 292 187 292 204 296 221 308 233L563 492 304 771C292 783 288 800 288 817 288 833 296 850 308 863 321 871 338 875 354 875 371 875 388 867 400 854L696 533Z\"><\/path><\/svg>\t\t\t\t\t<\/div>\n\t\t\t\t\n\t\t\t\t\t\t\t\t\t<div class=\"swiper-pagination\"><\/div>\n\t\t\t\t\t\t\t\t\t<\/div>\n\t\t\t\t\t\t<\/div>\n\t\t\t\t<\/div>\n\t\t\t\t\t<\/div>\n\t\t\t\t<\/div>\n\t\t\t\t<\/div>\n\t\t","protected":false},"excerpt":{"rendered":"<p>Clube\/Projeto:\u00a0Crescer Feliz &#8211; 1\u00ba e 2\u00ba anos \u00a0 Docente: Laurinda Nunes \u00a0 Objetivos: -Estimular o desenvolvimento da intelig\u00eancia emocional; -Contribuir para um maior autoconhecimento dos alunos; -Construir ambientes prop\u00edcios ao crescimento e desenvolvimento integral dos alunos; &#8211; Promover o sucesso emocional e social; &#8211; Estimular a criatividade e a express\u00e3o art\u00edstica; &#8211; Ensinar habilidades b\u00e1sicas [&hellip;]<\/p>\n","protected":false},"author":21,"featured_media":0,"parent":0,"menu_order":0,"comment_status":"closed","ping_status":"closed","template":"","meta":{"site-sidebar-layout":"no-sidebar","site-content-layout":"","ast-site-content-layout":"full-width-container","site-content-style":"boxed","site-sidebar-style":"boxed","ast-global-header-display":"","ast-banner-title-visibility":"","ast-main-header-display":"","ast-hfb-above-header-display":"","ast-hfb-below-header-display":"","ast-hfb-mobile-header-display":"","site-post-title":"","ast-breadcrumbs-content":"","ast-featured-img":"disabled","footer-sml-layout":"","ast-disable-related-posts":"","theme-transparent-header-meta":"","adv-header-id-meta":"","stick-header-meta":"","header-above-stick-meta":"","header-main-stick-meta":"","header-below-stick-meta":"","astra-migrate-meta-layouts":"default","ast-page-background-enabled":"default","ast-page-background-meta":{"desktop":{"background-color":"var(--ast-global-color-4)","background-image":"","background-repeat":"repeat","background-position":"center center","background-size":"auto","background-attachment":"scroll","background-type":"","background-media":"","overlay-type":"","overlay-color":"","overlay-opacity":"","overlay-gradient":""},"tablet":{"background-color":"","background-image":"","background-repeat":"repeat","background-position":"center center","background-size":"auto","background-attachment":"scroll","background-type":"","background-media":"","overlay-type":"","overlay-color":"","overlay-opacity":"","overlay-gradient":""},"mobile":{"background-color":"","background-image":"","background-repeat":"repeat","background-position":"center center","background-size":"auto","background-attachment":"scroll","background-type":"","background-media":"","overlay-type":"","overlay-color":"","overlay-opacity":"","overlay-gradient":""}},"ast-content-background-meta":{"desktop":{"background-color":"var(--ast-global-color-5)","background-image":"","background-repeat":"repeat","background-position":"center center","background-size":"auto","background-attachment":"scroll","background-type":"","background-media":"","overlay-type":"","overlay-color":"","overlay-opacity":"","overlay-gradient":""},"tablet":{"background-color":"var(--ast-global-color-5)","background-image":"","background-repeat":"repeat","background-position":"center center","background-size":"auto","background-attachment":"scroll","background-type":"","background-media":"","overlay-type":"","overlay-color":"","overlay-opacity":"","overlay-gradient":""},"mobile":{"background-color":"var(--ast-global-color-5)","background-image":"","background-repeat":"repeat","background-position":"center center","background-size":"auto","background-attachment":"scroll","background-type":"","background-media":"","overlay-type":"","overlay-color":"","overlay-opacity":"","overlay-gradient":""}},"_themeisle_gutenberg_block_has_review":false,"footnotes":""},"class_list":["post-1569","page","type-page","status-publish","hentry"],"_links":{"self":[{"href":"https:\/\/escoladigital.madeira.gov.pt\/eb1peecalheta\/wp-json\/wp\/v2\/pages\/1569","targetHints":{"allow":["GET"]}}],"collection":[{"href":"https:\/\/escoladigital.madeira.gov.pt\/eb1peecalheta\/wp-json\/wp\/v2\/pages"}],"about":[{"href":"https:\/\/escoladigital.madeira.gov.pt\/eb1peecalheta\/wp-json\/wp\/v2\/types\/page"}],"author":[{"embeddable":true,"href":"https:\/\/escoladigital.madeira.gov.pt\/eb1peecalheta\/wp-json\/wp\/v2\/users\/21"}],"replies":[{"embeddable":true,"href":"https:\/\/escoladigital.madeira.gov.pt\/eb1peecalheta\/wp-json\/wp\/v2\/comments?post=1569"}],"version-history":[{"count":14,"href":"https:\/\/escoladigital.madeira.gov.pt\/eb1peecalheta\/wp-json\/wp\/v2\/pages\/1569\/revisions"}],"predecessor-version":[{"id":2684,"href":"https:\/\/escoladigital.madeira.gov.pt\/eb1peecalheta\/wp-json\/wp\/v2\/pages\/1569\/revisions\/2684"}],"wp:attachment":[{"href":"https:\/\/escoladigital.madeira.gov.pt\/eb1peecalheta\/wp-json\/wp\/v2\/media?parent=1569"}],"curies":[{"name":"wp","href":"https:\/\/api.w.org\/{rel}","templated":true}]}}