{"id":1580,"date":"2024-03-04T15:35:12","date_gmt":"2024-03-04T15:35:12","guid":{"rendered":"https:\/\/escoladigital.madeira.gov.pt\/eb1peecalheta\/?page_id=1580"},"modified":"2026-02-10T12:38:58","modified_gmt":"2026-02-10T12:38:58","slug":"clube-de-jogos-matematicos","status":"publish","type":"page","link":"https:\/\/escoladigital.madeira.gov.pt\/eb1peecalheta\/clube-de-jogos-matematicos\/","title":{"rendered":"Clube de Jogos Matem\u00e1ticos"},"content":{"rendered":"<div class=\"is-style-boxed wp-block-themeisle-blocks-posts-grid\" id=\"wp-block-themeisle-blocks-posts-grid-9b6e0797\"><div class=\"is-list\"><div class=\"o-posts-grid-post-blog o-posts-grid-post-plain\"><div class=\"o-posts-grid-post\"><div class=\"o-posts-grid-post-image\"><a href=\"https:\/\/escoladigital.madeira.gov.pt\/eb1peecalheta\/2026\/02\/20\/x-edicao-do-campeonato-regional-de-jogos-matematicos\/\"><img fetchpriority=\"high\" decoding=\"async\" width=\"948\" height=\"625\" src=\"https:\/\/escoladigital.madeira.gov.pt\/eb1peecalheta\/wp-content\/uploads\/sites\/5\/2026\/02\/Imagem1.jpg\" class=\"attachment-full size-full\" alt=\"X Edi\u00e7\u00e3o do Campeonato Regional de Jogos Matem\u00e1ticos\" srcset=\"https:\/\/escoladigital.madeira.gov.pt\/eb1peecalheta\/wp-content\/uploads\/sites\/5\/2026\/02\/Imagem1.jpg 948w, https:\/\/escoladigital.madeira.gov.pt\/eb1peecalheta\/wp-content\/uploads\/sites\/5\/2026\/02\/Imagem1-300x198.jpg 300w, https:\/\/escoladigital.madeira.gov.pt\/eb1peecalheta\/wp-content\/uploads\/sites\/5\/2026\/02\/Imagem1-768x506.jpg 768w\" sizes=\"(max-width: 948px) 100vw, 948px\" \/><\/a><\/div><div class=\"o-posts-grid-post-body\"><span class=\"o-posts-grid-post-category\"><a href=\"https:\/\/escoladigital.madeira.gov.pt\/eb1peecalheta\/category\/jogos-matematicos\/\">Jogos matem\u00e1ticos<\/a><\/span><h4 class=\"o-posts-grid-post-title\"><a href=\"https:\/\/escoladigital.madeira.gov.pt\/eb1peecalheta\/2026\/02\/20\/x-edicao-do-campeonato-regional-de-jogos-matematicos\/\">X Edi\u00e7\u00e3o do Campeonato Regional de Jogos Matem\u00e1ticos<\/a><\/h4><p class=\"o-posts-grid-post-meta\">  <time datetime=\"2026-02-20T10:38:14+00:00\">20 de Fevereiro, 2026<\/time> by <a href=\"https:\/\/escoladigital.madeira.gov.pt\/eb1peecalheta\/author\/eb1peecalheta\/\">eb1peecalheta<\/a><\/p><div class=\"o-posts-grid-post-description\"><p>No passado dia 6 de fevereiro, tr\u00eas alunos do 3.\u00ba ano \u2014 Beatriz, Isa\u00edas e Vit\u00f3ria \u2014 representaram a \u2026<\/p><\/div><\/div><\/div><\/div><div class=\"o-posts-grid-post-blog o-posts-grid-post-plain\"><div class=\"o-posts-grid-post\"><div class=\"o-posts-grid-post-image\"><a href=\"https:\/\/escoladigital.madeira.gov.pt\/eb1peecalheta\/2026\/02\/10\/participacao-na-10a-edicao-do-campeonato-regional-de-jogos-matematicos\/\"><img decoding=\"async\" width=\"2048\" height=\"1352\" src=\"https:\/\/escoladigital.madeira.gov.pt\/eb1peecalheta\/wp-content\/uploads\/sites\/5\/2026\/02\/jogos-mat.jpg\" class=\"attachment-full size-full\" alt=\"Participa\u00e7\u00e3o na 10\u00aa edi\u00e7\u00e3o do Campeonato Regional de Jogos Matem\u00e1ticos\" srcset=\"https:\/\/escoladigital.madeira.gov.pt\/eb1peecalheta\/wp-content\/uploads\/sites\/5\/2026\/02\/jogos-mat.jpg 2048w, https:\/\/escoladigital.madeira.gov.pt\/eb1peecalheta\/wp-content\/uploads\/sites\/5\/2026\/02\/jogos-mat-300x198.jpg 300w, https:\/\/escoladigital.madeira.gov.pt\/eb1peecalheta\/wp-content\/uploads\/sites\/5\/2026\/02\/jogos-mat-1024x676.jpg 1024w, https:\/\/escoladigital.madeira.gov.pt\/eb1peecalheta\/wp-content\/uploads\/sites\/5\/2026\/02\/jogos-mat-768x507.jpg 768w, https:\/\/escoladigital.madeira.gov.pt\/eb1peecalheta\/wp-content\/uploads\/sites\/5\/2026\/02\/jogos-mat-1536x1014.jpg 1536w\" sizes=\"(max-width: 2048px) 100vw, 2048px\" \/><\/a><\/div><div class=\"o-posts-grid-post-body\"><span class=\"o-posts-grid-post-category\"><a href=\"https:\/\/escoladigital.madeira.gov.pt\/eb1peecalheta\/category\/jogos-matematicos\/\">Jogos matem\u00e1ticos<\/a><\/span><h4 class=\"o-posts-grid-post-title\"><a href=\"https:\/\/escoladigital.madeira.gov.pt\/eb1peecalheta\/2026\/02\/10\/participacao-na-10a-edicao-do-campeonato-regional-de-jogos-matematicos\/\">Participa\u00e7\u00e3o na 10\u00aa edi\u00e7\u00e3o do Campeonato Regional de Jogos Matem\u00e1ticos<\/a><\/h4><p class=\"o-posts-grid-post-meta\">  <time datetime=\"2026-02-10T11:55:32+00:00\">10 de Fevereiro, 2026<\/time> by <a href=\"https:\/\/escoladigital.madeira.gov.pt\/eb1peecalheta\/author\/eb1peecalheta\/\">eb1peecalheta<\/a><\/p><div class=\"o-posts-grid-post-description\"><p><\/p><\/div><\/div><\/div><\/div><\/div> <\/div>\n\n<p><strong>Clube\/Projeto: <\/strong><u>Jogos Matem\u00e1ticos<\/u> &#8211; 1\u00ba, 2\u00ba 3\u00ba e 4\u00ba anos\u00a0\u00a0<\/p>\n<p><strong>Docentes:<\/strong> Laurinda Nunes e Maria Jo\u00e3o Abreu<\/p>\n<p><strong>Objetivos:<\/strong><\/p>\n<p>-Estimular o gosto pela disciplina da Matem\u00e1tica;<\/p>\n<p>-Desenvolver o pensamento l\u00f3gico;<\/p>\n<p>-Consolidar conceitos matem\u00e1ticos de forma l\u00fadica;<\/p>\n<p>-Fomentar a criatividade, o empenho e a motiva\u00e7\u00e3o;<\/p>\n<p>-Promover a capacidade de concentra\u00e7\u00e3o\/aten\u00e7\u00e3o;<\/p>\n<p>-Realizar atividades l\u00fadicas que se diferem das rotinas di\u00e1rias das aulas curriculares;<\/p>\n<p>-Promover a capacidade de interajuda e coopera\u00e7\u00e3o;<\/p>\n<p>-Estimular a resili\u00eancia e a persist\u00eancia;<\/p>\n<p>-Desenvolver a capacidade de esp\u00edrito cr\u00edtico;<\/p>\n<p>-Trabalhar em equipa;<\/p>\n<p>-Respeitar e cumprir regras;<\/p>\n<p>-Desenvolver o sentido de fairplay.<\/p>\n<p><strong>Atividades:<\/strong><\/p>\n<p>-Utiliza\u00e7\u00e3o de diferentes tipos de jogos (de tabuleiro, cartas, digitais) para atender a diversos estilos de aprendizagem;<\/p>\n<p>-Apresenta\u00e7\u00e3o de desafios progressivos come\u00e7ando com jogos mais simples e aumentando gradualmente a complexidade, permitindo aos alunos desenvolver confian\u00e7a e habilidades;<\/p>\n<p>-Realiza\u00e7\u00e3o de reflex\u00e3o p\u00f3s-jogo de forma a discutir estrat\u00e9gias, conceitos matem\u00e1ticos envolvidos e o que cada aluno aprendeu;<\/p>\n<p>-Aprendizagem e treino de jogos de tabuleiro: Domin\u00f3rio, Sem\u00e1foro, Gatos e C\u00e3es, Rastros, Quarto, Damas, Tapatan, Damas, Xadrez, &#8230;<\/p>\n<p>-Aprendizagem e execu\u00e7\u00e3o de jogos l\u00fadicos individuais ou coletivos: Tangran, jogos de mem\u00f3ria, Quebra-cabe\u00e7as, Torre de Han\u00f3i, Sudoku, Pentamin\u00f3s, Domin\u00f3, trimin\u00f3 de equival\u00eancias, cartas e outros sugeridos pelos alunos;<\/p>\n<p>-Realiza\u00e7\u00e3o de momentos introdut\u00f3rios com explica\u00e7\u00e3o das regras de cada jogo e treino dos mesmos;<\/p>\n<p>-Participa\u00e7\u00e3o em concursos, a n\u00edvel de escola e\/ou regionais, relativos aos jogos matem\u00e1ticos aprendidos.\u2002<\/p>\n\n\n<p><\/p>\n","protected":false},"excerpt":{"rendered":"<p>Clube\/Projeto: Jogos Matem\u00e1ticos &#8211; 1\u00ba, 2\u00ba 3\u00ba e 4\u00ba anos\u00a0\u00a0 Docentes: Laurinda Nunes e Maria Jo\u00e3o Abreu Objetivos: -Estimular o gosto pela disciplina da Matem\u00e1tica; -Desenvolver o pensamento l\u00f3gico; -Consolidar conceitos matem\u00e1ticos de forma l\u00fadica; -Fomentar a criatividade, o empenho e a motiva\u00e7\u00e3o; -Promover a capacidade de concentra\u00e7\u00e3o\/aten\u00e7\u00e3o; -Realizar atividades l\u00fadicas que se diferem das [&hellip;]<\/p>\n","protected":false},"author":21,"featured_media":0,"parent":0,"menu_order":0,"comment_status":"closed","ping_status":"closed","template":"","meta":{"site-sidebar-layout":"no-sidebar","site-content-layout":"","ast-site-content-layout":"full-width-container","site-content-style":"boxed","site-sidebar-style":"boxed","ast-global-header-display":"","ast-banner-title-visibility":"","ast-main-header-display":"","ast-hfb-above-header-display":"","ast-hfb-below-header-display":"","ast-hfb-mobile-header-display":"","site-post-title":"","ast-breadcrumbs-content":"","ast-featured-img":"disabled","footer-sml-layout":"","ast-disable-related-posts":"","theme-transparent-header-meta":"","adv-header-id-meta":"","stick-header-meta":"","header-above-stick-meta":"","header-main-stick-meta":"","header-below-stick-meta":"","astra-migrate-meta-layouts":"default","ast-page-background-enabled":"default","ast-page-background-meta":{"desktop":{"background-color":"var(--ast-global-color-4)","background-image":"","background-repeat":"repeat","background-position":"center center","background-size":"auto","background-attachment":"scroll","background-type":"","background-media":"","overlay-type":"","overlay-color":"","overlay-opacity":"","overlay-gradient":""},"tablet":{"background-color":"","background-image":"","background-repeat":"repeat","background-position":"center center","background-size":"auto","background-attachment":"scroll","background-type":"","background-media":"","overlay-type":"","overlay-color":"","overlay-opacity":"","overlay-gradient":""},"mobile":{"background-color":"","background-image":"","background-repeat":"repeat","background-position":"center center","background-size":"auto","background-attachment":"scroll","background-type":"","background-media":"","overlay-type":"","overlay-color":"","overlay-opacity":"","overlay-gradient":""}},"ast-content-background-meta":{"desktop":{"background-color":"var(--ast-global-color-5)","background-image":"","background-repeat":"repeat","background-position":"center center","background-size":"auto","background-attachment":"scroll","background-type":"","background-media":"","overlay-type":"","overlay-color":"","overlay-opacity":"","overlay-gradient":""},"tablet":{"background-color":"var(--ast-global-color-5)","background-image":"","background-repeat":"repeat","background-position":"center center","background-size":"auto","background-attachment":"scroll","background-type":"","background-media":"","overlay-type":"","overlay-color":"","overlay-opacity":"","overlay-gradient":""},"mobile":{"background-color":"var(--ast-global-color-5)","background-image":"","background-repeat":"repeat","background-position":"center center","background-size":"auto","background-attachment":"scroll","background-type":"","background-media":"","overlay-type":"","overlay-color":"","overlay-opacity":"","overlay-gradient":""}},"_themeisle_gutenberg_block_has_review":false,"footnotes":""},"class_list":["post-1580","page","type-page","status-publish","hentry"],"_links":{"self":[{"href":"https:\/\/escoladigital.madeira.gov.pt\/eb1peecalheta\/wp-json\/wp\/v2\/pages\/1580","targetHints":{"allow":["GET"]}}],"collection":[{"href":"https:\/\/escoladigital.madeira.gov.pt\/eb1peecalheta\/wp-json\/wp\/v2\/pages"}],"about":[{"href":"https:\/\/escoladigital.madeira.gov.pt\/eb1peecalheta\/wp-json\/wp\/v2\/types\/page"}],"author":[{"embeddable":true,"href":"https:\/\/escoladigital.madeira.gov.pt\/eb1peecalheta\/wp-json\/wp\/v2\/users\/21"}],"replies":[{"embeddable":true,"href":"https:\/\/escoladigital.madeira.gov.pt\/eb1peecalheta\/wp-json\/wp\/v2\/comments?post=1580"}],"version-history":[{"count":24,"href":"https:\/\/escoladigital.madeira.gov.pt\/eb1peecalheta\/wp-json\/wp\/v2\/pages\/1580\/revisions"}],"predecessor-version":[{"id":3880,"href":"https:\/\/escoladigital.madeira.gov.pt\/eb1peecalheta\/wp-json\/wp\/v2\/pages\/1580\/revisions\/3880"}],"wp:attachment":[{"href":"https:\/\/escoladigital.madeira.gov.pt\/eb1peecalheta\/wp-json\/wp\/v2\/media?parent=1580"}],"curies":[{"name":"wp","href":"https:\/\/api.w.org\/{rel}","templated":true}]}}