{"id":1585,"date":"2024-03-04T15:46:05","date_gmt":"2024-03-04T15:46:05","guid":{"rendered":"https:\/\/escoladigital.madeira.gov.pt\/eb1peecalheta\/?page_id=1585"},"modified":"2026-02-10T12:13:13","modified_gmt":"2026-02-10T12:13:13","slug":"projeto-eco-escolas","status":"publish","type":"page","link":"https:\/\/escoladigital.madeira.gov.pt\/eb1peecalheta\/projeto-eco-escolas\/","title":{"rendered":"Projeto Eco-escolas"},"content":{"rendered":"<div class=\"is-style-boxed wp-block-themeisle-blocks-posts-grid\" id=\"wp-block-themeisle-blocks-posts-grid-8b344071\"><div class=\"is-list\"><div class=\"o-posts-grid-post-blog o-posts-grid-post-plain\"><div class=\"o-posts-grid-post\"><div class=\"o-posts-grid-post-image\"><a href=\"https:\/\/escoladigital.madeira.gov.pt\/eb1peecalheta\/2026\/02\/20\/sensibilizacao-ambiental-da-vmt\/\"><img fetchpriority=\"high\" decoding=\"async\" width=\"1536\" height=\"2048\" src=\"https:\/\/escoladigital.madeira.gov.pt\/eb1peecalheta\/wp-content\/uploads\/sites\/5\/2026\/02\/vmt.jpg\" class=\"attachment-full size-full\" alt=\"Sensibiliza\u00e7\u00e3o Ambiental da VMT\" srcset=\"https:\/\/escoladigital.madeira.gov.pt\/eb1peecalheta\/wp-content\/uploads\/sites\/5\/2026\/02\/vmt.jpg 1536w, https:\/\/escoladigital.madeira.gov.pt\/eb1peecalheta\/wp-content\/uploads\/sites\/5\/2026\/02\/vmt-225x300.jpg 225w, https:\/\/escoladigital.madeira.gov.pt\/eb1peecalheta\/wp-content\/uploads\/sites\/5\/2026\/02\/vmt-768x1024.jpg 768w, https:\/\/escoladigital.madeira.gov.pt\/eb1peecalheta\/wp-content\/uploads\/sites\/5\/2026\/02\/vmt-1152x1536.jpg 1152w\" sizes=\"(max-width: 1536px) 100vw, 1536px\" \/><\/a><\/div><div class=\"o-posts-grid-post-body\"><span class=\"o-posts-grid-post-category\"><a href=\"https:\/\/escoladigital.madeira.gov.pt\/eb1peecalheta\/category\/atividades\/\">Atividades<\/a><\/span><h4 class=\"o-posts-grid-post-title\"><a href=\"https:\/\/escoladigital.madeira.gov.pt\/eb1peecalheta\/2026\/02\/20\/sensibilizacao-ambiental-da-vmt\/\">Sensibiliza\u00e7\u00e3o Ambiental da VMT<\/a><\/h4><p class=\"o-posts-grid-post-meta\">  <time datetime=\"2026-02-20T10:33:42+00:00\">20 de Fevereiro, 2026<\/time> by <a href=\"https:\/\/escoladigital.madeira.gov.pt\/eb1peecalheta\/author\/eb1peecalheta\/\">eb1peecalheta<\/a><\/p><div class=\"o-posts-grid-post-description\"><p><\/p><\/div><\/div><\/div><\/div><div class=\"o-posts-grid-post-blog o-posts-grid-post-plain\"><div class=\"o-posts-grid-post\"><div class=\"o-posts-grid-post-image\"><a href=\"https:\/\/escoladigital.madeira.gov.pt\/eb1peecalheta\/2026\/01\/28\/cerimonia-de-entrega-das-bandeiras-eco-escolas\/\"><img decoding=\"async\" width=\"2048\" height=\"1365\" src=\"https:\/\/escoladigital.madeira.gov.pt\/eb1peecalheta\/wp-content\/uploads\/sites\/5\/2026\/01\/ecoescolas.jpg\" class=\"attachment-full size-full\" alt=\"Cerim\u00f3nia de Entrega das Bandeiras Eco-Escolas\" srcset=\"https:\/\/escoladigital.madeira.gov.pt\/eb1peecalheta\/wp-content\/uploads\/sites\/5\/2026\/01\/ecoescolas.jpg 2048w, https:\/\/escoladigital.madeira.gov.pt\/eb1peecalheta\/wp-content\/uploads\/sites\/5\/2026\/01\/ecoescolas-300x200.jpg 300w, https:\/\/escoladigital.madeira.gov.pt\/eb1peecalheta\/wp-content\/uploads\/sites\/5\/2026\/01\/ecoescolas-1024x683.jpg 1024w, https:\/\/escoladigital.madeira.gov.pt\/eb1peecalheta\/wp-content\/uploads\/sites\/5\/2026\/01\/ecoescolas-768x512.jpg 768w, https:\/\/escoladigital.madeira.gov.pt\/eb1peecalheta\/wp-content\/uploads\/sites\/5\/2026\/01\/ecoescolas-1536x1024.jpg 1536w\" sizes=\"(max-width: 2048px) 100vw, 2048px\" \/><\/a><\/div><div class=\"o-posts-grid-post-body\"><span class=\"o-posts-grid-post-category\"><a href=\"https:\/\/escoladigital.madeira.gov.pt\/eb1peecalheta\/category\/eco-escolas\/\">Eco escolas<\/a><\/span><h4 class=\"o-posts-grid-post-title\"><a href=\"https:\/\/escoladigital.madeira.gov.pt\/eb1peecalheta\/2026\/01\/28\/cerimonia-de-entrega-das-bandeiras-eco-escolas\/\">Cerim\u00f3nia de Entrega das Bandeiras Eco-Escolas<\/a><\/h4><p class=\"o-posts-grid-post-meta\">  <time datetime=\"2026-01-28T11:21:40+00:00\">28 de Janeiro, 2026<\/time> by <a href=\"https:\/\/escoladigital.madeira.gov.pt\/eb1peecalheta\/author\/eb1peecalheta\/\">eb1peecalheta<\/a><\/p><div class=\"o-posts-grid-post-description\"><p><\/p><\/div><\/div><\/div><\/div><div class=\"o-posts-grid-post-blog o-posts-grid-post-plain\"><div class=\"o-posts-grid-post\"><div class=\"o-posts-grid-post-image\"><a href=\"https:\/\/escoladigital.madeira.gov.pt\/eb1peecalheta\/2025\/11\/26\/dia-nacional-do-mar\/\"><img decoding=\"async\" width=\"1600\" height=\"1200\" src=\"https:\/\/escoladigital.madeira.gov.pt\/eb1peecalheta\/wp-content\/uploads\/sites\/5\/2025\/11\/mar.jpg\" class=\"attachment-full size-full\" alt=\"Dia Nacional do Mar\" srcset=\"https:\/\/escoladigital.madeira.gov.pt\/eb1peecalheta\/wp-content\/uploads\/sites\/5\/2025\/11\/mar.jpg 1600w, https:\/\/escoladigital.madeira.gov.pt\/eb1peecalheta\/wp-content\/uploads\/sites\/5\/2025\/11\/mar-300x225.jpg 300w, https:\/\/escoladigital.madeira.gov.pt\/eb1peecalheta\/wp-content\/uploads\/sites\/5\/2025\/11\/mar-1024x768.jpg 1024w, https:\/\/escoladigital.madeira.gov.pt\/eb1peecalheta\/wp-content\/uploads\/sites\/5\/2025\/11\/mar-768x576.jpg 768w, https:\/\/escoladigital.madeira.gov.pt\/eb1peecalheta\/wp-content\/uploads\/sites\/5\/2025\/11\/mar-1536x1152.jpg 1536w\" sizes=\"(max-width: 1600px) 100vw, 1600px\" \/><\/a><\/div><div class=\"o-posts-grid-post-body\"><span class=\"o-posts-grid-post-category\"><a href=\"https:\/\/escoladigital.madeira.gov.pt\/eb1peecalheta\/category\/atividades\/\">Atividades<\/a><\/span><h4 class=\"o-posts-grid-post-title\"><a href=\"https:\/\/escoladigital.madeira.gov.pt\/eb1peecalheta\/2025\/11\/26\/dia-nacional-do-mar\/\">Dia Nacional do Mar<\/a><\/h4><p class=\"o-posts-grid-post-meta\">  <time datetime=\"2025-11-26T11:58:09+00:00\">26 de Novembro, 2025<\/time> by <a href=\"https:\/\/escoladigital.madeira.gov.pt\/eb1peecalheta\/author\/eb1peecalheta\/\">eb1peecalheta<\/a><\/p><div class=\"o-posts-grid-post-description\"><p><\/p><\/div><\/div><\/div><\/div><div class=\"o-posts-grid-post-blog o-posts-grid-post-plain\"><div class=\"o-posts-grid-post\"><div class=\"o-posts-grid-post-image\"><a href=\"https:\/\/escoladigital.madeira.gov.pt\/eb1peecalheta\/2025\/06\/06\/dia-mundial-do-ambiente\/\"><img loading=\"lazy\" decoding=\"async\" width=\"2040\" height=\"1530\" src=\"https:\/\/escoladigital.madeira.gov.pt\/eb1peecalheta\/wp-content\/uploads\/sites\/5\/2025\/06\/ambiente.jpg\" class=\"attachment-full size-full\" alt=\"Dia Mundial do Ambiente\" srcset=\"https:\/\/escoladigital.madeira.gov.pt\/eb1peecalheta\/wp-content\/uploads\/sites\/5\/2025\/06\/ambiente.jpg 2040w, https:\/\/escoladigital.madeira.gov.pt\/eb1peecalheta\/wp-content\/uploads\/sites\/5\/2025\/06\/ambiente-300x225.jpg 300w, https:\/\/escoladigital.madeira.gov.pt\/eb1peecalheta\/wp-content\/uploads\/sites\/5\/2025\/06\/ambiente-1024x768.jpg 1024w, https:\/\/escoladigital.madeira.gov.pt\/eb1peecalheta\/wp-content\/uploads\/sites\/5\/2025\/06\/ambiente-768x576.jpg 768w, https:\/\/escoladigital.madeira.gov.pt\/eb1peecalheta\/wp-content\/uploads\/sites\/5\/2025\/06\/ambiente-1536x1152.jpg 1536w\" sizes=\"(max-width: 2040px) 100vw, 2040px\" \/><\/a><\/div><div class=\"o-posts-grid-post-body\"><span class=\"o-posts-grid-post-category\"><a href=\"https:\/\/escoladigital.madeira.gov.pt\/eb1peecalheta\/category\/eco-escolas\/\">Eco escolas<\/a><\/span><h4 class=\"o-posts-grid-post-title\"><a href=\"https:\/\/escoladigital.madeira.gov.pt\/eb1peecalheta\/2025\/06\/06\/dia-mundial-do-ambiente\/\">Dia Mundial do Ambiente<\/a><\/h4><p class=\"o-posts-grid-post-meta\">  <time datetime=\"2025-06-06T16:44:51+00:00\">6 de Junho, 2025<\/time> by <a href=\"https:\/\/escoladigital.madeira.gov.pt\/eb1peecalheta\/author\/eb1peecalheta\/\">eb1peecalheta<\/a><\/p><div class=\"o-posts-grid-post-description\"><p><\/p><\/div><\/div><\/div><\/div><div class=\"o-posts-grid-post-blog o-posts-grid-post-plain\"><div class=\"o-posts-grid-post\"><div class=\"o-posts-grid-post-image\"><a href=\"https:\/\/escoladigital.madeira.gov.pt\/eb1peecalheta\/2025\/05\/27\/projeto-depositrao\/\"><img loading=\"lazy\" decoding=\"async\" width=\"1536\" height=\"2048\" src=\"https:\/\/escoladigital.madeira.gov.pt\/eb1peecalheta\/wp-content\/uploads\/sites\/5\/2025\/05\/depositrao.jpg\" class=\"attachment-full size-full\" alt=\"Projeto Depositr\u00e3o\" srcset=\"https:\/\/escoladigital.madeira.gov.pt\/eb1peecalheta\/wp-content\/uploads\/sites\/5\/2025\/05\/depositrao.jpg 1536w, https:\/\/escoladigital.madeira.gov.pt\/eb1peecalheta\/wp-content\/uploads\/sites\/5\/2025\/05\/depositrao-225x300.jpg 225w, https:\/\/escoladigital.madeira.gov.pt\/eb1peecalheta\/wp-content\/uploads\/sites\/5\/2025\/05\/depositrao-768x1024.jpg 768w, https:\/\/escoladigital.madeira.gov.pt\/eb1peecalheta\/wp-content\/uploads\/sites\/5\/2025\/05\/depositrao-1152x1536.jpg 1152w\" sizes=\"(max-width: 1536px) 100vw, 1536px\" \/><\/a><\/div><div class=\"o-posts-grid-post-body\"><span class=\"o-posts-grid-post-category\"><a href=\"https:\/\/escoladigital.madeira.gov.pt\/eb1peecalheta\/category\/eco-escolas\/\">Eco escolas<\/a><\/span><h4 class=\"o-posts-grid-post-title\"><a href=\"https:\/\/escoladigital.madeira.gov.pt\/eb1peecalheta\/2025\/05\/27\/projeto-depositrao\/\">Projeto Depositr\u00e3o<\/a><\/h4><p class=\"o-posts-grid-post-meta\">  <time datetime=\"2025-05-27T08:22:34+00:00\">27 de Maio, 2025<\/time> by <a href=\"https:\/\/escoladigital.madeira.gov.pt\/eb1peecalheta\/author\/eb1peecalheta\/\">eb1peecalheta<\/a><\/p><div class=\"o-posts-grid-post-description\"><p><\/p><\/div><\/div><\/div><\/div><div class=\"o-posts-grid-post-blog o-posts-grid-post-plain\"><div class=\"o-posts-grid-post\"><div class=\"o-posts-grid-post-image\"><a href=\"https:\/\/escoladigital.madeira.gov.pt\/eb1peecalheta\/2025\/05\/23\/palestra-sobre-a-floresta-laurissilva\/\"><img loading=\"lazy\" decoding=\"async\" width=\"2048\" height=\"1536\" src=\"https:\/\/escoladigital.madeira.gov.pt\/eb1peecalheta\/wp-content\/uploads\/sites\/5\/2025\/05\/laurissilva.jpg\" class=\"attachment-full size-full\" alt=\"Palestra sobre a Floresta Laurissilva\" srcset=\"https:\/\/escoladigital.madeira.gov.pt\/eb1peecalheta\/wp-content\/uploads\/sites\/5\/2025\/05\/laurissilva.jpg 2048w, https:\/\/escoladigital.madeira.gov.pt\/eb1peecalheta\/wp-content\/uploads\/sites\/5\/2025\/05\/laurissilva-300x225.jpg 300w, https:\/\/escoladigital.madeira.gov.pt\/eb1peecalheta\/wp-content\/uploads\/sites\/5\/2025\/05\/laurissilva-1024x768.jpg 1024w, https:\/\/escoladigital.madeira.gov.pt\/eb1peecalheta\/wp-content\/uploads\/sites\/5\/2025\/05\/laurissilva-768x576.jpg 768w, https:\/\/escoladigital.madeira.gov.pt\/eb1peecalheta\/wp-content\/uploads\/sites\/5\/2025\/05\/laurissilva-1536x1152.jpg 1536w\" sizes=\"(max-width: 2048px) 100vw, 2048px\" \/><\/a><\/div><div class=\"o-posts-grid-post-body\"><span class=\"o-posts-grid-post-category\"><a href=\"https:\/\/escoladigital.madeira.gov.pt\/eb1peecalheta\/category\/eco-escolas\/\">Eco escolas<\/a><\/span><h4 class=\"o-posts-grid-post-title\"><a href=\"https:\/\/escoladigital.madeira.gov.pt\/eb1peecalheta\/2025\/05\/23\/palestra-sobre-a-floresta-laurissilva\/\">Palestra sobre a Floresta Laurissilva<\/a><\/h4><p class=\"o-posts-grid-post-meta\">  <time datetime=\"2025-05-23T13:58:40+00:00\">23 de Maio, 2025<\/time> by <a href=\"https:\/\/escoladigital.madeira.gov.pt\/eb1peecalheta\/author\/eb1peecalheta\/\">eb1peecalheta<\/a><\/p><div class=\"o-posts-grid-post-description\"><p><\/p><\/div><\/div><\/div><\/div><\/div> <\/div>\n\n\n<p>&nbsp;<\/p>\n\n\n\n<\/p>\n<p style=\"text-align: left\">Eco-Escolas \u00e9 um Programa de Educa\u00e7\u00e3o para o Desenvolvimento Sustent\u00e1vel promovido em Portugal pela Associa\u00e7\u00e3o Bandeira Azul da Europa (ABAE), sec\u00e7\u00e3o portuguesa da Funda\u00e7\u00e3o de Educa\u00e7\u00e3o Ambiental (FEE) e \u00e9 desenvolvido em Portugal desde 1996.<\/p>\n<p>\n\n\n<\/p>\n<p>\n\n\n<\/p>\n<p>Uma escola que adere ao Eco-Escolas compromete-se a desenvolver um conjunto de a\u00e7\u00f5es e atividades que dever\u00e3o envolver os diferentes elementos da comunidade escolar, com especial enfoque nos alunos, nos professores, nos auxiliares de a\u00e7\u00e3o educativa, nos encarregados de educa\u00e7\u00e3o e ainda da comunidade envolvente, nomeadamente o munic\u00edpio. Tem ainda a possibilidade de participa\u00e7\u00e3o na rede nacional e internacional com acesso a v\u00e1rios projetos, facilitadores do trabalho da escola na educa\u00e7\u00e3o para a sustentabilidade.<\/p>\n<p>\n\n\n<\/p>\n<p>\n\n\n<\/p>\n<p><strong>Objetivos:<\/strong><\/p>\n<p>\n\n\n<\/p>\n<p>\n\n\n<\/p>\n<p>Pretende encorajar, reconhecer e premiar o trabalho desenvolvido pela escola na melhoria do seu desempenho ambiental e sensibiliza\u00e7\u00e3o\/educa\u00e7\u00e3o para a necessidade de ado\u00e7\u00e3o de comportamentos mais sustent\u00e1veis. Visa ainda criar h\u00e1bitos de participa\u00e7\u00e3o e cidadania, tendo como objetivo principal encontrar solu\u00e7\u00f5es que permitam melhorar a qualidade de vida na escola e na comunidade.&nbsp;<\/p>\n<p>\n","protected":false},"excerpt":{"rendered":"<p>&nbsp; Eco-Escolas \u00e9 um Programa de Educa\u00e7\u00e3o para o Desenvolvimento Sustent\u00e1vel promovido em Portugal pela Associa\u00e7\u00e3o Bandeira Azul da Europa (ABAE), sec\u00e7\u00e3o portuguesa da Funda\u00e7\u00e3o de Educa\u00e7\u00e3o Ambiental (FEE) e \u00e9 desenvolvido em Portugal desde 1996. Uma escola que adere ao Eco-Escolas compromete-se a desenvolver um conjunto de a\u00e7\u00f5es e atividades que dever\u00e3o envolver os [&hellip;]<\/p>\n","protected":false},"author":21,"featured_media":0,"parent":0,"menu_order":0,"comment_status":"closed","ping_status":"closed","template":"","meta":{"site-sidebar-layout":"no-sidebar","site-content-layout":"","ast-site-content-layout":"full-width-container","site-content-style":"default","site-sidebar-style":"default","ast-global-header-display":"","ast-banner-title-visibility":"","ast-main-header-display":"","ast-hfb-above-header-display":"","ast-hfb-below-header-display":"","ast-hfb-mobile-header-display":"","site-post-title":"","ast-breadcrumbs-content":"","ast-featured-img":"disabled","footer-sml-layout":"","ast-disable-related-posts":"","theme-transparent-header-meta":"","adv-header-id-meta":"","stick-header-meta":"","header-above-stick-meta":"","header-main-stick-meta":"","header-below-stick-meta":"","astra-migrate-meta-layouts":"default","ast-page-background-enabled":"default","ast-page-background-meta":{"desktop":{"background-color":"var(--ast-global-color-4)","background-image":"","background-repeat":"repeat","background-position":"center center","background-size":"auto","background-attachment":"scroll","background-type":"","background-media":"","overlay-type":"","overlay-color":"","overlay-opacity":"","overlay-gradient":""},"tablet":{"background-color":"","background-image":"","background-repeat":"repeat","background-position":"center center","background-size":"auto","background-attachment":"scroll","background-type":"","background-media":"","overlay-type":"","overlay-color":"","overlay-opacity":"","overlay-gradient":""},"mobile":{"background-color":"","background-image":"","background-repeat":"repeat","background-position":"center center","background-size":"auto","background-attachment":"scroll","background-type":"","background-media":"","overlay-type":"","overlay-color":"","overlay-opacity":"","overlay-gradient":""}},"ast-content-background-meta":{"desktop":{"background-color":"var(--ast-global-color-5)","background-image":"","background-repeat":"repeat","background-position":"center center","background-size":"auto","background-attachment":"scroll","background-type":"","background-media":"","overlay-type":"","overlay-color":"","overlay-opacity":"","overlay-gradient":""},"tablet":{"background-color":"var(--ast-global-color-5)","background-image":"","background-repeat":"repeat","background-position":"center center","background-size":"auto","background-attachment":"scroll","background-type":"","background-media":"","overlay-type":"","overlay-color":"","overlay-opacity":"","overlay-gradient":""},"mobile":{"background-color":"var(--ast-global-color-5)","background-image":"","background-repeat":"repeat","background-position":"center center","background-size":"auto","background-attachment":"scroll","background-type":"","background-media":"","overlay-type":"","overlay-color":"","overlay-opacity":"","overlay-gradient":""}},"_themeisle_gutenberg_block_has_review":false,"footnotes":""},"class_list":["post-1585","page","type-page","status-publish","hentry"],"_links":{"self":[{"href":"https:\/\/escoladigital.madeira.gov.pt\/eb1peecalheta\/wp-json\/wp\/v2\/pages\/1585","targetHints":{"allow":["GET"]}}],"collection":[{"href":"https:\/\/escoladigital.madeira.gov.pt\/eb1peecalheta\/wp-json\/wp\/v2\/pages"}],"about":[{"href":"https:\/\/escoladigital.madeira.gov.pt\/eb1peecalheta\/wp-json\/wp\/v2\/types\/page"}],"author":[{"embeddable":true,"href":"https:\/\/escoladigital.madeira.gov.pt\/eb1peecalheta\/wp-json\/wp\/v2\/users\/21"}],"replies":[{"embeddable":true,"href":"https:\/\/escoladigital.madeira.gov.pt\/eb1peecalheta\/wp-json\/wp\/v2\/comments?post=1585"}],"version-history":[{"count":15,"href":"https:\/\/escoladigital.madeira.gov.pt\/eb1peecalheta\/wp-json\/wp\/v2\/pages\/1585\/revisions"}],"predecessor-version":[{"id":2946,"href":"https:\/\/escoladigital.madeira.gov.pt\/eb1peecalheta\/wp-json\/wp\/v2\/pages\/1585\/revisions\/2946"}],"wp:attachment":[{"href":"https:\/\/escoladigital.madeira.gov.pt\/eb1peecalheta\/wp-json\/wp\/v2\/media?parent=1585"}],"curies":[{"name":"wp","href":"https:\/\/api.w.org\/{rel}","templated":true}]}}