{"id":1668,"date":"2024-03-14T14:19:11","date_gmt":"2024-03-14T14:19:11","guid":{"rendered":"https:\/\/escoladigital.madeira.gov.pt\/eb1peecalheta\/?page_id=1668"},"modified":"2024-11-22T11:25:06","modified_gmt":"2024-11-22T11:25:06","slug":"bau-de-leitura","status":"publish","type":"page","link":"https:\/\/escoladigital.madeira.gov.pt\/eb1peecalheta\/bau-de-leitura\/","title":{"rendered":"Projeto Ba\u00fa de Leitura"},"content":{"rendered":"<p>\u00a0<img decoding=\"async\" class=\"aligncenter\" src=\"https:\/\/escoladigital.madeira.gov.pt\/eb1peecalheta\/wp-content\/uploads\/sites\/5\/2024\/03\/logo_bau_leitura-1.png\" alt=\"\" width=\"210\" height=\"225\" \/><\/p>\n<h2>\u00a0<\/h2>\n\n\n<p>&nbsp;O Ba\u00fa de Leitura \u00e9 um projeto escolar da Secretaria Regional da Educa\u00e7\u00e3o, implementado na Regi\u00e3o Aut\u00f3noma da Madeira em 2001, com o apoio da Funda\u00e7\u00e3o Gulbenkian.<\/p>\n\n\n\n<p><\/p>\n\n\n\n<p><strong><em>Objetivo:<\/em><\/strong><\/p>\n\n\n\n<p>Promover h\u00e1bitos de leitura e escrita, junto dos alunos de todos os n\u00edveis de ensino. <\/p>\n\n\n\n<p>Permitir a partilha de recursos entre as escolas.<\/p>\n\n\n\n<p><\/p>\n","protected":false},"excerpt":{"rendered":"<p>\u00a0 \u00a0 &nbsp;O Ba\u00fa de Leitura \u00e9 um projeto escolar da Secretaria Regional da Educa\u00e7\u00e3o, implementado na Regi\u00e3o Aut\u00f3noma da Madeira em 2001, com o apoio da Funda\u00e7\u00e3o Gulbenkian. Objetivo: Promover h\u00e1bitos de leitura e escrita, junto dos alunos de todos os n\u00edveis de ensino. Permitir a partilha de recursos entre as escolas.<\/p>\n","protected":false},"author":6,"featured_media":0,"parent":0,"menu_order":0,"comment_status":"closed","ping_status":"closed","template":"","meta":{"site-sidebar-layout":"no-sidebar","site-content-layout":"","ast-site-content-layout":"normal-width-container","site-content-style":"boxed","site-sidebar-style":"boxed","ast-global-header-display":"","ast-banner-title-visibility":"","ast-main-header-display":"","ast-hfb-above-header-display":"","ast-hfb-below-header-display":"","ast-hfb-mobile-header-display":"","site-post-title":"","ast-breadcrumbs-content":"","ast-featured-img":"","footer-sml-layout":"","ast-disable-related-posts":"","theme-transparent-header-meta":"","adv-header-id-meta":"","stick-header-meta":"","header-above-stick-meta":"","header-main-stick-meta":"","header-below-stick-meta":"","astra-migrate-meta-layouts":"default","ast-page-background-enabled":"default","ast-page-background-meta":{"desktop":{"background-color":"var(--ast-global-color-4)","background-image":"","background-repeat":"repeat","background-position":"center center","background-size":"auto","background-attachment":"scroll","background-type":"","background-media":"","overlay-type":"","overlay-color":"","overlay-opacity":"","overlay-gradient":""},"tablet":{"background-color":"","background-image":"","background-repeat":"repeat","background-position":"center center","background-size":"auto","background-attachment":"scroll","background-type":"","background-media":"","overlay-type":"","overlay-color":"","overlay-opacity":"","overlay-gradient":""},"mobile":{"background-color":"","background-image":"","background-repeat":"repeat","background-position":"center center","background-size":"auto","background-attachment":"scroll","background-type":"","background-media":"","overlay-type":"","overlay-color":"","overlay-opacity":"","overlay-gradient":""}},"ast-content-background-meta":{"desktop":{"background-color":"var(--ast-global-color-5)","background-image":"","background-repeat":"repeat","background-position":"center center","background-size":"auto","background-attachment":"scroll","background-type":"","background-media":"","overlay-type":"","overlay-color":"","overlay-opacity":"","overlay-gradient":""},"tablet":{"background-color":"var(--ast-global-color-5)","background-image":"","background-repeat":"repeat","background-position":"center center","background-size":"auto","background-attachment":"scroll","background-type":"","background-media":"","overlay-type":"","overlay-color":"","overlay-opacity":"","overlay-gradient":""},"mobile":{"background-color":"var(--ast-global-color-5)","background-image":"","background-repeat":"repeat","background-position":"center center","background-size":"auto","background-attachment":"scroll","background-type":"","background-media":"","overlay-type":"","overlay-color":"","overlay-opacity":"","overlay-gradient":""}},"_themeisle_gutenberg_block_has_review":false,"footnotes":""},"class_list":["post-1668","page","type-page","status-publish","hentry"],"_links":{"self":[{"href":"https:\/\/escoladigital.madeira.gov.pt\/eb1peecalheta\/wp-json\/wp\/v2\/pages\/1668","targetHints":{"allow":["GET"]}}],"collection":[{"href":"https:\/\/escoladigital.madeira.gov.pt\/eb1peecalheta\/wp-json\/wp\/v2\/pages"}],"about":[{"href":"https:\/\/escoladigital.madeira.gov.pt\/eb1peecalheta\/wp-json\/wp\/v2\/types\/page"}],"author":[{"embeddable":true,"href":"https:\/\/escoladigital.madeira.gov.pt\/eb1peecalheta\/wp-json\/wp\/v2\/users\/6"}],"replies":[{"embeddable":true,"href":"https:\/\/escoladigital.madeira.gov.pt\/eb1peecalheta\/wp-json\/wp\/v2\/comments?post=1668"}],"version-history":[{"count":15,"href":"https:\/\/escoladigital.madeira.gov.pt\/eb1peecalheta\/wp-json\/wp\/v2\/pages\/1668\/revisions"}],"predecessor-version":[{"id":2672,"href":"https:\/\/escoladigital.madeira.gov.pt\/eb1peecalheta\/wp-json\/wp\/v2\/pages\/1668\/revisions\/2672"}],"wp:attachment":[{"href":"https:\/\/escoladigital.madeira.gov.pt\/eb1peecalheta\/wp-json\/wp\/v2\/media?parent=1668"}],"curies":[{"name":"wp","href":"https:\/\/api.w.org\/{rel}","templated":true}]}}