{"id":2949,"date":"2025-02-27T11:34:20","date_gmt":"2025-02-27T11:34:20","guid":{"rendered":"https:\/\/escoladigital.madeira.gov.pt\/eb1peecalheta\/?page_id=2949"},"modified":"2026-02-10T12:39:41","modified_gmt":"2026-02-10T12:39:41","slug":"desporto","status":"publish","type":"page","link":"https:\/\/escoladigital.madeira.gov.pt\/eb1peecalheta\/desporto\/","title":{"rendered":"Educa\u00e7\u00e3o F\u00edsica e Motora &#8211; Desporto"},"content":{"rendered":"<div class=\"is-style-boxed wp-block-themeisle-blocks-posts-grid\" id=\"wp-block-themeisle-blocks-posts-grid-5c40b34b\"><div class=\"is-list\"><div class=\"o-posts-grid-post-blog o-posts-grid-post-plain\"><div class=\"o-posts-grid-post\"><div class=\"o-posts-grid-post-image\"><a href=\"https:\/\/escoladigital.madeira.gov.pt\/eb1peecalheta\/2026\/03\/24\/basquetebol-na-cidade\/\"><img fetchpriority=\"high\" decoding=\"async\" width=\"1500\" height=\"2000\" src=\"https:\/\/escoladigital.madeira.gov.pt\/eb1peecalheta\/wp-content\/uploads\/sites\/5\/2026\/03\/basquetebol.jpg\" class=\"attachment-full size-full\" alt=\"Basquetebol na Cidade\" srcset=\"https:\/\/escoladigital.madeira.gov.pt\/eb1peecalheta\/wp-content\/uploads\/sites\/5\/2026\/03\/basquetebol.jpg 1500w, https:\/\/escoladigital.madeira.gov.pt\/eb1peecalheta\/wp-content\/uploads\/sites\/5\/2026\/03\/basquetebol-225x300.jpg 225w, https:\/\/escoladigital.madeira.gov.pt\/eb1peecalheta\/wp-content\/uploads\/sites\/5\/2026\/03\/basquetebol-768x1024.jpg 768w, https:\/\/escoladigital.madeira.gov.pt\/eb1peecalheta\/wp-content\/uploads\/sites\/5\/2026\/03\/basquetebol-1152x1536.jpg 1152w\" sizes=\"(max-width: 1500px) 100vw, 1500px\" \/><\/a><\/div><div class=\"o-posts-grid-post-body\"><span class=\"o-posts-grid-post-category\"><a href=\"https:\/\/escoladigital.madeira.gov.pt\/eb1peecalheta\/category\/desporto\/\">Desporto<\/a><\/span><h4 class=\"o-posts-grid-post-title\"><a href=\"https:\/\/escoladigital.madeira.gov.pt\/eb1peecalheta\/2026\/03\/24\/basquetebol-na-cidade\/\">Basquetebol na Cidade<\/a><\/h4><p class=\"o-posts-grid-post-meta\">  <time datetime=\"2026-03-24T15:51:44+00:00\">24 de Mar\u00e7o, 2026<\/time> by <a href=\"https:\/\/escoladigital.madeira.gov.pt\/eb1peecalheta\/author\/eb1peecalheta\/\">eb1peecalheta<\/a><\/p><div class=\"o-posts-grid-post-description\"><p><\/p><\/div><\/div><\/div><\/div><div class=\"o-posts-grid-post-blog o-posts-grid-post-plain\"><div class=\"o-posts-grid-post\"><div class=\"o-posts-grid-post-image\"><a href=\"https:\/\/escoladigital.madeira.gov.pt\/eb1peecalheta\/2026\/03\/13\/desporto-escolar-madeira-andebol-e-voleibol\/\"><img decoding=\"async\" width=\"2000\" height=\"1500\" src=\"https:\/\/escoladigital.madeira.gov.pt\/eb1peecalheta\/wp-content\/uploads\/sites\/5\/2026\/03\/andebol-volei.jpg\" class=\"attachment-full size-full\" alt=\"Desporto Escolar Madeira &#8211; Andebol e Voleibol\" srcset=\"https:\/\/escoladigital.madeira.gov.pt\/eb1peecalheta\/wp-content\/uploads\/sites\/5\/2026\/03\/andebol-volei.jpg 2000w, https:\/\/escoladigital.madeira.gov.pt\/eb1peecalheta\/wp-content\/uploads\/sites\/5\/2026\/03\/andebol-volei-300x225.jpg 300w, https:\/\/escoladigital.madeira.gov.pt\/eb1peecalheta\/wp-content\/uploads\/sites\/5\/2026\/03\/andebol-volei-1024x768.jpg 1024w, https:\/\/escoladigital.madeira.gov.pt\/eb1peecalheta\/wp-content\/uploads\/sites\/5\/2026\/03\/andebol-volei-768x576.jpg 768w, https:\/\/escoladigital.madeira.gov.pt\/eb1peecalheta\/wp-content\/uploads\/sites\/5\/2026\/03\/andebol-volei-1536x1152.jpg 1536w\" sizes=\"(max-width: 2000px) 100vw, 2000px\" \/><\/a><\/div><div class=\"o-posts-grid-post-body\"><span class=\"o-posts-grid-post-category\"><a href=\"https:\/\/escoladigital.madeira.gov.pt\/eb1peecalheta\/category\/desporto\/\">Desporto<\/a><\/span><h4 class=\"o-posts-grid-post-title\"><a href=\"https:\/\/escoladigital.madeira.gov.pt\/eb1peecalheta\/2026\/03\/13\/desporto-escolar-madeira-andebol-e-voleibol\/\">Desporto Escolar Madeira &#8211; Andebol e Voleibol<\/a><\/h4><p class=\"o-posts-grid-post-meta\">  <time datetime=\"2026-03-13T12:36:44+00:00\">13 de Mar\u00e7o, 2026<\/time> by <a href=\"https:\/\/escoladigital.madeira.gov.pt\/eb1peecalheta\/author\/eb1peecalheta\/\">eb1peecalheta<\/a><\/p><div class=\"o-posts-grid-post-description\"><p><\/p><\/div><\/div><\/div><\/div><div class=\"o-posts-grid-post-blog o-posts-grid-post-plain\"><div class=\"o-posts-grid-post\"><div class=\"o-posts-grid-post-image\"><a href=\"https:\/\/escoladigital.madeira.gov.pt\/eb1peecalheta\/2026\/03\/04\/inicio-das-aulas-de-natacao-para-as-turmas-do-1o-e-2o-anos\/\"><img decoding=\"async\" width=\"2000\" height=\"1500\" src=\"https:\/\/escoladigital.madeira.gov.pt\/eb1peecalheta\/wp-content\/uploads\/sites\/5\/2026\/03\/natacao.jpg\" class=\"attachment-full size-full\" alt=\"In\u00edcio das aulas de nata\u00e7\u00e3o para as turmas do 1\u00ba e 2\u00ba anos\" srcset=\"https:\/\/escoladigital.madeira.gov.pt\/eb1peecalheta\/wp-content\/uploads\/sites\/5\/2026\/03\/natacao.jpg 2000w, https:\/\/escoladigital.madeira.gov.pt\/eb1peecalheta\/wp-content\/uploads\/sites\/5\/2026\/03\/natacao-300x225.jpg 300w, https:\/\/escoladigital.madeira.gov.pt\/eb1peecalheta\/wp-content\/uploads\/sites\/5\/2026\/03\/natacao-1024x768.jpg 1024w, https:\/\/escoladigital.madeira.gov.pt\/eb1peecalheta\/wp-content\/uploads\/sites\/5\/2026\/03\/natacao-768x576.jpg 768w, https:\/\/escoladigital.madeira.gov.pt\/eb1peecalheta\/wp-content\/uploads\/sites\/5\/2026\/03\/natacao-1536x1152.jpg 1536w\" sizes=\"(max-width: 2000px) 100vw, 2000px\" \/><\/a><\/div><div class=\"o-posts-grid-post-body\"><span class=\"o-posts-grid-post-category\"><a href=\"https:\/\/escoladigital.madeira.gov.pt\/eb1peecalheta\/category\/desporto\/\">Desporto<\/a><\/span><h4 class=\"o-posts-grid-post-title\"><a href=\"https:\/\/escoladigital.madeira.gov.pt\/eb1peecalheta\/2026\/03\/04\/inicio-das-aulas-de-natacao-para-as-turmas-do-1o-e-2o-anos\/\">In\u00edcio das aulas de nata\u00e7\u00e3o para as turmas do 1\u00ba e 2\u00ba anos<\/a><\/h4><p class=\"o-posts-grid-post-meta\">  <time datetime=\"2026-03-04T11:03:47+00:00\">4 de Mar\u00e7o, 2026<\/time> by <a href=\"https:\/\/escoladigital.madeira.gov.pt\/eb1peecalheta\/author\/eb1peecalheta\/\">eb1peecalheta<\/a><\/p><div class=\"o-posts-grid-post-description\"><p><\/p><\/div><\/div><\/div><\/div><div class=\"o-posts-grid-post-blog o-posts-grid-post-plain\"><div class=\"o-posts-grid-post\"><div class=\"o-posts-grid-post-image\"><a href=\"https:\/\/escoladigital.madeira.gov.pt\/eb1peecalheta\/2026\/02\/20\/festival-da-natacao-da-calheta-3\/\"><img loading=\"lazy\" decoding=\"async\" width=\"2040\" height=\"1530\" src=\"https:\/\/escoladigital.madeira.gov.pt\/eb1peecalheta\/wp-content\/uploads\/sites\/5\/2026\/02\/festival-natacao.jpg\" class=\"attachment-full size-full\" alt=\"Festival da Nata\u00e7\u00e3o da Calheta\" srcset=\"https:\/\/escoladigital.madeira.gov.pt\/eb1peecalheta\/wp-content\/uploads\/sites\/5\/2026\/02\/festival-natacao.jpg 2040w, https:\/\/escoladigital.madeira.gov.pt\/eb1peecalheta\/wp-content\/uploads\/sites\/5\/2026\/02\/festival-natacao-300x225.jpg 300w, https:\/\/escoladigital.madeira.gov.pt\/eb1peecalheta\/wp-content\/uploads\/sites\/5\/2026\/02\/festival-natacao-1024x768.jpg 1024w, https:\/\/escoladigital.madeira.gov.pt\/eb1peecalheta\/wp-content\/uploads\/sites\/5\/2026\/02\/festival-natacao-768x576.jpg 768w, https:\/\/escoladigital.madeira.gov.pt\/eb1peecalheta\/wp-content\/uploads\/sites\/5\/2026\/02\/festival-natacao-1536x1152.jpg 1536w\" sizes=\"(max-width: 2040px) 100vw, 2040px\" \/><\/a><\/div><div class=\"o-posts-grid-post-body\"><span class=\"o-posts-grid-post-category\"><a href=\"https:\/\/escoladigital.madeira.gov.pt\/eb1peecalheta\/category\/desporto\/\">Desporto<\/a><\/span><h4 class=\"o-posts-grid-post-title\"><a href=\"https:\/\/escoladigital.madeira.gov.pt\/eb1peecalheta\/2026\/02\/20\/festival-da-natacao-da-calheta-3\/\">Festival da Nata\u00e7\u00e3o da Calheta<\/a><\/h4><p class=\"o-posts-grid-post-meta\">  <time datetime=\"2026-02-20T10:32:31+00:00\">20 de Fevereiro, 2026<\/time> by <a href=\"https:\/\/escoladigital.madeira.gov.pt\/eb1peecalheta\/author\/eb1peecalheta\/\">eb1peecalheta<\/a><\/p><div class=\"o-posts-grid-post-description\"><p><\/p><\/div><\/div><\/div><\/div><div class=\"o-posts-grid-post-blog o-posts-grid-post-plain\"><div class=\"o-posts-grid-post\"><div class=\"o-posts-grid-post-image\"><a href=\"https:\/\/escoladigital.madeira.gov.pt\/eb1peecalheta\/2026\/02\/20\/tenis-2o-momento\/\"><img loading=\"lazy\" decoding=\"async\" width=\"2000\" height=\"1500\" src=\"https:\/\/escoladigital.madeira.gov.pt\/eb1peecalheta\/wp-content\/uploads\/sites\/5\/2026\/02\/tenis2.jpg\" class=\"attachment-full size-full\" alt=\"T\u00e9nis 2\u00ba momento\" srcset=\"https:\/\/escoladigital.madeira.gov.pt\/eb1peecalheta\/wp-content\/uploads\/sites\/5\/2026\/02\/tenis2.jpg 2000w, https:\/\/escoladigital.madeira.gov.pt\/eb1peecalheta\/wp-content\/uploads\/sites\/5\/2026\/02\/tenis2-300x225.jpg 300w, https:\/\/escoladigital.madeira.gov.pt\/eb1peecalheta\/wp-content\/uploads\/sites\/5\/2026\/02\/tenis2-1024x768.jpg 1024w, https:\/\/escoladigital.madeira.gov.pt\/eb1peecalheta\/wp-content\/uploads\/sites\/5\/2026\/02\/tenis2-768x576.jpg 768w, https:\/\/escoladigital.madeira.gov.pt\/eb1peecalheta\/wp-content\/uploads\/sites\/5\/2026\/02\/tenis2-1536x1152.jpg 1536w\" sizes=\"(max-width: 2000px) 100vw, 2000px\" \/><\/a><\/div><div class=\"o-posts-grid-post-body\"><span class=\"o-posts-grid-post-category\"><a href=\"https:\/\/escoladigital.madeira.gov.pt\/eb1peecalheta\/category\/desporto\/\">Desporto<\/a><\/span><h4 class=\"o-posts-grid-post-title\"><a href=\"https:\/\/escoladigital.madeira.gov.pt\/eb1peecalheta\/2026\/02\/20\/tenis-2o-momento\/\">T\u00e9nis 2\u00ba momento<\/a><\/h4><p class=\"o-posts-grid-post-meta\">  <time datetime=\"2026-02-20T10:24:52+00:00\">20 de Fevereiro, 2026<\/time> by <a href=\"https:\/\/escoladigital.madeira.gov.pt\/eb1peecalheta\/author\/eb1peecalheta\/\">eb1peecalheta<\/a><\/p><div class=\"o-posts-grid-post-description\"><p><\/p><\/div><\/div><\/div><\/div><div class=\"o-posts-grid-post-blog o-posts-grid-post-plain\"><div class=\"o-posts-grid-post\"><div class=\"o-posts-grid-post-image\"><a href=\"https:\/\/escoladigital.madeira.gov.pt\/eb1peecalheta\/2026\/01\/28\/tenis-desporto-escolar\/\"><img loading=\"lazy\" decoding=\"async\" width=\"1600\" height=\"747\" src=\"https:\/\/escoladigital.madeira.gov.pt\/eb1peecalheta\/wp-content\/uploads\/sites\/5\/2026\/01\/tenis.jpg\" class=\"attachment-full size-full\" alt=\"T\u00e9nis &#8211; Desporto Escolar\" srcset=\"https:\/\/escoladigital.madeira.gov.pt\/eb1peecalheta\/wp-content\/uploads\/sites\/5\/2026\/01\/tenis.jpg 1600w, https:\/\/escoladigital.madeira.gov.pt\/eb1peecalheta\/wp-content\/uploads\/sites\/5\/2026\/01\/tenis-300x140.jpg 300w, https:\/\/escoladigital.madeira.gov.pt\/eb1peecalheta\/wp-content\/uploads\/sites\/5\/2026\/01\/tenis-1024x478.jpg 1024w, https:\/\/escoladigital.madeira.gov.pt\/eb1peecalheta\/wp-content\/uploads\/sites\/5\/2026\/01\/tenis-768x359.jpg 768w, https:\/\/escoladigital.madeira.gov.pt\/eb1peecalheta\/wp-content\/uploads\/sites\/5\/2026\/01\/tenis-1536x717.jpg 1536w\" sizes=\"(max-width: 1600px) 100vw, 1600px\" \/><\/a><\/div><div class=\"o-posts-grid-post-body\"><span class=\"o-posts-grid-post-category\"><a href=\"https:\/\/escoladigital.madeira.gov.pt\/eb1peecalheta\/category\/desporto\/\">Desporto<\/a><\/span><h4 class=\"o-posts-grid-post-title\"><a href=\"https:\/\/escoladigital.madeira.gov.pt\/eb1peecalheta\/2026\/01\/28\/tenis-desporto-escolar\/\">T\u00e9nis &#8211; Desporto Escolar<\/a><\/h4><p class=\"o-posts-grid-post-meta\">  <time datetime=\"2026-01-28T11:16:09+00:00\">28 de Janeiro, 2026<\/time> by <a href=\"https:\/\/escoladigital.madeira.gov.pt\/eb1peecalheta\/author\/eb1peecalheta\/\">eb1peecalheta<\/a><\/p><div class=\"o-posts-grid-post-description\"><p><\/p><\/div><\/div><\/div><\/div><\/div> <\/div>","protected":false},"excerpt":{"rendered":"","protected":false},"author":6,"featured_media":0,"parent":0,"menu_order":0,"comment_status":"closed","ping_status":"closed","template":"","meta":{"site-sidebar-layout":"default","site-content-layout":"","ast-site-content-layout":"full-width-container","site-content-style":"boxed","site-sidebar-style":"default","ast-global-header-display":"","ast-banner-title-visibility":"","ast-main-header-display":"","ast-hfb-above-header-display":"","ast-hfb-below-header-display":"","ast-hfb-mobile-header-display":"","site-post-title":"","ast-breadcrumbs-content":"","ast-featured-img":"","footer-sml-layout":"","ast-disable-related-posts":"","theme-transparent-header-meta":"","adv-header-id-meta":"","stick-header-meta":"","header-above-stick-meta":"","header-main-stick-meta":"","header-below-stick-meta":"","astra-migrate-meta-layouts":"default","ast-page-background-enabled":"default","ast-page-background-meta":{"desktop":{"background-color":"var(--ast-global-color-4)","background-image":"","background-repeat":"repeat","background-position":"center center","background-size":"auto","background-attachment":"scroll","background-type":"","background-media":"","overlay-type":"","overlay-color":"","overlay-opacity":"","overlay-gradient":""},"tablet":{"background-color":"","background-image":"","background-repeat":"repeat","background-position":"center center","background-size":"auto","background-attachment":"scroll","background-type":"","background-media":"","overlay-type":"","overlay-color":"","overlay-opacity":"","overlay-gradient":""},"mobile":{"background-color":"","background-image":"","background-repeat":"repeat","background-position":"center center","background-size":"auto","background-attachment":"scroll","background-type":"","background-media":"","overlay-type":"","overlay-color":"","overlay-opacity":"","overlay-gradient":""}},"ast-content-background-meta":{"desktop":{"background-color":"var(--ast-global-color-5)","background-image":"","background-repeat":"repeat","background-position":"center center","background-size":"auto","background-attachment":"scroll","background-type":"","background-media":"","overlay-type":"","overlay-color":"","overlay-opacity":"","overlay-gradient":""},"tablet":{"background-color":"var(--ast-global-color-5)","background-image":"","background-repeat":"repeat","background-position":"center center","background-size":"auto","background-attachment":"scroll","background-type":"","background-media":"","overlay-type":"","overlay-color":"","overlay-opacity":"","overlay-gradient":""},"mobile":{"background-color":"var(--ast-global-color-5)","background-image":"","background-repeat":"repeat","background-position":"center center","background-size":"auto","background-attachment":"scroll","background-type":"","background-media":"","overlay-type":"","overlay-color":"","overlay-opacity":"","overlay-gradient":""}},"_themeisle_gutenberg_block_has_review":false,"footnotes":""},"class_list":["post-2949","page","type-page","status-publish","hentry"],"_links":{"self":[{"href":"https:\/\/escoladigital.madeira.gov.pt\/eb1peecalheta\/wp-json\/wp\/v2\/pages\/2949","targetHints":{"allow":["GET"]}}],"collection":[{"href":"https:\/\/escoladigital.madeira.gov.pt\/eb1peecalheta\/wp-json\/wp\/v2\/pages"}],"about":[{"href":"https:\/\/escoladigital.madeira.gov.pt\/eb1peecalheta\/wp-json\/wp\/v2\/types\/page"}],"author":[{"embeddable":true,"href":"https:\/\/escoladigital.madeira.gov.pt\/eb1peecalheta\/wp-json\/wp\/v2\/users\/6"}],"replies":[{"embeddable":true,"href":"https:\/\/escoladigital.madeira.gov.pt\/eb1peecalheta\/wp-json\/wp\/v2\/comments?post=2949"}],"version-history":[{"count":3,"href":"https:\/\/escoladigital.madeira.gov.pt\/eb1peecalheta\/wp-json\/wp\/v2\/pages\/2949\/revisions"}],"predecessor-version":[{"id":2953,"href":"https:\/\/escoladigital.madeira.gov.pt\/eb1peecalheta\/wp-json\/wp\/v2\/pages\/2949\/revisions\/2953"}],"wp:attachment":[{"href":"https:\/\/escoladigital.madeira.gov.pt\/eb1peecalheta\/wp-json\/wp\/v2\/media?parent=2949"}],"curies":[{"name":"wp","href":"https:\/\/api.w.org\/{rel}","templated":true}]}}