{"id":65,"date":"2024-01-04T15:33:15","date_gmt":"2024-01-04T15:33:15","guid":{"rendered":"https:\/\/escoladigital.madeira.gov.pt\/eb1peecalheta\/?page_id=65"},"modified":"2024-02-02T12:40:34","modified_gmt":"2024-02-02T12:40:34","slug":"quem-somos","status":"publish","type":"page","link":"https:\/\/escoladigital.madeira.gov.pt\/eb1peecalheta\/quem-somos\/","title":{"rendered":"Quem somos &#8230;"},"content":{"rendered":"\t\t<div data-elementor-type=\"wp-page\" data-elementor-id=\"65\" class=\"elementor elementor-65\">\n\t\t\t\t<div class=\"elementor-element elementor-element-2cfe49d e-flex e-con-boxed e-con e-parent\" data-id=\"2cfe49d\" data-element_type=\"container\" data-e-type=\"container\">\n\t\t\t\t\t<div class=\"e-con-inner\">\n\t\t<div class=\"elementor-element elementor-element-d62bcea e-con-full e-flex e-con e-child\" data-id=\"d62bcea\" data-element_type=\"container\" data-e-type=\"container\">\n\t\t\t\t<div class=\"elementor-element elementor-element-f293619 elementor-widget elementor-widget-text-editor\" data-id=\"f293619\" data-element_type=\"widget\" data-e-type=\"widget\" data-widget_type=\"text-editor.default\">\n\t\t\t\t<div class=\"elementor-widget-container\">\n\t\t\t\t\t\t\t\t\t<p>Vis\u00e3o<\/p>\n<p>\uf0b7 Promover o desenvolvimento integral dos alunos\/crian\u00e7as, baseado nos valores e compet\u00eancias;<\/p>\n<p>\uf0b7 Adotar pr\u00e1ticas inovadoras e significativas;<\/p>\n<p>\uf0b7 Potenciar a participa\u00e7\u00e3o dos encarregados de educa\u00e7\u00e3o como intervenientes ativos na escola;\u00a0<\/p>\t\t\t\t\t\t\t\t<\/div>\n\t\t\t\t<\/div>\n\t\t\t\t<div class=\"elementor-element elementor-element-be80d87 elementor-widget elementor-widget-text-editor\" data-id=\"be80d87\" data-element_type=\"widget\" data-e-type=\"widget\" data-widget_type=\"text-editor.default\">\n\t\t\t\t<div class=\"elementor-widget-container\">\n\t\t\t\t\t\t\t\t\t<p>Miss\u00e3o<\/p>\n<p>\uf0b7 Prestar um servi\u00e7o educativo de excel\u00eancia, reunindo as melhores condi\u00e7\u00f5es para aprendizagens significativas e o sucesso dos alunos\/crian\u00e7as;<\/p>\n<p>\uf0b7 Dotar os alunos\/crian\u00e7as de compet\u00eancias para que sejam cidad\u00e3os aut\u00f3nomos, respons\u00e1veis e cr\u00edticos na sociedade, adaptando-se \u00e0 sua constante evolu\u00e7\u00e3o;<\/p>\n<p>\uf0b7 Potenciar uma cidadania ativa.<\/p>\t\t\t\t\t\t\t\t<\/div>\n\t\t\t\t<\/div>\n\t\t\t\t<\/div>\n\t\t<div class=\"elementor-element elementor-element-7ef6f70 e-con-full e-flex e-con e-child\" data-id=\"7ef6f70\" data-element_type=\"container\" data-e-type=\"container\">\n\t\t\t\t<div class=\"elementor-element elementor-element-afd4f2f elementor-widget elementor-widget-image\" data-id=\"afd4f2f\" data-element_type=\"widget\" data-e-type=\"widget\" data-widget_type=\"image.default\">\n\t\t\t\t<div class=\"elementor-widget-container\">\n\t\t\t\t\t\t\t\t\t\t\t\t\t\t\t<img decoding=\"async\" src=\"https:\/\/escoladigital.madeira.gov.pt\/eb1peecalheta\/wp-content\/uploads\/sites\/5\/2024\/01\/escola2.jpg\" title=\"\" alt=\"\" loading=\"lazy\" \/>\t\t\t\t\t\t\t\t\t\t\t\t\t\t\t<\/div>\n\t\t\t\t<\/div>\n\t\t\t\t<\/div>\n\t\t<div class=\"elementor-element elementor-element-1c8b936 e-con-full e-flex e-con e-child\" data-id=\"1c8b936\" data-element_type=\"container\" data-e-type=\"container\">\n\t\t\t\t<\/div>\n\t\t<div class=\"elementor-element elementor-element-1e2d02f e-con-full e-flex e-con e-child\" data-id=\"1e2d02f\" data-element_type=\"container\" data-e-type=\"container\">\n\t\t\t\t<\/div>\n\t\t\t\t\t<\/div>\n\t\t\t\t<\/div>\n\t\t<div class=\"elementor-element elementor-element-dd4b992 e-flex e-con-boxed e-con e-parent\" data-id=\"dd4b992\" data-element_type=\"container\" data-e-type=\"container\">\n\t\t\t\t\t<div class=\"e-con-inner\">\n\t\t\t\t\t<\/div>\n\t\t\t\t<\/div>\n\t\t\t\t<\/div>\n\t\t","protected":false},"excerpt":{"rendered":"<p>Vis\u00e3o \uf0b7 Promover o desenvolvimento integral dos alunos\/crian\u00e7as, baseado nos valores e compet\u00eancias; \uf0b7 Adotar pr\u00e1ticas inovadoras e significativas; \uf0b7 Potenciar a participa\u00e7\u00e3o dos encarregados de educa\u00e7\u00e3o como intervenientes ativos na escola;\u00a0 Miss\u00e3o \uf0b7 Prestar um servi\u00e7o educativo de excel\u00eancia, reunindo as melhores condi\u00e7\u00f5es para aprendizagens significativas e o sucesso dos alunos\/crian\u00e7as; \uf0b7 Dotar os [&hellip;]<\/p>\n","protected":false},"author":6,"featured_media":0,"parent":0,"menu_order":0,"comment_status":"closed","ping_status":"closed","template":"templates\/wpmm-page-template.php","meta":{"site-sidebar-layout":"default","site-content-layout":"","ast-site-content-layout":"default","site-content-style":"default","site-sidebar-style":"default","ast-global-header-display":"","ast-banner-title-visibility":"","ast-main-header-display":"","ast-hfb-above-header-display":"","ast-hfb-below-header-display":"","ast-hfb-mobile-header-display":"","site-post-title":"","ast-breadcrumbs-content":"","ast-featured-img":"","footer-sml-layout":"","ast-disable-related-posts":"","theme-transparent-header-meta":"","adv-header-id-meta":"","stick-header-meta":"","header-above-stick-meta":"","header-main-stick-meta":"","header-below-stick-meta":"","astra-migrate-meta-layouts":"default","ast-page-background-enabled":"default","ast-page-background-meta":{"desktop":{"background-color":"var(--ast-global-color-4)","background-image":"","background-repeat":"repeat","background-position":"center center","background-size":"auto","background-attachment":"scroll","background-type":"","background-media":"","overlay-type":"","overlay-color":"","overlay-opacity":"","overlay-gradient":""},"tablet":{"background-color":"","background-image":"","background-repeat":"repeat","background-position":"center center","background-size":"auto","background-attachment":"scroll","background-type":"","background-media":"","overlay-type":"","overlay-color":"","overlay-opacity":"","overlay-gradient":""},"mobile":{"background-color":"","background-image":"","background-repeat":"repeat","background-position":"center center","background-size":"auto","background-attachment":"scroll","background-type":"","background-media":"","overlay-type":"","overlay-color":"","overlay-opacity":"","overlay-gradient":""}},"ast-content-background-meta":{"desktop":{"background-color":"var(--ast-global-color-5)","background-image":"","background-repeat":"repeat","background-position":"center center","background-size":"auto","background-attachment":"scroll","background-type":"","background-media":"","overlay-type":"","overlay-color":"","overlay-opacity":"","overlay-gradient":""},"tablet":{"background-color":"var(--ast-global-color-5)","background-image":"","background-repeat":"repeat","background-position":"center center","background-size":"auto","background-attachment":"scroll","background-type":"","background-media":"","overlay-type":"","overlay-color":"","overlay-opacity":"","overlay-gradient":""},"mobile":{"background-color":"var(--ast-global-color-5)","background-image":"","background-repeat":"repeat","background-position":"center center","background-size":"auto","background-attachment":"scroll","background-type":"","background-media":"","overlay-type":"","overlay-color":"","overlay-opacity":"","overlay-gradient":""}},"_themeisle_gutenberg_block_has_review":false,"footnotes":""},"class_list":["post-65","page","type-page","status-publish","hentry"],"_links":{"self":[{"href":"https:\/\/escoladigital.madeira.gov.pt\/eb1peecalheta\/wp-json\/wp\/v2\/pages\/65","targetHints":{"allow":["GET"]}}],"collection":[{"href":"https:\/\/escoladigital.madeira.gov.pt\/eb1peecalheta\/wp-json\/wp\/v2\/pages"}],"about":[{"href":"https:\/\/escoladigital.madeira.gov.pt\/eb1peecalheta\/wp-json\/wp\/v2\/types\/page"}],"author":[{"embeddable":true,"href":"https:\/\/escoladigital.madeira.gov.pt\/eb1peecalheta\/wp-json\/wp\/v2\/users\/6"}],"replies":[{"embeddable":true,"href":"https:\/\/escoladigital.madeira.gov.pt\/eb1peecalheta\/wp-json\/wp\/v2\/comments?post=65"}],"version-history":[{"count":12,"href":"https:\/\/escoladigital.madeira.gov.pt\/eb1peecalheta\/wp-json\/wp\/v2\/pages\/65\/revisions"}],"predecessor-version":[{"id":398,"href":"https:\/\/escoladigital.madeira.gov.pt\/eb1peecalheta\/wp-json\/wp\/v2\/pages\/65\/revisions\/398"}],"wp:attachment":[{"href":"https:\/\/escoladigital.madeira.gov.pt\/eb1peecalheta\/wp-json\/wp\/v2\/media?parent=65"}],"curies":[{"name":"wp","href":"https:\/\/api.w.org\/{rel}","templated":true}]}}