{"id":302,"date":"2025-12-10T17:28:24","date_gmt":"2025-12-10T17:28:24","guid":{"rendered":"https:\/\/escoladigital.madeira.gov.pt\/eb1peeclobos\/?page_id=302"},"modified":"2026-02-19T15:16:54","modified_gmt":"2026-02-19T15:16:54","slug":"sobre-nos","status":"publish","type":"page","link":"https:\/\/escoladigital.madeira.gov.pt\/eb1peeclobos\/sobre-nos\/","title":{"rendered":"Sobre n\u00f3s"},"content":{"rendered":"<div style=\"height:400pxpx;\" class=\"animated backInUp wp-block-themeisle-blocks-leaflet-map\" id=\"wp-block-themeisle-blocks-leaflet-map-4f1c484c\"><\/div>\n<script type=\"text\/javascript\">\n\t\/* <![CDATA[ *\/\n\t\tif ( ! window.themeisleLeafletMaps ) window.themeisleLeafletMaps =[];\n\t\twindow.themeisleLeafletMaps.push( { container: \"wp-block-themeisle-blocks-leaflet-map-4f1c484c\", attributes: {\"id\":\"wp-block-themeisle-blocks-leaflet-map-4f1c484c\",\"location\":\"ilha da Madeira\",\"latitude\":\"32.77829225114409\",\"longitude\":\"-17.122707366943363\",\"bbox\":\"-17.534866333007816,32.66250035467838,-16.710891723632816,32.89342578969234\",\"zoom\":11,\"markers\":[{\"id\":\"bab620f1-e417-46cd-b50b-1cf33109affc\",\"latitude\":32.672326872829686,\"longitude\":-16.97862178087235,\"title\":\"Add a title\",\"description\":\"\"}],\"className\":\"animated backInUp\",\"height\":\"400px\",\"zoomControl\":true,\"draggable\":true,\"hasCustomCSS\":false,\"customCSS\":\"\",\"otterConditions\":[]} } );\n\t\/* ]]> *\/\n<\/script>\n\n\n\n<div id=\"wp-block-themeisle-blocks-advanced-columns-6e65acfb\" class=\"wp-block-themeisle-blocks-advanced-columns alignfull has-3-columns has-desktop-twoOneOne-layout has-tablet-equal-layout has-mobile-collapsedRows-layout has-vertical-top ticss-c00aadba\"><div class=\"wp-block-themeisle-blocks-advanced-columns-overlay\"><\/div><div class=\"innerblocks-wrap\">\n<div id=\"wp-block-themeisle-blocks-advanced-column-f4333eeb\" class=\"wp-block-themeisle-blocks-advanced-column\">\n<p id=\"wp-block-themeisle-blocks-advanced-heading-91baffe5\" class=\"wp-block-themeisle-blocks-advanced-heading wp-block-themeisle-blocks-advanced-heading-91baffe5\"><strong><em>Informa\u00e7\u00f5es sobre a escola: <\/em><\/strong><\/p>\n\n\n\n<div class=\"wp-block-buttons alignwide is-layout-flex wp-container-core-buttons-is-layout-ea8b11be wp-block-buttons-is-layout-flex\">\n<div class=\"wp-block-button is-style-primary\"><a class=\"wp-block-button__link has-text-align-left wp-element-button\">Identifica\u00e7\u00e3o da escola<br><\/a><\/div>\n\n\n\n<div class=\"wp-block-button is-style-primary\"><a class=\"wp-block-button__link has-text-align-left wp-element-button\">Nome: Escola B\u00e1sica do 1.\u00ba Ciclo com Pr\u00e9-escolar do Estreito de C\u00e2mara de Lobos<br><\/a><\/div>\n\n\n\n<div class=\"wp-block-button is-style-primary\"><a class=\"wp-block-button__link has-text-align-left wp-element-button\">C\u00f3digo: 310 211 3<br><\/a><\/div>\n\n\n\n<div class=\"wp-block-button is-style-primary\"><a class=\"wp-block-button__link has-text-align-left wp-element-button\">Morada: Rua Jo\u00e3o Augusto de Ornelas n.\u00ba 45<br><\/a><\/div>\n\n\n\n<div class=\"wp-block-button is-style-primary\"><a class=\"wp-block-button__link has-text-align-left wp-element-button\">Freguesia: Estreito de C\u00e2mara de Lobos<br><\/a><\/div>\n\n\n\n<div class=\"wp-block-button is-style-primary\"><a class=\"wp-block-button__link has-text-align-left wp-element-button\">Concelho: C\u00e2mara de Lobos<br><\/a><\/div>\n\n\n\n<div class=\"wp-block-button\"><a class=\"wp-block-button__link wp-element-button\">C\u00f3digoPostal: 9325 \u2013 032<br><\/a><\/div>\n\n\n\n<div class=\"wp-block-button\"><a class=\"wp-block-button__link wp-element-button\">Telefone: 291 146 018<br><\/a><\/div>\n\n\n\n<div class=\"wp-block-button is-style-primary\"><a class=\"wp-block-button__link has-text-align-left wp-element-button\">Email: eb1peecamlobos@gmail.com  <\/a><\/div>\n\n\n\n<div class=\"wp-block-button is-style-primary\"><a class=\"wp-block-button__link has-text-align-left wp-element-button\"><br>P\u00e1gina Internet: http:\/\/escolas.madeira-edu.pt\/eb1peeclobos<\/a><\/div>\n\n\n\n<div class=\"wp-block-button is-style-primary\"><a class=\"wp-block-button__link has-text-align-left wp-element-button\"><br>Blogue: www.eb1peestreito.blogspot.com<\/a><\/div>\n\n\n\n<div class=\"wp-block-button is-style-primary\"><a class=\"wp-block-button__link has-text-align-left wp-element-button\"><br>Facebook: https:\/\/www.facebook.com\/eb1peeclobos\/<\/a><\/div>\n<\/div>\n<\/div>\n\n\n\n<div id=\"wp-block-themeisle-blocks-advanced-column-78ae8ec1\" class=\"wp-block-themeisle-blocks-advanced-column\">\n<figure class=\"wp-block-image size-large\"><img fetchpriority=\"high\" decoding=\"async\" width=\"1024\" height=\"771\" src=\"https:\/\/escoladigital.madeira.gov.pt\/eb1peeclobos\/wp-content\/uploads\/sites\/75\/2025\/12\/IMG20251204113812-1-1024x771.jpg\" alt=\"\" class=\"wp-image-326\" srcset=\"https:\/\/escoladigital.madeira.gov.pt\/eb1peeclobos\/wp-content\/uploads\/sites\/75\/2025\/12\/IMG20251204113812-1-1024x771.jpg 1024w, https:\/\/escoladigital.madeira.gov.pt\/eb1peeclobos\/wp-content\/uploads\/sites\/75\/2025\/12\/IMG20251204113812-1-300x226.jpg 300w, https:\/\/escoladigital.madeira.gov.pt\/eb1peeclobos\/wp-content\/uploads\/sites\/75\/2025\/12\/IMG20251204113812-1-768x578.jpg 768w, https:\/\/escoladigital.madeira.gov.pt\/eb1peeclobos\/wp-content\/uploads\/sites\/75\/2025\/12\/IMG20251204113812-1-1536x1157.jpg 1536w, https:\/\/escoladigital.madeira.gov.pt\/eb1peeclobos\/wp-content\/uploads\/sites\/75\/2025\/12\/IMG20251204113812-1-2048x1542.jpg 2048w\" sizes=\"(max-width: 1024px) 100vw, 1024px\" \/><\/figure>\n<\/div>\n\n\n\n<div id=\"wp-block-themeisle-blocks-advanced-column-81e97556\" class=\"wp-block-themeisle-blocks-advanced-column\">\n<figure class=\"wp-block-image size-large\"><img decoding=\"async\" width=\"1024\" height=\"771\" src=\"https:\/\/escoladigital.madeira.gov.pt\/eb1peeclobos\/wp-content\/uploads\/sites\/75\/2025\/12\/IMG20251204090708-1-1024x771.jpg\" alt=\"\" class=\"wp-image-327\" srcset=\"https:\/\/escoladigital.madeira.gov.pt\/eb1peeclobos\/wp-content\/uploads\/sites\/75\/2025\/12\/IMG20251204090708-1-1024x771.jpg 1024w, https:\/\/escoladigital.madeira.gov.pt\/eb1peeclobos\/wp-content\/uploads\/sites\/75\/2025\/12\/IMG20251204090708-1-300x226.jpg 300w, https:\/\/escoladigital.madeira.gov.pt\/eb1peeclobos\/wp-content\/uploads\/sites\/75\/2025\/12\/IMG20251204090708-1-768x578.jpg 768w, https:\/\/escoladigital.madeira.gov.pt\/eb1peeclobos\/wp-content\/uploads\/sites\/75\/2025\/12\/IMG20251204090708-1-1536x1157.jpg 1536w, https:\/\/escoladigital.madeira.gov.pt\/eb1peeclobos\/wp-content\/uploads\/sites\/75\/2025\/12\/IMG20251204090708-1-2048x1542.jpg 2048w\" sizes=\"(max-width: 1024px) 100vw, 1024px\" \/><\/figure>\n<\/div>\n<\/div><\/div>\n\n\n\n<blockquote class=\"wp-block-quote is-layout-flow wp-block-quote-is-layout-flow\">\n<p>Carateriza\u00e7\u00e3o<\/p>\n\n\n\n<ul class=\"wp-block-list\">\n<li class=\"animated backInDown\">Hist\u00f3ria da Freguesia<br>Esta freguesia faz fronteira com a freguesia de C\u00e2mara de Lobos a sul e a oeste, com a freguesia do Jardim da Serra a norte, com a freguesia da Quinta Grande a oeste e com o concelho do Funchal a leste.<br>Sabe-se que o arroteamento destes terrenos n\u00e3o foi tardio, pois j\u00e1 em meados de s\u00e9culo XV ali existia uma capela de invoca\u00e7\u00e3o a Nossa Senhora da Gra\u00e7a, em torno da qual se formou o primitivo n\u00facleo populacional. A constitui\u00e7\u00e3o desta freguesia remonta ao ano de 1509, tendo-se estabelecido naquele templo a sede da nova par\u00f3quia. Em 1676 \u00e9-lhe concedido um curato.<br>Quanto \u00e0 sua topon\u00edmia, embora n\u00e3o havendo uma explica\u00e7\u00e3o plaus\u00edvel quanto ao emprego do voc\u00e1bulo \u201cEstreito\u201d, aplicado a esta freguesia, pensa-se que outrora tivesse havido um lugar ou um pequeno local, que pelas condi\u00e7\u00f5es orogr\u00e1ficas, se assemelhasse a um desfiladeiro (Estreito), dando mais tarde, o nome \u00e0 freguesia.<br>Em 1994, no dia 14 de setembro, por via do desenvolvimento entretanto alcan\u00e7ado, foi elevada \u00e0 categoria de vila. Tinha na verdade mais de 4 mil habitantes, condi\u00e7\u00e3o principal estabelecida pela Decreto Legislativo Regional para ascender a tal categoria.<br>Esta freguesia est\u00e1 localizada a 5 km da sede do concelho, a 15 km do Funchal e tem uma \u00e1rea de 8,1 km2. A referida vila suburbana tem conhecido alguns progressos nos \u00faltimos tempos e conta atualmente com mais de dez mil habitantes.<br>O orago desta freguesia \u00e9 Nossa Senhora da Gra\u00e7a.<\/li>\n<\/ul>\n<\/blockquote>\n\n\n\n<blockquote class=\"wp-block-quote is-layout-flow wp-block-quote-is-layout-flow\">\n<p class=\"animated backInRight\">  A freguesia do Estreito de C\u00e2mara de Lobos teve algumas personalidades, que al\u00e9m de serem grandes individualidades muito contribu\u00edram para esta regi\u00e3o. Como tal, verifica-se ao longo da referida freguesia ruas com nome destas ilustres personalidades.<br>  Eis alguns exemplos de tais personalidades:<br> &#8211; Capit\u00e3o Armando Pinto Correia<br> &#8211; Coronel Manuel de Fran\u00e7a D\u00f3ria<br> &#8211; Jo\u00e3o Augusto de Ornelas<br> &#8211; Ant\u00f3nio Pr\u00f3coro de Macedo J\u00fanior<br> &#8211; Professor Jos\u00e9 Joaquim da Costa<br> &#8211; Padre Ant\u00f3nio de Sousa Costa<br> &#8211; Dr. Ant\u00f3nio Vitorino de Castro Jorge<br> &#8211; Reverendo C\u00f3nego Dr. Agostinho Figueira Faria<\/p>\n\n\n\n<ul class=\"wp-block-list\">\n<li class=\"animated backInLeft\"><strong>Popula\u00e7\u00e3o<\/strong><br>  Esta freguesia suburbana tem conhecido alguns progressos nos \u00faltimos tempos e conta atualmente com 9348 habitantes (censo de 2021).<\/li>\n\n\n\n<li class=\"animated backInRight\"><strong>Desenvolvimento econ\u00f3mico<\/strong><br>  A n\u00edvel econ\u00f3mico, o setor prim\u00e1rio \u00e9 muito desenvolvido, a vinha teve um grande incentivo a partir do s\u00e9culo XVII, sendo o produto que ocupa a maior \u00e1rea agr\u00edcola na freguesia e com qualidade reconhecida a n\u00edvel mundial, o vinho negra-mol. Esta freguesia \u00e9 ainda muito conhecida por produzir uma grande variedade de frutos: a uva, a laranja, a ma\u00e7\u00e3, o pero, a pera abacate e alguns legumes. Quanto ao setor secund\u00e1rio \u00e9 um setor de relativa import\u00e2ncia, dado que engloba a panifica\u00e7\u00e3o (padarias e pastelarias), o fabrico de blocos de bet\u00e3o, fabrico de m\u00f3veis e a serralharia. Contudo, a pequena dimens\u00e3o das empresas ou ind\u00fastrias locais, n\u00e3o podem satisfazer as necessidades da popula\u00e7\u00e3o em termos de gera\u00e7\u00e3o de emprego. <\/li>\n\n\n\n<li class=\"animated backInRight\">Relativamente ao setor terci\u00e1rio, trata-se de um setor bastante desenvolvido que procura satisfazer e atender as necessidades b\u00e1sicas dos residentes. Assim sendo, h\u00e1 mercados, supermercados, caf\u00e9s, bares, papelarias, lojas de fotografias, cabeleireiros, centros de est\u00e9tica, lojas de flores, sapatarias, pronto-a-vestir, duas farm\u00e1cias, uma biblioteca, servi\u00e7o de t\u00e1xis, uma esta\u00e7\u00e3o dos CTT, duas ag\u00eancias banc\u00e1rias e oficinas de repara\u00e7\u00e3o de autom\u00f3veis e a hotelaria.<br>No campo da a\u00e7\u00e3o social, os habitantes da freguesia do Estreito de C\u00e2mara de Lobos podem usufruir do Centro de Dia, de um clube de Intergera\u00e7\u00f5es, da Casa do Povo, da Seguran\u00e7a Social, do Centro C\u00edvico, do Centro de Vila Viva, da Junta de Freguesia, do Centro de Sa\u00fade e de duas Policl\u00ednicas.<\/li>\n\n\n\n<li class=\"animated bounce\"><strong>Desenvolvimento e turismo<\/strong><br>A freguesia do Estreito de C\u00e2mara de Lobos \u00e9 acess\u00edvel pela estrada Jo\u00e3o Gon\u00e7alves Zarco (Estrada Regional), por uma via expresso e v\u00e1rios acessos municipais.<br>O desenvolvimento de qualquer freguesia \u00e9 muito importante e dele depende o crescimento e a boa imagem que uma dada regi\u00e3o possa ter. Para isso contribuem o patrim\u00f3nio hist\u00f3rico religioso, o desenvolvimento hoteleiro e a multiplicidade de atividades l\u00fadicas existentes.<\/li>\n\n\n\n<li class=\"animated bounceInDown\"><strong>Recursos F\u00edsicos<\/strong><br>A Escola B\u00e1sica do 1\u00ba Ciclo com Pr\u00e9-Escolar funciona desde 14 de novembro de 1982. Este edif\u00edcio \u00e9 constitu\u00eddo por dois blocos. Cada bloco possui um total de seis salas de aula.<br>No bloco da esquerda, no r\u00e9s do ch\u00e3o, encontram-se duas salas de curricular, sendo 1 que uma das salas \u00e9 utilizada para lecionar o Estudo, no turno da manh\u00e3, a sala de Express\u00e3o Pl\u00e1stica, um hall para o apoio da Educa\u00e7\u00e3o Especial, duas casas de banho e uma arrecada\u00e7\u00e3o. No piso um funcionam tr\u00eas salas de aula da curricular. Existem ainda duas casas de banho e um espa\u00e7o dedicado ao Apoio Pedag\u00f3gico Acrescido.<br>No bloco da direita, no r\u00e9s do ch\u00e3o, est\u00e3o tr\u00eas salas para o Pr\u00e9-escolar, duas casas de banho para os alunos do Pr\u00e9-escolar e um hall para atividades dos mesmos alunos e duas arrecada\u00e7\u00f5es. No primeiro piso deste bloco existem mais tr\u00eas salas dedicadas \u00e0s atividades de M\u00fasica, Inform\u00e1tica, Biblioteca e Estudo (no hall junto \u00e0s salas), funcionando tamb\u00e9m o Ensino Recorrente entre as 17 horas e as 20h. Na \u00e1rea de acesso a estas salas encontram-se duas casas de banho para os alunos.<br>Ainda no r\u00e9s do ch\u00e3o, existem dois sal\u00f5es ao centro, que s\u00e3o utilizados como refeit\u00f3rio e sal\u00e3o polivalente, um gabinete para a Dire\u00e7\u00e3o, um gabinete para os Servi\u00e7os Administrativos, uma Reprografia, uma cozinha, uma sala para as assistentes operacionais, uma sala de professores, tr\u00eas casas de banho -para pessoal docente e n\u00e3o docente e pessoas com mobilidade reduzida e ainda um gabinete\/\u00e1rea para o material da Express\u00e3o F\u00edsico Motora.<br>No geral as salas s\u00e3o relativamente amplas e com boa luminosidade.<br>No espa\u00e7o exterior existe um campo polidesportivo, um recreio, um espa\u00e7o destinado \u00e0 horta escolar e um jardim. Ap\u00f3s as obras (conclu\u00eddas no in\u00edcio de 2025), a escola conta tamb\u00e9m agora com um parque infantil junto ao campo.<\/li>\n<\/ul>\n<\/blockquote>\n","protected":false},"excerpt":{"rendered":"","protected":false},"author":104,"featured_media":0,"parent":0,"menu_order":0,"comment_status":"closed","ping_status":"closed","template":"","meta":{"site-sidebar-layout":"default","site-content-layout":"","ast-site-content-layout":"default","site-content-style":"default","site-sidebar-style":"default","ast-global-header-display":"","ast-banner-title-visibility":"","ast-main-header-display":"","ast-hfb-above-header-display":"","ast-hfb-below-header-display":"","ast-hfb-mobile-header-display":"","site-post-title":"","ast-breadcrumbs-content":"","ast-featured-img":"","footer-sml-layout":"","ast-disable-related-posts":"","theme-transparent-header-meta":"","adv-header-id-meta":"","stick-header-meta":"","header-above-stick-meta":"","header-main-stick-meta":"","header-below-stick-meta":"","astra-migrate-meta-layouts":"default","ast-page-background-enabled":"default","ast-page-background-meta":{"desktop":{"background-color":"var(--ast-global-color-5)","background-image":"","background-repeat":"repeat","background-position":"center center","background-size":"auto","background-attachment":"scroll","background-type":"","background-media":"","overlay-type":"","overlay-color":"","overlay-opacity":"","overlay-gradient":""},"tablet":{"background-color":"","background-image":"","background-repeat":"repeat","background-position":"center center","background-size":"auto","background-attachment":"scroll","background-type":"","background-media":"","overlay-type":"","overlay-color":"","overlay-opacity":"","overlay-gradient":""},"mobile":{"background-color":"","background-image":"","background-repeat":"repeat","background-position":"center center","background-size":"auto","background-attachment":"scroll","background-type":"","background-media":"","overlay-type":"","overlay-color":"","overlay-opacity":"","overlay-gradient":""}},"ast-content-background-meta":{"desktop":{"background-color":"var(--ast-global-color-4)","background-image":"","background-repeat":"repeat","background-position":"center center","background-size":"auto","background-attachment":"scroll","background-type":"","background-media":"","overlay-type":"","overlay-color":"","overlay-opacity":"","overlay-gradient":""},"tablet":{"background-color":"var(--ast-global-color-4)","background-image":"","background-repeat":"repeat","background-position":"center center","background-size":"auto","background-attachment":"scroll","background-type":"","background-media":"","overlay-type":"","overlay-color":"","overlay-opacity":"","overlay-gradient":""},"mobile":{"background-color":"var(--ast-global-color-4)","background-image":"","background-repeat":"repeat","background-position":"center center","background-size":"auto","background-attachment":"scroll","background-type":"","background-media":"","overlay-type":"","overlay-color":"","overlay-opacity":"","overlay-gradient":""}},"_themeisle_gutenberg_block_has_review":false,"footnotes":""},"class_list":["post-302","page","type-page","status-publish","hentry"],"_links":{"self":[{"href":"https:\/\/escoladigital.madeira.gov.pt\/eb1peeclobos\/wp-json\/wp\/v2\/pages\/302","targetHints":{"allow":["GET"]}}],"collection":[{"href":"https:\/\/escoladigital.madeira.gov.pt\/eb1peeclobos\/wp-json\/wp\/v2\/pages"}],"about":[{"href":"https:\/\/escoladigital.madeira.gov.pt\/eb1peeclobos\/wp-json\/wp\/v2\/types\/page"}],"author":[{"embeddable":true,"href":"https:\/\/escoladigital.madeira.gov.pt\/eb1peeclobos\/wp-json\/wp\/v2\/users\/104"}],"replies":[{"embeddable":true,"href":"https:\/\/escoladigital.madeira.gov.pt\/eb1peeclobos\/wp-json\/wp\/v2\/comments?post=302"}],"version-history":[{"count":15,"href":"https:\/\/escoladigital.madeira.gov.pt\/eb1peeclobos\/wp-json\/wp\/v2\/pages\/302\/revisions"}],"predecessor-version":[{"id":384,"href":"https:\/\/escoladigital.madeira.gov.pt\/eb1peeclobos\/wp-json\/wp\/v2\/pages\/302\/revisions\/384"}],"wp:attachment":[{"href":"https:\/\/escoladigital.madeira.gov.pt\/eb1peeclobos\/wp-json\/wp\/v2\/media?parent=302"}],"curies":[{"name":"wp","href":"https:\/\/api.w.org\/{rel}","templated":true}]}}