{"id":373,"date":"2026-01-05T13:14:27","date_gmt":"2026-01-05T13:14:27","guid":{"rendered":"https:\/\/escoladigital.madeira.gov.pt\/eb1peeclobos\/?page_id=373"},"modified":"2026-01-05T13:14:27","modified_gmt":"2026-01-05T13:14:27","slug":"criterios-de-avaliacao-por-ano-de-escolaridade","status":"publish","type":"page","link":"https:\/\/escoladigital.madeira.gov.pt\/eb1peeclobos\/criterios-de-avaliacao-por-ano-de-escolaridade\/","title":{"rendered":"Crit\u00e9rios de Avalia\u00e7\u00e3o por Ano de Escolaridade"},"content":{"rendered":"<div class=\"shared-files-embed-69ebe27d45f68 shared-files-main-container\" data-elem-class=\"shared-files-embed-69ebe27d45f68\" data-search-type=\"0\" data-post-id=\"373\"><div class=\"shared-files-search\"><ul class=\"shared-files-main-file-list\"><li class=\"shared-files-card-364\"><div class=\"shared-files-main-elements\"><div class=\"shared-files-main-elements-left\" style=\"background-image: url(https:\/\/escoladigital.madeira.gov.pt\/eb1peeclobos\/wp-content\/plugins\/shared-files\/img\/2020\/pdf.svg);\"><\/div><div class=\"shared-files-main-elements-right\"><a class=\"shared-files-file-title\"  data-file-type=\"\"  data-file-url=\"\/eb1peeclobos\/eb1peeclobos\/shared-files\/364\/?criterios-de-avaliacao-4oAno.pdf\"  data-external-url=\"\"  data-image-url=\"\" href=\"\/eb1peeclobos\/eb1peeclobos\/shared-files\/364\/?criterios-de-avaliacao-4oAno.pdf\" target=\"_blank\">criterios-de-avaliacao-4oAno.pdf<\/a><span class=\"shared-file-size\">394.31 KB<\/span><a href=\"https:\/\/escoladigital.madeira.gov.pt\/eb1peeclobos\/eb1peeclobos\/shared-files\/364\/?criterios-de-avaliacao-4oAno.pdf\" target=\"_blank\" class=\"shared-files-preview-button\">Visualiza\u00e7\u00e3o<\/a><span class=\"shared-file-date\">5 de Janeiro, 2026<\/span><div class=\"shared-files-download-counter\"><span>Downloads: 193<\/span><\/div><div class=\"shared-files-download-button-container\"><a href=\"\/eb1peeclobos\/eb1peeclobos\/shared-files\/364\/?criterios-de-avaliacao-4oAno.pdf&download=1\" class=\"shared-files-download-button\"  download>Download<\/a><\/div><div class=\"shared-files-edit-actions\"><\/div><\/div><\/div><\/li><\/ul><\/div><\/div>\n\n\n<div class=\"shared-files-embed-69ebe27d46ce4 shared-files-main-container\" data-elem-class=\"shared-files-embed-69ebe27d46ce4\" data-search-type=\"0\" data-post-id=\"364\"><div class=\"shared-files-search\"><ul class=\"shared-files-main-file-list\"><li class=\"shared-files-card-363\"><div class=\"shared-files-main-elements\"><div class=\"shared-files-main-elements-left\" style=\"background-image: url(https:\/\/escoladigital.madeira.gov.pt\/eb1peeclobos\/wp-content\/plugins\/shared-files\/img\/2020\/pdf.svg);\"><\/div><div class=\"shared-files-main-elements-right\"><a class=\"shared-files-file-title\"  data-file-type=\"\"  data-file-url=\"\/eb1peeclobos\/eb1peeclobos\/shared-files\/363\/?Criterios-de-avaliacao-1oAno.pdf\"  data-external-url=\"\"  data-image-url=\"\" href=\"\/eb1peeclobos\/eb1peeclobos\/shared-files\/363\/?Criterios-de-avaliacao-1oAno.pdf\" target=\"_blank\">Criterios-de-avaliacao-1oAno.pdf<\/a><span class=\"shared-file-size\">381.52 KB<\/span><a href=\"https:\/\/escoladigital.madeira.gov.pt\/eb1peeclobos\/eb1peeclobos\/shared-files\/363\/?Criterios-de-avaliacao-1oAno.pdf\" target=\"_blank\" class=\"shared-files-preview-button\">Visualiza\u00e7\u00e3o<\/a><span class=\"shared-file-date\">5 de Janeiro, 2026<\/span><div class=\"shared-files-download-counter\"><span>Downloads: 118<\/span><\/div><div class=\"shared-files-download-button-container\"><a href=\"\/eb1peeclobos\/eb1peeclobos\/shared-files\/363\/?Criterios-de-avaliacao-1oAno.pdf&download=1\" class=\"shared-files-download-button\"  download>Download<\/a><\/div><div class=\"shared-files-edit-actions\"><\/div><\/div><\/div><\/li><\/ul><\/div><\/div>\n\n\n<div class=\"shared-files-embed-69ebe27d495d7 shared-files-main-container\" data-elem-class=\"shared-files-embed-69ebe27d495d7\" data-search-type=\"0\" data-post-id=\"363\"><div class=\"shared-files-search\"><ul class=\"shared-files-main-file-list\"><li class=\"shared-files-card-361\"><div class=\"shared-files-main-elements\"><div class=\"shared-files-main-elements-left\" style=\"background-image: url(https:\/\/escoladigital.madeira.gov.pt\/eb1peeclobos\/wp-content\/plugins\/shared-files\/img\/2020\/pdf.svg);\"><\/div><div class=\"shared-files-main-elements-right\"><a class=\"shared-files-file-title\"  data-file-type=\"\"  data-file-url=\"\/eb1peeclobos\/eb1peeclobos\/shared-files\/361\/?Criterios-Avaliacao-2o-Ano.pdf\"  data-external-url=\"\"  data-image-url=\"\" href=\"\/eb1peeclobos\/eb1peeclobos\/shared-files\/361\/?Criterios-Avaliacao-2o-Ano.pdf\" target=\"_blank\">Criterios-Avaliacao-2o-Ano.pdf<\/a><span class=\"shared-file-size\">297.54 KB<\/span><a href=\"https:\/\/escoladigital.madeira.gov.pt\/eb1peeclobos\/eb1peeclobos\/shared-files\/361\/?Criterios-Avaliacao-2o-Ano.pdf\" target=\"_blank\" class=\"shared-files-preview-button\">Visualiza\u00e7\u00e3o<\/a><span class=\"shared-file-date\">5 de Janeiro, 2026<\/span><div class=\"shared-files-download-counter\"><span>Downloads: 142<\/span><\/div><div class=\"shared-files-download-button-container\"><a href=\"\/eb1peeclobos\/eb1peeclobos\/shared-files\/361\/?Criterios-Avaliacao-2o-Ano.pdf&download=1\" class=\"shared-files-download-button\"  download>Download<\/a><\/div><div class=\"shared-files-edit-actions\"><\/div><\/div><\/div><\/li><\/ul><\/div><\/div>\n\n\n<div class=\"shared-files-embed-69ebe27d4b735 shared-files-main-container\" data-elem-class=\"shared-files-embed-69ebe27d4b735\" data-search-type=\"0\" data-post-id=\"361\"><div class=\"shared-files-search\"><ul class=\"shared-files-main-file-list\"><li class=\"shared-files-card-360\"><div class=\"shared-files-main-elements\"><div class=\"shared-files-main-elements-left\" style=\"background-image: url(https:\/\/escoladigital.madeira.gov.pt\/eb1peeclobos\/wp-content\/plugins\/shared-files\/img\/2020\/pdf.svg);\"><\/div><div class=\"shared-files-main-elements-right\"><a class=\"shared-files-file-title\"  data-file-type=\"\"  data-file-url=\"\/eb1peeclobos\/eb1peeclobos\/shared-files\/360\/?Criterios-de-avaliacao-Pre-Escolar.pdf\"  data-external-url=\"\"  data-image-url=\"\" href=\"\/eb1peeclobos\/eb1peeclobos\/shared-files\/360\/?Criterios-de-avaliacao-Pre-Escolar.pdf\" target=\"_blank\">Criterios-de-avaliacao-Pre-Escolar.pdf<\/a><span class=\"shared-file-size\">914.69 KB<\/span><a href=\"https:\/\/escoladigital.madeira.gov.pt\/eb1peeclobos\/eb1peeclobos\/shared-files\/360\/?Criterios-de-avaliacao-Pre-Escolar.pdf\" target=\"_blank\" class=\"shared-files-preview-button\">Visualiza\u00e7\u00e3o<\/a><span class=\"shared-file-date\">5 de Janeiro, 2026<\/span><div class=\"shared-files-download-counter\"><span>Downloads: 186<\/span><\/div><div class=\"shared-files-download-button-container\"><a href=\"\/eb1peeclobos\/eb1peeclobos\/shared-files\/360\/?Criterios-de-avaliacao-Pre-Escolar.pdf&download=1\" class=\"shared-files-download-button\"  download>Download<\/a><\/div><div class=\"shared-files-edit-actions\"><\/div><\/div><\/div><\/li><\/ul><\/div><\/div>\n\n\n<div class=\"shared-files-embed-69ebe27d51492 shared-files-main-container\" data-elem-class=\"shared-files-embed-69ebe27d51492\" data-search-type=\"0\" data-post-id=\"360\"><div class=\"shared-files-search\"><ul class=\"shared-files-main-file-list\"><li class=\"shared-files-card-362\"><div class=\"shared-files-main-elements\"><div class=\"shared-files-main-elements-left\" style=\"background-image: url(https:\/\/escoladigital.madeira.gov.pt\/eb1peeclobos\/wp-content\/plugins\/shared-files\/img\/2020\/pdf.svg);\"><\/div><div class=\"shared-files-main-elements-right\"><a class=\"shared-files-file-title\"  data-file-type=\"\"  data-file-url=\"\/eb1peeclobos\/eb1peeclobos\/shared-files\/362\/?Criterios-avaliacao-3o-ano.pdf\"  data-external-url=\"\"  data-image-url=\"\" href=\"\/eb1peeclobos\/eb1peeclobos\/shared-files\/362\/?Criterios-avaliacao-3o-ano.pdf\" target=\"_blank\">Criterios-avaliacao-3o-ano.pdf<\/a><span class=\"shared-file-size\">397.08 KB<\/span><a href=\"https:\/\/escoladigital.madeira.gov.pt\/eb1peeclobos\/eb1peeclobos\/shared-files\/362\/?Criterios-avaliacao-3o-ano.pdf\" target=\"_blank\" class=\"shared-files-preview-button\">Visualiza\u00e7\u00e3o<\/a><span class=\"shared-file-date\">5 de Janeiro, 2026<\/span><div class=\"shared-files-download-counter\"><span>Downloads: 194<\/span><\/div><div class=\"shared-files-download-button-container\"><a href=\"\/eb1peeclobos\/eb1peeclobos\/shared-files\/362\/?Criterios-avaliacao-3o-ano.pdf&download=1\" class=\"shared-files-download-button\"  download>Download<\/a><\/div><div class=\"shared-files-edit-actions\"><\/div><\/div><\/div><\/li><\/ul><\/div><\/div>\n","protected":false},"excerpt":{"rendered":"","protected":false},"author":104,"featured_media":0,"parent":0,"menu_order":0,"comment_status":"closed","ping_status":"closed","template":"","meta":{"site-sidebar-layout":"default","site-content-layout":"","ast-site-content-layout":"default","site-content-style":"default","site-sidebar-style":"default","ast-global-header-display":"","ast-banner-title-visibility":"","ast-main-header-display":"","ast-hfb-above-header-display":"","ast-hfb-below-header-display":"","ast-hfb-mobile-header-display":"","site-post-title":"","ast-breadcrumbs-content":"","ast-featured-img":"","footer-sml-layout":"","ast-disable-related-posts":"","theme-transparent-header-meta":"","adv-header-id-meta":"","stick-header-meta":"","header-above-stick-meta":"","header-main-stick-meta":"","header-below-stick-meta":"","astra-migrate-meta-layouts":"default","ast-page-background-enabled":"default","ast-page-background-meta":{"desktop":{"background-color":"var(--ast-global-color-5)","background-image":"","background-repeat":"repeat","background-position":"center center","background-size":"auto","background-attachment":"scroll","background-type":"","background-media":"","overlay-type":"","overlay-color":"","overlay-opacity":"","overlay-gradient":""},"tablet":{"background-color":"","background-image":"","background-repeat":"repeat","background-position":"center center","background-size":"auto","background-attachment":"scroll","background-type":"","background-media":"","overlay-type":"","overlay-color":"","overlay-opacity":"","overlay-gradient":""},"mobile":{"background-color":"","background-image":"","background-repeat":"repeat","background-position":"center center","background-size":"auto","background-attachment":"scroll","background-type":"","background-media":"","overlay-type":"","overlay-color":"","overlay-opacity":"","overlay-gradient":""}},"ast-content-background-meta":{"desktop":{"background-color":"var(--ast-global-color-4)","background-image":"","background-repeat":"repeat","background-position":"center center","background-size":"auto","background-attachment":"scroll","background-type":"","background-media":"","overlay-type":"","overlay-color":"","overlay-opacity":"","overlay-gradient":""},"tablet":{"background-color":"var(--ast-global-color-4)","background-image":"","background-repeat":"repeat","background-position":"center center","background-size":"auto","background-attachment":"scroll","background-type":"","background-media":"","overlay-type":"","overlay-color":"","overlay-opacity":"","overlay-gradient":""},"mobile":{"background-color":"var(--ast-global-color-4)","background-image":"","background-repeat":"repeat","background-position":"center center","background-size":"auto","background-attachment":"scroll","background-type":"","background-media":"","overlay-type":"","overlay-color":"","overlay-opacity":"","overlay-gradient":""}},"_themeisle_gutenberg_block_has_review":false,"footnotes":""},"class_list":["post-373","page","type-page","status-publish","hentry"],"_links":{"self":[{"href":"https:\/\/escoladigital.madeira.gov.pt\/eb1peeclobos\/wp-json\/wp\/v2\/pages\/373","targetHints":{"allow":["GET"]}}],"collection":[{"href":"https:\/\/escoladigital.madeira.gov.pt\/eb1peeclobos\/wp-json\/wp\/v2\/pages"}],"about":[{"href":"https:\/\/escoladigital.madeira.gov.pt\/eb1peeclobos\/wp-json\/wp\/v2\/types\/page"}],"author":[{"embeddable":true,"href":"https:\/\/escoladigital.madeira.gov.pt\/eb1peeclobos\/wp-json\/wp\/v2\/users\/104"}],"replies":[{"embeddable":true,"href":"https:\/\/escoladigital.madeira.gov.pt\/eb1peeclobos\/wp-json\/wp\/v2\/comments?post=373"}],"version-history":[{"count":1,"href":"https:\/\/escoladigital.madeira.gov.pt\/eb1peeclobos\/wp-json\/wp\/v2\/pages\/373\/revisions"}],"predecessor-version":[{"id":375,"href":"https:\/\/escoladigital.madeira.gov.pt\/eb1peeclobos\/wp-json\/wp\/v2\/pages\/373\/revisions\/375"}],"wp:attachment":[{"href":"https:\/\/escoladigital.madeira.gov.pt\/eb1peeclobos\/wp-json\/wp\/v2\/media?parent=373"}],"curies":[{"name":"wp","href":"https:\/\/api.w.org\/{rel}","templated":true}]}}