{"id":157,"date":"2025-02-12T16:39:29","date_gmt":"2025-02-12T16:39:29","guid":{"rendered":"https:\/\/escoladigital.madeira.gov.pt\/eb1peengluissantoscosta\/?page_id=157"},"modified":"2026-01-05T09:47:17","modified_gmt":"2026-01-05T09:47:17","slug":"inicio","status":"publish","type":"page","link":"https:\/\/escoladigital.madeira.gov.pt\/eb1peengluissantoscosta\/","title":{"rendered":"Bem vindos ao nosso novo portal escolar."},"content":{"rendered":"\n\n\n<p><\/p>\n\n\n\n<h3 class=\"wp-block-heading has-text-align-center\"><strong>Ano letivo 2025\/2026<\/strong><\/h3>\n\n\n\n<p><\/p>\n\n\n\n<p><\/p>\n\n\n\n<div id=\"wp-block-themeisle-blocks-advanced-columns-8c330caa\" class=\"wp-block-themeisle-blocks-advanced-columns has-1-columns has-desktop-equal-layout has-tablet-equal-layout has-mobile-equal-layout has-vertical-unset\"><div class=\"wp-block-themeisle-blocks-advanced-columns-overlay\"><\/div><div class=\"innerblocks-wrap\">\n<div id=\"wp-block-themeisle-blocks-advanced-column-60e2efd6\" class=\"wp-block-themeisle-blocks-advanced-column\">\n<div id=\"wp-block-themeisle-blocks-advanced-columns-25f48a87\" class=\"wp-block-themeisle-blocks-advanced-columns has-1-columns has-desktop-equal-layout has-tablet-equal-layout has-mobile-equal-layout has-vertical-unset has-dark-bg\"><div class=\"wp-block-themeisle-blocks-advanced-columns-overlay\"><\/div><div class=\"innerblocks-wrap\">\n<div id=\"wp-block-themeisle-blocks-advanced-column-92fb053d\" class=\"wp-block-themeisle-blocks-advanced-column has-dark-bg\"><div class=\"wp-block-themeisle-blocks-advanced-column-overlay\"><\/div>\n<div style=\"margin-top:var(--wp--preset--spacing--40);margin-bottom:var(--wp--preset--spacing--40);height:60px\" aria-hidden=\"true\" class=\"wp-block-spacer\"><\/div>\n<\/div>\n<\/div><\/div>\n<\/div>\n<\/div><\/div>\n\n\n\n<h3 class=\"wp-block-heading\"> Informa\u00e7\u00e3o<\/h3>\n\n\n\n<p>\u00b7 O pagamento das mensalidades e refei\u00e7\u00f5es dever\u00e1 ser efetuado por transfer\u00eancia banc\u00e1ria;&nbsp;<\/p>\n\n\n\n<p>\u00b7 O valor a pagar dever\u00e1 ser consultado na p\u00e1gina de internet do PLACE a partir do 1\u00ba dia de cada m\u00eas;&nbsp;<\/p>\n\n\n\n<p>\u00b7 Efetuar a transfer\u00eancia para o IBAN PT50001800080061524402015;&nbsp;<\/p>\n\n\n\n<p>\u00b7 Enviar o comprovativo da transfer\u00eancia para o endere\u00e7o de correio eletr\u00f3nico da escola com o nome do aluno \u2013 <a href=\"mailto:eb1peengluissantoscosta@edu.madeira.gov.pt\" target=\"_blank\" rel=\"noreferrer noopener\">eb1peengluissantoscosta@edu.madeira.gov.pt<\/a>&nbsp;<\/p>\n\n\n\n<p>Excetuam-se situa\u00e7\u00f5es pontuais, devidamente justificadas e expostas \u00e0 dire\u00e7\u00e3o da escola, que sejam impeditivas dos procedimentos anteriormente descritos.&nbsp;<\/p>\n\n\n\n<p class=\"has-text-align-center\">A diretora&nbsp;<\/p>\n\n\n\n<p class=\"has-text-align-center\">Carla Patr\u00edcia Sousa Vieira&nbsp;<\/p>\n\n\n\n<p><\/p>\n","protected":false},"excerpt":{"rendered":"<p>Ano letivo 2025\/2026 Informa\u00e7\u00e3o \u00b7 O pagamento das mensalidades e refei\u00e7\u00f5es dever\u00e1 ser efetuado por transfer\u00eancia banc\u00e1ria;&nbsp; \u00b7 O valor [&hellip;]<\/p>\n","protected":false},"author":55,"featured_media":0,"parent":0,"menu_order":0,"comment_status":"closed","ping_status":"closed","template":"","meta":{"site-sidebar-layout":"no-sidebar","site-content-layout":"","ast-site-content-layout":"normal-width-container","site-content-style":"default","site-sidebar-style":"boxed","ast-global-header-display":"","ast-banner-title-visibility":"","ast-main-header-display":"","ast-hfb-above-header-display":"","ast-hfb-below-header-display":"","ast-hfb-mobile-header-display":"","site-post-title":"","ast-breadcrumbs-content":"","ast-featured-img":"","footer-sml-layout":"","ast-disable-related-posts":"","theme-transparent-header-meta":"default","adv-header-id-meta":"","stick-header-meta":"","header-above-stick-meta":"","header-main-stick-meta":"","header-below-stick-meta":"","astra-migrate-meta-layouts":"default","ast-page-background-enabled":"default","ast-page-background-meta":{"desktop":{"background-color":"var(--ast-global-color-5)","background-image":"","background-repeat":"repeat","background-position":"center center","background-size":"auto","background-attachment":"scroll","background-type":"","background-media":"","overlay-type":"","overlay-color":"","overlay-opacity":"","overlay-gradient":""},"tablet":{"background-color":"","background-image":"","background-repeat":"repeat","background-position":"center center","background-size":"auto","background-attachment":"scroll","background-type":"","background-media":"","overlay-type":"","overlay-color":"","overlay-opacity":"","overlay-gradient":""},"mobile":{"background-color":"","background-image":"","background-repeat":"repeat","background-position":"center center","background-size":"auto","background-attachment":"scroll","background-type":"","background-media":"","overlay-type":"","overlay-color":"","overlay-opacity":"","overlay-gradient":""}},"ast-content-background-meta":{"desktop":{"background-color":"var(--ast-global-color-4)","background-image":"","background-repeat":"repeat","background-position":"center center","background-size":"auto","background-attachment":"scroll","background-type":"","background-media":"","overlay-type":"","overlay-color":"","overlay-opacity":"","overlay-gradient":""},"tablet":{"background-color":"var(--ast-global-color-4)","background-image":"","background-repeat":"repeat","background-position":"center center","background-size":"auto","background-attachment":"scroll","background-type":"","background-media":"","overlay-type":"","overlay-color":"","overlay-opacity":"","overlay-gradient":""},"mobile":{"background-color":"var(--ast-global-color-4)","background-image":"","background-repeat":"repeat","background-position":"center center","background-size":"auto","background-attachment":"scroll","background-type":"","background-media":"","overlay-type":"","overlay-color":"","overlay-opacity":"","overlay-gradient":""}},"_themeisle_gutenberg_block_has_review":false,"footnotes":""},"class_list":["post-157","page","type-page","status-publish","hentry"],"_links":{"self":[{"href":"https:\/\/escoladigital.madeira.gov.pt\/eb1peengluissantoscosta\/wp-json\/wp\/v2\/pages\/157","targetHints":{"allow":["GET"]}}],"collection":[{"href":"https:\/\/escoladigital.madeira.gov.pt\/eb1peengluissantoscosta\/wp-json\/wp\/v2\/pages"}],"about":[{"href":"https:\/\/escoladigital.madeira.gov.pt\/eb1peengluissantoscosta\/wp-json\/wp\/v2\/types\/page"}],"author":[{"embeddable":true,"href":"https:\/\/escoladigital.madeira.gov.pt\/eb1peengluissantoscosta\/wp-json\/wp\/v2\/users\/55"}],"replies":[{"embeddable":true,"href":"https:\/\/escoladigital.madeira.gov.pt\/eb1peengluissantoscosta\/wp-json\/wp\/v2\/comments?post=157"}],"version-history":[{"count":25,"href":"https:\/\/escoladigital.madeira.gov.pt\/eb1peengluissantoscosta\/wp-json\/wp\/v2\/pages\/157\/revisions"}],"predecessor-version":[{"id":368,"href":"https:\/\/escoladigital.madeira.gov.pt\/eb1peengluissantoscosta\/wp-json\/wp\/v2\/pages\/157\/revisions\/368"}],"wp:attachment":[{"href":"https:\/\/escoladigital.madeira.gov.pt\/eb1peengluissantoscosta\/wp-json\/wp\/v2\/media?parent=157"}],"curies":[{"name":"wp","href":"https:\/\/api.w.org\/{rel}","templated":true}]}}