{"id":260,"date":"2025-02-17T00:19:54","date_gmt":"2025-02-17T00:19:54","guid":{"rendered":"https:\/\/escoladigital.madeira.gov.pt\/eb1peengluissantoscosta\/?page_id=260"},"modified":"2025-11-14T00:09:55","modified_gmt":"2025-11-14T00:09:55","slug":"tic-2","status":"publish","type":"page","link":"https:\/\/escoladigital.madeira.gov.pt\/eb1peengluissantoscosta\/tic-2\/","title":{"rendered":"TIC"},"content":{"rendered":"\n<p>Professores Respons\u00e1veis: Am\u00e2ndio Barreiras; Carmo Sp\u00ednola<\/p>\n\n\n\n<div class=\"wp-block-columns is-layout-flex wp-container-core-columns-is-layout-28f84493 wp-block-columns-is-layout-flex\">\n<div class=\"wp-block-column is-layout-flow wp-block-column-is-layout-flow\">\n<div data-wp-interactive=\"core\/file\" class=\"wp-block-file has-border-color has-ast-global-color-5-border-color\" style=\"border-style:solid\"><object data-wp-bind--hidden=\"!state.hasPdfPreview\" hidden class=\"wp-block-file__embed\" data=\"https:\/\/escoladigital.madeira.gov.pt\/eb1peengluissantoscosta\/wp-content\/uploads\/sites\/42\/2025\/02\/PLANOTICEng.LSC_2425.pdf\" type=\"application\/pdf\" style=\"width:100%;height:425px\" aria-label=\"Incorpora\u00e7\u00e3o de PLANO TIC Eng.LSC_2425.\"><\/object><a id=\"wp-block-file--media-777758f3-394d-4e32-9a79-0b81709a015f\" href=\"https:\/\/escoladigital.madeira.gov.pt\/eb1peengluissantoscosta\/wp-content\/uploads\/sites\/42\/2025\/02\/PLANOTICEng.LSC_2425.pdf\">PLANO TIC Eng.LSC_2425<\/a><\/div>\n<\/div>\n\n\n\n<div class=\"wp-block-column is-layout-flow wp-block-column-is-layout-flow\">\n<div data-wp-interactive=\"core\/file\" class=\"wp-block-file has-border-color has-ast-global-color-5-border-color\"><object data-wp-bind--hidden=\"!state.hasPdfPreview\" hidden class=\"wp-block-file__embed\" data=\"https:\/\/escoladigital.madeira.gov.pt\/eb1peengluissantoscosta\/wp-content\/uploads\/sites\/42\/2025\/02\/DOCUMENTO_ORIENTADOR_TIC_RAM.pdf\" type=\"application\/pdf\" style=\"width:100%;height:425px\" aria-label=\"Incorpora\u00e7\u00e3o de DOCUMENTO_ORIENTADOR_TIC_RAM.\"><\/object><a id=\"wp-block-file--media-41054c02-67e2-4401-9178-b3e1e9981181\" href=\"https:\/\/escoladigital.madeira.gov.pt\/eb1peengluissantoscosta\/wp-content\/uploads\/sites\/42\/2025\/02\/DOCUMENTO_ORIENTADOR_TIC_RAM.pdf\">DOCUMENTO_ORIENTADOR_TIC_RAM<\/a><\/div>\n<\/div>\n<\/div>\n\n\n\n<p><\/p>\n","protected":false},"excerpt":{"rendered":"<p>Professores Respons\u00e1veis: Am\u00e2ndio Barreiras; Carmo Sp\u00ednola<\/p>\n","protected":false},"author":55,"featured_media":0,"parent":0,"menu_order":0,"comment_status":"closed","ping_status":"closed","template":"","meta":{"site-sidebar-layout":"no-sidebar","site-content-layout":"","ast-site-content-layout":"normal-width-container","site-content-style":"boxed","site-sidebar-style":"default","ast-global-header-display":"","ast-banner-title-visibility":"","ast-main-header-display":"","ast-hfb-above-header-display":"","ast-hfb-below-header-display":"","ast-hfb-mobile-header-display":"","site-post-title":"","ast-breadcrumbs-content":"","ast-featured-img":"","footer-sml-layout":"","ast-disable-related-posts":"","theme-transparent-header-meta":"","adv-header-id-meta":"","stick-header-meta":"","header-above-stick-meta":"","header-main-stick-meta":"","header-below-stick-meta":"","astra-migrate-meta-layouts":"default","ast-page-background-enabled":"default","ast-page-background-meta":{"desktop":{"background-color":"var(--ast-global-color-5)","background-image":"","background-repeat":"repeat","background-position":"center center","background-size":"auto","background-attachment":"scroll","background-type":"","background-media":"","overlay-type":"","overlay-color":"","overlay-opacity":"","overlay-gradient":""},"tablet":{"background-color":"","background-image":"","background-repeat":"repeat","background-position":"center center","background-size":"auto","background-attachment":"scroll","background-type":"","background-media":"","overlay-type":"","overlay-color":"","overlay-opacity":"","overlay-gradient":""},"mobile":{"background-color":"","background-image":"","background-repeat":"repeat","background-position":"center center","background-size":"auto","background-attachment":"scroll","background-type":"","background-media":"","overlay-type":"","overlay-color":"","overlay-opacity":"","overlay-gradient":""}},"ast-content-background-meta":{"desktop":{"background-color":"var(--ast-global-color-4)","background-image":"","background-repeat":"repeat","background-position":"center center","background-size":"auto","background-attachment":"scroll","background-type":"","background-media":"","overlay-type":"","overlay-color":"","overlay-opacity":"","overlay-gradient":""},"tablet":{"background-color":"var(--ast-global-color-4)","background-image":"","background-repeat":"repeat","background-position":"center center","background-size":"auto","background-attachment":"scroll","background-type":"","background-media":"","overlay-type":"","overlay-color":"","overlay-opacity":"","overlay-gradient":""},"mobile":{"background-color":"var(--ast-global-color-4)","background-image":"","background-repeat":"repeat","background-position":"center center","background-size":"auto","background-attachment":"scroll","background-type":"","background-media":"","overlay-type":"","overlay-color":"","overlay-opacity":"","overlay-gradient":""}},"_themeisle_gutenberg_block_has_review":false,"footnotes":""},"class_list":["post-260","page","type-page","status-publish","hentry"],"_links":{"self":[{"href":"https:\/\/escoladigital.madeira.gov.pt\/eb1peengluissantoscosta\/wp-json\/wp\/v2\/pages\/260","targetHints":{"allow":["GET"]}}],"collection":[{"href":"https:\/\/escoladigital.madeira.gov.pt\/eb1peengluissantoscosta\/wp-json\/wp\/v2\/pages"}],"about":[{"href":"https:\/\/escoladigital.madeira.gov.pt\/eb1peengluissantoscosta\/wp-json\/wp\/v2\/types\/page"}],"author":[{"embeddable":true,"href":"https:\/\/escoladigital.madeira.gov.pt\/eb1peengluissantoscosta\/wp-json\/wp\/v2\/users\/55"}],"replies":[{"embeddable":true,"href":"https:\/\/escoladigital.madeira.gov.pt\/eb1peengluissantoscosta\/wp-json\/wp\/v2\/comments?post=260"}],"version-history":[{"count":5,"href":"https:\/\/escoladigital.madeira.gov.pt\/eb1peengluissantoscosta\/wp-json\/wp\/v2\/pages\/260\/revisions"}],"predecessor-version":[{"id":345,"href":"https:\/\/escoladigital.madeira.gov.pt\/eb1peengluissantoscosta\/wp-json\/wp\/v2\/pages\/260\/revisions\/345"}],"wp:attachment":[{"href":"https:\/\/escoladigital.madeira.gov.pt\/eb1peengluissantoscosta\/wp-json\/wp\/v2\/media?parent=260"}],"curies":[{"name":"wp","href":"https:\/\/api.w.org\/{rel}","templated":true}]}}