{"id":369,"date":"2026-01-05T12:37:51","date_gmt":"2026-01-05T12:37:51","guid":{"rendered":"https:\/\/escoladigital.madeira.gov.pt\/eb1peengluissantoscosta\/?page_id=369"},"modified":"2026-04-11T16:26:51","modified_gmt":"2026-04-11T16:26:51","slug":"plano-de-gestao-de-riscos-de-corrupcao-e-infracoes-conexas","status":"publish","type":"page","link":"https:\/\/escoladigital.madeira.gov.pt\/eb1peengluissantoscosta\/plano-de-gestao-de-riscos-de-corrupcao-e-infracoes-conexas\/","title":{"rendered":"Plano de Gest\u00e3o de Riscos de Corrup\u00e7\u00e3o e Infra\u00e7\u00f5es Conexas"},"content":{"rendered":"\n<div data-wp-interactive=\"core\/file\" class=\"wp-block-file\"><object data-wp-bind--hidden=\"!state.hasPdfPreview\" hidden class=\"wp-block-file__embed\" data=\"https:\/\/escoladigital.madeira.gov.pt\/eb1peengluissantoscosta\/wp-content\/uploads\/sites\/42\/2026\/04\/Plano-de-Gestao-de-Riscos-de-Corrupcao-e-Infracoes-Conexas-1.pdf\" type=\"application\/pdf\" style=\"width:100%;height:600px\" aria-label=\"Incorpora\u00e7\u00e3o de Plano de Gest\u00e3o de Riscos de Corrup\u00e7\u00e3o e Infra\u00e7\u00f5es Conexas (1).\"><\/object><a id=\"wp-block-file--media-da3c3f39-f7ca-4e54-bc76-2a74c4e8b274\" href=\"https:\/\/escoladigital.madeira.gov.pt\/eb1peengluissantoscosta\/wp-content\/uploads\/sites\/42\/2026\/04\/Plano-de-Gestao-de-Riscos-de-Corrupcao-e-Infracoes-Conexas-1.pdf\">Plano de Gest\u00e3o de Riscos de Corrup\u00e7\u00e3o e Infra\u00e7\u00f5es Conexas (1)<\/a><a href=\"https:\/\/escoladigital.madeira.gov.pt\/eb1peengluissantoscosta\/wp-content\/uploads\/sites\/42\/2026\/04\/Plano-de-Gestao-de-Riscos-de-Corrupcao-e-Infracoes-Conexas-1.pdf\" class=\"wp-block-file__button wp-element-button\" download aria-describedby=\"wp-block-file--media-da3c3f39-f7ca-4e54-bc76-2a74c4e8b274\">Descarregar<\/a><\/div>\n","protected":false},"excerpt":{"rendered":"","protected":false},"author":55,"featured_media":0,"parent":0,"menu_order":0,"comment_status":"closed","ping_status":"closed","template":"","meta":{"site-sidebar-layout":"default","site-content-layout":"","ast-site-content-layout":"default","site-content-style":"default","site-sidebar-style":"default","ast-global-header-display":"","ast-banner-title-visibility":"","ast-main-header-display":"","ast-hfb-above-header-display":"","ast-hfb-below-header-display":"","ast-hfb-mobile-header-display":"","site-post-title":"","ast-breadcrumbs-content":"","ast-featured-img":"","footer-sml-layout":"","ast-disable-related-posts":"","theme-transparent-header-meta":"","adv-header-id-meta":"","stick-header-meta":"","header-above-stick-meta":"","header-main-stick-meta":"","header-below-stick-meta":"","astra-migrate-meta-layouts":"default","ast-page-background-enabled":"default","ast-page-background-meta":{"desktop":{"background-color":"var(--ast-global-color-5)","background-image":"","background-repeat":"repeat","background-position":"center center","background-size":"auto","background-attachment":"scroll","background-type":"","background-media":"","overlay-type":"","overlay-color":"","overlay-opacity":"","overlay-gradient":""},"tablet":{"background-color":"","background-image":"","background-repeat":"repeat","background-position":"center center","background-size":"auto","background-attachment":"scroll","background-type":"","background-media":"","overlay-type":"","overlay-color":"","overlay-opacity":"","overlay-gradient":""},"mobile":{"background-color":"","background-image":"","background-repeat":"repeat","background-position":"center center","background-size":"auto","background-attachment":"scroll","background-type":"","background-media":"","overlay-type":"","overlay-color":"","overlay-opacity":"","overlay-gradient":""}},"ast-content-background-meta":{"desktop":{"background-color":"var(--ast-global-color-4)","background-image":"","background-repeat":"repeat","background-position":"center center","background-size":"auto","background-attachment":"scroll","background-type":"","background-media":"","overlay-type":"","overlay-color":"","overlay-opacity":"","overlay-gradient":""},"tablet":{"background-color":"var(--ast-global-color-4)","background-image":"","background-repeat":"repeat","background-position":"center center","background-size":"auto","background-attachment":"scroll","background-type":"","background-media":"","overlay-type":"","overlay-color":"","overlay-opacity":"","overlay-gradient":""},"mobile":{"background-color":"var(--ast-global-color-4)","background-image":"","background-repeat":"repeat","background-position":"center center","background-size":"auto","background-attachment":"scroll","background-type":"","background-media":"","overlay-type":"","overlay-color":"","overlay-opacity":"","overlay-gradient":""}},"_themeisle_gutenberg_block_has_review":false,"footnotes":""},"class_list":["post-369","page","type-page","status-publish","hentry"],"_links":{"self":[{"href":"https:\/\/escoladigital.madeira.gov.pt\/eb1peengluissantoscosta\/wp-json\/wp\/v2\/pages\/369","targetHints":{"allow":["GET"]}}],"collection":[{"href":"https:\/\/escoladigital.madeira.gov.pt\/eb1peengluissantoscosta\/wp-json\/wp\/v2\/pages"}],"about":[{"href":"https:\/\/escoladigital.madeira.gov.pt\/eb1peengluissantoscosta\/wp-json\/wp\/v2\/types\/page"}],"author":[{"embeddable":true,"href":"https:\/\/escoladigital.madeira.gov.pt\/eb1peengluissantoscosta\/wp-json\/wp\/v2\/users\/55"}],"replies":[{"embeddable":true,"href":"https:\/\/escoladigital.madeira.gov.pt\/eb1peengluissantoscosta\/wp-json\/wp\/v2\/comments?post=369"}],"version-history":[{"count":3,"href":"https:\/\/escoladigital.madeira.gov.pt\/eb1peengluissantoscosta\/wp-json\/wp\/v2\/pages\/369\/revisions"}],"predecessor-version":[{"id":376,"href":"https:\/\/escoladigital.madeira.gov.pt\/eb1peengluissantoscosta\/wp-json\/wp\/v2\/pages\/369\/revisions\/376"}],"wp:attachment":[{"href":"https:\/\/escoladigital.madeira.gov.pt\/eb1peengluissantoscosta\/wp-json\/wp\/v2\/media?parent=369"}],"curies":[{"name":"wp","href":"https:\/\/api.w.org\/{rel}","templated":true}]}}