{"id":388,"date":"2026-05-06T15:18:06","date_gmt":"2026-05-06T15:18:06","guid":{"rendered":"https:\/\/escoladigital.madeira.gov.pt\/eb1peengluissantoscosta\/?page_id=388"},"modified":"2026-05-06T15:18:06","modified_gmt":"2026-05-06T15:18:06","slug":"eco-escolas-2","status":"publish","type":"page","link":"https:\/\/escoladigital.madeira.gov.pt\/eb1peengluissantoscosta\/eco-escolas-2\/","title":{"rendered":"Eco-escolas"},"content":{"rendered":"\n<h3 class=\"wp-block-heading has-text-align-center\">Eco-c\u00f3digo<\/h3>\n\n\n\n<div data-wp-interactive=\"core\/file\" class=\"wp-block-file\"><object data-wp-bind--hidden=\"!state.hasPdfPreview\" hidden class=\"wp-block-file__embed\" data=\"https:\/\/escoladigital.madeira.gov.pt\/eb1peengluissantoscosta\/wp-content\/uploads\/sites\/42\/2026\/05\/ECO-CODIGO-2025-2026-1.pdf\" type=\"application\/pdf\" style=\"width:100%;height:600px\" aria-label=\"Incorpora\u00e7\u00e3o de ECO-C\u00d3DIGO-2025-2026.\"><\/object><a id=\"wp-block-file--media-c46449f3-690c-4988-bc3c-b193fe0f991c\" href=\"https:\/\/escoladigital.madeira.gov.pt\/eb1peengluissantoscosta\/wp-content\/uploads\/sites\/42\/2026\/05\/ECO-CODIGO-2025-2026-1.pdf\">ECO-C\u00d3DIGO-2025-2026<\/a><a href=\"https:\/\/escoladigital.madeira.gov.pt\/eb1peengluissantoscosta\/wp-content\/uploads\/sites\/42\/2026\/05\/ECO-CODIGO-2025-2026-1.pdf\" class=\"wp-block-file__button wp-element-button\" download aria-describedby=\"wp-block-file--media-c46449f3-690c-4988-bc3c-b193fe0f991c\">Descarregar<\/a><\/div>\n\n\n\n<h3 class=\"wp-block-heading has-text-align-center\">Plano de a\u00e7\u00e3o escola azul 2025\/2026<\/h3>\n\n\n\n<div data-wp-interactive=\"core\/file\" class=\"wp-block-file\"><object data-wp-bind--hidden=\"!state.hasPdfPreview\" hidden class=\"wp-block-file__embed\" data=\"https:\/\/escoladigital.madeira.gov.pt\/eb1peengluissantoscosta\/wp-content\/uploads\/sites\/42\/2026\/05\/PLANO-DE-ACAO-ESCOLA-AZUL-2025-2026-1.pdf\" type=\"application\/pdf\" style=\"width:100%;height:600px\" aria-label=\"Incorpora\u00e7\u00e3o de PLANO DE A\u00c7\u00c3O-ESCOLA-AZUL-2025-2026.\"><\/object><a id=\"wp-block-file--media-0c8be061-5e26-43ff-be40-145b8e8bb6be\" href=\"https:\/\/escoladigital.madeira.gov.pt\/eb1peengluissantoscosta\/wp-content\/uploads\/sites\/42\/2026\/05\/PLANO-DE-ACAO-ESCOLA-AZUL-2025-2026-1.pdf\">PLANO DE A\u00c7\u00c3O-ESCOLA-AZUL-2025-2026<\/a><a href=\"https:\/\/escoladigital.madeira.gov.pt\/eb1peengluissantoscosta\/wp-content\/uploads\/sites\/42\/2026\/05\/PLANO-DE-ACAO-ESCOLA-AZUL-2025-2026-1.pdf\" class=\"wp-block-file__button wp-element-button\" download aria-describedby=\"wp-block-file--media-0c8be061-5e26-43ff-be40-145b8e8bb6be\">Descarregar<\/a><\/div>\n\n\n\n<h3 class=\"wp-block-heading has-text-align-center\">Plano de a\u00e7\u00e3o Eco-escolas 2025\/2026<\/h3>\n\n\n\n<div data-wp-interactive=\"core\/file\" class=\"wp-block-file\"><object data-wp-bind--hidden=\"!state.hasPdfPreview\" hidden class=\"wp-block-file__embed\" data=\"https:\/\/escoladigital.madeira.gov.pt\/eb1peengluissantoscosta\/wp-content\/uploads\/sites\/42\/2026\/05\/Plano-Acao-Eco-Escolas-2025-2026-1.pdf\" type=\"application\/pdf\" style=\"width:100%;height:720px\" aria-label=\"Incorpora\u00e7\u00e3o de Plano-A\u00e7\u00e3o-Eco-Escolas-2025-2026.\"><\/object><a id=\"wp-block-file--media-43d05992-49a4-46d5-aec1-287495a89b7a\" href=\"https:\/\/escoladigital.madeira.gov.pt\/eb1peengluissantoscosta\/wp-content\/uploads\/sites\/42\/2026\/05\/Plano-Acao-Eco-Escolas-2025-2026-1.pdf\">Plano-A\u00e7\u00e3o-Eco-Escolas-2025-2026<\/a><a href=\"https:\/\/escoladigital.madeira.gov.pt\/eb1peengluissantoscosta\/wp-content\/uploads\/sites\/42\/2026\/05\/Plano-Acao-Eco-Escolas-2025-2026-1.pdf\" class=\"wp-block-file__button wp-element-button\" download aria-describedby=\"wp-block-file--media-43d05992-49a4-46d5-aec1-287495a89b7a\">Descarregar<\/a><\/div>\n\n\n\n<p><\/p>\n","protected":false},"excerpt":{"rendered":"<p>Eco-c\u00f3digo Plano de a\u00e7\u00e3o escola azul 2025\/2026 Plano de a\u00e7\u00e3o Eco-escolas 2025\/2026<\/p>\n","protected":false},"author":55,"featured_media":0,"parent":0,"menu_order":0,"comment_status":"closed","ping_status":"closed","template":"","meta":{"site-sidebar-layout":"default","site-content-layout":"","ast-site-content-layout":"normal-width-container","site-content-style":"default","site-sidebar-style":"default","ast-global-header-display":"","ast-banner-title-visibility":"","ast-main-header-display":"","ast-hfb-above-header-display":"","ast-hfb-below-header-display":"","ast-hfb-mobile-header-display":"","site-post-title":"","ast-breadcrumbs-content":"","ast-featured-img":"","footer-sml-layout":"","ast-disable-related-posts":"","theme-transparent-header-meta":"","adv-header-id-meta":"","stick-header-meta":"","header-above-stick-meta":"","header-main-stick-meta":"","header-below-stick-meta":"","astra-migrate-meta-layouts":"default","ast-page-background-enabled":"default","ast-page-background-meta":{"desktop":{"background-color":"var(--ast-global-color-5)","background-image":"","background-repeat":"repeat","background-position":"center center","background-size":"auto","background-attachment":"scroll","background-type":"","background-media":"","overlay-type":"","overlay-color":"","overlay-opacity":"","overlay-gradient":""},"tablet":{"background-color":"","background-image":"","background-repeat":"repeat","background-position":"center center","background-size":"auto","background-attachment":"scroll","background-type":"","background-media":"","overlay-type":"","overlay-color":"","overlay-opacity":"","overlay-gradient":""},"mobile":{"background-color":"","background-image":"","background-repeat":"repeat","background-position":"center center","background-size":"auto","background-attachment":"scroll","background-type":"","background-media":"","overlay-type":"","overlay-color":"","overlay-opacity":"","overlay-gradient":""}},"ast-content-background-meta":{"desktop":{"background-color":"var(--ast-global-color-4)","background-image":"","background-repeat":"repeat","background-position":"center center","background-size":"auto","background-attachment":"scroll","background-type":"","background-media":"","overlay-type":"","overlay-color":"","overlay-opacity":"","overlay-gradient":""},"tablet":{"background-color":"var(--ast-global-color-4)","background-image":"","background-repeat":"repeat","background-position":"center center","background-size":"auto","background-attachment":"scroll","background-type":"","background-media":"","overlay-type":"","overlay-color":"","overlay-opacity":"","overlay-gradient":""},"mobile":{"background-color":"var(--ast-global-color-4)","background-image":"","background-repeat":"repeat","background-position":"center center","background-size":"auto","background-attachment":"scroll","background-type":"","background-media":"","overlay-type":"","overlay-color":"","overlay-opacity":"","overlay-gradient":""}},"_themeisle_gutenberg_block_has_review":false,"footnotes":""},"class_list":["post-388","page","type-page","status-publish","hentry"],"_links":{"self":[{"href":"https:\/\/escoladigital.madeira.gov.pt\/eb1peengluissantoscosta\/wp-json\/wp\/v2\/pages\/388","targetHints":{"allow":["GET"]}}],"collection":[{"href":"https:\/\/escoladigital.madeira.gov.pt\/eb1peengluissantoscosta\/wp-json\/wp\/v2\/pages"}],"about":[{"href":"https:\/\/escoladigital.madeira.gov.pt\/eb1peengluissantoscosta\/wp-json\/wp\/v2\/types\/page"}],"author":[{"embeddable":true,"href":"https:\/\/escoladigital.madeira.gov.pt\/eb1peengluissantoscosta\/wp-json\/wp\/v2\/users\/55"}],"replies":[{"embeddable":true,"href":"https:\/\/escoladigital.madeira.gov.pt\/eb1peengluissantoscosta\/wp-json\/wp\/v2\/comments?post=388"}],"version-history":[{"count":1,"href":"https:\/\/escoladigital.madeira.gov.pt\/eb1peengluissantoscosta\/wp-json\/wp\/v2\/pages\/388\/revisions"}],"predecessor-version":[{"id":393,"href":"https:\/\/escoladigital.madeira.gov.pt\/eb1peengluissantoscosta\/wp-json\/wp\/v2\/pages\/388\/revisions\/393"}],"wp:attachment":[{"href":"https:\/\/escoladigital.madeira.gov.pt\/eb1peengluissantoscosta\/wp-json\/wp\/v2\/media?parent=388"}],"curies":[{"name":"wp","href":"https:\/\/api.w.org\/{rel}","templated":true}]}}