{"id":61,"date":"2025-01-29T15:17:26","date_gmt":"2025-01-29T15:17:26","guid":{"rendered":"https:\/\/escoladigital.madeira.gov.pt\/eb1pefaials\/?page_id=61"},"modified":"2025-02-24T23:28:49","modified_gmt":"2025-02-24T23:28:49","slug":"escola","status":"publish","type":"page","link":"https:\/\/escoladigital.madeira.gov.pt\/eb1pefaials\/?page_id=61","title":{"rendered":"A Nossa Escola"},"content":{"rendered":"\n<figure class=\"wp-block-video\"><video height=\"1080\" style=\"aspect-ratio: 1908 \/ 1080;\" width=\"1908\" controls src=\"https:\/\/escoladigital.madeira.gov.pt\/eb1pefaials\/wp-content\/uploads\/sites\/57\/2025\/02\/A-Nossa-Escola.mp4\"><\/video><\/figure>\n\n\n\n<figure class=\"wp-block-image alignfull size-large\"><img fetchpriority=\"high\" decoding=\"async\" width=\"706\" height=\"1024\" src=\"https:\/\/escoladigital.madeira.gov.pt\/eb1pefaials\/wp-content\/uploads\/sites\/57\/2025\/02\/Hino-da-Escola-Melodia-e-cifra-do-refrao-1-706x1024.png\" alt=\"\" class=\"wp-image-894\" srcset=\"https:\/\/escoladigital.madeira.gov.pt\/eb1pefaials\/wp-content\/uploads\/sites\/57\/2025\/02\/Hino-da-Escola-Melodia-e-cifra-do-refrao-1-706x1024.png 706w, https:\/\/escoladigital.madeira.gov.pt\/eb1pefaials\/wp-content\/uploads\/sites\/57\/2025\/02\/Hino-da-Escola-Melodia-e-cifra-do-refrao-1-207x300.png 207w, https:\/\/escoladigital.madeira.gov.pt\/eb1pefaials\/wp-content\/uploads\/sites\/57\/2025\/02\/Hino-da-Escola-Melodia-e-cifra-do-refrao-1-768x1114.png 768w, https:\/\/escoladigital.madeira.gov.pt\/eb1pefaials\/wp-content\/uploads\/sites\/57\/2025\/02\/Hino-da-Escola-Melodia-e-cifra-do-refrao-1-1059x1536.png 1059w, https:\/\/escoladigital.madeira.gov.pt\/eb1pefaials\/wp-content\/uploads\/sites\/57\/2025\/02\/Hino-da-Escola-Melodia-e-cifra-do-refrao-1-1412x2048.png 1412w\" sizes=\"(max-width: 706px) 100vw, 706px\" \/><\/figure>\n\n\n\n<figure class=\"wp-block-audio\"><audio controls src=\"https:\/\/escoladigital.madeira.gov.pt\/eb1pefaials\/wp-content\/uploads\/sites\/57\/2025\/02\/Hino-da-Escola-REDUCAO-com-melodia.mp3\"><\/audio><\/figure>\n\n\n\n<div data-wp-interactive=\"core\/file\" class=\"wp-block-file\"><object data-wp-bind--hidden=\"!state.hasPdfPreview\" hidden class=\"wp-block-file__embed\" data=\"https:\/\/escoladigital.madeira.gov.pt\/eb1pefaials\/wp-content\/uploads\/sites\/57\/2025\/02\/HINO-DA-ESCOLA-Reducao-Letra-1.pdf\" type=\"application\/pdf\" style=\"width:100%;height:600px\" aria-label=\"Incorpora\u00e7\u00e3o de HINO DA ESCOLA - Redu\u00e7\u00e3o - Letra.\"><\/object><a id=\"wp-block-file--media-b01639f6-a415-4f65-ac57-749175661992\" href=\"https:\/\/escoladigital.madeira.gov.pt\/eb1pefaials\/wp-content\/uploads\/sites\/57\/2025\/02\/HINO-DA-ESCOLA-Reducao-Letra-1.pdf\">HINO DA ESCOLA &#8211; Redu\u00e7\u00e3o &#8211; Letra<\/a><a href=\"https:\/\/escoladigital.madeira.gov.pt\/eb1pefaials\/wp-content\/uploads\/sites\/57\/2025\/02\/HINO-DA-ESCOLA-Reducao-Letra-1.pdf\" class=\"wp-block-file__button wp-element-button\" download aria-describedby=\"wp-block-file--media-b01639f6-a415-4f65-ac57-749175661992\">Descarregar<\/a><\/div>\n\n\n\n<div id=\"wp-block-themeisle-blocks-slider-0d026c71\" class=\"wp-block-themeisle-blocks-slider glide\" data-per-view=\"1\" data-gap=\"0\" data-peek=\"0\" data-autoplay=\"true\" data-height=\"400px\" data-hide-arrows=\"false\"><div class=\"glide__track\" data-glide-el=\"track\"><div class=\"glide__slides\"><div class=\"wp-block-themeisle-blocks-slider-item-wrapper glide__slide\"><figure><img decoding=\"async\" class=\"wp-block-themeisle-blocks-slider-item\" src=\"https:\/\/escoladigital.madeira.gov.pt\/eb1pefaials\/wp-content\/uploads\/sites\/57\/2025\/02\/a64b85eb-ac22-4756-b621-e2a6e784e48e-2.jpg\" alt=\"\" title=\"\" data-id=\"1298\" \/><\/figure><\/div><div class=\"wp-block-themeisle-blocks-slider-item-wrapper glide__slide\"><figure><img decoding=\"async\" class=\"wp-block-themeisle-blocks-slider-item\" src=\"https:\/\/escoladigital.madeira.gov.pt\/eb1pefaials\/wp-content\/uploads\/sites\/57\/2025\/02\/63e16ae0-1250-48df-acde-06afb03bdcb4-1.jpg\" alt=\"\" title=\"\" data-id=\"1299\" \/><\/figure><\/div><div class=\"wp-block-themeisle-blocks-slider-item-wrapper glide__slide\"><figure><img decoding=\"async\" class=\"wp-block-themeisle-blocks-slider-item\" src=\"https:\/\/escoladigital.madeira.gov.pt\/eb1pefaials\/wp-content\/uploads\/sites\/57\/2025\/02\/470089302_122203797428137830_357488058202659508_n-5.jpg\" alt=\"\" title=\"\" data-id=\"1297\" \/><\/figure><\/div><div class=\"wp-block-themeisle-blocks-slider-item-wrapper glide__slide\"><figure><img decoding=\"async\" class=\"wp-block-themeisle-blocks-slider-item\" src=\"https:\/\/escoladigital.madeira.gov.pt\/eb1pefaials\/wp-content\/uploads\/sites\/57\/2025\/02\/eef1ebac-21fa-430a-b1ae-c20f2c6ddc76-1.jpg\" alt=\"\" title=\"\" data-id=\"1300\" \/><\/figure><\/div><div class=\"wp-block-themeisle-blocks-slider-item-wrapper glide__slide\"><figure><img decoding=\"async\" class=\"wp-block-themeisle-blocks-slider-item\" src=\"https:\/\/escoladigital.madeira.gov.pt\/eb1pefaials\/wp-content\/uploads\/sites\/57\/2025\/02\/702daf03-cd1f-4a99-af47-1289b1124500.jpg\" alt=\"\" title=\"\" data-id=\"1301\" \/><\/figure><\/div><div class=\"wp-block-themeisle-blocks-slider-item-wrapper glide__slide\"><figure><img decoding=\"async\" class=\"wp-block-themeisle-blocks-slider-item\" src=\"https:\/\/escoladigital.madeira.gov.pt\/eb1pefaials\/wp-content\/uploads\/sites\/57\/2025\/02\/69243d64-908b-4f5c-bd46-01ca977b8307-2.jpg\" alt=\"\" title=\"\" data-id=\"1302\" \/><\/figure><\/div><\/div><div class=\"glide__bullets\" data-glide-el=\"controls[nav]\"><button class=\"glide__bullet\" data-glide-dir=\"=0\"><\/button><button class=\"glide__bullet\" data-glide-dir=\"=1\"><\/button><button class=\"glide__bullet\" data-glide-dir=\"=2\"><\/button><button class=\"glide__bullet\" data-glide-dir=\"=3\"><\/button><button class=\"glide__bullet\" data-glide-dir=\"=4\"><\/button><button class=\"glide__bullet\" data-glide-dir=\"=5\"><\/button><\/div><\/div><\/div>\n\n\n\n<figure class=\"wp-block-video alignfull\"><video height=\"480\" style=\"aspect-ratio: 800 \/ 480;\" width=\"800\" controls src=\"https:\/\/escoladigital.madeira.gov.pt\/eb1pefaials\/wp-content\/uploads\/sites\/57\/2025\/02\/WhatsApp-Video-2025-02-24-at-17.17.03-2.mp4\"><\/video><\/figure>\n\n\n\n<figure class=\"wp-block-video alignfull\"><video height=\"480\" style=\"aspect-ratio: 848 \/ 480;\" width=\"848\" controls src=\"https:\/\/escoladigital.madeira.gov.pt\/eb1pefaials\/wp-content\/uploads\/sites\/57\/2025\/02\/WhatsApp-Video-2025-02-21-at-16.41.10-2.mp4\"><\/video><\/figure>\n","protected":false},"excerpt":{"rendered":"","protected":false},"author":73,"featured_media":0,"parent":0,"menu_order":0,"comment_status":"closed","ping_status":"closed","template":"","meta":{"site-sidebar-layout":"default","site-content-layout":"","ast-site-content-layout":"default","site-content-style":"default","site-sidebar-style":"default","ast-global-header-display":"","ast-banner-title-visibility":"","ast-main-header-display":"","ast-hfb-above-header-display":"","ast-hfb-below-header-display":"","ast-hfb-mobile-header-display":"","site-post-title":"","ast-breadcrumbs-content":"","ast-featured-img":"","footer-sml-layout":"","ast-disable-related-posts":"","theme-transparent-header-meta":"","adv-header-id-meta":"","stick-header-meta":"","header-above-stick-meta":"","header-main-stick-meta":"","header-below-stick-meta":"","astra-migrate-meta-layouts":"default","ast-page-background-enabled":"default","ast-page-background-meta":{"desktop":{"background-color":"var(--ast-global-color-5)","background-image":"","background-repeat":"repeat","background-position":"center center","background-size":"auto","background-attachment":"scroll","background-type":"","background-media":"","overlay-type":"","overlay-color":"","overlay-opacity":"","overlay-gradient":""},"tablet":{"background-color":"","background-image":"","background-repeat":"repeat","background-position":"center center","background-size":"auto","background-attachment":"scroll","background-type":"","background-media":"","overlay-type":"","overlay-color":"","overlay-opacity":"","overlay-gradient":""},"mobile":{"background-color":"","background-image":"","background-repeat":"repeat","background-position":"center center","background-size":"auto","background-attachment":"scroll","background-type":"","background-media":"","overlay-type":"","overlay-color":"","overlay-opacity":"","overlay-gradient":""}},"ast-content-background-meta":{"desktop":{"background-color":"var(--ast-global-color-4)","background-image":"","background-repeat":"repeat","background-position":"center center","background-size":"auto","background-attachment":"scroll","background-type":"","background-media":"","overlay-type":"","overlay-color":"","overlay-opacity":"","overlay-gradient":""},"tablet":{"background-color":"var(--ast-global-color-4)","background-image":"","background-repeat":"repeat","background-position":"center center","background-size":"auto","background-attachment":"scroll","background-type":"","background-media":"","overlay-type":"","overlay-color":"","overlay-opacity":"","overlay-gradient":""},"mobile":{"background-color":"var(--ast-global-color-4)","background-image":"","background-repeat":"repeat","background-position":"center center","background-size":"auto","background-attachment":"scroll","background-type":"","background-media":"","overlay-type":"","overlay-color":"","overlay-opacity":"","overlay-gradient":""}},"_themeisle_gutenberg_block_has_review":false,"footnotes":""},"class_list":["post-61","page","type-page","status-publish","hentry"],"_links":{"self":[{"href":"https:\/\/escoladigital.madeira.gov.pt\/eb1pefaials\/index.php?rest_route=\/wp\/v2\/pages\/61","targetHints":{"allow":["GET"]}}],"collection":[{"href":"https:\/\/escoladigital.madeira.gov.pt\/eb1pefaials\/index.php?rest_route=\/wp\/v2\/pages"}],"about":[{"href":"https:\/\/escoladigital.madeira.gov.pt\/eb1pefaials\/index.php?rest_route=\/wp\/v2\/types\/page"}],"author":[{"embeddable":true,"href":"https:\/\/escoladigital.madeira.gov.pt\/eb1pefaials\/index.php?rest_route=\/wp\/v2\/users\/73"}],"replies":[{"embeddable":true,"href":"https:\/\/escoladigital.madeira.gov.pt\/eb1pefaials\/index.php?rest_route=%2Fwp%2Fv2%2Fcomments&post=61"}],"version-history":[{"count":10,"href":"https:\/\/escoladigital.madeira.gov.pt\/eb1pefaials\/index.php?rest_route=\/wp\/v2\/pages\/61\/revisions"}],"predecessor-version":[{"id":1310,"href":"https:\/\/escoladigital.madeira.gov.pt\/eb1pefaials\/index.php?rest_route=\/wp\/v2\/pages\/61\/revisions\/1310"}],"wp:attachment":[{"href":"https:\/\/escoladigital.madeira.gov.pt\/eb1pefaials\/index.php?rest_route=%2Fwp%2Fv2%2Fmedia&parent=61"}],"curies":[{"name":"wp","href":"https:\/\/api.w.org\/{rel}","templated":true}]}}