{"id":802,"date":"2025-02-22T10:50:07","date_gmt":"2025-02-22T10:50:07","guid":{"rendered":"https:\/\/escoladigital.madeira.gov.pt\/eb1pefaials\/?page_id=802"},"modified":"2025-02-22T14:58:49","modified_gmt":"2025-02-22T14:58:49","slug":"plano-regional-de-educacao-rodoviaria-2","status":"publish","type":"page","link":"https:\/\/escoladigital.madeira.gov.pt\/eb1pefaials\/?page_id=802","title":{"rendered":"Plano Regional de Educa\u00e7\u00e3o Rodovi\u00e1ria"},"content":{"rendered":"<figure class=\"wp-block-post-featured-image\"><img fetchpriority=\"high\" decoding=\"async\" width=\"2040\" height=\"942\" src=\"https:\/\/escoladigital.madeira.gov.pt\/eb1pefaials\/wp-content\/uploads\/sites\/57\/2025\/02\/d241fb3d-4610-4cab-91db-0235ef3b14a8.jpg\" class=\"attachment-post-thumbnail size-post-thumbnail wp-post-image\" alt=\"\" style=\"object-fit:cover;\" srcset=\"https:\/\/escoladigital.madeira.gov.pt\/eb1pefaials\/wp-content\/uploads\/sites\/57\/2025\/02\/d241fb3d-4610-4cab-91db-0235ef3b14a8.jpg 2040w, https:\/\/escoladigital.madeira.gov.pt\/eb1pefaials\/wp-content\/uploads\/sites\/57\/2025\/02\/d241fb3d-4610-4cab-91db-0235ef3b14a8-300x139.jpg 300w, https:\/\/escoladigital.madeira.gov.pt\/eb1pefaials\/wp-content\/uploads\/sites\/57\/2025\/02\/d241fb3d-4610-4cab-91db-0235ef3b14a8-1024x473.jpg 1024w, https:\/\/escoladigital.madeira.gov.pt\/eb1pefaials\/wp-content\/uploads\/sites\/57\/2025\/02\/d241fb3d-4610-4cab-91db-0235ef3b14a8-768x355.jpg 768w, https:\/\/escoladigital.madeira.gov.pt\/eb1pefaials\/wp-content\/uploads\/sites\/57\/2025\/02\/d241fb3d-4610-4cab-91db-0235ef3b14a8-1536x709.jpg 1536w\" sizes=\"(max-width: 2040px) 100vw, 2040px\" \/><\/figure>\n\n\n<figure class=\"wp-block-embed is-type-wp-embed is-provider-plano-regional-de-educa-o-rodovi-ria wp-block-embed-plano-regional-de-educa-o-rodovi-ria\"><div class=\"wp-block-embed__wrapper\">\n<blockquote class=\"wp-embedded-content\" data-secret=\"zCv0QVkylM\"><a href=\"https:\/\/projetosdre.madeira.gov.pt\/prer\/\">Elementor #2119<\/a><\/blockquote><iframe class=\"wp-embedded-content\" sandbox=\"allow-scripts\" security=\"restricted\" style=\"position: absolute; visibility: hidden;\" title=\"&#8220;Elementor #2119&#8221; &#8212; Plano Regional de Educa\u00e7\u00e3o Rodovi\u00e1ria\" src=\"https:\/\/projetosdre.madeira.gov.pt\/prer\/embed\/#?secret=VkVVvDs9Jp#?secret=zCv0QVkylM\" data-secret=\"zCv0QVkylM\" width=\"500\" height=\"282\" frameborder=\"0\" marginwidth=\"0\" marginheight=\"0\" scrolling=\"no\"><\/iframe>\n<\/div><\/figure>\n\n\n\n<div id=\"wp-block-themeisle-blocks-slider-9c5a195e\" class=\"wp-block-themeisle-blocks-slider glide\" data-per-view=\"1\" data-gap=\"0\" data-peek=\"0\" data-autoplay=\"true\" data-height=\"400px\" data-hide-arrows=\"false\"><div class=\"glide__track\" data-glide-el=\"track\"><div class=\"glide__slides\"><div class=\"wp-block-themeisle-blocks-slider-item-wrapper glide__slide\"><figure><img decoding=\"async\" class=\"wp-block-themeisle-blocks-slider-item\" src=\"https:\/\/escoladigital.madeira.gov.pt\/eb1pefaials\/wp-content\/uploads\/sites\/57\/2025\/02\/f871f30a-ccf6-48f7-868b-54241d9f2230-1.jpg\" alt=\"\" title=\"\" data-id=\"845\" \/><\/figure><\/div><\/div><div class=\"glide__bullets\" data-glide-el=\"controls[nav]\"><button class=\"glide__bullet\" data-glide-dir=\"=0\"><\/button><\/div><\/div><\/div>\n","protected":false},"excerpt":{"rendered":"","protected":false},"author":73,"featured_media":803,"parent":0,"menu_order":0,"comment_status":"closed","ping_status":"closed","template":"","meta":{"site-sidebar-layout":"default","site-content-layout":"","ast-site-content-layout":"default","site-content-style":"default","site-sidebar-style":"default","ast-global-header-display":"","ast-banner-title-visibility":"","ast-main-header-display":"","ast-hfb-above-header-display":"","ast-hfb-below-header-display":"","ast-hfb-mobile-header-display":"","site-post-title":"","ast-breadcrumbs-content":"","ast-featured-img":"","footer-sml-layout":"","ast-disable-related-posts":"","theme-transparent-header-meta":"","adv-header-id-meta":"","stick-header-meta":"","header-above-stick-meta":"","header-main-stick-meta":"","header-below-stick-meta":"","astra-migrate-meta-layouts":"default","ast-page-background-enabled":"default","ast-page-background-meta":{"desktop":{"background-color":"var(--ast-global-color-5)","background-image":"","background-repeat":"repeat","background-position":"center center","background-size":"auto","background-attachment":"scroll","background-type":"","background-media":"","overlay-type":"","overlay-color":"","overlay-opacity":"","overlay-gradient":""},"tablet":{"background-color":"","background-image":"","background-repeat":"repeat","background-position":"center center","background-size":"auto","background-attachment":"scroll","background-type":"","background-media":"","overlay-type":"","overlay-color":"","overlay-opacity":"","overlay-gradient":""},"mobile":{"background-color":"","background-image":"","background-repeat":"repeat","background-position":"center center","background-size":"auto","background-attachment":"scroll","background-type":"","background-media":"","overlay-type":"","overlay-color":"","overlay-opacity":"","overlay-gradient":""}},"ast-content-background-meta":{"desktop":{"background-color":"var(--ast-global-color-4)","background-image":"","background-repeat":"repeat","background-position":"center center","background-size":"auto","background-attachment":"scroll","background-type":"","background-media":"","overlay-type":"","overlay-color":"","overlay-opacity":"","overlay-gradient":""},"tablet":{"background-color":"var(--ast-global-color-4)","background-image":"","background-repeat":"repeat","background-position":"center center","background-size":"auto","background-attachment":"scroll","background-type":"","background-media":"","overlay-type":"","overlay-color":"","overlay-opacity":"","overlay-gradient":""},"mobile":{"background-color":"var(--ast-global-color-4)","background-image":"","background-repeat":"repeat","background-position":"center center","background-size":"auto","background-attachment":"scroll","background-type":"","background-media":"","overlay-type":"","overlay-color":"","overlay-opacity":"","overlay-gradient":""}},"_themeisle_gutenberg_block_has_review":false,"footnotes":""},"class_list":["post-802","page","type-page","status-publish","has-post-thumbnail","hentry"],"_links":{"self":[{"href":"https:\/\/escoladigital.madeira.gov.pt\/eb1pefaials\/index.php?rest_route=\/wp\/v2\/pages\/802","targetHints":{"allow":["GET"]}}],"collection":[{"href":"https:\/\/escoladigital.madeira.gov.pt\/eb1pefaials\/index.php?rest_route=\/wp\/v2\/pages"}],"about":[{"href":"https:\/\/escoladigital.madeira.gov.pt\/eb1pefaials\/index.php?rest_route=\/wp\/v2\/types\/page"}],"author":[{"embeddable":true,"href":"https:\/\/escoladigital.madeira.gov.pt\/eb1pefaials\/index.php?rest_route=\/wp\/v2\/users\/73"}],"replies":[{"embeddable":true,"href":"https:\/\/escoladigital.madeira.gov.pt\/eb1pefaials\/index.php?rest_route=%2Fwp%2Fv2%2Fcomments&post=802"}],"version-history":[{"count":5,"href":"https:\/\/escoladigital.madeira.gov.pt\/eb1pefaials\/index.php?rest_route=\/wp\/v2\/pages\/802\/revisions"}],"predecessor-version":[{"id":846,"href":"https:\/\/escoladigital.madeira.gov.pt\/eb1pefaials\/index.php?rest_route=\/wp\/v2\/pages\/802\/revisions\/846"}],"wp:featuredmedia":[{"embeddable":true,"href":"https:\/\/escoladigital.madeira.gov.pt\/eb1pefaials\/index.php?rest_route=\/wp\/v2\/media\/803"}],"wp:attachment":[{"href":"https:\/\/escoladigital.madeira.gov.pt\/eb1pefaials\/index.php?rest_route=%2Fwp%2Fv2%2Fmedia&parent=802"}],"curies":[{"name":"wp","href":"https:\/\/api.w.org\/{rel}","templated":true}]}}