{"id":959,"date":"2025-02-22T19:51:28","date_gmt":"2025-02-22T19:51:28","guid":{"rendered":"https:\/\/escoladigital.madeira.gov.pt\/eb1pefaials\/?page_id=959"},"modified":"2025-04-06T07:32:21","modified_gmt":"2025-04-06T07:32:21","slug":"atividades-festividades","status":"publish","type":"page","link":"https:\/\/escoladigital.madeira.gov.pt\/eb1pefaials\/?page_id=959","title":{"rendered":"Atividades\/Festividades"},"content":{"rendered":"\n<p>Semana da Interculturalidade<\/p>\n\n\n\n<p>Dia das Bruxas\/Halloween<\/p>\n\n\n\n<p>P\u00e3o-por-Deus<\/p>\n\n\n\n<p>S\u00e3o Martinho<\/p>\n\n\n\n<p>Dia do Pijama<\/p>\n\n\n\n<p>Semana da Educa\u00e7\u00e3o Inclusiva<\/p>\n\n\n\n<p>Festa de Natal<\/p>\n\n\n\n<p>Dia de Reis<\/p>\n\n\n\n<p>Santo Amaro<\/p>\n\n\n\n<p>Festa da Anona<\/p>\n\n\n\n<p>Visitas de Estudo<\/p>\n\n\n\n<p>Dia da Amizade (S. Valentim)<\/p>\n\n\n\n<p>Festa dos Compadres<\/p>\n\n\n\n<p>Carnaval na Escola<\/p>\n\n\n\n<p>Dia Mundial da \u00c1rvore<\/p>\n\n\n\n<p>Dia do Ingl\u00eas Cell<\/p>\n\n\n\n<p>P\u00e1scoa<\/p>\n\n\n\n<p>Semana da Fam\u00edlia<\/p>\n\n\n\n<p>Dia da Crian\u00e7a<\/p>\n\n\n\n<p>Festa de Fim de Ano Letivo<\/p>\n","protected":false},"excerpt":{"rendered":"<p>Semana da Interculturalidade Dia das Bruxas\/Halloween P\u00e3o-por-Deus S\u00e3o Martinho Dia do Pijama Semana da Educa\u00e7\u00e3o Inclusiva Festa de Natal Dia [&hellip;]<\/p>\n","protected":false},"author":73,"featured_media":0,"parent":0,"menu_order":0,"comment_status":"closed","ping_status":"closed","template":"","meta":{"site-sidebar-layout":"default","site-content-layout":"","ast-site-content-layout":"default","site-content-style":"default","site-sidebar-style":"default","ast-global-header-display":"","ast-banner-title-visibility":"","ast-main-header-display":"","ast-hfb-above-header-display":"","ast-hfb-below-header-display":"","ast-hfb-mobile-header-display":"","site-post-title":"","ast-breadcrumbs-content":"","ast-featured-img":"","footer-sml-layout":"","ast-disable-related-posts":"","theme-transparent-header-meta":"","adv-header-id-meta":"","stick-header-meta":"","header-above-stick-meta":"","header-main-stick-meta":"","header-below-stick-meta":"","astra-migrate-meta-layouts":"default","ast-page-background-enabled":"default","ast-page-background-meta":{"desktop":{"background-color":"var(--ast-global-color-5)","background-image":"","background-repeat":"repeat","background-position":"center center","background-size":"auto","background-attachment":"scroll","background-type":"","background-media":"","overlay-type":"","overlay-color":"","overlay-opacity":"","overlay-gradient":""},"tablet":{"background-color":"","background-image":"","background-repeat":"repeat","background-position":"center center","background-size":"auto","background-attachment":"scroll","background-type":"","background-media":"","overlay-type":"","overlay-color":"","overlay-opacity":"","overlay-gradient":""},"mobile":{"background-color":"","background-image":"","background-repeat":"repeat","background-position":"center center","background-size":"auto","background-attachment":"scroll","background-type":"","background-media":"","overlay-type":"","overlay-color":"","overlay-opacity":"","overlay-gradient":""}},"ast-content-background-meta":{"desktop":{"background-color":"var(--ast-global-color-4)","background-image":"","background-repeat":"repeat","background-position":"center center","background-size":"auto","background-attachment":"scroll","background-type":"","background-media":"","overlay-type":"","overlay-color":"","overlay-opacity":"","overlay-gradient":""},"tablet":{"background-color":"var(--ast-global-color-4)","background-image":"","background-repeat":"repeat","background-position":"center center","background-size":"auto","background-attachment":"scroll","background-type":"","background-media":"","overlay-type":"","overlay-color":"","overlay-opacity":"","overlay-gradient":""},"mobile":{"background-color":"var(--ast-global-color-4)","background-image":"","background-repeat":"repeat","background-position":"center center","background-size":"auto","background-attachment":"scroll","background-type":"","background-media":"","overlay-type":"","overlay-color":"","overlay-opacity":"","overlay-gradient":""}},"_themeisle_gutenberg_block_has_review":false,"footnotes":""},"class_list":["post-959","page","type-page","status-publish","hentry"],"_links":{"self":[{"href":"https:\/\/escoladigital.madeira.gov.pt\/eb1pefaials\/index.php?rest_route=\/wp\/v2\/pages\/959","targetHints":{"allow":["GET"]}}],"collection":[{"href":"https:\/\/escoladigital.madeira.gov.pt\/eb1pefaials\/index.php?rest_route=\/wp\/v2\/pages"}],"about":[{"href":"https:\/\/escoladigital.madeira.gov.pt\/eb1pefaials\/index.php?rest_route=\/wp\/v2\/types\/page"}],"author":[{"embeddable":true,"href":"https:\/\/escoladigital.madeira.gov.pt\/eb1pefaials\/index.php?rest_route=\/wp\/v2\/users\/73"}],"replies":[{"embeddable":true,"href":"https:\/\/escoladigital.madeira.gov.pt\/eb1pefaials\/index.php?rest_route=%2Fwp%2Fv2%2Fcomments&post=959"}],"version-history":[{"count":3,"href":"https:\/\/escoladigital.madeira.gov.pt\/eb1pefaials\/index.php?rest_route=\/wp\/v2\/pages\/959\/revisions"}],"predecessor-version":[{"id":2062,"href":"https:\/\/escoladigital.madeira.gov.pt\/eb1pefaials\/index.php?rest_route=\/wp\/v2\/pages\/959\/revisions\/2062"}],"wp:attachment":[{"href":"https:\/\/escoladigital.madeira.gov.pt\/eb1pefaials\/index.php?rest_route=%2Fwp%2Fv2%2Fmedia&parent=959"}],"curies":[{"name":"wp","href":"https:\/\/api.w.org\/{rel}","templated":true}]}}