{"id":362,"date":"2025-02-12T11:12:40","date_gmt":"2025-02-12T11:12:40","guid":{"rendered":"https:\/\/escoladigital.madeira.gov.pt\/eb1pefrocha\/?page_id=362"},"modified":"2025-12-04T15:09:41","modified_gmt":"2025-12-04T15:09:41","slug":"atendimento-aos-encarregados-de-educacao","status":"publish","type":"page","link":"https:\/\/escoladigital.madeira.gov.pt\/eb1pefrocha\/atendimento-aos-encarregados-de-educacao\/","title":{"rendered":"Atendimento aos encarregados de educa\u00e7\u00e3o &#8211; Ano letivo 2025\/26"},"content":{"rendered":"\n<div class=\"wp-block-media-text is-stacked-on-mobile\" style=\"grid-template-columns:16% auto\"><figure class=\"wp-block-media-text__media\"><img fetchpriority=\"high\" decoding=\"async\" width=\"512\" height=\"512\" src=\"https:\/\/escoladigital.madeira.gov.pt\/eb1pefrocha\/wp-content\/uploads\/sites\/63\/2025\/02\/Schedule_or_Calendar_Flat_Icon.svg.png\" alt=\"\" class=\"wp-image-365 size-full\" srcset=\"https:\/\/escoladigital.madeira.gov.pt\/eb1pefrocha\/wp-content\/uploads\/sites\/63\/2025\/02\/Schedule_or_Calendar_Flat_Icon.svg.png 512w, https:\/\/escoladigital.madeira.gov.pt\/eb1pefrocha\/wp-content\/uploads\/sites\/63\/2025\/02\/Schedule_or_Calendar_Flat_Icon.svg-300x300.png 300w, https:\/\/escoladigital.madeira.gov.pt\/eb1pefrocha\/wp-content\/uploads\/sites\/63\/2025\/02\/Schedule_or_Calendar_Flat_Icon.svg-150x150.png 150w\" sizes=\"(max-width: 512px) 100vw, 512px\" \/><\/figure><div class=\"wp-block-media-text__content\">\n<p class=\"has-text-align-center has-large-font-size\"><strong>hor\u00e1rio de Atendimento aos encarregados de educa\u00e7\u00e3o<\/strong><\/p>\n<\/div><\/div>\n\n\n\n<div class=\"wp-block-group is-layout-grid wp-container-core-group-is-layout-478b6e6b wp-block-group-is-layout-grid\">\n<p class=\"has-text-align-center has-vivid-cyan-blue-color has-text-color has-link-color wp-elements-7852997bb274d8ce67ab738e3527a380 wp-container-content-69bc4bdf\"><strong>SALA AZUL &#8211; PR\u00c9 -ESCOLAR     MANH\u00c3 &#8211; ED. IVONE GON\u00c7ALVES &#8211; QUINTA-FEIRA -10:30 \u00c0S 11:30<\/strong><\/p>\n\n\n\n<p class=\"has-text-align-center has-vivid-cyan-blue-color has-text-color has-link-color wp-elements-d42a85240fa22b23b4b7d2f2f96cff09\"><strong>SALA AZUL &#8211; PR\u00c9 -ESCOLAR      TARDE &#8211; ED. CRISTINA CATANHO &#8211; QUINTA-FEIRA &#8211; 14:30 \u00c0S 15:30<\/strong><\/p>\n\n\n\n<p class=\"has-text-align-center has-luminous-vivid-orange-color has-text-color has-link-color wp-elements-bcdb9ef912928a464ee13293cd672a88 wp-container-content-69bc4bdf\"><strong>SALA LARANJA &#8211; PR\u00c9-ESCOLAR (MANH\u00c3) &#8211; ED. MARTA COSTA &#8211; segunda-FEIRA &#8211; 10:30 \u00c0S 11:30<\/strong><\/p>\n\n\n\n<p class=\"has-text-align-center has-luminous-vivid-orange-color has-text-color has-link-color wp-elements-84ff20b484bb0b670dde5e342d8ba97f wp-container-content-69bc4bdf\"><strong>SALA LARANJA &#8211; PR\u00c9-ESCOLAR (TARDE) &#8211; ED. N\u00c1DEA ABREU &#8211; segunda-FEIRA &#8211; 14:30 \u00c0S 15:30<\/strong><\/p>\n<\/div>\n\n\n\n<div class=\"wp-block-group is-layout-grid wp-container-core-group-is-layout-478b6e6b wp-block-group-is-layout-grid\">\n<p class=\"has-text-align-center has-pale-pink-color has-text-color has-link-color wp-elements-cc19948d2d28a0af64121e2da4b24018 wp-container-content-69bc4bdf\"><strong>1\u00baA &#8211; PROF. <strong>ELISABETE MARTINS<\/strong>  &#8211; ter\u00e7a-FEIRA &#8211; 14:30 \u00c0S 15:30<\/strong><\/p>\n\n\n\n<p class=\"has-text-align-center has-vivid-green-cyan-color has-text-color has-link-color wp-elements-a6e787df4dbbf44d83b4f06b00e5da59\"><strong>2\u00baA &#8211; PROF. F\u00e1tima Pinto &#8211; ter\u00e7a-FEIRA &#8211; 14:30 \u00c0S 15:30<\/strong><\/p>\n\n\n\n<p class=\"has-text-align-center has-vivid-red-color has-text-color has-link-color wp-elements-8da9d4b17b931d0e4b1e2c4d06c39383 wp-container-content-83148919\"><strong>3\u00baA &#8211; PROF. ALBERTO NUNES quinta-FEIRA &#8211; 14:30 \u00c0S 15:30<\/strong><\/p>\n\n\n\n<p class=\"has-text-align-center has-vivid-purple-color has-text-color has-link-color wp-elements-70afac0f30cfd4f243d0b0e28bdd50a0 wp-container-content-69bc4bdf\"><strong>4\u00ba<\/strong><strong style=\"font-weight: bold\">A &#8211; PROF. MARTA LOPES SEGUNDA-FEIRA &#8211; 14:30 \u00c0S 15:30<\/strong><\/p>\n<\/div>\n\n\n\n<p><\/p>\n","protected":false},"excerpt":{"rendered":"<p>hor\u00e1rio de Atendimento aos encarregados de educa\u00e7\u00e3o SALA AZUL &#8211; PR\u00c9 -ESCOLAR MANH\u00c3 &#8211; ED. IVONE GON\u00c7ALVES &#8211; QUINTA-FEIRA -10:30 [&hellip;]<\/p>\n","protected":false},"author":82,"featured_media":0,"parent":0,"menu_order":0,"comment_status":"closed","ping_status":"closed","template":"","meta":{"site-sidebar-layout":"default","site-content-layout":"","ast-site-content-layout":"default","site-content-style":"default","site-sidebar-style":"default","ast-global-header-display":"","ast-banner-title-visibility":"","ast-main-header-display":"","ast-hfb-above-header-display":"","ast-hfb-below-header-display":"","ast-hfb-mobile-header-display":"","site-post-title":"","ast-breadcrumbs-content":"","ast-featured-img":"","footer-sml-layout":"","ast-disable-related-posts":"","theme-transparent-header-meta":"","adv-header-id-meta":"","stick-header-meta":"","header-above-stick-meta":"","header-main-stick-meta":"","header-below-stick-meta":"","astra-migrate-meta-layouts":"default","ast-page-background-enabled":"default","ast-page-background-meta":{"desktop":{"background-color":"var(--ast-global-color-5)","background-image":"","background-repeat":"repeat","background-position":"center center","background-size":"auto","background-attachment":"scroll","background-type":"","background-media":"","overlay-type":"","overlay-color":"","overlay-opacity":"","overlay-gradient":""},"tablet":{"background-color":"","background-image":"","background-repeat":"repeat","background-position":"center center","background-size":"auto","background-attachment":"scroll","background-type":"","background-media":"","overlay-type":"","overlay-color":"","overlay-opacity":"","overlay-gradient":""},"mobile":{"background-color":"","background-image":"","background-repeat":"repeat","background-position":"center center","background-size":"auto","background-attachment":"scroll","background-type":"","background-media":"","overlay-type":"","overlay-color":"","overlay-opacity":"","overlay-gradient":""}},"ast-content-background-meta":{"desktop":{"background-color":"var(--ast-global-color-4)","background-image":"","background-repeat":"repeat","background-position":"center center","background-size":"auto","background-attachment":"scroll","background-type":"","background-media":"","overlay-type":"","overlay-color":"","overlay-opacity":"","overlay-gradient":""},"tablet":{"background-color":"var(--ast-global-color-4)","background-image":"","background-repeat":"repeat","background-position":"center center","background-size":"auto","background-attachment":"scroll","background-type":"","background-media":"","overlay-type":"","overlay-color":"","overlay-opacity":"","overlay-gradient":""},"mobile":{"background-color":"var(--ast-global-color-4)","background-image":"","background-repeat":"repeat","background-position":"center center","background-size":"auto","background-attachment":"scroll","background-type":"","background-media":"","overlay-type":"","overlay-color":"","overlay-opacity":"","overlay-gradient":""}},"_themeisle_gutenberg_block_has_review":false,"footnotes":""},"class_list":["post-362","page","type-page","status-publish","hentry"],"_links":{"self":[{"href":"https:\/\/escoladigital.madeira.gov.pt\/eb1pefrocha\/wp-json\/wp\/v2\/pages\/362","targetHints":{"allow":["GET"]}}],"collection":[{"href":"https:\/\/escoladigital.madeira.gov.pt\/eb1pefrocha\/wp-json\/wp\/v2\/pages"}],"about":[{"href":"https:\/\/escoladigital.madeira.gov.pt\/eb1pefrocha\/wp-json\/wp\/v2\/types\/page"}],"author":[{"embeddable":true,"href":"https:\/\/escoladigital.madeira.gov.pt\/eb1pefrocha\/wp-json\/wp\/v2\/users\/82"}],"replies":[{"embeddable":true,"href":"https:\/\/escoladigital.madeira.gov.pt\/eb1pefrocha\/wp-json\/wp\/v2\/comments?post=362"}],"version-history":[{"count":12,"href":"https:\/\/escoladigital.madeira.gov.pt\/eb1pefrocha\/wp-json\/wp\/v2\/pages\/362\/revisions"}],"predecessor-version":[{"id":1370,"href":"https:\/\/escoladigital.madeira.gov.pt\/eb1pefrocha\/wp-json\/wp\/v2\/pages\/362\/revisions\/1370"}],"wp:attachment":[{"href":"https:\/\/escoladigital.madeira.gov.pt\/eb1pefrocha\/wp-json\/wp\/v2\/media?parent=362"}],"curies":[{"name":"wp","href":"https:\/\/api.w.org\/{rel}","templated":true}]}}