{"id":4,"date":"2025-01-22T14:34:34","date_gmt":"2025-01-22T14:34:34","guid":{"rendered":"https:\/\/escoladigital.madeira.gov.pt\/eb1pefrocha\/event-directory\/"},"modified":"2025-02-20T15:01:06","modified_gmt":"2025-02-20T15:01:06","slug":"event-directory","status":"publish","type":"page","link":"https:\/\/escoladigital.madeira.gov.pt\/eb1pefrocha\/event-directory\/","title":{"rendered":"Escola"},"content":{"rendered":"\n<p>A Escola B\u00e1sica do 1\u00ba Ciclo da Fonte da Rocha \u00e9 um edif\u00edcio constru\u00eddo em 2001, tendo sido inaugurado a 29 de Setembro do mesmo ano pelo Presidente do Governo Regional, Alberto Jo\u00e3o Jardim. Fica situada numas das zonas perif\u00e9ricas da Freguesia e Concelho de C\u00e2mara de Lobos, mais precisamente na parte ocidental da cidade de C\u00e2mara de Lobos.<\/p>\n\n\n\n<p>O edif\u00edcio escolar est\u00e1 \u201cincrustado\u201d numa rocha, tendo \u00e0 sua frente o Bairro Social que deu origem \u00e0 sua exist\u00eancia, tendo entretanto nascido ao lado da escola o bairro denominado &#8220;Nova Cidade&#8221;. Apresenta boas condi\u00e7\u00f5es ao n\u00edvel de equipamentos, infraestruturas e acessibilidades.<\/p>\n\n\n\n<p>A escola est\u00e1 constru\u00edda em pisos, sendo o primeiro o espa\u00e7o exterior constitu\u00eddo por um campo desportivo e balne\u00e1rios, p\u00e1tio de apoio ao 2\u00ba piso com hall de entrada, gabinete administrativo, instala\u00e7\u00f5es sanit\u00e1rias e sala de apoio aos funcion\u00e1rios n\u00e3o docentes; no 3\u00ba piso existem 2 salas e instala\u00e7\u00f5es sanit\u00e1rias do Pr\u00e9 \u2013 escolar, sala de professores, biblioteca, gabinete da dire\u00e7\u00e3o, instala\u00e7\u00f5es sanit\u00e1rias, cozinha e refeit\u00f3rio; o 4\u00ba piso \u00e9 constitu\u00eddo por 8 salas: 4 para as atividades curriculares e 4 para as atividades de enriquecimento curricular, gabinete para apoio pedag\u00f3gico, gabinete de atendimento para encarregados de educa\u00e7\u00e3o e duas salas de arruma\u00e7\u00e3o.<br>O corpo docente e n\u00e3o docente desta escola tem-se mantido na sua quase totalidade em continuidade de fun\u00e7\u00f5es, desde h\u00e1 v\u00e1rios anos, conferindo assim estabilidade e experi\u00eancia.<\/p>\n","protected":false},"excerpt":{"rendered":"<p>A Escola B\u00e1sica do 1\u00ba Ciclo da Fonte da Rocha \u00e9 um edif\u00edcio constru\u00eddo em 2001, tendo sido inaugurado a [&hellip;]<\/p>\n","protected":false},"author":1,"featured_media":66,"parent":0,"menu_order":0,"comment_status":"closed","ping_status":"closed","template":"","meta":{"site-sidebar-layout":"default","site-content-layout":"","ast-site-content-layout":"default","site-content-style":"default","site-sidebar-style":"default","ast-global-header-display":"","ast-banner-title-visibility":"","ast-main-header-display":"","ast-hfb-above-header-display":"","ast-hfb-below-header-display":"","ast-hfb-mobile-header-display":"","site-post-title":"","ast-breadcrumbs-content":"","ast-featured-img":"","footer-sml-layout":"","ast-disable-related-posts":"","theme-transparent-header-meta":"","adv-header-id-meta":"","stick-header-meta":"","header-above-stick-meta":"","header-main-stick-meta":"","header-below-stick-meta":"","astra-migrate-meta-layouts":"default","ast-page-background-enabled":"default","ast-page-background-meta":{"desktop":{"background-color":"var(--ast-global-color-5)","background-image":"","background-repeat":"repeat","background-position":"center center","background-size":"auto","background-attachment":"scroll","background-type":"","background-media":"","overlay-type":"","overlay-color":"","overlay-opacity":"","overlay-gradient":""},"tablet":{"background-color":"","background-image":"","background-repeat":"repeat","background-position":"center center","background-size":"auto","background-attachment":"scroll","background-type":"","background-media":"","overlay-type":"","overlay-color":"","overlay-opacity":"","overlay-gradient":""},"mobile":{"background-color":"","background-image":"","background-repeat":"repeat","background-position":"center center","background-size":"auto","background-attachment":"scroll","background-type":"","background-media":"","overlay-type":"","overlay-color":"","overlay-opacity":"","overlay-gradient":""}},"ast-content-background-meta":{"desktop":{"background-color":"var(--ast-global-color-4)","background-image":"","background-repeat":"repeat","background-position":"center center","background-size":"auto","background-attachment":"scroll","background-type":"","background-media":"","overlay-type":"","overlay-color":"","overlay-opacity":"","overlay-gradient":""},"tablet":{"background-color":"var(--ast-global-color-4)","background-image":"","background-repeat":"repeat","background-position":"center center","background-size":"auto","background-attachment":"scroll","background-type":"","background-media":"","overlay-type":"","overlay-color":"","overlay-opacity":"","overlay-gradient":""},"mobile":{"background-color":"var(--ast-global-color-4)","background-image":"","background-repeat":"repeat","background-position":"center center","background-size":"auto","background-attachment":"scroll","background-type":"","background-media":"","overlay-type":"","overlay-color":"","overlay-opacity":"","overlay-gradient":""}},"_themeisle_gutenberg_block_has_review":false,"footnotes":""},"class_list":["post-4","page","type-page","status-publish","has-post-thumbnail","hentry"],"_links":{"self":[{"href":"https:\/\/escoladigital.madeira.gov.pt\/eb1pefrocha\/wp-json\/wp\/v2\/pages\/4","targetHints":{"allow":["GET"]}}],"collection":[{"href":"https:\/\/escoladigital.madeira.gov.pt\/eb1pefrocha\/wp-json\/wp\/v2\/pages"}],"about":[{"href":"https:\/\/escoladigital.madeira.gov.pt\/eb1pefrocha\/wp-json\/wp\/v2\/types\/page"}],"author":[{"embeddable":true,"href":"https:\/\/escoladigital.madeira.gov.pt\/eb1pefrocha\/wp-json\/wp\/v2\/users\/1"}],"replies":[{"embeddable":true,"href":"https:\/\/escoladigital.madeira.gov.pt\/eb1pefrocha\/wp-json\/wp\/v2\/comments?post=4"}],"version-history":[{"count":8,"href":"https:\/\/escoladigital.madeira.gov.pt\/eb1pefrocha\/wp-json\/wp\/v2\/pages\/4\/revisions"}],"predecessor-version":[{"id":604,"href":"https:\/\/escoladigital.madeira.gov.pt\/eb1pefrocha\/wp-json\/wp\/v2\/pages\/4\/revisions\/604"}],"wp:featuredmedia":[{"embeddable":true,"href":"https:\/\/escoladigital.madeira.gov.pt\/eb1pefrocha\/wp-json\/wp\/v2\/media\/66"}],"wp:attachment":[{"href":"https:\/\/escoladigital.madeira.gov.pt\/eb1pefrocha\/wp-json\/wp\/v2\/media?parent=4"}],"curies":[{"name":"wp","href":"https:\/\/api.w.org\/{rel}","templated":true}]}}