{"id":441,"date":"2025-02-12T17:00:34","date_gmt":"2025-02-12T17:00:34","guid":{"rendered":"https:\/\/escoladigital.madeira.gov.pt\/eb1pefrocha\/?page_id=441"},"modified":"2025-05-28T16:33:48","modified_gmt":"2025-05-28T16:33:48","slug":"tic","status":"publish","type":"page","link":"https:\/\/escoladigital.madeira.gov.pt\/eb1pefrocha\/pagina-exemplo\/tic\/","title":{"rendered":"TIC EFR"},"content":{"rendered":"\n<div class=\"wp-block-media-text is-stacked-on-mobile is-vertically-aligned-center\" style=\"grid-template-columns:15% auto\"><figure class=\"wp-block-media-text__media\"><img fetchpriority=\"high\" decoding=\"async\" width=\"1024\" height=\"1024\" src=\"https:\/\/escoladigital.madeira.gov.pt\/eb1pefrocha\/wp-content\/uploads\/sites\/63\/2025\/02\/TIC_AI_gen-2.jpg\" alt=\"\" class=\"wp-image-448 size-full\" srcset=\"https:\/\/escoladigital.madeira.gov.pt\/eb1pefrocha\/wp-content\/uploads\/sites\/63\/2025\/02\/TIC_AI_gen-2.jpg 1024w, https:\/\/escoladigital.madeira.gov.pt\/eb1pefrocha\/wp-content\/uploads\/sites\/63\/2025\/02\/TIC_AI_gen-2-300x300.jpg 300w, https:\/\/escoladigital.madeira.gov.pt\/eb1pefrocha\/wp-content\/uploads\/sites\/63\/2025\/02\/TIC_AI_gen-2-150x150.jpg 150w, https:\/\/escoladigital.madeira.gov.pt\/eb1pefrocha\/wp-content\/uploads\/sites\/63\/2025\/02\/TIC_AI_gen-2-768x768.jpg 768w\" sizes=\"(max-width: 1024px) 100vw, 1024px\" \/><\/figure><div class=\"wp-block-media-text__content\">\n<p class=\"has-text-align-left\"><strong>aqui ter\u00e1s acesso a todas as atividades, recursos e not\u00edcias relacionadas com as Tic.<\/strong><\/p>\n<\/div><\/div>\n\n\n\n<div class=\"wp-block-columns is-layout-flex wp-container-core-columns-is-layout-28f84493 wp-block-columns-is-layout-flex\">\n<div class=\"wp-block-column is-layout-flow wp-block-column-is-layout-flow\"><div class=\"is-style-boxed wp-block-themeisle-blocks-posts-grid\" id=\"wp-block-themeisle-blocks-posts-grid-1efaaf2c\"><div class=\"is-list\"><div class=\"o-posts-grid-post-blog o-posts-grid-post-plain\"><div class=\"o-posts-grid-post\"><div class=\"o-posts-grid-post-image\"><a href=\"https:\/\/escoladigital.madeira.gov.pt\/eb1pefrocha\/2026\/03\/09\/as-gravatas-do-meu-pai-efr-2026\/\"><img decoding=\"async\" width=\"1024\" height=\"1024\" src=\"https:\/\/escoladigital.madeira.gov.pt\/eb1pefrocha\/wp-content\/uploads\/sites\/63\/2026\/03\/1.png\" class=\"attachment-full size-full\" alt=\"&#8220;As Gravatas do meu Pai&#8221; &#8211; EFR 2026\" srcset=\"https:\/\/escoladigital.madeira.gov.pt\/eb1pefrocha\/wp-content\/uploads\/sites\/63\/2026\/03\/1.png 1024w, https:\/\/escoladigital.madeira.gov.pt\/eb1pefrocha\/wp-content\/uploads\/sites\/63\/2026\/03\/1-300x300.png 300w, https:\/\/escoladigital.madeira.gov.pt\/eb1pefrocha\/wp-content\/uploads\/sites\/63\/2026\/03\/1-150x150.png 150w, https:\/\/escoladigital.madeira.gov.pt\/eb1pefrocha\/wp-content\/uploads\/sites\/63\/2026\/03\/1-768x768.png 768w\" sizes=\"(max-width: 1024px) 100vw, 1024px\" \/><\/a><\/div><div class=\"o-posts-grid-post-body\"><span class=\"o-posts-grid-post-category\"><a href=\"https:\/\/escoladigital.madeira.gov.pt\/eb1pefrocha\/category\/geral\/\">Geral<\/a><\/span><h4 class=\"o-posts-grid-post-title\"><a href=\"https:\/\/escoladigital.madeira.gov.pt\/eb1pefrocha\/2026\/03\/09\/as-gravatas-do-meu-pai-efr-2026\/\">&#8220;As Gravatas do meu Pai&#8221; &#8211; EFR 2026<\/a><\/h4><p class=\"o-posts-grid-post-meta\">  <time datetime=\"2026-03-09T15:27:42+00:00\">9 de Mar\u00e7o, 2026<\/time> by <a href=\"https:\/\/escoladigital.madeira.gov.pt\/eb1pefrocha\/author\/eb1pefrocha\/\">eb1pefrocha<\/a><\/p><div class=\"o-posts-grid-post-description\"><p>Uma simples ida \u00e0 Biblioteca P\u00fablica Regional fez com que o Prof. Nuno Barros encontrasse um livro m\u2026<\/p><\/div><\/div><\/div><\/div><div class=\"o-posts-grid-post-blog o-posts-grid-post-plain\"><div class=\"o-posts-grid-post\"><div class=\"o-posts-grid-post-image\"><a href=\"https:\/\/escoladigital.madeira.gov.pt\/eb1pefrocha\/2025\/03\/21\/viii-encontro-seguranet-ambiente-digital-seguro\/\"><img decoding=\"async\" width=\"1344\" height=\"768\" src=\"https:\/\/escoladigital.madeira.gov.pt\/eb1pefrocha\/wp-content\/uploads\/sites\/63\/2025\/03\/1743156286392.jpg\" class=\"attachment-full size-full\" alt=\"VIII Encontro Seguranet &#8220;Ambiente Digital Seguro&#8221;\" srcset=\"https:\/\/escoladigital.madeira.gov.pt\/eb1pefrocha\/wp-content\/uploads\/sites\/63\/2025\/03\/1743156286392.jpg 1344w, https:\/\/escoladigital.madeira.gov.pt\/eb1pefrocha\/wp-content\/uploads\/sites\/63\/2025\/03\/1743156286392-300x171.jpg 300w, https:\/\/escoladigital.madeira.gov.pt\/eb1pefrocha\/wp-content\/uploads\/sites\/63\/2025\/03\/1743156286392-1024x585.jpg 1024w, https:\/\/escoladigital.madeira.gov.pt\/eb1pefrocha\/wp-content\/uploads\/sites\/63\/2025\/03\/1743156286392-768x439.jpg 768w\" sizes=\"(max-width: 1344px) 100vw, 1344px\" \/><\/a><\/div><div class=\"o-posts-grid-post-body\"><span class=\"o-posts-grid-post-category\"><a href=\"https:\/\/escoladigital.madeira.gov.pt\/eb1pefrocha\/category\/tic-efr\/\">TIC EFR<\/a><\/span><h4 class=\"o-posts-grid-post-title\"><a href=\"https:\/\/escoladigital.madeira.gov.pt\/eb1pefrocha\/2025\/03\/21\/viii-encontro-seguranet-ambiente-digital-seguro\/\">VIII Encontro Seguranet &#8220;Ambiente Digital Seguro&#8221;<\/a><\/h4><p class=\"o-posts-grid-post-meta\">  <time datetime=\"2025-03-21T09:55:20+00:00\">21 de Mar\u00e7o, 2025<\/time> by <a href=\"https:\/\/escoladigital.madeira.gov.pt\/eb1pefrocha\/author\/eb1pefrocha\/\">eb1pefrocha<\/a><\/p><div class=\"o-posts-grid-post-description\"><p>Decorreu no audit\u00f3rio da Escola Secund\u00e1ria Francisco Franco, durante a manh\u00e3 do Dia 19 de mar\u00e7o, o 8\u2026<\/p><\/div><\/div><\/div><\/div><div class=\"o-posts-grid-post-blog o-posts-grid-post-plain\"><div class=\"o-posts-grid-post\"><div class=\"o-posts-grid-post-image\"><a href=\"https:\/\/escoladigital.madeira.gov.pt\/eb1pefrocha\/2025\/02\/19\/dia-da-internet-mais-segura-2025-a-educacao-para-a-cidadania-digitalno\/\"><img loading=\"lazy\" decoding=\"async\" width=\"1344\" height=\"768\" src=\"https:\/\/escoladigital.madeira.gov.pt\/eb1pefrocha\/wp-content\/uploads\/sites\/63\/2025\/02\/1739967217012.jpg\" class=\"attachment-full size-full\" alt=\"Dia da Internet Mais Segura 2025 &#8211; &#8220;A Educa\u00e7\u00e3o para a Cidadania Digital&#8221;\" srcset=\"https:\/\/escoladigital.madeira.gov.pt\/eb1pefrocha\/wp-content\/uploads\/sites\/63\/2025\/02\/1739967217012.jpg 1344w, https:\/\/escoladigital.madeira.gov.pt\/eb1pefrocha\/wp-content\/uploads\/sites\/63\/2025\/02\/1739967217012-300x171.jpg 300w, https:\/\/escoladigital.madeira.gov.pt\/eb1pefrocha\/wp-content\/uploads\/sites\/63\/2025\/02\/1739967217012-1024x585.jpg 1024w, https:\/\/escoladigital.madeira.gov.pt\/eb1pefrocha\/wp-content\/uploads\/sites\/63\/2025\/02\/1739967217012-768x439.jpg 768w\" sizes=\"(max-width: 1344px) 100vw, 1344px\" \/><\/a><\/div><div class=\"o-posts-grid-post-body\"><span class=\"o-posts-grid-post-category\"><a href=\"https:\/\/escoladigital.madeira.gov.pt\/eb1pefrocha\/category\/tic-efr\/\">TIC EFR<\/a><\/span><h4 class=\"o-posts-grid-post-title\"><a href=\"https:\/\/escoladigital.madeira.gov.pt\/eb1pefrocha\/2025\/02\/19\/dia-da-internet-mais-segura-2025-a-educacao-para-a-cidadania-digitalno\/\">Dia da Internet Mais Segura 2025 &#8211; &#8220;A Educa\u00e7\u00e3o para a Cidadania Digital&#8221;<\/a><\/h4><p class=\"o-posts-grid-post-meta\">  <time datetime=\"2025-02-19T11:21:48+00:00\">19 de Fevereiro, 2025<\/time> by <a href=\"https:\/\/escoladigital.madeira.gov.pt\/eb1pefrocha\/author\/eb1pefrocha\/\">eb1pefrocha<\/a><\/p><div class=\"o-posts-grid-post-description\"><p>COMEMOROU-SE NO DIA 11 DE FEVEREIRO O &#8220;DIA DA INTERNET MAIS SEGURA 2025&#8221;, QUE TEVE COMO \u2026<\/p><\/div><\/div><\/div><\/div><\/div> <\/div><\/div>\n\n\n\n<div class=\"wp-block-column is-layout-flow wp-block-column-is-layout-flow\">\n<div class=\"wp-block-group is-content-justification-left is-layout-constrained wp-container-core-group-is-layout-74cbbf86 wp-block-group-is-layout-constrained\">\n<figure class=\"wp-block-image size-large\"><img loading=\"lazy\" decoding=\"async\" width=\"1024\" height=\"585\" src=\"https:\/\/escoladigital.madeira.gov.pt\/eb1pefrocha\/wp-content\/uploads\/sites\/63\/2025\/02\/1739971096646-1024x585.jpg\" alt=\"\" class=\"wp-image-574\" srcset=\"https:\/\/escoladigital.madeira.gov.pt\/eb1pefrocha\/wp-content\/uploads\/sites\/63\/2025\/02\/1739971096646-1024x585.jpg 1024w, https:\/\/escoladigital.madeira.gov.pt\/eb1pefrocha\/wp-content\/uploads\/sites\/63\/2025\/02\/1739971096646-300x171.jpg 300w, https:\/\/escoladigital.madeira.gov.pt\/eb1pefrocha\/wp-content\/uploads\/sites\/63\/2025\/02\/1739971096646-768x439.jpg 768w, https:\/\/escoladigital.madeira.gov.pt\/eb1pefrocha\/wp-content\/uploads\/sites\/63\/2025\/02\/1739971096646.jpg 1344w\" sizes=\"(max-width: 1024px) 100vw, 1024px\" \/><\/figure>\n\n\n\n<p class=\"has-text-align-center is-style-boxed\"><strong>alguns sites educativos<\/strong><\/p>\n\n\n\n<p class=\"has-text-align-left\"><strong><a href=\"http:\/\/www.seguranet.pt\/\">centro de internet segura &#8211; &#8220;cis&#8221;<\/a><\/strong><\/p>\n\n\n\n<p class=\"has-text-align-left\"><strong><a href=\"https:\/\/www.internetsegura.pt\/recursos\/all\/all\">centro de internet segura &#8211; recursos<\/a><\/strong><\/p>\n\n\n\n<p class=\"has-text-align-left is-style-boxed\"><a href=\"https:\/\/www.brunofernandesfichas.org\/\" target=\"_blank\" rel=\"noreferrer noopener\"><strong>Centro de Recursos 1\u00ba Ciclo<\/strong><\/a><\/p>\n\n\n\n<p class=\"has-text-align-left is-style-boxed\"><a href=\"https:\/\/code.org\/\"><strong>Code.org<\/strong><\/a><\/p>\n\n\n\n<p class=\"has-text-align-left is-style-boxed\"><strong><a href=\"https:\/\/www.digipuzzle.net\/pt\/jogoseducativos\/index.htm\" target=\"_blank\" rel=\"noreferrer noopener\">Digipuzzle<\/a><\/strong><\/p>\n\n\n\n<p class=\"has-text-align-left is-style-boxed\"><strong><a href=\"https:\/\/www.escolamagica.pt\/\" target=\"_blank\" rel=\"noreferrer noopener\">Escola M\u00e1gica<\/a><\/strong><\/p>\n\n\n\n<p class=\"has-text-align-left is-style-boxed\"><strong><a href=\"http:\/\/www.escolavirtual.pt\/\">Escola Virtual<\/a><\/strong><\/p>\n\n\n\n<p class=\"has-text-align-left is-style-boxed\"><strong><a href=\"http:\/\/www.estudamos.com.br\/\">Estudamos<\/a><\/strong><\/p>\n\n\n\n<p class=\"has-text-align-left is-style-boxed\"><strong><a href=\"https:\/\/beinternetawesome.withgoogle.com\/pt-br_br\/interland\/\">Google Interland<\/a><\/strong><\/p>\n\n\n\n<p class=\"has-text-align-left is-style-boxed\"><a href=\"http:\/\/math.cilenia.com\/pt\" target=\"_blank\" rel=\"noreferrer noopener\"><strong>Parquinho da Matem\u00e1tica<\/strong><\/a><\/p>\n\n\n\n<p class=\"has-text-align-left is-style-boxed\"><strong><a href=\"http:\/\/www.seguranet.pt\/\" target=\"_blank\" rel=\"noreferrer noopener\">SeguraNet<\/a><\/strong><\/p>\n\n\n\n<p class=\"has-text-align-left is-style-boxed\"><a href=\"https:\/\/www.tabuadas.pt\/\"><strong>Tabuadas<\/strong><\/a><\/p>\n<\/div>\n<\/div>\n\n\n\n<div class=\"wp-block-column is-layout-flow wp-block-column-is-layout-flow\">\n<figure class=\"wp-block-image size-large\"><img loading=\"lazy\" decoding=\"async\" width=\"1024\" height=\"645\" src=\"https:\/\/escoladigital.madeira.gov.pt\/eb1pefrocha\/wp-content\/uploads\/sites\/63\/2025\/02\/SeloETStandartEFR23_24-1024x645.png\" alt=\"\" class=\"wp-image-275\" srcset=\"https:\/\/escoladigital.madeira.gov.pt\/eb1pefrocha\/wp-content\/uploads\/sites\/63\/2025\/02\/SeloETStandartEFR23_24-1024x645.png 1024w, https:\/\/escoladigital.madeira.gov.pt\/eb1pefrocha\/wp-content\/uploads\/sites\/63\/2025\/02\/SeloETStandartEFR23_24-300x189.png 300w, https:\/\/escoladigital.madeira.gov.pt\/eb1pefrocha\/wp-content\/uploads\/sites\/63\/2025\/02\/SeloETStandartEFR23_24-768x484.png 768w, https:\/\/escoladigital.madeira.gov.pt\/eb1pefrocha\/wp-content\/uploads\/sites\/63\/2025\/02\/SeloETStandartEFR23_24-1536x968.png 1536w, https:\/\/escoladigital.madeira.gov.pt\/eb1pefrocha\/wp-content\/uploads\/sites\/63\/2025\/02\/SeloETStandartEFR23_24-2048x1290.png 2048w\" sizes=\"(max-width: 1024px) 100vw, 1024px\" \/><\/figure>\n<\/div>\n<\/div>\n","protected":false},"excerpt":{"rendered":"<p>aqui ter\u00e1s acesso a todas as atividades, recursos e not\u00edcias relacionadas com as Tic. alguns sites educativos centro de internet [&hellip;]<\/p>\n","protected":false},"author":82,"featured_media":0,"parent":2,"menu_order":0,"comment_status":"closed","ping_status":"closed","template":"","meta":{"site-sidebar-layout":"default","site-content-layout":"","ast-site-content-layout":"","site-content-style":"default","site-sidebar-style":"default","ast-global-header-display":"","ast-banner-title-visibility":"","ast-main-header-display":"","ast-hfb-above-header-display":"","ast-hfb-below-header-display":"","ast-hfb-mobile-header-display":"","site-post-title":"","ast-breadcrumbs-content":"","ast-featured-img":"","footer-sml-layout":"","ast-disable-related-posts":"","theme-transparent-header-meta":"","adv-header-id-meta":"","stick-header-meta":"","header-above-stick-meta":"","header-main-stick-meta":"","header-below-stick-meta":"","astra-migrate-meta-layouts":"default","ast-page-background-enabled":"default","ast-page-background-meta":{"desktop":{"background-color":"var(--ast-global-color-5)","background-image":"","background-repeat":"repeat","background-position":"center center","background-size":"auto","background-attachment":"scroll","background-type":"","background-media":"","overlay-type":"","overlay-color":"","overlay-opacity":"","overlay-gradient":""},"tablet":{"background-color":"","background-image":"","background-repeat":"repeat","background-position":"center center","background-size":"auto","background-attachment":"scroll","background-type":"","background-media":"","overlay-type":"","overlay-color":"","overlay-opacity":"","overlay-gradient":""},"mobile":{"background-color":"","background-image":"","background-repeat":"repeat","background-position":"center center","background-size":"auto","background-attachment":"scroll","background-type":"","background-media":"","overlay-type":"","overlay-color":"","overlay-opacity":"","overlay-gradient":""}},"ast-content-background-meta":{"desktop":{"background-color":"var(--ast-global-color-4)","background-image":"","background-repeat":"repeat","background-position":"center center","background-size":"auto","background-attachment":"scroll","background-type":"","background-media":"","overlay-type":"","overlay-color":"","overlay-opacity":"","overlay-gradient":""},"tablet":{"background-color":"var(--ast-global-color-4)","background-image":"","background-repeat":"repeat","background-position":"center center","background-size":"auto","background-attachment":"scroll","background-type":"","background-media":"","overlay-type":"","overlay-color":"","overlay-opacity":"","overlay-gradient":""},"mobile":{"background-color":"var(--ast-global-color-4)","background-image":"","background-repeat":"repeat","background-position":"center center","background-size":"auto","background-attachment":"scroll","background-type":"","background-media":"","overlay-type":"","overlay-color":"","overlay-opacity":"","overlay-gradient":""}},"_themeisle_gutenberg_block_has_review":false,"footnotes":""},"class_list":["post-441","page","type-page","status-publish","hentry"],"_links":{"self":[{"href":"https:\/\/escoladigital.madeira.gov.pt\/eb1pefrocha\/wp-json\/wp\/v2\/pages\/441","targetHints":{"allow":["GET"]}}],"collection":[{"href":"https:\/\/escoladigital.madeira.gov.pt\/eb1pefrocha\/wp-json\/wp\/v2\/pages"}],"about":[{"href":"https:\/\/escoladigital.madeira.gov.pt\/eb1pefrocha\/wp-json\/wp\/v2\/types\/page"}],"author":[{"embeddable":true,"href":"https:\/\/escoladigital.madeira.gov.pt\/eb1pefrocha\/wp-json\/wp\/v2\/users\/82"}],"replies":[{"embeddable":true,"href":"https:\/\/escoladigital.madeira.gov.pt\/eb1pefrocha\/wp-json\/wp\/v2\/comments?post=441"}],"version-history":[{"count":39,"href":"https:\/\/escoladigital.madeira.gov.pt\/eb1pefrocha\/wp-json\/wp\/v2\/pages\/441\/revisions"}],"predecessor-version":[{"id":989,"href":"https:\/\/escoladigital.madeira.gov.pt\/eb1pefrocha\/wp-json\/wp\/v2\/pages\/441\/revisions\/989"}],"up":[{"embeddable":true,"href":"https:\/\/escoladigital.madeira.gov.pt\/eb1pefrocha\/wp-json\/wp\/v2\/pages\/2"}],"wp:attachment":[{"href":"https:\/\/escoladigital.madeira.gov.pt\/eb1pefrocha\/wp-json\/wp\/v2\/media?parent=441"}],"curies":[{"name":"wp","href":"https:\/\/api.w.org\/{rel}","templated":true}]}}