{"id":729,"date":"2025-02-26T09:00:45","date_gmt":"2025-02-26T09:00:45","guid":{"rendered":"https:\/\/escoladigital.madeira.gov.pt\/eb1pefrocha\/?page_id=729"},"modified":"2025-11-04T16:27:51","modified_gmt":"2025-11-04T16:27:51","slug":"festas-efr-2024-25","status":"publish","type":"page","link":"https:\/\/escoladigital.madeira.gov.pt\/eb1pefrocha\/festas-efr-2024-25\/","title":{"rendered":"Festas EFR 2024\/25"},"content":{"rendered":"\n<div class=\"wp-block-media-text is-stacked-on-mobile is-image-fill-element\" style=\"grid-template-columns:21% auto\"><figure class=\"wp-block-media-text__media\"><img fetchpriority=\"high\" decoding=\"async\" width=\"1024\" height=\"585\" src=\"https:\/\/escoladigital.madeira.gov.pt\/eb1pefrocha\/wp-content\/uploads\/sites\/63\/2025\/02\/1740560366398-1024x585.jpg\" alt=\"\" class=\"wp-image-733 size-full\" style=\"object-position:50% 50%\" srcset=\"https:\/\/escoladigital.madeira.gov.pt\/eb1pefrocha\/wp-content\/uploads\/sites\/63\/2025\/02\/1740560366398-1024x585.jpg 1024w, https:\/\/escoladigital.madeira.gov.pt\/eb1pefrocha\/wp-content\/uploads\/sites\/63\/2025\/02\/1740560366398-300x171.jpg 300w, https:\/\/escoladigital.madeira.gov.pt\/eb1pefrocha\/wp-content\/uploads\/sites\/63\/2025\/02\/1740560366398-768x439.jpg 768w, https:\/\/escoladigital.madeira.gov.pt\/eb1pefrocha\/wp-content\/uploads\/sites\/63\/2025\/02\/1740560366398.jpg 1344w\" sizes=\"(max-width: 1024px) 100vw, 1024px\" \/><\/figure><div class=\"wp-block-media-text__content\">\n<p><strong>ol\u00e1. Aqui poder\u00e3o ver todas as atividades festivas em que participam os nossos alunos!<\/strong><\/p>\n<\/div><\/div>\n\n\n\n<p><\/p>\n\n\n<div class=\"is-style-boxed wp-block-themeisle-blocks-posts-grid\" id=\"wp-block-themeisle-blocks-posts-grid-9c34575b\"><div class=\"is-grid o-posts-grid-columns-5\"><div class=\"o-posts-grid-post-blog o-posts-grid-post-plain\"><div class=\"o-posts-grid-post\"><div class=\"o-posts-grid-post-image\"><a href=\"https:\/\/escoladigital.madeira.gov.pt\/eb1pefrocha\/2025\/12\/04\/visita-do-obi-efr-2025\/\"><img decoding=\"async\" width=\"421\" height=\"237\" src=\"https:\/\/escoladigital.madeira.gov.pt\/eb1pefrocha\/wp-content\/uploads\/sites\/63\/2025\/12\/Obi.jpg\" class=\"attachment-full size-full\" alt=\"Visita do Obi &#8211; EFR &#8211; 3 de dezembro 2025\" srcset=\"https:\/\/escoladigital.madeira.gov.pt\/eb1pefrocha\/wp-content\/uploads\/sites\/63\/2025\/12\/Obi.jpg 421w, https:\/\/escoladigital.madeira.gov.pt\/eb1pefrocha\/wp-content\/uploads\/sites\/63\/2025\/12\/Obi-300x169.jpg 300w\" sizes=\"(max-width: 421px) 100vw, 421px\" \/><\/a><\/div><div class=\"o-posts-grid-post-body\"><span class=\"o-posts-grid-post-category\"><a href=\"https:\/\/escoladigital.madeira.gov.pt\/eb1pefrocha\/category\/festas-efr\/\">Festas EFR<\/a><\/span><h4 class=\"o-posts-grid-post-title\"><a href=\"https:\/\/escoladigital.madeira.gov.pt\/eb1pefrocha\/2025\/12\/04\/visita-do-obi-efr-2025\/\">Visita do Obi &#8211; EFR &#8211; 3 de dezembro 2025<\/a><\/h4><p class=\"o-posts-grid-post-meta\">  <time datetime=\"2025-12-04T15:01:30+00:00\">4 de Dezembro, 2025<\/time> by <a href=\"https:\/\/escoladigital.madeira.gov.pt\/eb1pefrocha\/author\/eb1pefrocha\/\">eb1pefrocha<\/a><\/p><div class=\"o-posts-grid-post-description\"><p>Ontem foi um dia muito especial para os nossos alunos, que forma presenteados com a visita da mascot\u2026<\/p><\/div><\/div><\/div><\/div><div class=\"o-posts-grid-post-blog o-posts-grid-post-plain\"><div class=\"o-posts-grid-post\"><div class=\"o-posts-grid-post-image\"><a href=\"https:\/\/escoladigital.madeira.gov.pt\/eb1pefrocha\/2025\/11\/05\/pao-por-deus-efr-2025\/\"><img decoding=\"async\" width=\"2560\" height=\"1280\" src=\"https:\/\/escoladigital.madeira.gov.pt\/eb1pefrocha\/wp-content\/uploads\/sites\/63\/2025\/11\/image-scaled.jpg\" class=\"attachment-full size-full\" alt=\"&#8220;P\u00c3O-POR-DEUS&#8221; EFR 2025\" srcset=\"https:\/\/escoladigital.madeira.gov.pt\/eb1pefrocha\/wp-content\/uploads\/sites\/63\/2025\/11\/image-scaled.jpg 2560w, https:\/\/escoladigital.madeira.gov.pt\/eb1pefrocha\/wp-content\/uploads\/sites\/63\/2025\/11\/image-300x150.jpg 300w, https:\/\/escoladigital.madeira.gov.pt\/eb1pefrocha\/wp-content\/uploads\/sites\/63\/2025\/11\/image-1024x512.jpg 1024w, https:\/\/escoladigital.madeira.gov.pt\/eb1pefrocha\/wp-content\/uploads\/sites\/63\/2025\/11\/image-768x384.jpg 768w, https:\/\/escoladigital.madeira.gov.pt\/eb1pefrocha\/wp-content\/uploads\/sites\/63\/2025\/11\/image-1536x768.jpg 1536w, https:\/\/escoladigital.madeira.gov.pt\/eb1pefrocha\/wp-content\/uploads\/sites\/63\/2025\/11\/image-2048x1024.jpg 2048w\" sizes=\"(max-width: 2560px) 100vw, 2560px\" \/><\/a><\/div><div class=\"o-posts-grid-post-body\"><span class=\"o-posts-grid-post-category\"><a href=\"https:\/\/escoladigital.madeira.gov.pt\/eb1pefrocha\/category\/festas-efr\/\">Festas EFR<\/a><\/span><h4 class=\"o-posts-grid-post-title\"><a href=\"https:\/\/escoladigital.madeira.gov.pt\/eb1pefrocha\/2025\/11\/05\/pao-por-deus-efr-2025\/\">&#8220;P\u00c3O-POR-DEUS&#8221; EFR 2025<\/a><\/h4><p class=\"o-posts-grid-post-meta\">  <time datetime=\"2025-11-05T17:33:35+00:00\">5 de Novembro, 2025<\/time> by <a href=\"https:\/\/escoladigital.madeira.gov.pt\/eb1pefrocha\/author\/eb1pefrocha\/\">eb1pefrocha<\/a><\/p><div class=\"o-posts-grid-post-description\"><p>celebrou-se, no passado dia 30 de outubro, o Dia do &#8220;P\u00e3o-por-Deus&#8221;, tradi\u00e7\u00e3o que a nossa\u2026<\/p><\/div><\/div><\/div><\/div><div class=\"o-posts-grid-post-blog o-posts-grid-post-plain\"><div class=\"o-posts-grid-post\"><div class=\"o-posts-grid-post-image\"><a href=\"https:\/\/escoladigital.madeira.gov.pt\/eb1pefrocha\/2025\/06\/02\/dia-da-crianca-estadio-municipal-de-camara-de-lobos-30-de-maio-2025\/\"><img loading=\"lazy\" decoding=\"async\" width=\"1024\" height=\"585\" src=\"https:\/\/escoladigital.madeira.gov.pt\/eb1pefrocha\/wp-content\/uploads\/sites\/63\/2025\/06\/DiadaCrianca25.jpg\" class=\"attachment-full size-full\" alt=\"Dia da Crian\u00e7a &#8211; Est\u00e1dio Municipal de C\u00e2mara de Lobos &#8211; 30 de maio 2025\" srcset=\"https:\/\/escoladigital.madeira.gov.pt\/eb1pefrocha\/wp-content\/uploads\/sites\/63\/2025\/06\/DiadaCrianca25.jpg 1024w, https:\/\/escoladigital.madeira.gov.pt\/eb1pefrocha\/wp-content\/uploads\/sites\/63\/2025\/06\/DiadaCrianca25-300x171.jpg 300w, https:\/\/escoladigital.madeira.gov.pt\/eb1pefrocha\/wp-content\/uploads\/sites\/63\/2025\/06\/DiadaCrianca25-768x439.jpg 768w\" sizes=\"(max-width: 1024px) 100vw, 1024px\" \/><\/a><\/div><div class=\"o-posts-grid-post-body\"><span class=\"o-posts-grid-post-category\"><a href=\"https:\/\/escoladigital.madeira.gov.pt\/eb1pefrocha\/category\/festas-efr\/\">Festas EFR<\/a><\/span><h4 class=\"o-posts-grid-post-title\"><a href=\"https:\/\/escoladigital.madeira.gov.pt\/eb1pefrocha\/2025\/06\/02\/dia-da-crianca-estadio-municipal-de-camara-de-lobos-30-de-maio-2025\/\">Dia da Crian\u00e7a &#8211; Est\u00e1dio Municipal de C\u00e2mara de Lobos &#8211; 30 de maio 2025<\/a><\/h4><p class=\"o-posts-grid-post-meta\">  <time datetime=\"2025-06-02T16:47:30+00:00\">2 de Junho, 2025<\/time> by <a href=\"https:\/\/escoladigital.madeira.gov.pt\/eb1pefrocha\/author\/eb1pefrocha\/\">eb1pefrocha<\/a><\/p><div class=\"o-posts-grid-post-description\"><p>Decorreu, no dia 30 de maio, no Est\u00e1dio Municipal de C\u00e2mara de Lobos, a comemora\u00e7\u00e3o do Dia da Crian\u00e7\u2026<\/p><\/div><\/div><\/div><\/div><div class=\"o-posts-grid-post-blog o-posts-grid-post-plain\"><div class=\"o-posts-grid-post\"><div class=\"o-posts-grid-post-image\"><a href=\"https:\/\/escoladigital.madeira.gov.pt\/eb1pefrocha\/2025\/05\/27\/aeromania-efr-2025\/\"><img loading=\"lazy\" decoding=\"async\" width=\"1344\" height=\"768\" src=\"https:\/\/escoladigital.madeira.gov.pt\/eb1pefrocha\/wp-content\/uploads\/sites\/63\/2025\/05\/aiease_1748434047187.jpg\" class=\"attachment-full size-full\" alt=\"&#8220;Aeromania&#8221; EFR &#8211; 2025\" srcset=\"https:\/\/escoladigital.madeira.gov.pt\/eb1pefrocha\/wp-content\/uploads\/sites\/63\/2025\/05\/aiease_1748434047187.jpg 1344w, https:\/\/escoladigital.madeira.gov.pt\/eb1pefrocha\/wp-content\/uploads\/sites\/63\/2025\/05\/aiease_1748434047187-300x171.jpg 300w, https:\/\/escoladigital.madeira.gov.pt\/eb1pefrocha\/wp-content\/uploads\/sites\/63\/2025\/05\/aiease_1748434047187-1024x585.jpg 1024w, https:\/\/escoladigital.madeira.gov.pt\/eb1pefrocha\/wp-content\/uploads\/sites\/63\/2025\/05\/aiease_1748434047187-768x439.jpg 768w\" sizes=\"(max-width: 1344px) 100vw, 1344px\" \/><\/a><\/div><div class=\"o-posts-grid-post-body\"><span class=\"o-posts-grid-post-category\"><a href=\"https:\/\/escoladigital.madeira.gov.pt\/eb1pefrocha\/category\/festas-efr\/\">Festas EFR<\/a><\/span><h4 class=\"o-posts-grid-post-title\"><a href=\"https:\/\/escoladigital.madeira.gov.pt\/eb1pefrocha\/2025\/05\/27\/aeromania-efr-2025\/\">&#8220;Aeromania&#8221; EFR &#8211; 2025<\/a><\/h4><p class=\"o-posts-grid-post-meta\">  <time datetime=\"2025-05-27T11:53:59+00:00\">27 de Maio, 2025<\/time> by <a href=\"https:\/\/escoladigital.madeira.gov.pt\/eb1pefrocha\/author\/eb1pefrocha\/\">eb1pefrocha<\/a><\/p><div class=\"o-posts-grid-post-description\"><p>&#8220;Anda comigo ver os avi\u00f5es&#8221; na escola! Teve lugar na nossa escola, no dia 26 de maio, o \u2026<\/p><\/div><\/div><\/div><\/div><div class=\"o-posts-grid-post-blog o-posts-grid-post-plain\"><div class=\"o-posts-grid-post\"><div class=\"o-posts-grid-post-image\"><a href=\"https:\/\/escoladigital.madeira.gov.pt\/eb1pefrocha\/2025\/03\/07\/carnaval-efr-2025\/\"><img loading=\"lazy\" decoding=\"async\" width=\"2560\" height=\"1920\" src=\"https:\/\/escoladigital.madeira.gov.pt\/eb1pefrocha\/wp-content\/uploads\/sites\/63\/2025\/03\/1740824986368-scaled.jpg\" class=\"attachment-full size-full\" alt=\"Carnaval EFR 2025\" srcset=\"https:\/\/escoladigital.madeira.gov.pt\/eb1pefrocha\/wp-content\/uploads\/sites\/63\/2025\/03\/1740824986368-scaled.jpg 2560w, https:\/\/escoladigital.madeira.gov.pt\/eb1pefrocha\/wp-content\/uploads\/sites\/63\/2025\/03\/1740824986368-300x225.jpg 300w, https:\/\/escoladigital.madeira.gov.pt\/eb1pefrocha\/wp-content\/uploads\/sites\/63\/2025\/03\/1740824986368-1024x768.jpg 1024w, https:\/\/escoladigital.madeira.gov.pt\/eb1pefrocha\/wp-content\/uploads\/sites\/63\/2025\/03\/1740824986368-768x576.jpg 768w, https:\/\/escoladigital.madeira.gov.pt\/eb1pefrocha\/wp-content\/uploads\/sites\/63\/2025\/03\/1740824986368-1536x1152.jpg 1536w, https:\/\/escoladigital.madeira.gov.pt\/eb1pefrocha\/wp-content\/uploads\/sites\/63\/2025\/03\/1740824986368-2048x1536.jpg 2048w\" sizes=\"(max-width: 2560px) 100vw, 2560px\" \/><\/a><\/div><div class=\"o-posts-grid-post-body\"><span class=\"o-posts-grid-post-category\"><a href=\"https:\/\/escoladigital.madeira.gov.pt\/eb1pefrocha\/category\/festas-efr\/\">Festas EFR<\/a><\/span><h4 class=\"o-posts-grid-post-title\"><a href=\"https:\/\/escoladigital.madeira.gov.pt\/eb1pefrocha\/2025\/03\/07\/carnaval-efr-2025\/\">Carnaval EFR 2025<\/a><\/h4><p class=\"o-posts-grid-post-meta\">  <time datetime=\"2025-03-07T11:10:52+00:00\">7 de Mar\u00e7o, 2025<\/time> by <a href=\"https:\/\/escoladigital.madeira.gov.pt\/eb1pefrocha\/author\/eb1pefrocha\/\">eb1pefrocha<\/a><\/p><div class=\"o-posts-grid-post-description\"><p>apesar do mau tempo que se fez sentir, o Carnaval foi festejado com muita alegria no refeit\u00f3rio da n\u2026<\/p><\/div><\/div><\/div><\/div><\/div> <\/div>","protected":false},"excerpt":{"rendered":"<p>ol\u00e1. Aqui poder\u00e3o ver todas as atividades festivas em que participam os nossos alunos!<\/p>\n","protected":false},"author":82,"featured_media":0,"parent":0,"menu_order":0,"comment_status":"closed","ping_status":"closed","template":"","meta":{"site-sidebar-layout":"default","site-content-layout":"","ast-site-content-layout":"default","site-content-style":"default","site-sidebar-style":"default","ast-global-header-display":"","ast-banner-title-visibility":"","ast-main-header-display":"","ast-hfb-above-header-display":"","ast-hfb-below-header-display":"","ast-hfb-mobile-header-display":"","site-post-title":"","ast-breadcrumbs-content":"","ast-featured-img":"","footer-sml-layout":"","ast-disable-related-posts":"","theme-transparent-header-meta":"","adv-header-id-meta":"","stick-header-meta":"","header-above-stick-meta":"","header-main-stick-meta":"","header-below-stick-meta":"","astra-migrate-meta-layouts":"default","ast-page-background-enabled":"default","ast-page-background-meta":{"desktop":{"background-color":"var(--ast-global-color-5)","background-image":"","background-repeat":"repeat","background-position":"center center","background-size":"auto","background-attachment":"scroll","background-type":"","background-media":"","overlay-type":"","overlay-color":"","overlay-opacity":"","overlay-gradient":""},"tablet":{"background-color":"","background-image":"","background-repeat":"repeat","background-position":"center center","background-size":"auto","background-attachment":"scroll","background-type":"","background-media":"","overlay-type":"","overlay-color":"","overlay-opacity":"","overlay-gradient":""},"mobile":{"background-color":"","background-image":"","background-repeat":"repeat","background-position":"center center","background-size":"auto","background-attachment":"scroll","background-type":"","background-media":"","overlay-type":"","overlay-color":"","overlay-opacity":"","overlay-gradient":""}},"ast-content-background-meta":{"desktop":{"background-color":"var(--ast-global-color-4)","background-image":"","background-repeat":"repeat","background-position":"center center","background-size":"auto","background-attachment":"scroll","background-type":"","background-media":"","overlay-type":"","overlay-color":"","overlay-opacity":"","overlay-gradient":""},"tablet":{"background-color":"var(--ast-global-color-4)","background-image":"","background-repeat":"repeat","background-position":"center center","background-size":"auto","background-attachment":"scroll","background-type":"","background-media":"","overlay-type":"","overlay-color":"","overlay-opacity":"","overlay-gradient":""},"mobile":{"background-color":"var(--ast-global-color-4)","background-image":"","background-repeat":"repeat","background-position":"center center","background-size":"auto","background-attachment":"scroll","background-type":"","background-media":"","overlay-type":"","overlay-color":"","overlay-opacity":"","overlay-gradient":""}},"_themeisle_gutenberg_block_has_review":false,"footnotes":""},"class_list":["post-729","page","type-page","status-publish","hentry"],"_links":{"self":[{"href":"https:\/\/escoladigital.madeira.gov.pt\/eb1pefrocha\/wp-json\/wp\/v2\/pages\/729","targetHints":{"allow":["GET"]}}],"collection":[{"href":"https:\/\/escoladigital.madeira.gov.pt\/eb1pefrocha\/wp-json\/wp\/v2\/pages"}],"about":[{"href":"https:\/\/escoladigital.madeira.gov.pt\/eb1pefrocha\/wp-json\/wp\/v2\/types\/page"}],"author":[{"embeddable":true,"href":"https:\/\/escoladigital.madeira.gov.pt\/eb1pefrocha\/wp-json\/wp\/v2\/users\/82"}],"replies":[{"embeddable":true,"href":"https:\/\/escoladigital.madeira.gov.pt\/eb1pefrocha\/wp-json\/wp\/v2\/comments?post=729"}],"version-history":[{"count":8,"href":"https:\/\/escoladigital.madeira.gov.pt\/eb1pefrocha\/wp-json\/wp\/v2\/pages\/729\/revisions"}],"predecessor-version":[{"id":1273,"href":"https:\/\/escoladigital.madeira.gov.pt\/eb1pefrocha\/wp-json\/wp\/v2\/pages\/729\/revisions\/1273"}],"wp:attachment":[{"href":"https:\/\/escoladigital.madeira.gov.pt\/eb1pefrocha\/wp-json\/wp\/v2\/media?parent=729"}],"curies":[{"name":"wp","href":"https:\/\/api.w.org\/{rel}","templated":true}]}}