{"id":749,"date":"2025-02-26T11:17:29","date_gmt":"2025-02-26T11:17:29","guid":{"rendered":"https:\/\/escoladigital.madeira.gov.pt\/eb1pefrocha\/?page_id=749"},"modified":"2025-02-26T11:32:59","modified_gmt":"2025-02-26T11:32:59","slug":"educacao-digital","status":"publish","type":"page","link":"https:\/\/escoladigital.madeira.gov.pt\/eb1pefrocha\/pagina-exemplo\/tic\/educacao-digital\/","title":{"rendered":"Recursos Did\u00e1ticos &#8211; Educa\u00e7\u00e3o Digital"},"content":{"rendered":"\n<div class=\"wp-block-media-text is-stacked-on-mobile is-image-fill-element\" style=\"grid-template-columns:19% auto\"><figure class=\"wp-block-media-text__media\"><img fetchpriority=\"high\" decoding=\"async\" width=\"1024\" height=\"585\" src=\"https:\/\/escoladigital.madeira.gov.pt\/eb1pefrocha\/wp-content\/uploads\/sites\/63\/2025\/02\/1739971088900-1024x585.jpg\" alt=\"\" class=\"wp-image-575 size-full\" style=\"object-position:50% 50%\" srcset=\"https:\/\/escoladigital.madeira.gov.pt\/eb1pefrocha\/wp-content\/uploads\/sites\/63\/2025\/02\/1739971088900-1024x585.jpg 1024w, https:\/\/escoladigital.madeira.gov.pt\/eb1pefrocha\/wp-content\/uploads\/sites\/63\/2025\/02\/1739971088900-300x171.jpg 300w, https:\/\/escoladigital.madeira.gov.pt\/eb1pefrocha\/wp-content\/uploads\/sites\/63\/2025\/02\/1739971088900-768x439.jpg 768w, https:\/\/escoladigital.madeira.gov.pt\/eb1pefrocha\/wp-content\/uploads\/sites\/63\/2025\/02\/1739971088900.jpg 1344w\" sizes=\"(max-width: 1024px) 100vw, 1024px\" \/><\/figure><div class=\"wp-block-media-text__content\">\n<p><strong>aqui encontrar\u00e3o recursos did\u00e1ticos que  vos ajudar\u00e3o a navegarem em seguran\u00e7a na net!<\/strong><\/p>\n\n\n\n<p><strong>Os sites &#8220;SeguraNet&#8221; e &#8220;Centro de Internet Segura&#8221; t\u00eam in\u00fameros recursos did\u00e1ticos \u00fateis, desde cartazes, anima\u00e7\u00f5es, v\u00eddeos e livros digitais, que vos ajudar\u00e3o a navegarem em seguran\u00e7a e saberem identificar amea\u00e7as online<\/strong>.<\/p>\n\n\n\n<p><strong>clica aqui para visitares a p\u00e1gina: <a href=\"https:\/\/www.seguranet.pt\/\" data-type=\"link\" data-id=\"https:\/\/www.seguranet.pt\/\"><mark class=\"has-inline-color has-ast-global-color-0-color\">SeguraNet<\/mark><\/a><\/strong><\/p>\n\n\n\n<p><strong>Clica aqui para visitares a p\u00e1gina: <a href=\"https:\/\/www.internetsegura.pt\/\" data-type=\"link\" data-id=\"https:\/\/www.internetsegura.pt\/\">Centro de Internet Segura<\/a><\/strong><\/p>\n\n\n\n<p><strong>abaixo encontrar\u00e3o alguns livros digitais que vos ajudar\u00e3o a navegar  em seguran\u00e7a!<\/strong><\/p>\n<\/div><\/div>\n\n\n\n<div class=\"wp-block-columns is-layout-flex wp-container-core-columns-is-layout-28f84493 wp-block-columns-is-layout-flex\">\n<div class=\"wp-block-column is-layout-flow wp-block-column-is-layout-flow\">\n<p class=\"has-text-align-center\">&#8220;<strong>E agora o que vamos fazer com a tecnologia nas f\u00e9rias?<\/strong>&#8220;<\/p>\n\n\n\n<p class=\"has-text-align-center\"><strong>As f\u00e9rias s\u00e3o sin\u00f3nimo de lazer, descanso, aventura, conv\u00edvio, descobertas, amigos, fam\u00edlia \u2026 E a tecnologia, em que lugar fica? Ser\u00e1 o mesmo lugar para crian\u00e7as, jovens e adultos?<\/strong><\/p>\n\n\n\n<div data-wp-interactive=\"core\/file\" class=\"wp-block-file\"><object data-wp-bind--hidden=\"!state.hasPdfPreview\" hidden class=\"wp-block-file__embed\" data=\"https:\/\/escoladigital.madeira.gov.pt\/eb1pefrocha\/wp-content\/uploads\/sites\/63\/2025\/02\/202106225-seguranet-tec-ferias-v5.pdf\" type=\"application\/pdf\" style=\"width:100%;height:790px\" aria-label=\"Incorpora\u00e7\u00e3o de 202106225-seguranet-tec-ferias-v5.\"><\/object><a id=\"wp-block-file--media-a50633bd-0da5-4ed7-a9c9-bf747cbfe86e\" href=\"https:\/\/escoladigital.madeira.gov.pt\/eb1pefrocha\/wp-content\/uploads\/sites\/63\/2025\/02\/202106225-seguranet-tec-ferias-v5.pdf\" target=\"_blank\" rel=\"noreferrer noopener\">202106225-seguranet-tec-ferias-v5<\/a><a href=\"https:\/\/escoladigital.madeira.gov.pt\/eb1pefrocha\/wp-content\/uploads\/sites\/63\/2025\/02\/202106225-seguranet-tec-ferias-v5.pdf\" class=\"wp-block-file__button wp-element-button\" download aria-describedby=\"wp-block-file--media-a50633bd-0da5-4ed7-a9c9-bf747cbfe86e\">Descarregar<\/a><\/div>\n<\/div>\n\n\n\n<div class=\"wp-block-column is-layout-flow wp-block-column-is-layout-flow\">\n<p class=\"has-text-align-center\"><strong>Ebook &#8220;pais, filhos  e tecnologia&#8221;<\/strong><\/p>\n\n\n\n<p class=\"has-text-align-center\"><strong>O Centro Internet Segura tem como miss\u00e3o promover a utiliza\u00e7\u00e3o segura, saud\u00e1vel e consciente da Internet, bem como contribuir para o desenvolvimento de compet\u00eancias que potenciem uma cidadania digital mais informada e inclusiva.<\/strong><\/p>\n\n\n\n<div data-wp-interactive=\"core\/file\" class=\"wp-block-file\"><object data-wp-bind--hidden=\"!state.hasPdfPreview\" hidden class=\"wp-block-file__embed\" data=\"https:\/\/escoladigital.madeira.gov.pt\/eb1pefrocha\/wp-content\/uploads\/sites\/63\/2025\/02\/eBook-Pais-e-Educadores.pdf\" type=\"application\/pdf\" style=\"width:100%;height:790px\" aria-label=\"Incorpora\u00e7\u00e3o de eBook Pais e Educadores.\"><\/object><a id=\"wp-block-file--media-d8602bc8-a8e6-46d3-81e5-1b656ae4d30a\" href=\"https:\/\/escoladigital.madeira.gov.pt\/eb1pefrocha\/wp-content\/uploads\/sites\/63\/2025\/02\/eBook-Pais-e-Educadores.pdf\" target=\"_blank\" rel=\"noreferrer noopener\">eBook Pais e Educadores<\/a><a href=\"https:\/\/escoladigital.madeira.gov.pt\/eb1pefrocha\/wp-content\/uploads\/sites\/63\/2025\/02\/eBook-Pais-e-Educadores.pdf\" class=\"wp-block-file__button wp-element-button\" download aria-describedby=\"wp-block-file--media-d8602bc8-a8e6-46d3-81e5-1b656ae4d30a\">Descarregar<\/a><\/div>\n<\/div>\n<\/div>\n\n\n\n<p><\/p>\n\n\n\n<div class=\"wp-block-columns are-vertically-aligned-top is-layout-flex wp-container-core-columns-is-layout-28f84493 wp-block-columns-is-layout-flex\">\n<div class=\"wp-block-column is-vertically-aligned-top is-layout-flow wp-block-column-is-layout-flow\">\n<p class=\"has-text-align-center\"><strong>livro digital &#8220;zigzaga na net &#8211; novas aventuras&#8221; (3 aos 6 anos)<\/strong><\/p>\n\n\n\n<p class=\"has-text-align-center\"><strong>Este livro para colorir pretende sensibilizar crian\u00e7as dos 3 aos  6 anos para boas pr\u00e1ticas na utiliza\u00e7\u00e3o dos ambientes digitais. Desafia a novas perguntas e \u00e0 procura das respostas,  apresentando regras deseguran\u00e7a a ter em conta no uso das tecnologias. E agora, vamos navegar\u2026 a cores?<\/strong><\/p>\n\n\n\n<div data-wp-interactive=\"core\/file\" class=\"wp-block-file\"><object data-wp-bind--hidden=\"!state.hasPdfPreview\" hidden class=\"wp-block-file__embed\" data=\"https:\/\/escoladigital.madeira.gov.pt\/eb1pefrocha\/wp-content\/uploads\/sites\/63\/2025\/02\/zigzaga_paginacao-06022023-digital.pdf\" type=\"application\/pdf\" style=\"width:100%;height:790px\" aria-label=\"Incorpora\u00e7\u00e3o de zigzaga_paginacao-06022023-digital.\"><\/object><a id=\"wp-block-file--media-57e138a8-6d43-4e50-b6ab-30d75c590470\" href=\"https:\/\/escoladigital.madeira.gov.pt\/eb1pefrocha\/wp-content\/uploads\/sites\/63\/2025\/02\/zigzaga_paginacao-06022023-digital.pdf\" target=\"_blank\" rel=\"noreferrer noopener\">zigzaga_paginacao-06022023-digital<\/a><a href=\"https:\/\/escoladigital.madeira.gov.pt\/eb1pefrocha\/wp-content\/uploads\/sites\/63\/2025\/02\/zigzaga_paginacao-06022023-digital.pdf\" class=\"wp-block-file__button wp-element-button\" download aria-describedby=\"wp-block-file--media-57e138a8-6d43-4e50-b6ab-30d75c590470\">Descarregar<\/a><\/div>\n<\/div>\n\n\n\n<div class=\"wp-block-column is-vertically-aligned-top is-layout-flow wp-block-column-is-layout-flow\">\n<p class=\"has-text-align-center\"><strong>Livro digital &#8220;zigzaga na net&#8221;<\/strong> <strong>(ler+ PNL)<\/strong><\/p>\n\n\n\n<p class=\"has-text-align-center\"><strong>O &#8220;Centro Internet Segura&#8221; apoia e convida os leitores a usufru\u00edrem do seu tempo offline para descobrirem este livro de aventuras. Inspirado nas hist\u00f3rias do ZigZaga na Net<\/strong>.<\/p>\n\n\n\n<div data-wp-interactive=\"core\/file\" class=\"wp-block-file\"><object data-wp-bind--hidden=\"!state.hasPdfPreview\" hidden class=\"wp-block-file__embed\" data=\"https:\/\/escoladigital.madeira.gov.pt\/eb1pefrocha\/wp-content\/uploads\/sites\/63\/2025\/02\/livro-digital-zigzagapnl-1.pdf\" type=\"application\/pdf\" style=\"width:100%;height:790px\" aria-label=\"Incorpora\u00e7\u00e3o de livro digital zigzaga+pnl (1).\"><\/object><a id=\"wp-block-file--media-4c1bd13d-ac54-43a4-bde7-fa42cb46763e\" href=\"https:\/\/escoladigital.madeira.gov.pt\/eb1pefrocha\/wp-content\/uploads\/sites\/63\/2025\/02\/livro-digital-zigzagapnl-1.pdf\" target=\"_blank\" rel=\"noreferrer noopener\">livro digital zigzaga+pnl (1)<\/a><a href=\"https:\/\/escoladigital.madeira.gov.pt\/eb1pefrocha\/wp-content\/uploads\/sites\/63\/2025\/02\/livro-digital-zigzagapnl-1.pdf\" class=\"wp-block-file__button wp-element-button\" download aria-describedby=\"wp-block-file--media-4c1bd13d-ac54-43a4-bde7-fa42cb46763e\">Descarregar<\/a><\/div>\n<\/div>\n<\/div>\n\n\n\n<p><\/p>\n\n\n\n<div class=\"wp-block-columns is-layout-flex wp-container-core-columns-is-layout-28f84493 wp-block-columns-is-layout-flex\">\n<div class=\"wp-block-column is-layout-flow wp-block-column-is-layout-flow\" style=\"flex-basis:100%\">\n<p class=\"has-text-align-center\"><strong>livro &#8220;ZigZaga na net &#8211; Navegar a cores&#8221; (3 aos 6 anos)<\/strong><\/p>\n\n\n\n<p class=\"has-text-align-center\"><strong>Este livro para colorir pretende sensibilizar crian\u00e7as dos 3 aos 6 anos para boas pr\u00e1ticas na utiliza\u00e7\u00e3o dos ambientes digitais. Desafia a novas perguntas e \u00e0 procura das respostas, apresentando regras de seguran\u00e7a a ter em conta no uso das tecnologias.<\/strong><\/p>\n\n\n\n<div data-wp-interactive=\"core\/file\" class=\"wp-block-file\"><object data-wp-bind--hidden=\"!state.hasPdfPreview\" hidden class=\"wp-block-file__embed\" data=\"https:\/\/escoladigital.madeira.gov.pt\/eb1pefrocha\/wp-content\/uploads\/sites\/63\/2025\/02\/livro_zigzaga_na_net_navegar_a_corespdf.pdf\" type=\"application\/pdf\" style=\"width:100%;height:860px\" aria-label=\"Incorpora\u00e7\u00e3o de livro_zigzaga_na_net_navegar_a_corespdf.\"><\/object><a id=\"wp-block-file--media-2b044bce-e54d-4b00-b140-4d1fac08e6ef\" href=\"https:\/\/escoladigital.madeira.gov.pt\/eb1pefrocha\/wp-content\/uploads\/sites\/63\/2025\/02\/livro_zigzaga_na_net_navegar_a_corespdf.pdf\">livro_zigzaga_na_net_navegar_a_corespdf<\/a><a href=\"https:\/\/escoladigital.madeira.gov.pt\/eb1pefrocha\/wp-content\/uploads\/sites\/63\/2025\/02\/livro_zigzaga_na_net_navegar_a_corespdf.pdf\" class=\"wp-block-file__button wp-element-button\" download aria-describedby=\"wp-block-file--media-2b044bce-e54d-4b00-b140-4d1fac08e6ef\">Descarregar<\/a><\/div>\n<\/div>\n<\/div>\n","protected":false},"excerpt":{"rendered":"<p>aqui encontrar\u00e3o recursos did\u00e1ticos que vos ajudar\u00e3o a navegarem em seguran\u00e7a na net! Os sites &#8220;SeguraNet&#8221; e &#8220;Centro de Internet [&hellip;]<\/p>\n","protected":false},"author":82,"featured_media":0,"parent":441,"menu_order":0,"comment_status":"closed","ping_status":"closed","template":"","meta":{"site-sidebar-layout":"default","site-content-layout":"","ast-site-content-layout":"default","site-content-style":"default","site-sidebar-style":"default","ast-global-header-display":"","ast-banner-title-visibility":"","ast-main-header-display":"","ast-hfb-above-header-display":"","ast-hfb-below-header-display":"","ast-hfb-mobile-header-display":"","site-post-title":"","ast-breadcrumbs-content":"","ast-featured-img":"","footer-sml-layout":"","ast-disable-related-posts":"","theme-transparent-header-meta":"","adv-header-id-meta":"","stick-header-meta":"","header-above-stick-meta":"","header-main-stick-meta":"","header-below-stick-meta":"","astra-migrate-meta-layouts":"default","ast-page-background-enabled":"default","ast-page-background-meta":{"desktop":{"background-color":"var(--ast-global-color-5)","background-image":"","background-repeat":"repeat","background-position":"center center","background-size":"auto","background-attachment":"scroll","background-type":"","background-media":"","overlay-type":"","overlay-color":"","overlay-opacity":"","overlay-gradient":""},"tablet":{"background-color":"","background-image":"","background-repeat":"repeat","background-position":"center center","background-size":"auto","background-attachment":"scroll","background-type":"","background-media":"","overlay-type":"","overlay-color":"","overlay-opacity":"","overlay-gradient":""},"mobile":{"background-color":"","background-image":"","background-repeat":"repeat","background-position":"center center","background-size":"auto","background-attachment":"scroll","background-type":"","background-media":"","overlay-type":"","overlay-color":"","overlay-opacity":"","overlay-gradient":""}},"ast-content-background-meta":{"desktop":{"background-color":"var(--ast-global-color-4)","background-image":"","background-repeat":"repeat","background-position":"center center","background-size":"auto","background-attachment":"scroll","background-type":"","background-media":"","overlay-type":"","overlay-color":"","overlay-opacity":"","overlay-gradient":""},"tablet":{"background-color":"var(--ast-global-color-4)","background-image":"","background-repeat":"repeat","background-position":"center center","background-size":"auto","background-attachment":"scroll","background-type":"","background-media":"","overlay-type":"","overlay-color":"","overlay-opacity":"","overlay-gradient":""},"mobile":{"background-color":"var(--ast-global-color-4)","background-image":"","background-repeat":"repeat","background-position":"center center","background-size":"auto","background-attachment":"scroll","background-type":"","background-media":"","overlay-type":"","overlay-color":"","overlay-opacity":"","overlay-gradient":""}},"_themeisle_gutenberg_block_has_review":false,"footnotes":""},"class_list":["post-749","page","type-page","status-publish","hentry"],"_links":{"self":[{"href":"https:\/\/escoladigital.madeira.gov.pt\/eb1pefrocha\/wp-json\/wp\/v2\/pages\/749","targetHints":{"allow":["GET"]}}],"collection":[{"href":"https:\/\/escoladigital.madeira.gov.pt\/eb1pefrocha\/wp-json\/wp\/v2\/pages"}],"about":[{"href":"https:\/\/escoladigital.madeira.gov.pt\/eb1pefrocha\/wp-json\/wp\/v2\/types\/page"}],"author":[{"embeddable":true,"href":"https:\/\/escoladigital.madeira.gov.pt\/eb1pefrocha\/wp-json\/wp\/v2\/users\/82"}],"replies":[{"embeddable":true,"href":"https:\/\/escoladigital.madeira.gov.pt\/eb1pefrocha\/wp-json\/wp\/v2\/comments?post=749"}],"version-history":[{"count":6,"href":"https:\/\/escoladigital.madeira.gov.pt\/eb1pefrocha\/wp-json\/wp\/v2\/pages\/749\/revisions"}],"predecessor-version":[{"id":759,"href":"https:\/\/escoladigital.madeira.gov.pt\/eb1pefrocha\/wp-json\/wp\/v2\/pages\/749\/revisions\/759"}],"up":[{"embeddable":true,"href":"https:\/\/escoladigital.madeira.gov.pt\/eb1pefrocha\/wp-json\/wp\/v2\/pages\/441"}],"wp:attachment":[{"href":"https:\/\/escoladigital.madeira.gov.pt\/eb1pefrocha\/wp-json\/wp\/v2\/media?parent=749"}],"curies":[{"name":"wp","href":"https:\/\/api.w.org\/{rel}","templated":true}]}}