{"id":155,"date":"2025-01-23T11:53:31","date_gmt":"2025-01-23T11:53:31","guid":{"rendered":"https:\/\/escoladigital.madeira.gov.pt\/eb1peilheus\/?page_id=155"},"modified":"2025-01-23T12:07:09","modified_gmt":"2025-01-23T12:07:09","slug":"naetgeo","status":"publish","type":"page","link":"https:\/\/escoladigital.madeira.gov.pt\/eb1peilheus\/naetgeo\/","title":{"rendered":"Na(e)tGeo"},"content":{"rendered":"\n<figure class=\"wp-block-image aligncenter size-full is-resized\"><img fetchpriority=\"high\" decoding=\"async\" width=\"319\" height=\"318\" src=\"https:\/\/escoladigital.madeira.gov.pt\/eb1peilheus\/wp-content\/uploads\/sites\/61\/2025\/01\/natgeo.jpg\" alt=\"\" class=\"wp-image-166\" style=\"width:201px;height:auto\" srcset=\"https:\/\/escoladigital.madeira.gov.pt\/eb1peilheus\/wp-content\/uploads\/sites\/61\/2025\/01\/natgeo.jpg 319w, https:\/\/escoladigital.madeira.gov.pt\/eb1peilheus\/wp-content\/uploads\/sites\/61\/2025\/01\/natgeo-300x300.jpg 300w, https:\/\/escoladigital.madeira.gov.pt\/eb1peilheus\/wp-content\/uploads\/sites\/61\/2025\/01\/natgeo-150x150.jpg 150w\" sizes=\"(max-width: 319px) 100vw, 319px\" \/><\/figure>\n\n\n\n<p>A origem do nome do projeto subdivide-se em quatro pontos. O prefixo&nbsp;<strong>\u201cNat\u201d<\/strong>&nbsp;est\u00e1 relacionado com a natureza, local privilegiado para a realiza\u00e7\u00e3o das atividades atrav\u00e9s de um jogo empolgante, o geocaching, que nos aproxima do meio ambiente, dando a oportunidade de vivenciar experi\u00eancias \u00fanicas em contato direto com o patrim\u00f3nio natural.<\/p>\n\n\n\n<p>A letra&nbsp;<strong>(e)&nbsp;<\/strong>inserida no prefixo refere-se \u00e0 mudan\u00e7a da palavra nat para&nbsp;<strong>net,<\/strong>&nbsp;privilegiando a utiliza\u00e7\u00e3o das ferramentas e tecnologias digitais durante passeios de aventura e solu\u00e7\u00f5es de tarefas, de forma r\u00e1pida e interativa.<\/p>\n\n\n\n<p>O plano de estudos&nbsp;<strong>GEO<\/strong>&nbsp;refere-se ao local de aprendizagem, valorizando os espa\u00e7os naturais &#8211; \u201coutdoor\u201d- permitindo a observa\u00e7\u00e3o, a experimenta\u00e7\u00e3o, a aquisi\u00e7\u00e3o e consolida\u00e7\u00e3o de conhecimentos.<\/p>\n\n\n\n<p><strong>O PROJETO PRETENDE:<\/strong><strong><\/strong><\/p>\n\n\n\n<p>&#8211; Aumentar a motiva\u00e7\u00e3o dos alunos, tornando a aprendizagem mais atrativa com alternativas pedag\u00f3gicas e novas abordagens, concentrando-se no despertar da motiva\u00e7\u00e3o interior;<\/p>\n\n\n\n<p>&#8211; Fornecer exemplos metodol\u00f3gicos de um progresso de ensino-aprendizagem complexo e baseado em compet\u00eancias, apoiando a interdisciplinaridade, o conhecimento \u00fatil e pr\u00e1tico, levando em considera\u00e7\u00e3o as caracter\u00edsticas e personalidades de cada um;<\/p>\n\n\n\n<p>&#8211; Tornar o ambiente social conectado com o envolvimento dos pais e da sociedade civil na aprendizagem de todo o processo;<\/p>\n\n\n\n<p>&#8211; Desenvolver compet\u00eancias fundamentais e transversais nos alunos.<\/p>\n\n\n\n<p><a href=\"https:\/\/www.dnoticias.pt\/2022\/5\/4\/309382-erasmus-possibilita-viagem-a-italia-a-alunos-da-escola-dos-ilheus\">https:\/\/www.dnoticias.pt\/2022\/5\/4\/309382-erasmus-possibilita-viagem-a-italia-a-alunos-da-escola-dos-ilheus<\/a><\/p>\n\n\n\n<p><a href=\"https:\/\/www.dnoticias.pt\/2022\/5\/18\/311504-eb1pe-dos-ilheus-acolheu-parceiros-europeus-no-ambito-do-programa-erasmus\">https:\/\/www.dnoticias.pt\/2022\/5\/18\/311504-eb1pe-dos-ilheus-acolheu-parceiros-europeus-no-ambito-do-programa-erasmus<\/a><\/p>\n\n\n\n<figure class=\"wp-block-embed is-type-video is-provider-youtube wp-block-embed-youtube wp-embed-aspect-16-9 wp-has-aspect-ratio\"><div class=\"wp-block-embed__wrapper\">\n<iframe title=\"Erasmus+ Na(e)tGEO Day 1 Funchal\" width=\"500\" height=\"281\" src=\"https:\/\/www.youtube.com\/embed\/8S47IJmsAqU?feature=oembed\" frameborder=\"0\" allow=\"accelerometer; autoplay; clipboard-write; encrypted-media; gyroscope; picture-in-picture; web-share\" referrerpolicy=\"strict-origin-when-cross-origin\" allowfullscreen><\/iframe>\n<\/div><\/figure>\n\n\n\n<figure class=\"wp-block-embed is-type-video is-provider-youtube wp-block-embed-youtube wp-embed-aspect-16-9 wp-has-aspect-ratio\"><div class=\"wp-block-embed__wrapper\">\n<iframe title=\"Erasmus+ Na(e)tGEO Funchal- Day 2\" width=\"500\" height=\"281\" src=\"https:\/\/www.youtube.com\/embed\/Mg771pd8xhU?feature=oembed\" frameborder=\"0\" allow=\"accelerometer; autoplay; clipboard-write; encrypted-media; gyroscope; picture-in-picture; web-share\" referrerpolicy=\"strict-origin-when-cross-origin\" allowfullscreen><\/iframe>\n<\/div><\/figure>\n\n\n\n<figure class=\"wp-block-embed is-type-video is-provider-youtube wp-block-embed-youtube wp-embed-aspect-16-9 wp-has-aspect-ratio\"><div class=\"wp-block-embed__wrapper\">\n<iframe title=\"Erasmus+ Na(e)tGEO in Funchal Day 3\" width=\"500\" height=\"281\" src=\"https:\/\/www.youtube.com\/embed\/Lpa4ToNVw1Q?feature=oembed\" frameborder=\"0\" allow=\"accelerometer; autoplay; clipboard-write; encrypted-media; gyroscope; picture-in-picture; web-share\" referrerpolicy=\"strict-origin-when-cross-origin\" allowfullscreen><\/iframe>\n<\/div><\/figure>\n\n\n\n<figure class=\"wp-block-embed is-type-video is-provider-youtube wp-block-embed-youtube wp-embed-aspect-16-9 wp-has-aspect-ratio\"><div class=\"wp-block-embed__wrapper\">\n<iframe title=\"Erasmus+ Na(e)tGEO Day 4\" width=\"500\" height=\"281\" src=\"https:\/\/www.youtube.com\/embed\/uYOUnitiOqM?feature=oembed\" frameborder=\"0\" allow=\"accelerometer; autoplay; clipboard-write; encrypted-media; gyroscope; picture-in-picture; web-share\" referrerpolicy=\"strict-origin-when-cross-origin\" allowfullscreen><\/iframe>\n<\/div><\/figure>\n\n\n\n<figure class=\"wp-block-embed is-type-video is-provider-youtube wp-block-embed-youtube wp-embed-aspect-16-9 wp-has-aspect-ratio\"><div class=\"wp-block-embed__wrapper\">\n<iframe title=\"Erasmus+ Na(e)tGEO in Funchal - Day 5 - Final Game\" width=\"500\" height=\"281\" src=\"https:\/\/www.youtube.com\/embed\/BwDw-_h3kj0?feature=oembed\" frameborder=\"0\" allow=\"accelerometer; autoplay; clipboard-write; encrypted-media; gyroscope; picture-in-picture; web-share\" referrerpolicy=\"strict-origin-when-cross-origin\" allowfullscreen><\/iframe>\n<\/div><\/figure>\n\n\n\n<figure class=\"wp-block-embed is-type-video is-provider-youtube wp-block-embed-youtube wp-embed-aspect-16-9 wp-has-aspect-ratio\"><div class=\"wp-block-embed__wrapper\">\n<iframe title=\"Erasmus+ Na(e)tGEO in Funchal - geocaching games - pupils\u2019 editon - certificates ceremony\" width=\"500\" height=\"281\" src=\"https:\/\/www.youtube.com\/embed\/XzO6IcWyJas?feature=oembed\" frameborder=\"0\" allow=\"accelerometer; autoplay; clipboard-write; encrypted-media; gyroscope; picture-in-picture; web-share\" referrerpolicy=\"strict-origin-when-cross-origin\" allowfullscreen><\/iframe>\n<\/div><\/figure>\n\n\n\n<div data-wp-interactive=\"core\/file\" class=\"wp-block-file\"><object data-wp-bind--hidden=\"!state.hasPdfPreview\" hidden class=\"wp-block-file__embed\" data=\"https:\/\/escoladigital.madeira.gov.pt\/eb1peilheus\/wp-content\/uploads\/sites\/61\/2025\/01\/flipbook-natgeo.pdf\" type=\"application\/pdf\" style=\"width:100%;height:600px\" aria-label=\"Incorpora\u00e7\u00e3o de flipbook natgeo.\"><\/object><a id=\"wp-block-file--media-cadcdc92-da53-4c81-bda5-87a8097ebd56\" href=\"https:\/\/escoladigital.madeira.gov.pt\/eb1peilheus\/wp-content\/uploads\/sites\/61\/2025\/01\/flipbook-natgeo.pdf\">flipbook natgeo<\/a><\/div>\n\n\n\n<p>Projeto conclu\u00eddo!<\/p>\n","protected":false},"excerpt":{"rendered":"<p>A origem do nome do projeto subdivide-se em quatro pontos. O prefixo&nbsp;\u201cNat\u201d&nbsp;est\u00e1 relacionado com a natureza, local privilegiado para a [&hellip;]<\/p>\n","protected":false},"author":80,"featured_media":0,"parent":0,"menu_order":0,"comment_status":"closed","ping_status":"closed","template":"","meta":{"site-sidebar-layout":"default","site-content-layout":"","ast-site-content-layout":"default","site-content-style":"default","site-sidebar-style":"default","ast-global-header-display":"","ast-banner-title-visibility":"","ast-main-header-display":"","ast-hfb-above-header-display":"","ast-hfb-below-header-display":"","ast-hfb-mobile-header-display":"","site-post-title":"","ast-breadcrumbs-content":"","ast-featured-img":"","footer-sml-layout":"","ast-disable-related-posts":"","theme-transparent-header-meta":"","adv-header-id-meta":"","stick-header-meta":"","header-above-stick-meta":"","header-main-stick-meta":"","header-below-stick-meta":"","astra-migrate-meta-layouts":"default","ast-page-background-enabled":"default","ast-page-background-meta":{"desktop":{"background-color":"var(--ast-global-color-5)","background-image":"","background-repeat":"repeat","background-position":"center center","background-size":"auto","background-attachment":"scroll","background-type":"","background-media":"","overlay-type":"","overlay-color":"","overlay-opacity":"","overlay-gradient":""},"tablet":{"background-color":"","background-image":"","background-repeat":"repeat","background-position":"center center","background-size":"auto","background-attachment":"scroll","background-type":"","background-media":"","overlay-type":"","overlay-color":"","overlay-opacity":"","overlay-gradient":""},"mobile":{"background-color":"","background-image":"","background-repeat":"repeat","background-position":"center center","background-size":"auto","background-attachment":"scroll","background-type":"","background-media":"","overlay-type":"","overlay-color":"","overlay-opacity":"","overlay-gradient":""}},"ast-content-background-meta":{"desktop":{"background-color":"var(--ast-global-color-4)","background-image":"","background-repeat":"repeat","background-position":"center center","background-size":"auto","background-attachment":"scroll","background-type":"","background-media":"","overlay-type":"","overlay-color":"","overlay-opacity":"","overlay-gradient":""},"tablet":{"background-color":"var(--ast-global-color-4)","background-image":"","background-repeat":"repeat","background-position":"center center","background-size":"auto","background-attachment":"scroll","background-type":"","background-media":"","overlay-type":"","overlay-color":"","overlay-opacity":"","overlay-gradient":""},"mobile":{"background-color":"var(--ast-global-color-4)","background-image":"","background-repeat":"repeat","background-position":"center center","background-size":"auto","background-attachment":"scroll","background-type":"","background-media":"","overlay-type":"","overlay-color":"","overlay-opacity":"","overlay-gradient":""}},"_themeisle_gutenberg_block_has_review":false,"footnotes":""},"class_list":["post-155","page","type-page","status-publish","hentry"],"_links":{"self":[{"href":"https:\/\/escoladigital.madeira.gov.pt\/eb1peilheus\/wp-json\/wp\/v2\/pages\/155","targetHints":{"allow":["GET"]}}],"collection":[{"href":"https:\/\/escoladigital.madeira.gov.pt\/eb1peilheus\/wp-json\/wp\/v2\/pages"}],"about":[{"href":"https:\/\/escoladigital.madeira.gov.pt\/eb1peilheus\/wp-json\/wp\/v2\/types\/page"}],"author":[{"embeddable":true,"href":"https:\/\/escoladigital.madeira.gov.pt\/eb1peilheus\/wp-json\/wp\/v2\/users\/80"}],"replies":[{"embeddable":true,"href":"https:\/\/escoladigital.madeira.gov.pt\/eb1peilheus\/wp-json\/wp\/v2\/comments?post=155"}],"version-history":[{"count":7,"href":"https:\/\/escoladigital.madeira.gov.pt\/eb1peilheus\/wp-json\/wp\/v2\/pages\/155\/revisions"}],"predecessor-version":[{"id":175,"href":"https:\/\/escoladigital.madeira.gov.pt\/eb1peilheus\/wp-json\/wp\/v2\/pages\/155\/revisions\/175"}],"wp:attachment":[{"href":"https:\/\/escoladigital.madeira.gov.pt\/eb1peilheus\/wp-json\/wp\/v2\/media?parent=155"}],"curies":[{"name":"wp","href":"https:\/\/api.w.org\/{rel}","templated":true}]}}