{"id":157,"date":"2025-01-23T11:53:56","date_gmt":"2025-01-23T11:53:56","guid":{"rendered":"https:\/\/escoladigital.madeira.gov.pt\/eb1peilheus\/?page_id=157"},"modified":"2025-01-23T12:06:31","modified_gmt":"2025-01-23T12:06:31","slug":"besst","status":"publish","type":"page","link":"https:\/\/escoladigital.madeira.gov.pt\/eb1peilheus\/besst\/","title":{"rendered":"Besst"},"content":{"rendered":"\n<figure class=\"wp-block-image aligncenter size-full is-resized\"><img fetchpriority=\"high\" decoding=\"async\" width=\"956\" height=\"499\" src=\"https:\/\/escoladigital.madeira.gov.pt\/eb1peilheus\/wp-content\/uploads\/sites\/61\/2025\/01\/besst.jpg\" alt=\"\" class=\"wp-image-172\" style=\"width:324px;height:auto\" srcset=\"https:\/\/escoladigital.madeira.gov.pt\/eb1peilheus\/wp-content\/uploads\/sites\/61\/2025\/01\/besst.jpg 956w, https:\/\/escoladigital.madeira.gov.pt\/eb1peilheus\/wp-content\/uploads\/sites\/61\/2025\/01\/besst-300x157.jpg 300w, https:\/\/escoladigital.madeira.gov.pt\/eb1peilheus\/wp-content\/uploads\/sites\/61\/2025\/01\/besst-768x401.jpg 768w\" sizes=\"(max-width: 956px) 100vw, 956px\" \/><\/figure>\n\n\n\n<p>Este projeto privilegia o modelo h\u00edbrido de educa\u00e7\u00e3o que permite diferentes modalidades de atividades e de formas de aprender, de modo que todas interagem entre si e se complementam para melhorar a aprendizagem dos alunos. As modalidades que figuram no ensino h\u00edbrido s\u00e3o:<\/p>\n\n\n\n<p>\u2022&nbsp;&nbsp;&nbsp;&nbsp;On-school: refere-se ao que o aluno faz no espa\u00e7o da escola, na intera\u00e7\u00e3o entre professores e colegas nas aulas presenciais.<\/p>\n\n\n\n<p>\u2022&nbsp;&nbsp;&nbsp;&nbsp;On-line: s\u00e3o as atividades que o aluno faz com a escola, em tempo real, por\u00e9m com o uso de tecnologias de forma s\u00edncrona, como nas aulas on-line.<\/p>\n\n\n\n<p>\u2022&nbsp;&nbsp;&nbsp;&nbsp;On-time: o que aluno faz al\u00e9m da escola, de modo aut\u00f3nomo e personalizado conforme o seu interesse, no tempo e espa\u00e7o que escolher, fazendo uso da tecnologia de forma ass\u00edncrona.<\/p>\n\n\n\n<p><strong>O PROJETO PRETENDE:<\/strong><strong><\/strong><\/p>\n\n\n\n<p>&#8211; Inovar o modelo tradicional de ensino juntando a tecnologia e a educa\u00e7\u00e3o, criando um modelo h\u00edbrido (presencial e remoto), em que os dois modelos se complementem, tornando a aprendizagem mais eficaz, motivadora e personalizada;<\/p>\n\n\n\n<p>&#8211; Aliar a utiliza\u00e7\u00e3o de tecnologias digitais de comunica\u00e7\u00e3o e informa\u00e7\u00e3o \u00e0 educa\u00e7\u00e3o, onde o foco da tecnologia educacional n\u00e3o est\u00e1 sobre os dispositivos tecnol\u00f3gicos em si, mas sobre as pr\u00e1ticas que o seu uso possibilita, como comunica\u00e7\u00e3o mais assertiva e acesso mais amplo \u00e0 informa\u00e7\u00e3o;<\/p>\n\n\n\n<p>&#8211; Encontrar e preparar m\u00e9todos e materiais educacionais online e atividades interativas, que possam ser incorporados no processo educativo quotidiano, de modo a serem utilizados inclusivamente na metodologia de ensino \u00e0 dist\u00e2ncia;<\/p>\n\n\n\n<p>&#8211; Aprimorar as aptid\u00f5es did\u00e1ticas dos professores com m\u00e9todos inovadores de aprendizagem h\u00edbrida, com foco nas disciplinas ligadas \u00e0s artes, atrav\u00e9s de troca de experi\u00eancias, realiza\u00e7\u00e3o de pesquisas e convites a especialistas para debater os temas;<\/p>\n\n\n\n<p>&#8211; Melhorar as compet\u00eancias pedag\u00f3gicas dos professores, apresentando a import\u00e2ncia de transformar os seus pap\u00e9is de instrutores em facilitadores, aprendendo a confiar nas crian\u00e7as e a aumentar-lhes a motiva\u00e7\u00e3o em vez de lhes transmitir ordens;<\/p>\n\n\n\n<p>&#8211; Promover a aprendizagem online onde parte do papel cabe aos alunos, dando-lhes autonomia e responsabilidade sobre o que eles aprendem, incluindo o tempo, o lugar, o ritmo e o curso que eles tomam;<\/p>\n\n\n\n<p>&#8211; Estimular nos alunos o desenvolvimento de compet\u00eancias e habilidades relacionadas ao uso cr\u00edtico e respons\u00e1vel das tecnologias digitais em todas as \u00e1reas do conhecimento.<\/p>\n\n\n\n<p>Projeto conclu\u00eddo!<\/p>\n","protected":false},"excerpt":{"rendered":"<p>Este projeto privilegia o modelo h\u00edbrido de educa\u00e7\u00e3o que permite diferentes modalidades de atividades e de formas de aprender, de [&hellip;]<\/p>\n","protected":false},"author":80,"featured_media":0,"parent":0,"menu_order":0,"comment_status":"closed","ping_status":"closed","template":"","meta":{"site-sidebar-layout":"default","site-content-layout":"","ast-site-content-layout":"default","site-content-style":"default","site-sidebar-style":"default","ast-global-header-display":"","ast-banner-title-visibility":"","ast-main-header-display":"","ast-hfb-above-header-display":"","ast-hfb-below-header-display":"","ast-hfb-mobile-header-display":"","site-post-title":"","ast-breadcrumbs-content":"","ast-featured-img":"","footer-sml-layout":"","ast-disable-related-posts":"","theme-transparent-header-meta":"","adv-header-id-meta":"","stick-header-meta":"","header-above-stick-meta":"","header-main-stick-meta":"","header-below-stick-meta":"","astra-migrate-meta-layouts":"default","ast-page-background-enabled":"default","ast-page-background-meta":{"desktop":{"background-color":"var(--ast-global-color-5)","background-image":"","background-repeat":"repeat","background-position":"center center","background-size":"auto","background-attachment":"scroll","background-type":"","background-media":"","overlay-type":"","overlay-color":"","overlay-opacity":"","overlay-gradient":""},"tablet":{"background-color":"","background-image":"","background-repeat":"repeat","background-position":"center center","background-size":"auto","background-attachment":"scroll","background-type":"","background-media":"","overlay-type":"","overlay-color":"","overlay-opacity":"","overlay-gradient":""},"mobile":{"background-color":"","background-image":"","background-repeat":"repeat","background-position":"center center","background-size":"auto","background-attachment":"scroll","background-type":"","background-media":"","overlay-type":"","overlay-color":"","overlay-opacity":"","overlay-gradient":""}},"ast-content-background-meta":{"desktop":{"background-color":"var(--ast-global-color-4)","background-image":"","background-repeat":"repeat","background-position":"center center","background-size":"auto","background-attachment":"scroll","background-type":"","background-media":"","overlay-type":"","overlay-color":"","overlay-opacity":"","overlay-gradient":""},"tablet":{"background-color":"var(--ast-global-color-4)","background-image":"","background-repeat":"repeat","background-position":"center center","background-size":"auto","background-attachment":"scroll","background-type":"","background-media":"","overlay-type":"","overlay-color":"","overlay-opacity":"","overlay-gradient":""},"mobile":{"background-color":"var(--ast-global-color-4)","background-image":"","background-repeat":"repeat","background-position":"center center","background-size":"auto","background-attachment":"scroll","background-type":"","background-media":"","overlay-type":"","overlay-color":"","overlay-opacity":"","overlay-gradient":""}},"_themeisle_gutenberg_block_has_review":false,"footnotes":""},"class_list":["post-157","page","type-page","status-publish","hentry"],"_links":{"self":[{"href":"https:\/\/escoladigital.madeira.gov.pt\/eb1peilheus\/wp-json\/wp\/v2\/pages\/157","targetHints":{"allow":["GET"]}}],"collection":[{"href":"https:\/\/escoladigital.madeira.gov.pt\/eb1peilheus\/wp-json\/wp\/v2\/pages"}],"about":[{"href":"https:\/\/escoladigital.madeira.gov.pt\/eb1peilheus\/wp-json\/wp\/v2\/types\/page"}],"author":[{"embeddable":true,"href":"https:\/\/escoladigital.madeira.gov.pt\/eb1peilheus\/wp-json\/wp\/v2\/users\/80"}],"replies":[{"embeddable":true,"href":"https:\/\/escoladigital.madeira.gov.pt\/eb1peilheus\/wp-json\/wp\/v2\/comments?post=157"}],"version-history":[{"count":3,"href":"https:\/\/escoladigital.madeira.gov.pt\/eb1peilheus\/wp-json\/wp\/v2\/pages\/157\/revisions"}],"predecessor-version":[{"id":174,"href":"https:\/\/escoladigital.madeira.gov.pt\/eb1peilheus\/wp-json\/wp\/v2\/pages\/157\/revisions\/174"}],"wp:attachment":[{"href":"https:\/\/escoladigital.madeira.gov.pt\/eb1peilheus\/wp-json\/wp\/v2\/media?parent=157"}],"curies":[{"name":"wp","href":"https:\/\/api.w.org\/{rel}","templated":true}]}}