{"id":159,"date":"2025-01-23T11:54:20","date_gmt":"2025-01-23T11:54:20","guid":{"rendered":"https:\/\/escoladigital.madeira.gov.pt\/eb1peilheus\/?page_id=159"},"modified":"2025-07-10T08:22:06","modified_gmt":"2025-07-10T08:22:06","slug":"european-culture-club","status":"publish","type":"page","link":"https:\/\/escoladigital.madeira.gov.pt\/eb1peilheus\/european-culture-club\/","title":{"rendered":"The European Culture Club"},"content":{"rendered":"\n<p>Projeto em desenvolvimento &#8211; 2023\/2025.<\/p>\n\n\n\n<p>Pa\u00edses: Portugal, Let\u00f3nia, Espanha, Irlanda&nbsp;e&nbsp;Gr\u00e9cia.<\/p>\n\n\n\n<p>Entre 3 e 7 de&nbsp;mar\u00e7o, tr\u00eas elementos da EB1\/PE dos Ilh\u00e9us participaram, em Totana, Espanha, no projeto Erasmus+ KA210 \u201cThe European Culture Club\u201d, que envolve cinco pa\u00edses (Espanha, Gr\u00e9cia, Irlanda, Let\u00f3nia e Portugal). O objetivo do projeto \u00e9 valorizar o folclore como parte da identidade regional e europeia e promover a heran\u00e7a intercultural. Durante a semana, os participantes apresentaram dan\u00e7as folcl\u00f3ricas, participaram em workshops e visitaram locais hist\u00f3ricos e culturais da Espanha. Aqui est\u00e3o alguns registos dessa semana de interc\u00e2mbio e troca de&nbsp;boas&nbsp;pr\u00e1ticas.<\/p>\n\n\n\n<figure class=\"wp-block-gallery has-nested-images columns-default is-cropped wp-block-gallery-1 is-layout-flex wp-block-gallery-is-layout-flex\">\n<figure class=\"wp-block-image size-large\"><img fetchpriority=\"high\" decoding=\"async\" width=\"800\" height=\"600\" data-id=\"266\" src=\"https:\/\/escoladigital.madeira.gov.pt\/eb1peilheus\/wp-content\/uploads\/sites\/61\/2025\/03\/1.jpg\" alt=\"\" class=\"wp-image-266\" srcset=\"https:\/\/escoladigital.madeira.gov.pt\/eb1peilheus\/wp-content\/uploads\/sites\/61\/2025\/03\/1.jpg 800w, https:\/\/escoladigital.madeira.gov.pt\/eb1peilheus\/wp-content\/uploads\/sites\/61\/2025\/03\/1-300x225.jpg 300w, https:\/\/escoladigital.madeira.gov.pt\/eb1peilheus\/wp-content\/uploads\/sites\/61\/2025\/03\/1-768x576.jpg 768w\" sizes=\"(max-width: 800px) 100vw, 800px\" \/><\/figure>\n\n\n\n<figure class=\"wp-block-image size-large\"><img decoding=\"async\" width=\"1024\" height=\"576\" data-id=\"268\" src=\"https:\/\/escoladigital.madeira.gov.pt\/eb1peilheus\/wp-content\/uploads\/sites\/61\/2025\/03\/3-1024x576.jpg\" alt=\"\" class=\"wp-image-268\" srcset=\"https:\/\/escoladigital.madeira.gov.pt\/eb1peilheus\/wp-content\/uploads\/sites\/61\/2025\/03\/3-1024x576.jpg 1024w, https:\/\/escoladigital.madeira.gov.pt\/eb1peilheus\/wp-content\/uploads\/sites\/61\/2025\/03\/3-300x169.jpg 300w, https:\/\/escoladigital.madeira.gov.pt\/eb1peilheus\/wp-content\/uploads\/sites\/61\/2025\/03\/3-768x432.jpg 768w, https:\/\/escoladigital.madeira.gov.pt\/eb1peilheus\/wp-content\/uploads\/sites\/61\/2025\/03\/3-1536x864.jpg 1536w, https:\/\/escoladigital.madeira.gov.pt\/eb1peilheus\/wp-content\/uploads\/sites\/61\/2025\/03\/3-2048x1152.jpg 2048w\" sizes=\"(max-width: 1024px) 100vw, 1024px\" \/><\/figure>\n<\/figure>\n\n\n\n<figure class=\"wp-block-image aligncenter size-large\"><img decoding=\"async\" width=\"800\" height=\"600\" src=\"https:\/\/escoladigital.madeira.gov.pt\/eb1peilheus\/wp-content\/uploads\/sites\/61\/2025\/03\/2.jpg\" alt=\"\" class=\"wp-image-267\" srcset=\"https:\/\/escoladigital.madeira.gov.pt\/eb1peilheus\/wp-content\/uploads\/sites\/61\/2025\/03\/2.jpg 800w, https:\/\/escoladigital.madeira.gov.pt\/eb1peilheus\/wp-content\/uploads\/sites\/61\/2025\/03\/2-300x225.jpg 300w, https:\/\/escoladigital.madeira.gov.pt\/eb1peilheus\/wp-content\/uploads\/sites\/61\/2025\/03\/2-768x576.jpg 768w\" sizes=\"(max-width: 800px) 100vw, 800px\" \/><\/figure>\n\n\n\n<hr class=\"wp-block-separator has-alpha-channel-opacity\" \/>\n\n\n\n<p>Decorreu entre os dias 26 e 30 de maio a \u00faltima mobilidade do projeto KA210 \u201cThe European Culture Club\u201d<\/p>\n\n\n\n<p>No \u00e2mbito do Programa Erasmus+, decorreu entre os dias 26 e 30 de maio a \u00faltima mobilidade do projeto KA210 \u201cThe European Culture Club\u201d. Durante essa semana uma professora e a t\u00e9cnica de biblioteca da EB1\/PE dos Ilh\u00e9us representaram Portugal (Madeira) na cidade de Heraclion, em Creta, no projeto que envolve escolas de cinco pa\u00edses &#8211; Gr\u00e9cia, Espanha, Irlanda, Let\u00f3nia e Portugal, com o objetivo de valorizar as dan\u00e7as tradicionais como um elemento distintivo da identidade regional e europeia, promovendo a cria\u00e7\u00e3o de um patrim\u00f3nio intercultural comum entre as escolas participantes. As atividades desenvolvidas foram diversificadas, onde se destacou o trabalho colaborativo e cooperativo entre os docentes dos diferentes pa\u00edses. Os participantes tiveram a oportunidade de apresentar dan\u00e7as tradicionais dos respetivos pa\u00edses, participar em workshops de culin\u00e1ria e instrumentos musicais tradicionais da ilha de Creta e ainda visitar locais emblem\u00e1ticos da hist\u00f3ria e cultura da ilha. Esta experi\u00eancia proporcionou momentos muitos agrad\u00e1veis e\u00a0enriquecedores.<\/p>\n\n\n\n<figure class=\"wp-block-gallery has-nested-images columns-default is-cropped wp-block-gallery-2 is-layout-flex wp-block-gallery-is-layout-flex\">\n<figure class=\"wp-block-image size-large\"><img loading=\"lazy\" decoding=\"async\" width=\"1024\" height=\"578\" data-id=\"312\" src=\"https:\/\/escoladigital.madeira.gov.pt\/eb1peilheus\/wp-content\/uploads\/sites\/61\/2025\/07\/Imagem-WhatsApp-2025-06-04-as-14.09.13_ea6155e1-1024x578.jpg\" alt=\"\" class=\"wp-image-312\" srcset=\"https:\/\/escoladigital.madeira.gov.pt\/eb1peilheus\/wp-content\/uploads\/sites\/61\/2025\/07\/Imagem-WhatsApp-2025-06-04-as-14.09.13_ea6155e1-1024x578.jpg 1024w, https:\/\/escoladigital.madeira.gov.pt\/eb1peilheus\/wp-content\/uploads\/sites\/61\/2025\/07\/Imagem-WhatsApp-2025-06-04-as-14.09.13_ea6155e1-300x169.jpg 300w, https:\/\/escoladigital.madeira.gov.pt\/eb1peilheus\/wp-content\/uploads\/sites\/61\/2025\/07\/Imagem-WhatsApp-2025-06-04-as-14.09.13_ea6155e1-768x433.jpg 768w, https:\/\/escoladigital.madeira.gov.pt\/eb1peilheus\/wp-content\/uploads\/sites\/61\/2025\/07\/Imagem-WhatsApp-2025-06-04-as-14.09.13_ea6155e1-1536x867.jpg 1536w, https:\/\/escoladigital.madeira.gov.pt\/eb1peilheus\/wp-content\/uploads\/sites\/61\/2025\/07\/Imagem-WhatsApp-2025-06-04-as-14.09.13_ea6155e1.jpg 1600w\" sizes=\"(max-width: 1024px) 100vw, 1024px\" \/><\/figure>\n\n\n\n<figure class=\"wp-block-image size-large\"><img loading=\"lazy\" decoding=\"async\" width=\"1024\" height=\"768\" data-id=\"313\" src=\"https:\/\/escoladigital.madeira.gov.pt\/eb1peilheus\/wp-content\/uploads\/sites\/61\/2025\/07\/Imagem-WhatsApp-2025-06-04-as-14.09.13_f1aefef3-1024x768.jpg\" alt=\"\" class=\"wp-image-313\" srcset=\"https:\/\/escoladigital.madeira.gov.pt\/eb1peilheus\/wp-content\/uploads\/sites\/61\/2025\/07\/Imagem-WhatsApp-2025-06-04-as-14.09.13_f1aefef3-1024x768.jpg 1024w, https:\/\/escoladigital.madeira.gov.pt\/eb1peilheus\/wp-content\/uploads\/sites\/61\/2025\/07\/Imagem-WhatsApp-2025-06-04-as-14.09.13_f1aefef3-300x225.jpg 300w, https:\/\/escoladigital.madeira.gov.pt\/eb1peilheus\/wp-content\/uploads\/sites\/61\/2025\/07\/Imagem-WhatsApp-2025-06-04-as-14.09.13_f1aefef3-768x576.jpg 768w, https:\/\/escoladigital.madeira.gov.pt\/eb1peilheus\/wp-content\/uploads\/sites\/61\/2025\/07\/Imagem-WhatsApp-2025-06-04-as-14.09.13_f1aefef3-1536x1152.jpg 1536w, https:\/\/escoladigital.madeira.gov.pt\/eb1peilheus\/wp-content\/uploads\/sites\/61\/2025\/07\/Imagem-WhatsApp-2025-06-04-as-14.09.13_f1aefef3.jpg 1600w\" sizes=\"(max-width: 1024px) 100vw, 1024px\" \/><\/figure>\n\n\n\n<figure class=\"wp-block-image size-large\"><img loading=\"lazy\" decoding=\"async\" width=\"768\" height=\"1024\" data-id=\"316\" src=\"https:\/\/escoladigital.madeira.gov.pt\/eb1peilheus\/wp-content\/uploads\/sites\/61\/2025\/07\/Imagem-WhatsApp-2025-06-04-as-14.09.14_d983aa5b-768x1024.jpg\" alt=\"\" class=\"wp-image-316\" srcset=\"https:\/\/escoladigital.madeira.gov.pt\/eb1peilheus\/wp-content\/uploads\/sites\/61\/2025\/07\/Imagem-WhatsApp-2025-06-04-as-14.09.14_d983aa5b-768x1024.jpg 768w, https:\/\/escoladigital.madeira.gov.pt\/eb1peilheus\/wp-content\/uploads\/sites\/61\/2025\/07\/Imagem-WhatsApp-2025-06-04-as-14.09.14_d983aa5b-225x300.jpg 225w, https:\/\/escoladigital.madeira.gov.pt\/eb1peilheus\/wp-content\/uploads\/sites\/61\/2025\/07\/Imagem-WhatsApp-2025-06-04-as-14.09.14_d983aa5b-1152x1536.jpg 1152w, https:\/\/escoladigital.madeira.gov.pt\/eb1peilheus\/wp-content\/uploads\/sites\/61\/2025\/07\/Imagem-WhatsApp-2025-06-04-as-14.09.14_d983aa5b.jpg 1200w\" sizes=\"(max-width: 768px) 100vw, 768px\" \/><\/figure>\n\n\n\n<figure class=\"wp-block-image size-large\"><img loading=\"lazy\" decoding=\"async\" width=\"768\" height=\"1024\" data-id=\"315\" src=\"https:\/\/escoladigital.madeira.gov.pt\/eb1peilheus\/wp-content\/uploads\/sites\/61\/2025\/07\/Imagem-WhatsApp-2025-06-04-as-14.09.14_f0b799bd-768x1024.jpg\" alt=\"\" class=\"wp-image-315\" srcset=\"https:\/\/escoladigital.madeira.gov.pt\/eb1peilheus\/wp-content\/uploads\/sites\/61\/2025\/07\/Imagem-WhatsApp-2025-06-04-as-14.09.14_f0b799bd-768x1024.jpg 768w, https:\/\/escoladigital.madeira.gov.pt\/eb1peilheus\/wp-content\/uploads\/sites\/61\/2025\/07\/Imagem-WhatsApp-2025-06-04-as-14.09.14_f0b799bd-225x300.jpg 225w, https:\/\/escoladigital.madeira.gov.pt\/eb1peilheus\/wp-content\/uploads\/sites\/61\/2025\/07\/Imagem-WhatsApp-2025-06-04-as-14.09.14_f0b799bd-1152x1536.jpg 1152w, https:\/\/escoladigital.madeira.gov.pt\/eb1peilheus\/wp-content\/uploads\/sites\/61\/2025\/07\/Imagem-WhatsApp-2025-06-04-as-14.09.14_f0b799bd.jpg 1200w\" sizes=\"(max-width: 768px) 100vw, 768px\" \/><\/figure>\n\n\n\n<figure class=\"wp-block-image size-large\"><img loading=\"lazy\" decoding=\"async\" width=\"1024\" height=\"576\" data-id=\"314\" src=\"https:\/\/escoladigital.madeira.gov.pt\/eb1peilheus\/wp-content\/uploads\/sites\/61\/2025\/07\/Imagem-WhatsApp-2025-06-04-as-14.09.15_1cc556ae-1024x576.jpg\" alt=\"\" class=\"wp-image-314\" srcset=\"https:\/\/escoladigital.madeira.gov.pt\/eb1peilheus\/wp-content\/uploads\/sites\/61\/2025\/07\/Imagem-WhatsApp-2025-06-04-as-14.09.15_1cc556ae-1024x576.jpg 1024w, https:\/\/escoladigital.madeira.gov.pt\/eb1peilheus\/wp-content\/uploads\/sites\/61\/2025\/07\/Imagem-WhatsApp-2025-06-04-as-14.09.15_1cc556ae-300x169.jpg 300w, https:\/\/escoladigital.madeira.gov.pt\/eb1peilheus\/wp-content\/uploads\/sites\/61\/2025\/07\/Imagem-WhatsApp-2025-06-04-as-14.09.15_1cc556ae-768x432.jpg 768w, https:\/\/escoladigital.madeira.gov.pt\/eb1peilheus\/wp-content\/uploads\/sites\/61\/2025\/07\/Imagem-WhatsApp-2025-06-04-as-14.09.15_1cc556ae.jpg 1280w\" sizes=\"(max-width: 1024px) 100vw, 1024px\" \/><\/figure>\n<\/figure>\n","protected":false},"excerpt":{"rendered":"<p>Projeto em desenvolvimento &#8211; 2023\/2025. Pa\u00edses: Portugal, Let\u00f3nia, Espanha, Irlanda&nbsp;e&nbsp;Gr\u00e9cia. Entre 3 e 7 de&nbsp;mar\u00e7o, tr\u00eas elementos da EB1\/PE dos [&hellip;]<\/p>\n","protected":false},"author":80,"featured_media":0,"parent":0,"menu_order":0,"comment_status":"closed","ping_status":"closed","template":"","meta":{"site-sidebar-layout":"default","site-content-layout":"","ast-site-content-layout":"default","site-content-style":"default","site-sidebar-style":"default","ast-global-header-display":"","ast-banner-title-visibility":"","ast-main-header-display":"","ast-hfb-above-header-display":"","ast-hfb-below-header-display":"","ast-hfb-mobile-header-display":"","site-post-title":"","ast-breadcrumbs-content":"","ast-featured-img":"","footer-sml-layout":"","ast-disable-related-posts":"","theme-transparent-header-meta":"","adv-header-id-meta":"","stick-header-meta":"","header-above-stick-meta":"","header-main-stick-meta":"","header-below-stick-meta":"","astra-migrate-meta-layouts":"default","ast-page-background-enabled":"default","ast-page-background-meta":{"desktop":{"background-color":"var(--ast-global-color-5)","background-image":"","background-repeat":"repeat","background-position":"center center","background-size":"auto","background-attachment":"scroll","background-type":"","background-media":"","overlay-type":"","overlay-color":"","overlay-opacity":"","overlay-gradient":""},"tablet":{"background-color":"","background-image":"","background-repeat":"repeat","background-position":"center center","background-size":"auto","background-attachment":"scroll","background-type":"","background-media":"","overlay-type":"","overlay-color":"","overlay-opacity":"","overlay-gradient":""},"mobile":{"background-color":"","background-image":"","background-repeat":"repeat","background-position":"center center","background-size":"auto","background-attachment":"scroll","background-type":"","background-media":"","overlay-type":"","overlay-color":"","overlay-opacity":"","overlay-gradient":""}},"ast-content-background-meta":{"desktop":{"background-color":"var(--ast-global-color-4)","background-image":"","background-repeat":"repeat","background-position":"center center","background-size":"auto","background-attachment":"scroll","background-type":"","background-media":"","overlay-type":"","overlay-color":"","overlay-opacity":"","overlay-gradient":""},"tablet":{"background-color":"var(--ast-global-color-4)","background-image":"","background-repeat":"repeat","background-position":"center center","background-size":"auto","background-attachment":"scroll","background-type":"","background-media":"","overlay-type":"","overlay-color":"","overlay-opacity":"","overlay-gradient":""},"mobile":{"background-color":"var(--ast-global-color-4)","background-image":"","background-repeat":"repeat","background-position":"center center","background-size":"auto","background-attachment":"scroll","background-type":"","background-media":"","overlay-type":"","overlay-color":"","overlay-opacity":"","overlay-gradient":""}},"_themeisle_gutenberg_block_has_review":false,"footnotes":""},"class_list":["post-159","page","type-page","status-publish","hentry"],"_links":{"self":[{"href":"https:\/\/escoladigital.madeira.gov.pt\/eb1peilheus\/wp-json\/wp\/v2\/pages\/159","targetHints":{"allow":["GET"]}}],"collection":[{"href":"https:\/\/escoladigital.madeira.gov.pt\/eb1peilheus\/wp-json\/wp\/v2\/pages"}],"about":[{"href":"https:\/\/escoladigital.madeira.gov.pt\/eb1peilheus\/wp-json\/wp\/v2\/types\/page"}],"author":[{"embeddable":true,"href":"https:\/\/escoladigital.madeira.gov.pt\/eb1peilheus\/wp-json\/wp\/v2\/users\/80"}],"replies":[{"embeddable":true,"href":"https:\/\/escoladigital.madeira.gov.pt\/eb1peilheus\/wp-json\/wp\/v2\/comments?post=159"}],"version-history":[{"count":10,"href":"https:\/\/escoladigital.madeira.gov.pt\/eb1peilheus\/wp-json\/wp\/v2\/pages\/159\/revisions"}],"predecessor-version":[{"id":317,"href":"https:\/\/escoladigital.madeira.gov.pt\/eb1peilheus\/wp-json\/wp\/v2\/pages\/159\/revisions\/317"}],"wp:attachment":[{"href":"https:\/\/escoladigital.madeira.gov.pt\/eb1peilheus\/wp-json\/wp\/v2\/media?parent=159"}],"curies":[{"name":"wp","href":"https:\/\/api.w.org\/{rel}","templated":true}]}}