{"id":180,"date":"2025-01-23T12:14:15","date_gmt":"2025-01-23T12:14:15","guid":{"rendered":"https:\/\/escoladigital.madeira.gov.pt\/eb1peilheus\/?page_id=180"},"modified":"2025-02-12T15:01:50","modified_gmt":"2025-02-12T15:01:50","slug":"projeto-traz-o-arco-iris-ao-teu-mundo-da-cor-a-tua-vida","status":"publish","type":"page","link":"https:\/\/escoladigital.madeira.gov.pt\/eb1peilheus\/projeto-traz-o-arco-iris-ao-teu-mundo-da-cor-a-tua-vida\/","title":{"rendered":"Atividades Pr\u00e9-Escolar"},"content":{"rendered":"\n<p><strong>Projeto &#8220;Traz o Arco-\u00edris ao teu Mundo-d\u00e1 cor \u00e0 tua vida&#8221;<\/strong><\/p>\n\n\n\n<p>Uma atividade realizada na Sala Verde com a colabora\u00e7\u00e3o dos Pais e encarregados de educa\u00e7\u00e3o,&nbsp; equipa da sala, crian\u00e7as,&nbsp; t\u00e9cnicos operacionais, colegas e o diretor. Esta iniciativa pretendeu transformar o velho em novo, atrav\u00e9s da arte, transformando a sala num lugar mais apraz\u00edvele prazeroso&#8230;<\/p>\n\n\n\n<figure class=\"wp-block-embed is-type-video is-provider-youtube wp-block-embed-youtube wp-embed-aspect-16-9 wp-has-aspect-ratio\"><div class=\"wp-block-embed__wrapper\">\n<iframe title=\"Projeto &quot;Traz o Arco-\u00edris ao teu Mundo-d\u00e1 cor \u00e0 tua vida&quot;\" width=\"500\" height=\"281\" src=\"https:\/\/www.youtube.com\/embed\/cZKELOnAe3Y?feature=oembed\" frameborder=\"0\" allow=\"accelerometer; autoplay; clipboard-write; encrypted-media; gyroscope; picture-in-picture; web-share\" referrerpolicy=\"strict-origin-when-cross-origin\" allowfullscreen><\/iframe>\n<\/div><\/figure>\n\n\n\n<hr class=\"wp-block-separator has-alpha-channel-opacity\" \/>\n\n\n\n<p>A FADA VIOLETA E A MAGIA DA METAMORFOSE<\/p>\n\n\n\n<p>As nossas crian\u00e7as do pr\u00e9-escolar tiveram o prazer de assistir \u00e0 encantadora dramatiza\u00e7\u00e3o da hist\u00f3ria &#8220;A Fada Violeta e a Magia da Metamorfose&#8221;, apresentada pela equipa de anima\u00e7\u00e3o da DSEAM, que como vem sendo h\u00e1bito,\u00a0 s\u00e3o excelentes. A pe\u00e7a contou com muita criatividade\u00a0 magia e sobretudo momentos de emo\u00e7\u00e3o nos quais se aprendeu a falar com o cora\u00e7\u00e3o e a compreender a metamorfose da vida. Bem-hajam.<\/p>\n\n\n\n<figure class=\"wp-block-image aligncenter size-large is-resized\"><img fetchpriority=\"high\" decoding=\"async\" width=\"1024\" height=\"768\" src=\"https:\/\/escoladigital.madeira.gov.pt\/eb1peilheus\/wp-content\/uploads\/sites\/61\/2025\/02\/Imagem-WhatsApp-2024-11-04-as-11.11.35_f1b4fbd9-1024x768.jpg\" alt=\"\" class=\"wp-image-219\" style=\"width:758px;height:auto\" srcset=\"https:\/\/escoladigital.madeira.gov.pt\/eb1peilheus\/wp-content\/uploads\/sites\/61\/2025\/02\/Imagem-WhatsApp-2024-11-04-as-11.11.35_f1b4fbd9-1024x768.jpg 1024w, https:\/\/escoladigital.madeira.gov.pt\/eb1peilheus\/wp-content\/uploads\/sites\/61\/2025\/02\/Imagem-WhatsApp-2024-11-04-as-11.11.35_f1b4fbd9-300x225.jpg 300w, https:\/\/escoladigital.madeira.gov.pt\/eb1peilheus\/wp-content\/uploads\/sites\/61\/2025\/02\/Imagem-WhatsApp-2024-11-04-as-11.11.35_f1b4fbd9-768x576.jpg 768w, https:\/\/escoladigital.madeira.gov.pt\/eb1peilheus\/wp-content\/uploads\/sites\/61\/2025\/02\/Imagem-WhatsApp-2024-11-04-as-11.11.35_f1b4fbd9.jpg 1080w\" sizes=\"(max-width: 1024px) 100vw, 1024px\" \/><\/figure>\n\n\n\n<p>Funchal, 4 de novembro de 2024<\/p>\n\n\n\n<hr class=\"wp-block-separator has-alpha-channel-opacity\" \/>\n\n\n\n<p><\/p>\n","protected":false},"excerpt":{"rendered":"<p>Projeto &#8220;Traz o Arco-\u00edris ao teu Mundo-d\u00e1 cor \u00e0 tua vida&#8221; Uma atividade realizada na Sala Verde com a colabora\u00e7\u00e3o [&hellip;]<\/p>\n","protected":false},"author":80,"featured_media":0,"parent":0,"menu_order":0,"comment_status":"closed","ping_status":"closed","template":"","meta":{"site-sidebar-layout":"default","site-content-layout":"","ast-site-content-layout":"default","site-content-style":"default","site-sidebar-style":"default","ast-global-header-display":"","ast-banner-title-visibility":"","ast-main-header-display":"","ast-hfb-above-header-display":"","ast-hfb-below-header-display":"","ast-hfb-mobile-header-display":"","site-post-title":"","ast-breadcrumbs-content":"","ast-featured-img":"","footer-sml-layout":"","ast-disable-related-posts":"","theme-transparent-header-meta":"","adv-header-id-meta":"","stick-header-meta":"","header-above-stick-meta":"","header-main-stick-meta":"","header-below-stick-meta":"","astra-migrate-meta-layouts":"default","ast-page-background-enabled":"default","ast-page-background-meta":{"desktop":{"background-color":"var(--ast-global-color-5)","background-image":"","background-repeat":"repeat","background-position":"center center","background-size":"auto","background-attachment":"scroll","background-type":"","background-media":"","overlay-type":"","overlay-color":"","overlay-opacity":"","overlay-gradient":""},"tablet":{"background-color":"","background-image":"","background-repeat":"repeat","background-position":"center center","background-size":"auto","background-attachment":"scroll","background-type":"","background-media":"","overlay-type":"","overlay-color":"","overlay-opacity":"","overlay-gradient":""},"mobile":{"background-color":"","background-image":"","background-repeat":"repeat","background-position":"center center","background-size":"auto","background-attachment":"scroll","background-type":"","background-media":"","overlay-type":"","overlay-color":"","overlay-opacity":"","overlay-gradient":""}},"ast-content-background-meta":{"desktop":{"background-color":"var(--ast-global-color-4)","background-image":"","background-repeat":"repeat","background-position":"center center","background-size":"auto","background-attachment":"scroll","background-type":"","background-media":"","overlay-type":"","overlay-color":"","overlay-opacity":"","overlay-gradient":""},"tablet":{"background-color":"var(--ast-global-color-4)","background-image":"","background-repeat":"repeat","background-position":"center center","background-size":"auto","background-attachment":"scroll","background-type":"","background-media":"","overlay-type":"","overlay-color":"","overlay-opacity":"","overlay-gradient":""},"mobile":{"background-color":"var(--ast-global-color-4)","background-image":"","background-repeat":"repeat","background-position":"center center","background-size":"auto","background-attachment":"scroll","background-type":"","background-media":"","overlay-type":"","overlay-color":"","overlay-opacity":"","overlay-gradient":""}},"_themeisle_gutenberg_block_has_review":false,"footnotes":""},"class_list":["post-180","page","type-page","status-publish","hentry"],"_links":{"self":[{"href":"https:\/\/escoladigital.madeira.gov.pt\/eb1peilheus\/wp-json\/wp\/v2\/pages\/180","targetHints":{"allow":["GET"]}}],"collection":[{"href":"https:\/\/escoladigital.madeira.gov.pt\/eb1peilheus\/wp-json\/wp\/v2\/pages"}],"about":[{"href":"https:\/\/escoladigital.madeira.gov.pt\/eb1peilheus\/wp-json\/wp\/v2\/types\/page"}],"author":[{"embeddable":true,"href":"https:\/\/escoladigital.madeira.gov.pt\/eb1peilheus\/wp-json\/wp\/v2\/users\/80"}],"replies":[{"embeddable":true,"href":"https:\/\/escoladigital.madeira.gov.pt\/eb1peilheus\/wp-json\/wp\/v2\/comments?post=180"}],"version-history":[{"count":4,"href":"https:\/\/escoladigital.madeira.gov.pt\/eb1peilheus\/wp-json\/wp\/v2\/pages\/180\/revisions"}],"predecessor-version":[{"id":220,"href":"https:\/\/escoladigital.madeira.gov.pt\/eb1peilheus\/wp-json\/wp\/v2\/pages\/180\/revisions\/220"}],"wp:attachment":[{"href":"https:\/\/escoladigital.madeira.gov.pt\/eb1peilheus\/wp-json\/wp\/v2\/media?parent=180"}],"curies":[{"name":"wp","href":"https:\/\/api.w.org\/{rel}","templated":true}]}}