{"id":188,"date":"2025-01-23T12:23:54","date_gmt":"2025-01-23T12:23:54","guid":{"rendered":"https:\/\/escoladigital.madeira.gov.pt\/eb1peilheus\/?page_id=188"},"modified":"2025-05-26T19:03:43","modified_gmt":"2025-05-26T19:03:43","slug":"1-o-b-vai-ao-parque","status":"publish","type":"page","link":"https:\/\/escoladigital.madeira.gov.pt\/eb1peilheus\/1-o-b-vai-ao-parque\/","title":{"rendered":"Atividades 1.\u00ba Ciclo"},"content":{"rendered":"\n<p>1.\u00ba B Vai ao Parque<\/p>\n\n\n\n<p>A turma do 1 B foi ao Parque de Santa Catarina, no passado dia 27 de novembro, no \u00e2mbito do projeto das Cidades Educadoras e abordaram o tema Direitos das crian\u00e7as.&nbsp; Eles fizeram v\u00e1rias atividades e passaram momentos muito divertidos.<\/p>\n\n\n\n<figure class=\"wp-block-embed is-type-video is-provider-youtube wp-block-embed-youtube wp-embed-aspect-16-9 wp-has-aspect-ratio\"><div class=\"wp-block-embed__wrapper\">\n<iframe title=\"1 b vai ao parque\" width=\"500\" height=\"281\" src=\"https:\/\/www.youtube.com\/embed\/Nf-waIB8-3s?feature=oembed\" frameborder=\"0\" allow=\"accelerometer; autoplay; clipboard-write; encrypted-media; gyroscope; picture-in-picture; web-share\" referrerpolicy=\"strict-origin-when-cross-origin\" allowfullscreen><\/iframe>\n<\/div><\/figure>\n\n\n\n<hr class=\"wp-block-separator has-alpha-channel-opacity\" \/>\n\n\n\n<p>Escola dos Ilh\u00e9us volta a ser distinguida no Pr\u00e9mio Nacional do Conto Filos\u00f3fico para Crian\u00e7as<\/p>\n\n\n\n<p>A Escola dos Ilh\u00e9us foi, uma vez mais, distinguida com o <strong>Pr\u00e9mio de Publica\u00e7\u00e3o<\/strong> na <strong>IX Edi\u00e7\u00e3o do Pr\u00e9mio Nacional do Conto Filos\u00f3fico para Crian\u00e7as 2025<\/strong>, promovido pela <strong>APEFP \u2013 Associa\u00e7\u00e3o Portuguesa de \u00c9tica e Filosofia Pr\u00e1tica<\/strong>, com o conto <strong>\u201cSer\u00e1 que ainda h\u00e1 tempo?\u201d<\/strong>.<\/p>\n\n\n\n<p>O trabalho premiado foi desenvolvido pelos alunos da <strong>turma do 3.\u00ba A<\/strong>, sob a orienta\u00e7\u00e3o das professoras <strong>Margarita C\u00e2mara<\/strong> e <strong>Cristina Silva<\/strong>, no \u00e2mbito do projeto <strong>Aprender com a Sofia<\/strong>.<\/p>\n\n\n\n<p>Depois de conquistar o primeiro lugar na edi\u00e7\u00e3o de 2024 com o conto <em>\u201cAs palavras do sil\u00eancio\u201d<\/em>, a nossa escola refor\u00e7a o seu percurso de excel\u00eancia nesta iniciativa, contando j\u00e1 com <strong>sete contos publicados em livro<\/strong> neste concurso de \u00e2mbito nacional. Trata-se de mais um reconhecimento do trabalho cont\u00ednuo que temos vindo a desenvolver na <strong>promo\u00e7\u00e3o da reflex\u00e3o filos\u00f3fica desde a inf\u00e2ncia<\/strong>, como ferramenta de crescimento pessoal, c\u00edvico e acad\u00e9mico.<\/p>\n\n\n\n<p>A <strong>APEFP<\/strong> destaca o impacto do projeto nas escolas e comunidades, promovendo <strong>aprendizagens significativas<\/strong>, o desenvolvimento de compet\u00eancias docentes e o fortalecimento dos la\u00e7os sociais e afetivos entre todos os envolvidos.<\/p>\n\n\n\n<p>Parab\u00e9ns a todos os alunos e docentes que tornam poss\u00edvel este caminho de pensamento, criatividade e \u00e9tica! \ud83d\udc99\ud83d\udcd6\u2728<\/p>\n\n\n\n<p>26 de Maio de 2025<\/p>\n\n\n\n<hr class=\"wp-block-separator has-alpha-channel-opacity\" \/>\n\n\n\n<p><\/p>\n","protected":false},"excerpt":{"rendered":"<p>1.\u00ba B Vai ao Parque A turma do 1 B foi ao Parque de Santa Catarina, no passado dia 27 [&hellip;]<\/p>\n","protected":false},"author":80,"featured_media":0,"parent":0,"menu_order":0,"comment_status":"closed","ping_status":"closed","template":"","meta":{"site-sidebar-layout":"right-sidebar","site-content-layout":"","ast-site-content-layout":"normal-width-container","site-content-style":"unboxed","site-sidebar-style":"unboxed","ast-global-header-display":"","ast-banner-title-visibility":"","ast-main-header-display":"","ast-hfb-above-header-display":"","ast-hfb-below-header-display":"","ast-hfb-mobile-header-display":"","site-post-title":"","ast-breadcrumbs-content":"","ast-featured-img":"","footer-sml-layout":"","ast-disable-related-posts":"","theme-transparent-header-meta":"","adv-header-id-meta":"","stick-header-meta":"","header-above-stick-meta":"","header-main-stick-meta":"","header-below-stick-meta":"","astra-migrate-meta-layouts":"default","ast-page-background-enabled":"default","ast-page-background-meta":{"desktop":{"background-color":"var(--ast-global-color-5)","background-image":"","background-repeat":"repeat","background-position":"center center","background-size":"auto","background-attachment":"scroll","background-type":"","background-media":"","overlay-type":"","overlay-color":"","overlay-opacity":"","overlay-gradient":""},"tablet":{"background-color":"","background-image":"","background-repeat":"repeat","background-position":"center center","background-size":"auto","background-attachment":"scroll","background-type":"","background-media":"","overlay-type":"","overlay-color":"","overlay-opacity":"","overlay-gradient":""},"mobile":{"background-color":"","background-image":"","background-repeat":"repeat","background-position":"center center","background-size":"auto","background-attachment":"scroll","background-type":"","background-media":"","overlay-type":"","overlay-color":"","overlay-opacity":"","overlay-gradient":""}},"ast-content-background-meta":{"desktop":{"background-color":"var(--ast-global-color-4)","background-image":"","background-repeat":"repeat","background-position":"center center","background-size":"auto","background-attachment":"scroll","background-type":"","background-media":"","overlay-type":"","overlay-color":"","overlay-opacity":"","overlay-gradient":""},"tablet":{"background-color":"var(--ast-global-color-4)","background-image":"","background-repeat":"repeat","background-position":"center center","background-size":"auto","background-attachment":"scroll","background-type":"","background-media":"","overlay-type":"","overlay-color":"","overlay-opacity":"","overlay-gradient":""},"mobile":{"background-color":"var(--ast-global-color-4)","background-image":"","background-repeat":"repeat","background-position":"center center","background-size":"auto","background-attachment":"scroll","background-type":"","background-media":"","overlay-type":"","overlay-color":"","overlay-opacity":"","overlay-gradient":""}},"_themeisle_gutenberg_block_has_review":false,"footnotes":""},"class_list":["post-188","page","type-page","status-publish","hentry"],"_links":{"self":[{"href":"https:\/\/escoladigital.madeira.gov.pt\/eb1peilheus\/wp-json\/wp\/v2\/pages\/188","targetHints":{"allow":["GET"]}}],"collection":[{"href":"https:\/\/escoladigital.madeira.gov.pt\/eb1peilheus\/wp-json\/wp\/v2\/pages"}],"about":[{"href":"https:\/\/escoladigital.madeira.gov.pt\/eb1peilheus\/wp-json\/wp\/v2\/types\/page"}],"author":[{"embeddable":true,"href":"https:\/\/escoladigital.madeira.gov.pt\/eb1peilheus\/wp-json\/wp\/v2\/users\/80"}],"replies":[{"embeddable":true,"href":"https:\/\/escoladigital.madeira.gov.pt\/eb1peilheus\/wp-json\/wp\/v2\/comments?post=188"}],"version-history":[{"count":5,"href":"https:\/\/escoladigital.madeira.gov.pt\/eb1peilheus\/wp-json\/wp\/v2\/pages\/188\/revisions"}],"predecessor-version":[{"id":306,"href":"https:\/\/escoladigital.madeira.gov.pt\/eb1peilheus\/wp-json\/wp\/v2\/pages\/188\/revisions\/306"}],"wp:attachment":[{"href":"https:\/\/escoladigital.madeira.gov.pt\/eb1peilheus\/wp-json\/wp\/v2\/media?parent=188"}],"curies":[{"name":"wp","href":"https:\/\/api.w.org\/{rel}","templated":true}]}}