{"id":207,"date":"2025-02-12T14:44:20","date_gmt":"2025-02-12T14:44:20","guid":{"rendered":"https:\/\/escoladigital.madeira.gov.pt\/eb1peilheus\/?page_id=207"},"modified":"2025-05-07T11:03:59","modified_gmt":"2025-05-07T11:03:59","slug":"atividades-2024-25","status":"publish","type":"page","link":"https:\/\/escoladigital.madeira.gov.pt\/eb1peilheus\/atividades-2024-25\/","title":{"rendered":"Atividades 2024\/25 AEC"},"content":{"rendered":"\n<p><strong>Encontro com a escritora Andreia Baptista<\/strong><\/p>\n\n\n\n<p>No dia 25 de mar\u00e7o tivemos o prazer de conversar com a autora madeirense Andreia Baptista. Durante o evento, os alunos apresentaram uma pe\u00e7a de teatro baseada no seu livro \u201cLuna! Outra vez na lua!\u201d, uma narrativa que nos mostra que ler um livro \u00e9 como viajar sem sair do lugar.<br>Agradecemos \u00e0 escritora Andreia pela sua disponibilidade em participar no encontro, assim como a colabora\u00e7\u00e3o de toda a comunidade&nbsp;educativa.<\/p>\n\n\n\n<figure class=\"wp-block-gallery has-nested-images columns-default is-cropped wp-block-gallery-1 is-layout-flex wp-block-gallery-is-layout-flex\">\n<figure class=\"wp-block-image aligncenter size-large is-resized\"><img fetchpriority=\"high\" decoding=\"async\" width=\"768\" height=\"1024\" data-id=\"294\" src=\"https:\/\/escoladigital.madeira.gov.pt\/eb1peilheus\/wp-content\/uploads\/sites\/61\/2025\/05\/Imagem-WhatsApp-2025-04-01-as-12.01.15_5eeae5d9-2-768x1024.jpg\" alt=\"\" class=\"wp-image-294\" style=\"width:268px;height:auto\" srcset=\"https:\/\/escoladigital.madeira.gov.pt\/eb1peilheus\/wp-content\/uploads\/sites\/61\/2025\/05\/Imagem-WhatsApp-2025-04-01-as-12.01.15_5eeae5d9-2-768x1024.jpg 768w, https:\/\/escoladigital.madeira.gov.pt\/eb1peilheus\/wp-content\/uploads\/sites\/61\/2025\/05\/Imagem-WhatsApp-2025-04-01-as-12.01.15_5eeae5d9-2-225x300.jpg 225w, https:\/\/escoladigital.madeira.gov.pt\/eb1peilheus\/wp-content\/uploads\/sites\/61\/2025\/05\/Imagem-WhatsApp-2025-04-01-as-12.01.15_5eeae5d9-2.jpg 960w\" sizes=\"(max-width: 768px) 100vw, 768px\" \/><\/figure>\n\n\n\n<figure class=\"wp-block-image size-large\"><img decoding=\"async\" width=\"1024\" height=\"737\" data-id=\"296\" src=\"https:\/\/escoladigital.madeira.gov.pt\/eb1peilheus\/wp-content\/uploads\/sites\/61\/2025\/05\/Imagem-WhatsApp-2025-04-01-as-12.01.14_f8c6be62-1024x737.jpg\" alt=\"\" class=\"wp-image-296\" srcset=\"https:\/\/escoladigital.madeira.gov.pt\/eb1peilheus\/wp-content\/uploads\/sites\/61\/2025\/05\/Imagem-WhatsApp-2025-04-01-as-12.01.14_f8c6be62-1024x737.jpg 1024w, https:\/\/escoladigital.madeira.gov.pt\/eb1peilheus\/wp-content\/uploads\/sites\/61\/2025\/05\/Imagem-WhatsApp-2025-04-01-as-12.01.14_f8c6be62-300x216.jpg 300w, https:\/\/escoladigital.madeira.gov.pt\/eb1peilheus\/wp-content\/uploads\/sites\/61\/2025\/05\/Imagem-WhatsApp-2025-04-01-as-12.01.14_f8c6be62-768x553.jpg 768w, https:\/\/escoladigital.madeira.gov.pt\/eb1peilheus\/wp-content\/uploads\/sites\/61\/2025\/05\/Imagem-WhatsApp-2025-04-01-as-12.01.14_f8c6be62.jpg 1280w\" sizes=\"(max-width: 1024px) 100vw, 1024px\" \/><\/figure>\n<\/figure>\n\n\n\n<figure class=\"wp-block-gallery has-nested-images columns-default is-cropped wp-block-gallery-2 is-layout-flex wp-block-gallery-is-layout-flex\">\n<figure class=\"wp-block-image size-large\"><img decoding=\"async\" width=\"768\" height=\"1024\" data-id=\"295\" src=\"https:\/\/escoladigital.madeira.gov.pt\/eb1peilheus\/wp-content\/uploads\/sites\/61\/2025\/05\/Imagem-WhatsApp-2025-04-01-as-12.01.15_bbbb07f8-768x1024.jpg\" alt=\"\" class=\"wp-image-295\" srcset=\"https:\/\/escoladigital.madeira.gov.pt\/eb1peilheus\/wp-content\/uploads\/sites\/61\/2025\/05\/Imagem-WhatsApp-2025-04-01-as-12.01.15_bbbb07f8-768x1024.jpg 768w, https:\/\/escoladigital.madeira.gov.pt\/eb1peilheus\/wp-content\/uploads\/sites\/61\/2025\/05\/Imagem-WhatsApp-2025-04-01-as-12.01.15_bbbb07f8-225x300.jpg 225w, https:\/\/escoladigital.madeira.gov.pt\/eb1peilheus\/wp-content\/uploads\/sites\/61\/2025\/05\/Imagem-WhatsApp-2025-04-01-as-12.01.15_bbbb07f8.jpg 960w\" sizes=\"(max-width: 768px) 100vw, 768px\" \/><\/figure>\n\n\n\n<figure class=\"wp-block-image size-large\"><img loading=\"lazy\" decoding=\"async\" width=\"768\" height=\"1024\" data-id=\"297\" src=\"https:\/\/escoladigital.madeira.gov.pt\/eb1peilheus\/wp-content\/uploads\/sites\/61\/2025\/05\/Imagem-WhatsApp-2025-04-01-as-12.01.16_b00b4a28-768x1024.jpg\" alt=\"\" class=\"wp-image-297\" srcset=\"https:\/\/escoladigital.madeira.gov.pt\/eb1peilheus\/wp-content\/uploads\/sites\/61\/2025\/05\/Imagem-WhatsApp-2025-04-01-as-12.01.16_b00b4a28-768x1024.jpg 768w, https:\/\/escoladigital.madeira.gov.pt\/eb1peilheus\/wp-content\/uploads\/sites\/61\/2025\/05\/Imagem-WhatsApp-2025-04-01-as-12.01.16_b00b4a28-225x300.jpg 225w, https:\/\/escoladigital.madeira.gov.pt\/eb1peilheus\/wp-content\/uploads\/sites\/61\/2025\/05\/Imagem-WhatsApp-2025-04-01-as-12.01.16_b00b4a28.jpg 960w\" sizes=\"(max-width: 768px) 100vw, 768px\" \/><\/figure>\n<\/figure>\n\n\n\n<p><strong>Dia de Santo Amaro<\/strong><\/p>\n\n\n\n<p>No passado dia 15 de janeiro, os alunos do 3.\u00ba ano encheram de m\u00fasica e alegria o edif\u00edcio da Pol\u00edcia Judici\u00e1ria, situado em frente \u00e0 nossa escola, ao cantarem m\u00fasicas em celebra\u00e7\u00e3o do Dia de Santo Amaro. Agradecemos o gentil convite e a oportunidade de partilharmos este momento, assim como a generosa oferta dos saquinhos de broas, que tornaram este momento ainda mais especial! <\/p>\n\n\n\n<p>18\/01\/2025<\/p>\n\n\n\n<figure class=\"wp-block-image aligncenter size-large is-resized\"><img loading=\"lazy\" decoding=\"async\" width=\"1024\" height=\"771\" src=\"https:\/\/escoladigital.madeira.gov.pt\/eb1peilheus\/wp-content\/uploads\/sites\/61\/2025\/02\/visita-a-pj-s-amaro1-1024x771.jpg\" alt=\"\" class=\"wp-image-208\" style=\"width:658px;height:auto\" srcset=\"https:\/\/escoladigital.madeira.gov.pt\/eb1peilheus\/wp-content\/uploads\/sites\/61\/2025\/02\/visita-a-pj-s-amaro1-1024x771.jpg 1024w, https:\/\/escoladigital.madeira.gov.pt\/eb1peilheus\/wp-content\/uploads\/sites\/61\/2025\/02\/visita-a-pj-s-amaro1-300x226.jpg 300w, https:\/\/escoladigital.madeira.gov.pt\/eb1peilheus\/wp-content\/uploads\/sites\/61\/2025\/02\/visita-a-pj-s-amaro1-768x578.jpg 768w, https:\/\/escoladigital.madeira.gov.pt\/eb1peilheus\/wp-content\/uploads\/sites\/61\/2025\/02\/visita-a-pj-s-amaro1-1536x1157.jpg 1536w, https:\/\/escoladigital.madeira.gov.pt\/eb1peilheus\/wp-content\/uploads\/sites\/61\/2025\/02\/visita-a-pj-s-amaro1-2048x1542.jpg 2048w\" sizes=\"(max-width: 1024px) 100vw, 1024px\" \/><\/figure>\n\n\n\n<figure class=\"wp-block-image aligncenter size-large is-resized\"><img loading=\"lazy\" decoding=\"async\" width=\"1024\" height=\"771\" src=\"https:\/\/escoladigital.madeira.gov.pt\/eb1peilheus\/wp-content\/uploads\/sites\/61\/2025\/02\/visita-a-pj-s-amaro2-1024x771.jpg\" alt=\"\" class=\"wp-image-209\" style=\"width:661px;height:auto\" srcset=\"https:\/\/escoladigital.madeira.gov.pt\/eb1peilheus\/wp-content\/uploads\/sites\/61\/2025\/02\/visita-a-pj-s-amaro2-1024x771.jpg 1024w, https:\/\/escoladigital.madeira.gov.pt\/eb1peilheus\/wp-content\/uploads\/sites\/61\/2025\/02\/visita-a-pj-s-amaro2-300x226.jpg 300w, https:\/\/escoladigital.madeira.gov.pt\/eb1peilheus\/wp-content\/uploads\/sites\/61\/2025\/02\/visita-a-pj-s-amaro2-768x578.jpg 768w, https:\/\/escoladigital.madeira.gov.pt\/eb1peilheus\/wp-content\/uploads\/sites\/61\/2025\/02\/visita-a-pj-s-amaro2-1536x1157.jpg 1536w, https:\/\/escoladigital.madeira.gov.pt\/eb1peilheus\/wp-content\/uploads\/sites\/61\/2025\/02\/visita-a-pj-s-amaro2-2048x1542.jpg 2048w\" sizes=\"(max-width: 1024px) 100vw, 1024px\" \/><\/figure>\n\n\n\n<hr class=\"wp-block-separator has-alpha-channel-opacity\" \/>\n\n\n\n<p><strong>Atividade de DAC &#8211; Artes Visuais sobre o Magusto<\/strong><\/p>\n\n\n\n<figure class=\"wp-block-embed is-type-video is-provider-youtube wp-block-embed-youtube wp-embed-aspect-16-9 wp-has-aspect-ratio\"><div class=\"wp-block-embed__wrapper\">\n<iframe title=\"Magusto\" width=\"500\" height=\"281\" src=\"https:\/\/www.youtube.com\/embed\/hvyi1-UBpJM?start=27&#038;feature=oembed\" frameborder=\"0\" allow=\"accelerometer; autoplay; clipboard-write; encrypted-media; gyroscope; picture-in-picture; web-share\" referrerpolicy=\"strict-origin-when-cross-origin\" allowfullscreen><\/iframe>\n<\/div><\/figure>\n\n\n\n<p>Novembro de 2024<\/p>\n\n\n\n<hr class=\"wp-block-separator has-alpha-channel-opacity\" \/>\n\n\n\n<p><strong>Atividade de DAC &#8211; Artes Visuais sobre o HALLOWEEN<\/strong><\/p>\n\n\n\n<figure class=\"wp-block-embed is-type-video is-provider-youtube wp-block-embed-youtube wp-embed-aspect-16-9 wp-has-aspect-ratio\"><div class=\"wp-block-embed__wrapper\">\n<iframe title=\"DAC - S\u00c3O MARTINHO\" width=\"500\" height=\"281\" src=\"https:\/\/www.youtube.com\/embed\/SBkPuxXyIjk?feature=oembed\" frameborder=\"0\" allow=\"accelerometer; autoplay; clipboard-write; encrypted-media; gyroscope; picture-in-picture; web-share\" referrerpolicy=\"strict-origin-when-cross-origin\" allowfullscreen><\/iframe>\n<\/div><\/figure>\n\n\n\n<p>Novembro de 2024<\/p>\n\n\n\n<hr class=\"wp-block-separator has-alpha-channel-opacity\" \/>\n\n\n\n<p><strong>V\u00eddeo Alguns trabalhos registados durante o 1.\u00ba periodo:<\/strong><\/p>\n\n\n\n<figure class=\"wp-block-embed is-type-video is-provider-youtube wp-block-embed-youtube wp-embed-aspect-16-9 wp-has-aspect-ratio\"><div class=\"wp-block-embed__wrapper\">\n<iframe title=\"Alguns trabalhos\" width=\"500\" height=\"281\" src=\"https:\/\/www.youtube.com\/embed\/VTd36Z8iip8?feature=oembed\" frameborder=\"0\" allow=\"accelerometer; autoplay; clipboard-write; encrypted-media; gyroscope; picture-in-picture; web-share\" referrerpolicy=\"strict-origin-when-cross-origin\" allowfullscreen><\/iframe>\n<\/div><\/figure>\n\n\n\n<hr class=\"wp-block-separator has-alpha-channel-opacity\" \/>\n\n\n\n<p><strong>Biblioteca &#8211; Encontro com a Escritora L\u00eddia Farinha<\/strong><\/p>\n\n\n\n<p>Dia 28 de outubro, segunda-feira, recebemos a escritora L\u00eddia Farinha que veio apresentar a hist\u00f3ria &#8220;Benny tem um sonho\u201d. Foi um momento muito educativo e l\u00fadico. Aqui fica o registo:<\/p>\n\n\n\n<figure class=\"wp-block-image aligncenter size-large is-resized\"><img loading=\"lazy\" decoding=\"async\" width=\"1024\" height=\"768\" src=\"https:\/\/escoladigital.madeira.gov.pt\/eb1peilheus\/wp-content\/uploads\/sites\/61\/2025\/02\/IMG_6239.jpeg-1024x768.jpg\" alt=\"\" class=\"wp-image-210\" style=\"width:568px;height:auto\" srcset=\"https:\/\/escoladigital.madeira.gov.pt\/eb1peilheus\/wp-content\/uploads\/sites\/61\/2025\/02\/IMG_6239.jpeg-1024x768.jpg 1024w, https:\/\/escoladigital.madeira.gov.pt\/eb1peilheus\/wp-content\/uploads\/sites\/61\/2025\/02\/IMG_6239.jpeg-300x225.jpg 300w, https:\/\/escoladigital.madeira.gov.pt\/eb1peilheus\/wp-content\/uploads\/sites\/61\/2025\/02\/IMG_6239.jpeg-768x576.jpg 768w, https:\/\/escoladigital.madeira.gov.pt\/eb1peilheus\/wp-content\/uploads\/sites\/61\/2025\/02\/IMG_6239.jpeg-1536x1152.jpg 1536w, https:\/\/escoladigital.madeira.gov.pt\/eb1peilheus\/wp-content\/uploads\/sites\/61\/2025\/02\/IMG_6239.jpeg-2048x1536.jpg 2048w\" sizes=\"(max-width: 1024px) 100vw, 1024px\" \/><\/figure>\n\n\n\n<figure class=\"wp-block-image aligncenter size-large is-resized\"><img loading=\"lazy\" decoding=\"async\" width=\"1024\" height=\"768\" src=\"https:\/\/escoladigital.madeira.gov.pt\/eb1peilheus\/wp-content\/uploads\/sites\/61\/2025\/02\/IMG_6248.jpeg-1024x768.jpg\" alt=\"\" class=\"wp-image-211\" style=\"width:568px;height:auto\" srcset=\"https:\/\/escoladigital.madeira.gov.pt\/eb1peilheus\/wp-content\/uploads\/sites\/61\/2025\/02\/IMG_6248.jpeg-1024x768.jpg 1024w, https:\/\/escoladigital.madeira.gov.pt\/eb1peilheus\/wp-content\/uploads\/sites\/61\/2025\/02\/IMG_6248.jpeg-300x225.jpg 300w, https:\/\/escoladigital.madeira.gov.pt\/eb1peilheus\/wp-content\/uploads\/sites\/61\/2025\/02\/IMG_6248.jpeg-768x576.jpg 768w, https:\/\/escoladigital.madeira.gov.pt\/eb1peilheus\/wp-content\/uploads\/sites\/61\/2025\/02\/IMG_6248.jpeg-1536x1152.jpg 1536w, https:\/\/escoladigital.madeira.gov.pt\/eb1peilheus\/wp-content\/uploads\/sites\/61\/2025\/02\/IMG_6248.jpeg-2048x1536.jpg 2048w\" sizes=\"(max-width: 1024px) 100vw, 1024px\" \/><\/figure>\n\n\n\n<p><strong>28\/10\/2024<\/strong><\/p>\n\n\n\n<hr class=\"wp-block-separator has-alpha-channel-opacity\" \/>\n\n\n\n<p><strong>Mala de Primeiros Socorros &#8211; 23\/10\/2024<\/strong><\/p>\n\n\n\n<p>Atividade de DAC &#8211; Artes Visuais<\/p>\n\n\n\n<figure class=\"wp-block-embed is-type-video is-provider-youtube wp-block-embed-youtube wp-embed-aspect-16-9 wp-has-aspect-ratio\"><div class=\"wp-block-embed__wrapper\">\n<iframe title=\"VIDEO PRIMEIROS SOCORROS\" width=\"500\" height=\"281\" src=\"https:\/\/www.youtube.com\/embed\/EibQeeB2Hoc?feature=oembed\" frameborder=\"0\" allow=\"accelerometer; autoplay; clipboard-write; encrypted-media; gyroscope; picture-in-picture; web-share\" referrerpolicy=\"strict-origin-when-cross-origin\" allowfullscreen><\/iframe>\n<\/div><\/figure>\n\n\n\n<hr class=\"wp-block-separator has-alpha-channel-opacity\" \/>\n\n\n\n<p><strong>Dia Mundial da Alimenta\u00e7\u00e3o &#8211; 16\/10\/2024<\/strong><\/p>\n\n\n\n<p>Trabalhos realizados na DAC &#8211; Artes Visuais<\/p>\n\n\n\n<figure class=\"wp-block-embed is-type-video is-provider-youtube wp-block-embed-youtube wp-embed-aspect-4-3 wp-has-aspect-ratio\"><div class=\"wp-block-embed__wrapper\">\n<iframe title=\"DIA MUNDIAL DA ALIMENTA\u00c7\u00c3O\" width=\"500\" height=\"375\" src=\"https:\/\/www.youtube.com\/embed\/PxKWsfAjuxs?feature=oembed\" frameborder=\"0\" allow=\"accelerometer; autoplay; clipboard-write; encrypted-media; gyroscope; picture-in-picture; web-share\" referrerpolicy=\"strict-origin-when-cross-origin\" allowfullscreen><\/iframe>\n<\/div><\/figure>\n\n\n\n<hr class=\"wp-block-separator has-alpha-channel-opacity\" \/>\n\n\n\n<figure class=\"wp-block-gallery has-nested-images columns-default is-cropped wp-block-gallery-3 is-layout-flex wp-block-gallery-is-layout-flex\"><\/figure>\n","protected":false},"excerpt":{"rendered":"<p>Encontro com a escritora Andreia Baptista No dia 25 de mar\u00e7o tivemos o prazer de conversar com a autora madeirense [&hellip;]<\/p>\n","protected":false},"author":80,"featured_media":0,"parent":0,"menu_order":0,"comment_status":"closed","ping_status":"closed","template":"","meta":{"site-sidebar-layout":"default","site-content-layout":"","ast-site-content-layout":"default","site-content-style":"default","site-sidebar-style":"default","ast-global-header-display":"","ast-banner-title-visibility":"","ast-main-header-display":"","ast-hfb-above-header-display":"","ast-hfb-below-header-display":"","ast-hfb-mobile-header-display":"","site-post-title":"","ast-breadcrumbs-content":"","ast-featured-img":"","footer-sml-layout":"","ast-disable-related-posts":"","theme-transparent-header-meta":"","adv-header-id-meta":"","stick-header-meta":"","header-above-stick-meta":"","header-main-stick-meta":"","header-below-stick-meta":"","astra-migrate-meta-layouts":"default","ast-page-background-enabled":"default","ast-page-background-meta":{"desktop":{"background-color":"var(--ast-global-color-5)","background-image":"","background-repeat":"repeat","background-position":"center center","background-size":"auto","background-attachment":"scroll","background-type":"","background-media":"","overlay-type":"","overlay-color":"","overlay-opacity":"","overlay-gradient":""},"tablet":{"background-color":"","background-image":"","background-repeat":"repeat","background-position":"center center","background-size":"auto","background-attachment":"scroll","background-type":"","background-media":"","overlay-type":"","overlay-color":"","overlay-opacity":"","overlay-gradient":""},"mobile":{"background-color":"","background-image":"","background-repeat":"repeat","background-position":"center center","background-size":"auto","background-attachment":"scroll","background-type":"","background-media":"","overlay-type":"","overlay-color":"","overlay-opacity":"","overlay-gradient":""}},"ast-content-background-meta":{"desktop":{"background-color":"var(--ast-global-color-4)","background-image":"","background-repeat":"repeat","background-position":"center center","background-size":"auto","background-attachment":"scroll","background-type":"","background-media":"","overlay-type":"","overlay-color":"","overlay-opacity":"","overlay-gradient":""},"tablet":{"background-color":"var(--ast-global-color-4)","background-image":"","background-repeat":"repeat","background-position":"center center","background-size":"auto","background-attachment":"scroll","background-type":"","background-media":"","overlay-type":"","overlay-color":"","overlay-opacity":"","overlay-gradient":""},"mobile":{"background-color":"var(--ast-global-color-4)","background-image":"","background-repeat":"repeat","background-position":"center center","background-size":"auto","background-attachment":"scroll","background-type":"","background-media":"","overlay-type":"","overlay-color":"","overlay-opacity":"","overlay-gradient":""}},"_themeisle_gutenberg_block_has_review":false,"footnotes":""},"class_list":["post-207","page","type-page","status-publish","hentry"],"_links":{"self":[{"href":"https:\/\/escoladigital.madeira.gov.pt\/eb1peilheus\/wp-json\/wp\/v2\/pages\/207","targetHints":{"allow":["GET"]}}],"collection":[{"href":"https:\/\/escoladigital.madeira.gov.pt\/eb1peilheus\/wp-json\/wp\/v2\/pages"}],"about":[{"href":"https:\/\/escoladigital.madeira.gov.pt\/eb1peilheus\/wp-json\/wp\/v2\/types\/page"}],"author":[{"embeddable":true,"href":"https:\/\/escoladigital.madeira.gov.pt\/eb1peilheus\/wp-json\/wp\/v2\/users\/80"}],"replies":[{"embeddable":true,"href":"https:\/\/escoladigital.madeira.gov.pt\/eb1peilheus\/wp-json\/wp\/v2\/comments?post=207"}],"version-history":[{"count":5,"href":"https:\/\/escoladigital.madeira.gov.pt\/eb1peilheus\/wp-json\/wp\/v2\/pages\/207\/revisions"}],"predecessor-version":[{"id":299,"href":"https:\/\/escoladigital.madeira.gov.pt\/eb1peilheus\/wp-json\/wp\/v2\/pages\/207\/revisions\/299"}],"wp:attachment":[{"href":"https:\/\/escoladigital.madeira.gov.pt\/eb1peilheus\/wp-json\/wp\/v2\/media?parent=207"}],"curies":[{"name":"wp","href":"https:\/\/api.w.org\/{rel}","templated":true}]}}