{"id":321,"date":"2025-07-10T09:08:48","date_gmt":"2025-07-10T09:08:48","guid":{"rendered":"https:\/\/escoladigital.madeira.gov.pt\/eb1peilheus\/?page_id=321"},"modified":"2025-07-10T09:34:37","modified_gmt":"2025-07-10T09:34:37","slug":"listas-de-material-2025-26","status":"publish","type":"page","link":"https:\/\/escoladigital.madeira.gov.pt\/eb1peilheus\/listas-de-material-2025-26\/","title":{"rendered":"Listas de material 2025\/26"},"content":{"rendered":"\n<p>Informamos todos os Encarregados de Educa\u00e7\u00e3o que, no \u00e2mbito da prepara\u00e7\u00e3o para o ano letivo 2025\/2026, os materiais escolares devem ser entregues <strong>antes do in\u00edcio das atividades letivas<\/strong>.<\/p>\n\n\n\n<p>Solicita-se que os materiais venham <strong>devidamente separados<\/strong>, de acordo com as seguintes categorias:<\/p>\n\n\n\n<ul class=\"wp-block-list\">\n<li><strong>Curricular<\/strong> (materiais para uso nas disciplinas do curr\u00edculo)<\/li>\n\n\n\n<li><strong>Atividades de Enriquecimento Curricular (AECs)<\/strong><\/li>\n<\/ul>\n\n\n\n<p>A entrega atempada e organizada facilitar\u00e1 o arranque das atividades e contribuir\u00e1 para um melhor acolhimento das crian\u00e7as.<\/p>\n\n\n\n<p>Agradecemos, desde j\u00e1, a vossa colabora\u00e7\u00e3o.<\/p>\n\n\n\n<p><\/p>\n","protected":false},"excerpt":{"rendered":"<p>Informamos todos os Encarregados de Educa\u00e7\u00e3o que, no \u00e2mbito da prepara\u00e7\u00e3o para o ano letivo 2025\/2026, os materiais escolares devem [&hellip;]<\/p>\n","protected":false},"author":80,"featured_media":0,"parent":0,"menu_order":0,"comment_status":"closed","ping_status":"closed","template":"","meta":{"site-sidebar-layout":"default","site-content-layout":"","ast-site-content-layout":"default","site-content-style":"default","site-sidebar-style":"default","ast-global-header-display":"","ast-banner-title-visibility":"","ast-main-header-display":"","ast-hfb-above-header-display":"","ast-hfb-below-header-display":"","ast-hfb-mobile-header-display":"","site-post-title":"","ast-breadcrumbs-content":"","ast-featured-img":"","footer-sml-layout":"","ast-disable-related-posts":"","theme-transparent-header-meta":"","adv-header-id-meta":"","stick-header-meta":"","header-above-stick-meta":"","header-main-stick-meta":"","header-below-stick-meta":"","astra-migrate-meta-layouts":"default","ast-page-background-enabled":"default","ast-page-background-meta":{"desktop":{"background-color":"var(--ast-global-color-5)","background-image":"","background-repeat":"repeat","background-position":"center center","background-size":"auto","background-attachment":"scroll","background-type":"","background-media":"","overlay-type":"","overlay-color":"","overlay-opacity":"","overlay-gradient":""},"tablet":{"background-color":"","background-image":"","background-repeat":"repeat","background-position":"center center","background-size":"auto","background-attachment":"scroll","background-type":"","background-media":"","overlay-type":"","overlay-color":"","overlay-opacity":"","overlay-gradient":""},"mobile":{"background-color":"","background-image":"","background-repeat":"repeat","background-position":"center center","background-size":"auto","background-attachment":"scroll","background-type":"","background-media":"","overlay-type":"","overlay-color":"","overlay-opacity":"","overlay-gradient":""}},"ast-content-background-meta":{"desktop":{"background-color":"var(--ast-global-color-4)","background-image":"","background-repeat":"repeat","background-position":"center center","background-size":"auto","background-attachment":"scroll","background-type":"","background-media":"","overlay-type":"","overlay-color":"","overlay-opacity":"","overlay-gradient":""},"tablet":{"background-color":"var(--ast-global-color-4)","background-image":"","background-repeat":"repeat","background-position":"center center","background-size":"auto","background-attachment":"scroll","background-type":"","background-media":"","overlay-type":"","overlay-color":"","overlay-opacity":"","overlay-gradient":""},"mobile":{"background-color":"var(--ast-global-color-4)","background-image":"","background-repeat":"repeat","background-position":"center center","background-size":"auto","background-attachment":"scroll","background-type":"","background-media":"","overlay-type":"","overlay-color":"","overlay-opacity":"","overlay-gradient":""}},"_themeisle_gutenberg_block_has_review":false,"footnotes":""},"class_list":["post-321","page","type-page","status-publish","hentry"],"_links":{"self":[{"href":"https:\/\/escoladigital.madeira.gov.pt\/eb1peilheus\/wp-json\/wp\/v2\/pages\/321","targetHints":{"allow":["GET"]}}],"collection":[{"href":"https:\/\/escoladigital.madeira.gov.pt\/eb1peilheus\/wp-json\/wp\/v2\/pages"}],"about":[{"href":"https:\/\/escoladigital.madeira.gov.pt\/eb1peilheus\/wp-json\/wp\/v2\/types\/page"}],"author":[{"embeddable":true,"href":"https:\/\/escoladigital.madeira.gov.pt\/eb1peilheus\/wp-json\/wp\/v2\/users\/80"}],"replies":[{"embeddable":true,"href":"https:\/\/escoladigital.madeira.gov.pt\/eb1peilheus\/wp-json\/wp\/v2\/comments?post=321"}],"version-history":[{"count":2,"href":"https:\/\/escoladigital.madeira.gov.pt\/eb1peilheus\/wp-json\/wp\/v2\/pages\/321\/revisions"}],"predecessor-version":[{"id":346,"href":"https:\/\/escoladigital.madeira.gov.pt\/eb1peilheus\/wp-json\/wp\/v2\/pages\/321\/revisions\/346"}],"wp:attachment":[{"href":"https:\/\/escoladigital.madeira.gov.pt\/eb1peilheus\/wp-json\/wp\/v2\/media?parent=321"}],"curies":[{"name":"wp","href":"https:\/\/api.w.org\/{rel}","templated":true}]}}