{"id":332,"date":"2025-07-10T09:13:54","date_gmt":"2025-07-10T09:13:54","guid":{"rendered":"https:\/\/escoladigital.madeira.gov.pt\/eb1peilheus\/?page_id=332"},"modified":"2025-07-15T21:35:47","modified_gmt":"2025-07-15T21:35:47","slug":"listas-de-material-aec-2025-26","status":"publish","type":"page","link":"https:\/\/escoladigital.madeira.gov.pt\/eb1peilheus\/listas-de-material-aec-2025-26\/","title":{"rendered":"Listas de material &#8220;AEC&#8221; 2025\/26"},"content":{"rendered":"\n<p><\/p>\n\n\n\n<p>Informamos todos os Encarregados de Educa\u00e7\u00e3o que, no \u00e2mbito da prepara\u00e7\u00e3o para o ano letivo 2025\/2026, os materiais escolares devem ser entregues <strong>antes do in\u00edcio das atividades letivas<\/strong>.<\/p>\n\n\n\n<p>Solicita-se que os materiais venham <strong>devidamente separados<\/strong>, de acordo com as seguintes categorias:<\/p>\n\n\n\n<ul class=\"wp-block-list\">\n<li><strong>Curricular<\/strong> (materiais para uso nas disciplinas do curr\u00edculo)<\/li>\n\n\n\n<li><strong>Atividades de Enriquecimento Curricular (AECs)<\/strong><\/li>\n<\/ul>\n\n\n\n<p>A entrega atempada e organizada facilitar\u00e1 o arranque das atividades e contribuir\u00e1 para um melhor acolhimento das crian\u00e7as.<\/p>\n\n\n\n<p>Agradecemos, desde j\u00e1, a vossa colabora\u00e7\u00e3o.<\/p>\n\n\n\n<div data-wp-interactive=\"core\/file\" class=\"wp-block-file\"><object data-wp-bind--hidden=\"!state.hasPdfPreview\" hidden class=\"wp-block-file__embed\" data=\"https:\/\/escoladigital.madeira.gov.pt\/eb1peilheus\/wp-content\/uploads\/sites\/61\/2025\/07\/BIBLIOTECA-LISTA-Material-1.pdf\" type=\"application\/pdf\" style=\"width:100%;height:600px\" aria-label=\"Incorpora\u00e7\u00e3o de BIBLIOTECA LISTA Material.\"><\/object><a id=\"wp-block-file--media-a11845f0-72f9-4012-ac65-5df068a46080\" href=\"https:\/\/escoladigital.madeira.gov.pt\/eb1peilheus\/wp-content\/uploads\/sites\/61\/2025\/07\/BIBLIOTECA-LISTA-Material-1.pdf\">BIBLIOTECA LISTA Material<\/a><a href=\"https:\/\/escoladigital.madeira.gov.pt\/eb1peilheus\/wp-content\/uploads\/sites\/61\/2025\/07\/BIBLIOTECA-LISTA-Material-1.pdf\" class=\"wp-block-file__button wp-element-button\" download aria-describedby=\"wp-block-file--media-a11845f0-72f9-4012-ac65-5df068a46080\">Descarregar<\/a><\/div>\n\n\n\n<div data-wp-interactive=\"core\/file\" class=\"wp-block-file\"><object data-wp-bind--hidden=\"!state.hasPdfPreview\" hidden class=\"wp-block-file__embed\" data=\"https:\/\/escoladigital.madeira.gov.pt\/eb1peilheus\/wp-content\/uploads\/sites\/61\/2025\/07\/EXPRESSAO-PLASTICA-Lista-de-material-1o-A.pdf\" type=\"application\/pdf\" style=\"width:100%;height:600px\" aria-label=\"Incorpora\u00e7\u00e3o de EXPRESS\u00c3O PL\u00c1STICA Lista de material 1\u00ba A.\"><\/object><a id=\"wp-block-file--media-4f6882e0-41d5-4574-9d7a-3dd83ede0758\" href=\"https:\/\/escoladigital.madeira.gov.pt\/eb1peilheus\/wp-content\/uploads\/sites\/61\/2025\/07\/EXPRESSAO-PLASTICA-Lista-de-material-1o-A.pdf\">EXPRESS\u00c3O PL\u00c1STICA Lista de material 1\u00ba A<\/a><a href=\"https:\/\/escoladigital.madeira.gov.pt\/eb1peilheus\/wp-content\/uploads\/sites\/61\/2025\/07\/EXPRESSAO-PLASTICA-Lista-de-material-1o-A.pdf\" class=\"wp-block-file__button wp-element-button\" download aria-describedby=\"wp-block-file--media-4f6882e0-41d5-4574-9d7a-3dd83ede0758\">Descarregar<\/a><\/div>\n\n\n\n<div data-wp-interactive=\"core\/file\" class=\"wp-block-file\"><object data-wp-bind--hidden=\"!state.hasPdfPreview\" hidden class=\"wp-block-file__embed\" data=\"https:\/\/escoladigital.madeira.gov.pt\/eb1peilheus\/wp-content\/uploads\/sites\/61\/2025\/07\/EXPRESSAO-PLASTICA-Lista-de-material-1o-B.pdf\" type=\"application\/pdf\" style=\"width:100%;height:600px\" aria-label=\"Incorpora\u00e7\u00e3o de EXPRESS\u00c3O PL\u00c1STICA Lista de material 1\u00ba B.\"><\/object><a id=\"wp-block-file--media-e8e07c64-1c8c-45ac-aec6-ecd9bcc18a5d\" href=\"https:\/\/escoladigital.madeira.gov.pt\/eb1peilheus\/wp-content\/uploads\/sites\/61\/2025\/07\/EXPRESSAO-PLASTICA-Lista-de-material-1o-B.pdf\">EXPRESS\u00c3O PL\u00c1STICA Lista de material 1\u00ba B<\/a><a href=\"https:\/\/escoladigital.madeira.gov.pt\/eb1peilheus\/wp-content\/uploads\/sites\/61\/2025\/07\/EXPRESSAO-PLASTICA-Lista-de-material-1o-B.pdf\" class=\"wp-block-file__button wp-element-button\" download aria-describedby=\"wp-block-file--media-e8e07c64-1c8c-45ac-aec6-ecd9bcc18a5d\">Descarregar<\/a><\/div>\n\n\n\n<div data-wp-interactive=\"core\/file\" class=\"wp-block-file\"><object data-wp-bind--hidden=\"!state.hasPdfPreview\" hidden class=\"wp-block-file__embed\" data=\"https:\/\/escoladigital.madeira.gov.pt\/eb1peilheus\/wp-content\/uploads\/sites\/61\/2025\/07\/EXPRESSAO-PLASTICA-lista-de-material-2o-A.pdf\" type=\"application\/pdf\" style=\"width:100%;height:600px\" aria-label=\"Incorpora\u00e7\u00e3o de EXPRESS\u00c3O PL\u00c1STICA lista de material 2\u00ba A.\"><\/object><a id=\"wp-block-file--media-47b9ff66-bf7d-4028-a1ff-f7832bc52f79\" href=\"https:\/\/escoladigital.madeira.gov.pt\/eb1peilheus\/wp-content\/uploads\/sites\/61\/2025\/07\/EXPRESSAO-PLASTICA-lista-de-material-2o-A.pdf\">EXPRESS\u00c3O PL\u00c1STICA lista de material 2\u00ba A<\/a><a href=\"https:\/\/escoladigital.madeira.gov.pt\/eb1peilheus\/wp-content\/uploads\/sites\/61\/2025\/07\/EXPRESSAO-PLASTICA-lista-de-material-2o-A.pdf\" class=\"wp-block-file__button wp-element-button\" download aria-describedby=\"wp-block-file--media-47b9ff66-bf7d-4028-a1ff-f7832bc52f79\">Descarregar<\/a><\/div>\n\n\n\n<div data-wp-interactive=\"core\/file\" class=\"wp-block-file\"><object data-wp-bind--hidden=\"!state.hasPdfPreview\" hidden class=\"wp-block-file__embed\" data=\"https:\/\/escoladigital.madeira.gov.pt\/eb1peilheus\/wp-content\/uploads\/sites\/61\/2025\/07\/EXPRESSAO-PLASTICA-Lista-de-material-2o-B.pdf\" type=\"application\/pdf\" style=\"width:100%;height:600px\" aria-label=\"Incorpora\u00e7\u00e3o de EXPRESS\u00c3O PL\u00c1STICA Lista de material 2\u00ba B.\"><\/object><a id=\"wp-block-file--media-716801e4-8d56-4d06-9676-4c3271305e65\" href=\"https:\/\/escoladigital.madeira.gov.pt\/eb1peilheus\/wp-content\/uploads\/sites\/61\/2025\/07\/EXPRESSAO-PLASTICA-Lista-de-material-2o-B.pdf\">EXPRESS\u00c3O PL\u00c1STICA Lista de material 2\u00ba B<\/a><a href=\"https:\/\/escoladigital.madeira.gov.pt\/eb1peilheus\/wp-content\/uploads\/sites\/61\/2025\/07\/EXPRESSAO-PLASTICA-Lista-de-material-2o-B.pdf\" class=\"wp-block-file__button wp-element-button\" download aria-describedby=\"wp-block-file--media-716801e4-8d56-4d06-9676-4c3271305e65\">Descarregar<\/a><\/div>\n\n\n\n<div data-wp-interactive=\"core\/file\" class=\"wp-block-file\"><object data-wp-bind--hidden=\"!state.hasPdfPreview\" hidden class=\"wp-block-file__embed\" data=\"https:\/\/escoladigital.madeira.gov.pt\/eb1peilheus\/wp-content\/uploads\/sites\/61\/2025\/07\/EXPRESSAO-PLASTICA-Lista-de-material-3os-anos.pdf\" type=\"application\/pdf\" style=\"width:100%;height:600px\" aria-label=\"Incorpora\u00e7\u00e3o de EXPRESS\u00c3O PL\u00c1STICA Lista de material 3\u00bas anos.\"><\/object><a id=\"wp-block-file--media-df1f360f-1485-4944-ba8b-ac4d63e6bafd\" href=\"https:\/\/escoladigital.madeira.gov.pt\/eb1peilheus\/wp-content\/uploads\/sites\/61\/2025\/07\/EXPRESSAO-PLASTICA-Lista-de-material-3os-anos.pdf\">EXPRESS\u00c3O PL\u00c1STICA Lista de material 3\u00bas anos<\/a><a href=\"https:\/\/escoladigital.madeira.gov.pt\/eb1peilheus\/wp-content\/uploads\/sites\/61\/2025\/07\/EXPRESSAO-PLASTICA-Lista-de-material-3os-anos.pdf\" class=\"wp-block-file__button wp-element-button\" download aria-describedby=\"wp-block-file--media-df1f360f-1485-4944-ba8b-ac4d63e6bafd\">Descarregar<\/a><\/div>\n\n\n\n<div data-wp-interactive=\"core\/file\" class=\"wp-block-file\"><object data-wp-bind--hidden=\"!state.hasPdfPreview\" hidden class=\"wp-block-file__embed\" data=\"https:\/\/escoladigital.madeira.gov.pt\/eb1peilheus\/wp-content\/uploads\/sites\/61\/2025\/07\/EXPRESSAO-PLASTICA-Lista-de-material-4os-anos.pdf\" type=\"application\/pdf\" style=\"width:100%;height:600px\" aria-label=\"Incorpora\u00e7\u00e3o de EXPRESS\u00c3O PL\u00c1STICA Lista de material 4\u00bas anos.\"><\/object><a id=\"wp-block-file--media-d436eec2-10bb-464f-b1ca-e4a615e12c8a\" href=\"https:\/\/escoladigital.madeira.gov.pt\/eb1peilheus\/wp-content\/uploads\/sites\/61\/2025\/07\/EXPRESSAO-PLASTICA-Lista-de-material-4os-anos.pdf\">EXPRESS\u00c3O PL\u00c1STICA Lista de material 4\u00bas anos<\/a><a href=\"https:\/\/escoladigital.madeira.gov.pt\/eb1peilheus\/wp-content\/uploads\/sites\/61\/2025\/07\/EXPRESSAO-PLASTICA-Lista-de-material-4os-anos.pdf\" class=\"wp-block-file__button wp-element-button\" download aria-describedby=\"wp-block-file--media-d436eec2-10bb-464f-b1ca-e4a615e12c8a\">Descarregar<\/a><\/div>\n\n\n\n<div data-wp-interactive=\"core\/file\" class=\"wp-block-file\"><object data-wp-bind--hidden=\"!state.hasPdfPreview\" hidden class=\"wp-block-file__embed\" data=\"https:\/\/escoladigital.madeira.gov.pt\/eb1peilheus\/wp-content\/uploads\/sites\/61\/2025\/07\/INGLES-LISTA-DE-MATERIAL-2025-2026.pdf\" type=\"application\/pdf\" style=\"width:100%;height:600px\" aria-label=\"Incorpora\u00e7\u00e3o de INGL\u00caS LISTA DE MATERIAL  2025 - 2026.\"><\/object><a id=\"wp-block-file--media-2c140078-bf64-4fec-bdf5-b69e6252f767\" href=\"https:\/\/escoladigital.madeira.gov.pt\/eb1peilheus\/wp-content\/uploads\/sites\/61\/2025\/07\/INGLES-LISTA-DE-MATERIAL-2025-2026.pdf\">INGL\u00caS LISTA DE MATERIAL  2025 &#8211; 2026<\/a><a href=\"https:\/\/escoladigital.madeira.gov.pt\/eb1peilheus\/wp-content\/uploads\/sites\/61\/2025\/07\/INGLES-LISTA-DE-MATERIAL-2025-2026.pdf\" class=\"wp-block-file__button wp-element-button\" download aria-describedby=\"wp-block-file--media-2c140078-bf64-4fec-bdf5-b69e6252f767\">Descarregar<\/a><\/div>\n\n\n\n<div data-wp-interactive=\"core\/file\" class=\"wp-block-file\"><object data-wp-bind--hidden=\"!state.hasPdfPreview\" hidden class=\"wp-block-file__embed\" data=\"https:\/\/escoladigital.madeira.gov.pt\/eb1peilheus\/wp-content\/uploads\/sites\/61\/2025\/07\/Listas-de-material-DAC.pdf\" type=\"application\/pdf\" style=\"width:100%;height:600px\" aria-label=\"Incorpora\u00e7\u00e3o de Listas de material DAC.\"><\/object><a id=\"wp-block-file--media-e789892d-fc84-4910-9ffa-944020ab443b\" href=\"https:\/\/escoladigital.madeira.gov.pt\/eb1peilheus\/wp-content\/uploads\/sites\/61\/2025\/07\/Listas-de-material-DAC.pdf\">Listas de material DAC<\/a><a href=\"https:\/\/escoladigital.madeira.gov.pt\/eb1peilheus\/wp-content\/uploads\/sites\/61\/2025\/07\/Listas-de-material-DAC.pdf\" class=\"wp-block-file__button wp-element-button\" download aria-describedby=\"wp-block-file--media-e789892d-fc84-4910-9ffa-944020ab443b\">Descarregar<\/a><\/div>\n","protected":false},"excerpt":{"rendered":"<p>Informamos todos os Encarregados de Educa\u00e7\u00e3o que, no \u00e2mbito da prepara\u00e7\u00e3o para o ano letivo 2025\/2026, os materiais escolares devem [&hellip;]<\/p>\n","protected":false},"author":80,"featured_media":0,"parent":0,"menu_order":0,"comment_status":"closed","ping_status":"closed","template":"","meta":{"site-sidebar-layout":"default","site-content-layout":"","ast-site-content-layout":"default","site-content-style":"default","site-sidebar-style":"default","ast-global-header-display":"","ast-banner-title-visibility":"","ast-main-header-display":"","ast-hfb-above-header-display":"","ast-hfb-below-header-display":"","ast-hfb-mobile-header-display":"","site-post-title":"","ast-breadcrumbs-content":"","ast-featured-img":"","footer-sml-layout":"","ast-disable-related-posts":"","theme-transparent-header-meta":"","adv-header-id-meta":"","stick-header-meta":"","header-above-stick-meta":"","header-main-stick-meta":"","header-below-stick-meta":"","astra-migrate-meta-layouts":"default","ast-page-background-enabled":"default","ast-page-background-meta":{"desktop":{"background-color":"var(--ast-global-color-5)","background-image":"","background-repeat":"repeat","background-position":"center center","background-size":"auto","background-attachment":"scroll","background-type":"","background-media":"","overlay-type":"","overlay-color":"","overlay-opacity":"","overlay-gradient":""},"tablet":{"background-color":"","background-image":"","background-repeat":"repeat","background-position":"center center","background-size":"auto","background-attachment":"scroll","background-type":"","background-media":"","overlay-type":"","overlay-color":"","overlay-opacity":"","overlay-gradient":""},"mobile":{"background-color":"","background-image":"","background-repeat":"repeat","background-position":"center center","background-size":"auto","background-attachment":"scroll","background-type":"","background-media":"","overlay-type":"","overlay-color":"","overlay-opacity":"","overlay-gradient":""}},"ast-content-background-meta":{"desktop":{"background-color":"var(--ast-global-color-4)","background-image":"","background-repeat":"repeat","background-position":"center center","background-size":"auto","background-attachment":"scroll","background-type":"","background-media":"","overlay-type":"","overlay-color":"","overlay-opacity":"","overlay-gradient":""},"tablet":{"background-color":"var(--ast-global-color-4)","background-image":"","background-repeat":"repeat","background-position":"center center","background-size":"auto","background-attachment":"scroll","background-type":"","background-media":"","overlay-type":"","overlay-color":"","overlay-opacity":"","overlay-gradient":""},"mobile":{"background-color":"var(--ast-global-color-4)","background-image":"","background-repeat":"repeat","background-position":"center center","background-size":"auto","background-attachment":"scroll","background-type":"","background-media":"","overlay-type":"","overlay-color":"","overlay-opacity":"","overlay-gradient":""}},"_themeisle_gutenberg_block_has_review":false,"footnotes":""},"class_list":["post-332","page","type-page","status-publish","hentry"],"_links":{"self":[{"href":"https:\/\/escoladigital.madeira.gov.pt\/eb1peilheus\/wp-json\/wp\/v2\/pages\/332","targetHints":{"allow":["GET"]}}],"collection":[{"href":"https:\/\/escoladigital.madeira.gov.pt\/eb1peilheus\/wp-json\/wp\/v2\/pages"}],"about":[{"href":"https:\/\/escoladigital.madeira.gov.pt\/eb1peilheus\/wp-json\/wp\/v2\/types\/page"}],"author":[{"embeddable":true,"href":"https:\/\/escoladigital.madeira.gov.pt\/eb1peilheus\/wp-json\/wp\/v2\/users\/80"}],"replies":[{"embeddable":true,"href":"https:\/\/escoladigital.madeira.gov.pt\/eb1peilheus\/wp-json\/wp\/v2\/comments?post=332"}],"version-history":[{"count":3,"href":"https:\/\/escoladigital.madeira.gov.pt\/eb1peilheus\/wp-json\/wp\/v2\/pages\/332\/revisions"}],"predecessor-version":[{"id":358,"href":"https:\/\/escoladigital.madeira.gov.pt\/eb1peilheus\/wp-json\/wp\/v2\/pages\/332\/revisions\/358"}],"wp:attachment":[{"href":"https:\/\/escoladigital.madeira.gov.pt\/eb1peilheus\/wp-json\/wp\/v2\/media?parent=332"}],"curies":[{"name":"wp","href":"https:\/\/api.w.org\/{rel}","templated":true}]}}