{"id":1112,"date":"2024-08-19T17:04:01","date_gmt":"2024-08-19T17:04:01","guid":{"rendered":"https:\/\/escoladigital.madeira.gov.pt\/eb1peismartinho\/?page_id=1112"},"modified":"2026-02-25T12:52:38","modified_gmt":"2026-02-25T12:52:38","slug":"entrada","status":"publish","type":"page","link":"https:\/\/escoladigital.madeira.gov.pt\/eb1peismartinho\/","title":{"rendered":"Entrada"},"content":{"rendered":"\n<div class=\"wp-block-group alignwide is-content-justification-right is-layout-flex wp-container-core-group-is-layout-fc306653 wp-block-group-is-layout-flex\">\n<div class=\"wp-block-group is-layout-flex wp-container-core-group-is-layout-fbcf6490 wp-block-group-is-layout-flex\">\n<div class=\"wp-block-group is-layout-flow wp-container-core-group-is-layout-47e5a185 wp-block-group-is-layout-flow\"><\/div>\n<\/div>\n<\/div>\n\n\n\n<div style=\"height:206px;width:0px\" aria-hidden=\"true\" class=\"wp-block-spacer\"><\/div>\n\n\n\n<div id=\"wp-block-themeisle-blocks-advanced-columns-e1ca32e1\" class=\"wp-block-themeisle-blocks-advanced-columns alignfull has-1-columns has-desktop-equal-layout has-tablet-equal-layout has-mobile-equal-layout has-vertical-unset\"><div class=\"wp-block-themeisle-blocks-advanced-columns-overlay\"><\/div><div class=\"innerblocks-wrap\">\n<div id=\"wp-block-themeisle-blocks-advanced-column-65b5ef21\" class=\"wp-block-themeisle-blocks-advanced-column\">\n<h1 id=\"wp-block-themeisle-blocks-advanced-heading-bb0c2df7\" class=\"wp-block-themeisle-blocks-advanced-heading wp-block-themeisle-blocks-advanced-heading-bb0c2df7\"> EB1\/PE de S\u00e3o Martinho <\/h1>\n\n\n\n<p class=\"has-text-align-center has-white-color has-text-color\">Educa\u00e7\u00e3o Pr\u00e9-Escolar e 1.\u00ba Ciclo do Ensino B\u00e1sico<\/p>\n\n\n\n<div class=\"wp-block-buttons is-horizontal is-content-justification-center is-layout-flex wp-container-core-buttons-is-layout-03627597 wp-block-buttons-is-layout-flex\">\n<div class=\"wp-block-button is-style-secondary\"><a class=\"wp-block-button__link has-text-color has-background has-link-color has-custom-font-size wp-element-button\" href=\"https:\/\/escoladigital.madeira.gov.pt\/eb1peismartinho\/a-escola\/\" style=\"border-radius:0px;color:#1f2025;background-color:#ffb546;padding-top:20px;padding-right:40px;padding-bottom:20px;padding-left:40px;font-size:15px;font-style:normal;font-weight:700\" target=\"_blank\" rel=\"noreferrer noopener\">A Escola<\/a><\/div>\n<\/div>\n\n\n\n<p><\/p>\n<\/div>\n<\/div><\/div>\n\n\n\n<div class=\"wp-block-group alignfull is-layout-flow wp-block-group-is-layout-flow\" style=\"padding-top:var(--wp--preset--spacing--50);padding-right:var(--wp--preset--spacing--50);padding-bottom:var(--wp--preset--spacing--50);padding-left:var(--wp--preset--spacing--50)\">\n<section id=\"wp-block-themeisle-blocks-advanced-columns-546fa8db\" class=\"wp-block-themeisle-blocks-advanced-columns alignfull has-1-columns has-desktop-equal-layout has-tablet-equal-layout has-mobile-collapsedRows-layout has-vertical-flex-start has-light-bg\"><div class=\"wp-block-themeisle-blocks-advanced-columns-overlay\"><\/div><div class=\"innerblocks-wrap\">\n<div id=\"wp-block-themeisle-blocks-advanced-column-a03592cc\" class=\"wp-block-themeisle-blocks-advanced-column\">\n<div id=\"wp-block-themeisle-blocks-advanced-heading-db071afb\" class=\"wp-block-themeisle-blocks-advanced-heading wp-block-themeisle-blocks-advanced-heading-db071afb\"><strong>APRESENTA\u00c7\u00c3O<\/strong><\/div>\n\n\n\n<p class=\"has-text-align-center has-text-color has-link-color wp-elements-a0b7301624012a5af4f6de8f63b02bff\" style=\"color:#2e3433\">A Escola B\u00e1sica com Pr\u00e9-Escolar de S\u00e3o Martinho \u00e9 um estabelecimento de ensino da rede p\u00fablica da Regi\u00e3o Aut\u00f3noma da Madeira que assegura a Educa\u00e7\u00e3o Pr\u00e9-Escolar e o 1.\u00ba Ciclo do Ensino B\u00e1sico.<\/p>\n\n\n\n<p class=\"has-text-align-center\">Nesta p\u00e1gina encontra o essencial sobre a escola, a sua oferta educativa, documentos institucionais e atividades em destaque.<\/p>\n\n\n\n<div id=\"wp-block-themeisle-blocks-advanced-columns-f0d39e55\" class=\"wp-block-themeisle-blocks-advanced-columns alignfull has-4-columns has-desktop-equal-layout has-tablet-equal-layout has-mobile-collapsedRows-layout has-vertical-unset has-light-bg\"><div class=\"wp-block-themeisle-blocks-advanced-columns-overlay\"><\/div><div class=\"innerblocks-wrap\">\n<div id=\"wp-block-themeisle-blocks-advanced-column-df3a3bbe\" class=\"wp-block-themeisle-blocks-advanced-column has-light-bg\">\n<h3 class=\"wp-block-heading has-text-align-center has-black-color has-text-color\" style=\"margin-top:0px\">Oferta Educativa<\/h3>\n\n\n\n<div class=\"wp-block-buttons is-content-justification-center is-layout-flex wp-container-core-buttons-is-layout-a89b3969 wp-block-buttons-is-layout-flex\">\n<div class=\"wp-block-button\"><a class=\"wp-block-button__link has-ast-global-color-8-color has-text-color has-background has-link-color wp-element-button\" href=\"https:\/\/escoladigital.madeira.gov.pt\/eb1peismartinho\/oferta-educativa\/\" style=\"background-color:#ffb546\">Consultar<\/a><\/div>\n<\/div>\n<\/div>\n\n\n\n<div id=\"wp-block-themeisle-blocks-advanced-column-a92486ee\" class=\"wp-block-themeisle-blocks-advanced-column has-light-bg\">\n<h3 class=\"wp-block-heading has-text-align-center has-black-color has-text-color\" style=\"margin-top:0px\">\u00d3rg\u00e3os de Gest\u00e3o<\/h3>\n\n\n\n<div class=\"wp-block-buttons is-content-justification-center is-layout-flex wp-container-core-buttons-is-layout-a89b3969 wp-block-buttons-is-layout-flex\">\n<div class=\"wp-block-button\"><a class=\"wp-block-button__link has-black-color has-text-color has-background has-link-color wp-element-button\" href=\"https:\/\/escoladigital.madeira.gov.pt\/eb1peismartinho\/orgaos-de-gestao\/\" style=\"background-color:#ffb546\">Consultar<\/a><\/div>\n<\/div>\n<\/div>\n\n\n\n<div id=\"wp-block-themeisle-blocks-advanced-column-0c34f1ca\" class=\"wp-block-themeisle-blocks-advanced-column has-light-bg\">\n<h3 class=\"wp-block-heading has-text-align-center has-black-color has-text-color\" style=\"margin-top:0px\">Documentos Orientadores<\/h3>\n\n\n\n<div class=\"wp-block-buttons is-content-justification-center is-layout-flex wp-container-core-buttons-is-layout-a89b3969 wp-block-buttons-is-layout-flex\">\n<div class=\"wp-block-button\"><a class=\"wp-block-button__link has-black-color has-text-color has-background has-link-color wp-element-button\" href=\"https:\/\/escoladigital.madeira.gov.pt\/eb1peismartinho\/documentos-orientadores\/\" style=\"background-color:#ffb546\">Consultar<\/a><\/div>\n<\/div>\n<\/div>\n\n\n\n<div id=\"wp-block-themeisle-blocks-advanced-column-9a90759c\" class=\"wp-block-themeisle-blocks-advanced-column has-light-bg\">\n<h3 class=\"wp-block-heading has-text-align-center has-black-color has-text-color\" style=\"margin-top:0px\">Informa\u00e7\u00f5es \u00e0 Comunidade Educativa<\/h3>\n\n\n\n<div class=\"wp-block-buttons is-content-justification-center is-layout-flex wp-container-core-buttons-is-layout-a89b3969 wp-block-buttons-is-layout-flex\">\n<div class=\"wp-block-button\"><a class=\"wp-block-button__link has-black-color has-text-color has-background has-link-color wp-element-button\" href=\"https:\/\/escoladigital.madeira.gov.pt\/eb1peismartinho\/informacoes-uteis\/\" style=\"background-color:#ffb546\">Consultar<\/a><\/div>\n<\/div>\n<\/div>\n<\/div><\/div>\n<\/div>\n<\/div><\/section>\n\n\n\n<section id=\"wp-block-themeisle-blocks-advanced-columns-a4b3e5fa\" class=\"wp-block-themeisle-blocks-advanced-columns alignfull has-1-columns has-desktop-equal-layout has-tablet-equal-layout has-mobile-collapsedRows-layout has-vertical-flex-start has-light-bg\"><div class=\"wp-block-themeisle-blocks-advanced-columns-overlay\"><\/div><div class=\"innerblocks-wrap\">\n<div id=\"wp-block-themeisle-blocks-advanced-column-6785efd7\" class=\"wp-block-themeisle-blocks-advanced-column\">\n<div id=\"wp-block-themeisle-blocks-advanced-heading-bdbd255e\" class=\"wp-block-themeisle-blocks-advanced-heading wp-block-themeisle-blocks-advanced-heading-bdbd255e\"><strong>Eventos<\/strong><\/div>\n\n\n\n<p>Consulte as iniciativas e a\u00e7\u00f5es previstas no \u00e2mbito do plano anual da escola.<\/p>\n\n\n\n<div class=\"wp-block-eventon-blocks-evo-eventon-main wp-block-eventon-lite\" style=\"background-color:transparent;color:#808080;padding:20px;border-radius:5px\"><!-- EventON Calendar --><div id='evcal_calendar_239' class='ajde_evcal_calendar sev cev color esty_2 etttc_custom ajax_loading_cal' ><div id='evcal_head' class='calendar_header ' ><div class='evo_cal_above'><span class='evo-gototoday-btn evo_hide' style='display:none;' data-mo='4' data-yr='2026' data-dy=''>Current Month<\/span><span class='evo-sort-btn'><div class='eventon_sort_line' style='display:none'><p data-val='sort_date' data-type='date' class='evs_btn evo_sort_option evs_hide select' >Date<\/p><\/div><\/span><\/div><div class='evo_cal_above_content'><\/div><div class='evo_header_title '><p id='evcal_cur' class='evo_month_title'> april, 2026<\/p><p class='evo_arrows'>\n\t\t\t\t\t<span id='evcal_prev' class='evcal_arrows evcal_btn_prev evodfx evofx_jc_c evofx_ai_c'><i class='fa fa-chevron-left'><\/i><\/span>\n\t\t\t\t\t<span id='evcal_next' class='evcal_arrows evo_arrow_next evcal_btn_next evodfx evofx_jc_c evofx_ai_c'><i class='fa fa-chevron-right'><\/i><\/span>\n\t\t\t\t\t<\/p><\/div><\/div><div class='eventon_sorting_section' style='display:none'><div class='eventon_filter_line '><\/div><div class='clear'><\/div><\/div><div id='eventon_loadbar_section'><div id='eventon_loadbar'><\/div><\/div><div class='evo_ajax_load_events'><span><\/span><span><\/span><span><\/span><\/div><!-- Events List --><div id='evcal_list' \n\t\t\t\t\tclass='eventon_events_list '>\t\t\t<div class='clear'><\/div>\n\t\t\t<\/div>\n\t\t\t<div class='clear'><\/div>\n\t\t\t\n\t\t\t\t\t \t<div id='evcal_footer' class='evo_bottom' style='display:none'>\n\t\t \t\t<div class='evo_cal_data' data-sc='{&quot;accord&quot;:&quot;no&quot;,&quot;bottom_nav&quot;:&quot;no&quot;,&quot;cal_id&quot;:&quot;&quot;,&quot;cal_init_nonajax&quot;:&quot;no&quot;,&quot;calendar_type&quot;:&quot;default&quot;,&quot;ep_fields&quot;:&quot;&quot;,&quot;etc_override&quot;:&quot;no&quot;,&quot;evc_open&quot;:&quot;no&quot;,&quot;event_count&quot;:0,&quot;event_location&quot;:&quot;all&quot;,&quot;event_order&quot;:&quot;ASC&quot;,&quot;event_organizer&quot;:&quot;all&quot;,&quot;event_parts&quot;:&quot;no&quot;,&quot;event_past_future&quot;:&quot;all&quot;,&quot;event_status&quot;:&quot;all&quot;,&quot;event_tag&quot;:&quot;all&quot;,&quot;event_type&quot;:&quot;all&quot;,&quot;event_type_2&quot;:&quot;all&quot;,&quot;event_virtual&quot;:&quot;all&quot;,&quot;eventtop_date_style&quot;:0,&quot;eventtop_style&quot;:&quot;2&quot;,&quot;exp_jumper&quot;:&quot;no&quot;,&quot;exp_so&quot;:&quot;no&quot;,&quot;filter_relationship&quot;:&quot;AND&quot;,&quot;filter_show_set_only&quot;:&quot;no&quot;,&quot;filter_type&quot;:&quot;default&quot;,&quot;filters&quot;:&quot;yes&quot;,&quot;fixed_month&quot;:&quot;4&quot;,&quot;fixed_year&quot;:&quot;2026&quot;,&quot;focus_end_date_range&quot;:&quot;1777589999&quot;,&quot;focus_start_date_range&quot;:&quot;1774998000&quot;,&quot;ft_event_priority&quot;:&quot;no&quot;,&quot;hide_arrows&quot;:&quot;no&quot;,&quot;hide_cancels&quot;:&quot;no&quot;,&quot;hide_empty_months&quot;:&quot;no&quot;,&quot;hide_end_time&quot;:&quot;no&quot;,&quot;hide_et_dn&quot;:&quot;no&quot;,&quot;hide_et_extra&quot;:&quot;no&quot;,&quot;hide_et_tags&quot;:&quot;no&quot;,&quot;hide_et_tl&quot;:&quot;no&quot;,&quot;hide_ft&quot;:&quot;no&quot;,&quot;hide_ft_img&quot;:&quot;no&quot;,&quot;hide_month_headers&quot;:&quot;no&quot;,&quot;hide_mult_occur&quot;:&quot;no&quot;,&quot;hide_past&quot;:&quot;no&quot;,&quot;hide_past_by&quot;:&quot;ee&quot;,&quot;hide_so&quot;:&quot;no&quot;,&quot;ics&quot;:&quot;no&quot;,&quot;jumper&quot;:&quot;no&quot;,&quot;jumper_count&quot;:5,&quot;jumper_offset&quot;:&quot;0&quot;,&quot;lang&quot;:&quot;L1&quot;,&quot;layout_changer&quot;:&quot;no&quot;,&quot;livenow_bar&quot;:&quot;yes&quot;,&quot;mapformat&quot;:&quot;roadmap&quot;,&quot;mapiconurl&quot;:&quot;&quot;,&quot;maps_load&quot;:&quot;yes&quot;,&quot;mapscroll&quot;:&quot;true&quot;,&quot;mapzoom&quot;:&quot;18&quot;,&quot;members_only&quot;:&quot;no&quot;,&quot;ml_priority&quot;:&quot;no&quot;,&quot;month_incre&quot;:0,&quot;number_of_months&quot;:&quot;1&quot;,&quot;only_ft&quot;:&quot;no&quot;,&quot;pec&quot;:&quot;&quot;,&quot;s&quot;:&quot;&quot;,&quot;search&quot;:&quot;&quot;,&quot;search_all&quot;:&quot;no&quot;,&quot;sep_month&quot;:&quot;no&quot;,&quot;show_et_ft_img&quot;:&quot;no&quot;,&quot;show_limit&quot;:&quot;no&quot;,&quot;show_limit_ajax&quot;:&quot;no&quot;,&quot;show_limit_paged&quot;:1,&quot;show_limit_redir&quot;:&quot;&quot;,&quot;show_repeats&quot;:&quot;no&quot;,&quot;show_upcoming&quot;:0,&quot;show_year&quot;:&quot;no&quot;,&quot;social_share&quot;:&quot;no&quot;,&quot;sort_by&quot;:&quot;sort_date&quot;,&quot;tile_bg&quot;:0,&quot;tile_bg_size&quot;:&quot;full&quot;,&quot;tile_count&quot;:2,&quot;tile_height&quot;:0,&quot;tile_style&quot;:0,&quot;tiles&quot;:&quot;no&quot;,&quot;ux_val&quot;:&quot;0&quot;,&quot;wpml_l1&quot;:&quot;&quot;,&quot;wpml_l2&quot;:&quot;&quot;,&quot;wpml_l3&quot;:&quot;&quot;,&quot;yl_priority&quot;:&quot;no&quot;,&quot;fixed_day&quot;:&quot;22&quot;,&quot;_cver&quot;:&quot;2.5.3&quot;}'data-od='{&quot;lang_no_events&quot;:&quot;No Events&quot;,&quot;cal_tz_offset&quot;:60,&quot;cal_tz&quot;:&quot;Europe\\\/London&quot;}'><\/div>\n\t\t \t\t<div class='evo_cal_events' data-events=\"\"><\/div>\n\t\t \t<\/div>\n\t\t\t\t\n\t\t\t\n\t\t\t\n\t\t\t\t\t\t<\/div><!-- EventON End -->\n\t\t\t<\/div>\n\n\n\n<hr class=\"wp-block-separator has-text-color has-luminous-vivid-amber-color has-alpha-channel-opacity has-luminous-vivid-amber-background-color has-background\" \/>\n\n\n\n<div id=\"wp-block-themeisle-blocks-advanced-heading-bf8a1db0\" class=\"wp-block-themeisle-blocks-advanced-heading wp-block-themeisle-blocks-advanced-heading-bf8a1db0\"><strong>Destaques<\/strong><\/div>\n\n\n<div class=\"is-style-tiled wp-block-themeisle-blocks-posts-grid\" id=\"wp-block-themeisle-blocks-posts-grid-0f4d6540\"><div class=\"is-grid o-posts-grid-columns-4\"><div class=\"o-posts-grid-post-blog o-posts-grid-post-plain\"><div class=\"o-posts-grid-post\"><div class=\"o-posts-grid-post-body is-full\"><h4 class=\"o-posts-grid-post-title\"><a href=\"https:\/\/escoladigital.madeira.gov.pt\/eb1peismartinho\/2026\/02\/20\/inscricoes-abertas-atl-da-pascoa-2026\/\">Inscri\u00e7\u00f5es Abertas \u2013 ATL da P\u00e1scoa 2026<\/a><\/h4><\/div><\/div><\/div><div class=\"o-posts-grid-post-blog o-posts-grid-post-plain\"><div class=\"o-posts-grid-post\"><div class=\"o-posts-grid-post-body is-full\"><h4 class=\"o-posts-grid-post-title\"><a href=\"https:\/\/escoladigital.madeira.gov.pt\/eb1peismartinho\/2026\/02\/05\/sessao-de-sensibilizacao-4-o-ano-seguranca-online\/\">Sess\u00e3o de Sensibiliza\u00e7\u00e3o 4.\u00ba ano | Seguran\u00e7a Online<\/a><\/h4><\/div><\/div><\/div><div class=\"o-posts-grid-post-blog o-posts-grid-post-plain\"><div class=\"o-posts-grid-post\"><div class=\"o-posts-grid-post-body is-full\"><h4 class=\"o-posts-grid-post-title\"><a href=\"https:\/\/escoladigital.madeira.gov.pt\/eb1peismartinho\/2026\/01\/09\/sensibilizacao-doencas-infeciosas-e-doencas-de-eviccao-escolar-13-de-janeiro-2026\/\">Sensibiliza\u00e7\u00e3o &#8220;Doen\u00e7as infeciosas e doen\u00e7as de evic\u00e7\u00e3o escolar&#8221;, 13 de janeiro 2026<\/a><\/h4><\/div><\/div><\/div><\/div> <div class=\"o-posts-grid-pag\"><span aria-current=\"page\" class=\"page-numbers current\">1<\/span>\n<a class=\"page-numbers\" href=\"https:\/\/escoladigital.madeira.gov.pt\/eb1peismartinho\/wp-json\/wp\/v2\/pages\/1112\/?paged=2\">2<\/a>\n<a class=\"page-numbers\" href=\"https:\/\/escoladigital.madeira.gov.pt\/eb1peismartinho\/wp-json\/wp\/v2\/pages\/1112\/?paged=3\">3<\/a>\n<span class=\"page-numbers dots\">&hellip;<\/span>\n<a class=\"page-numbers\" href=\"https:\/\/escoladigital.madeira.gov.pt\/eb1peismartinho\/wp-json\/wp\/v2\/pages\/1112\/?paged=20\">20<\/a>\n<a class=\"next page-numbers\" href=\"https:\/\/escoladigital.madeira.gov.pt\/eb1peismartinho\/wp-json\/wp\/v2\/pages\/1112\/?paged=2\">Next<\/a><\/div><\/div>\n\n\n<p class=\"has-text-align-center has-text-color has-link-color wp-elements-856be536d878fa82ecd6898bc788a8a2\" style=\"color:#2e3433\"><\/p>\n<\/div>\n<\/div><\/section>\n\n\n\n<section id=\"wp-block-themeisle-blocks-advanced-columns-4a2861cb\" class=\"wp-block-themeisle-blocks-advanced-columns alignfull has-1-columns has-desktop-equal-layout has-tablet-equal-layout has-mobile-collapsedRows-layout has-vertical-flex-start has-light-bg\"><div class=\"wp-block-themeisle-blocks-advanced-columns-overlay\"><\/div><div class=\"innerblocks-wrap\">\n<div id=\"wp-block-themeisle-blocks-advanced-column-6c36b5c8\" class=\"wp-block-themeisle-blocks-advanced-column\">\n<p><\/p>\n\n\n\n<p class=\"has-text-align-center has-text-color has-link-color wp-elements-856be536d878fa82ecd6898bc788a8a2\" style=\"color:#2e3433\"><\/p>\n<\/div>\n<\/div><\/section>\n<\/div>\n\n\n\n<p><\/p>\n","protected":false},"excerpt":{"rendered":"","protected":false},"author":9,"featured_media":0,"parent":0,"menu_order":0,"comment_status":"closed","ping_status":"closed","template":"","meta":{"site-sidebar-layout":"default","site-content-layout":"","ast-site-content-layout":"default","site-content-style":"default","site-sidebar-style":"default","ast-global-header-display":"","ast-banner-title-visibility":"","ast-main-header-display":"","ast-hfb-above-header-display":"","ast-hfb-below-header-display":"","ast-hfb-mobile-header-display":"","site-post-title":"disabled","ast-breadcrumbs-content":"","ast-featured-img":"","footer-sml-layout":"","ast-disable-related-posts":"","theme-transparent-header-meta":"","adv-header-id-meta":"","stick-header-meta":"","header-above-stick-meta":"","header-main-stick-meta":"","header-below-stick-meta":"","astra-migrate-meta-layouts":"default","ast-page-background-enabled":"default","ast-page-background-meta":{"desktop":{"background-color":"var(--ast-global-color-4)","background-image":"","background-repeat":"repeat","background-position":"center center","background-size":"auto","background-attachment":"scroll","background-type":"","background-media":"","overlay-type":"","overlay-color":"","overlay-opacity":"","overlay-gradient":""},"tablet":{"background-color":"","background-image":"","background-repeat":"repeat","background-position":"center center","background-size":"auto","background-attachment":"scroll","background-type":"","background-media":"","overlay-type":"","overlay-color":"","overlay-opacity":"","overlay-gradient":""},"mobile":{"background-color":"","background-image":"","background-repeat":"repeat","background-position":"center center","background-size":"auto","background-attachment":"scroll","background-type":"","background-media":"","overlay-type":"","overlay-color":"","overlay-opacity":"","overlay-gradient":""}},"ast-content-background-meta":{"desktop":{"background-color":"var(--ast-global-color-5)","background-image":"","background-repeat":"repeat","background-position":"center center","background-size":"auto","background-attachment":"scroll","background-type":"","background-media":"","overlay-type":"","overlay-color":"","overlay-opacity":"","overlay-gradient":""},"tablet":{"background-color":"var(--ast-global-color-5)","background-image":"","background-repeat":"repeat","background-position":"center center","background-size":"auto","background-attachment":"scroll","background-type":"","background-media":"","overlay-type":"","overlay-color":"","overlay-opacity":"","overlay-gradient":""},"mobile":{"background-color":"var(--ast-global-color-5)","background-image":"","background-repeat":"repeat","background-position":"center center","background-size":"auto","background-attachment":"scroll","background-type":"","background-media":"","overlay-type":"","overlay-color":"","overlay-opacity":"","overlay-gradient":""}},"_themeisle_gutenberg_block_has_review":false,"footnotes":""},"class_list":["post-1112","page","type-page","status-publish","hentry"],"_links":{"self":[{"href":"https:\/\/escoladigital.madeira.gov.pt\/eb1peismartinho\/wp-json\/wp\/v2\/pages\/1112","targetHints":{"allow":["GET"]}}],"collection":[{"href":"https:\/\/escoladigital.madeira.gov.pt\/eb1peismartinho\/wp-json\/wp\/v2\/pages"}],"about":[{"href":"https:\/\/escoladigital.madeira.gov.pt\/eb1peismartinho\/wp-json\/wp\/v2\/types\/page"}],"author":[{"embeddable":true,"href":"https:\/\/escoladigital.madeira.gov.pt\/eb1peismartinho\/wp-json\/wp\/v2\/users\/9"}],"replies":[{"embeddable":true,"href":"https:\/\/escoladigital.madeira.gov.pt\/eb1peismartinho\/wp-json\/wp\/v2\/comments?post=1112"}],"version-history":[{"count":107,"href":"https:\/\/escoladigital.madeira.gov.pt\/eb1peismartinho\/wp-json\/wp\/v2\/pages\/1112\/revisions"}],"predecessor-version":[{"id":3170,"href":"https:\/\/escoladigital.madeira.gov.pt\/eb1peismartinho\/wp-json\/wp\/v2\/pages\/1112\/revisions\/3170"}],"wp:attachment":[{"href":"https:\/\/escoladigital.madeira.gov.pt\/eb1peismartinho\/wp-json\/wp\/v2\/media?parent=1112"}],"curies":[{"name":"wp","href":"https:\/\/api.w.org\/{rel}","templated":true}]}}