{"id":14,"date":"2023-12-16T18:13:43","date_gmt":"2023-12-16T18:13:43","guid":{"rendered":"https:\/\/escoladigital.madeira.gov.pt\/eb1peismartinho\/?page_id=14"},"modified":"2026-02-22T17:59:16","modified_gmt":"2026-02-22T17:59:16","slug":"a-escola","status":"publish","type":"page","link":"https:\/\/escoladigital.madeira.gov.pt\/eb1peismartinho\/a-escola\/","title":{"rendered":"Escola"},"content":{"rendered":"\n<div style=\"height:226px\" aria-hidden=\"true\" class=\"wp-block-spacer\"><\/div>\n\n\n\n\n\n<section id=\"wp-block-themeisle-blocks-advanced-columns-9ac3ae90\" class=\"wp-block-themeisle-blocks-advanced-columns alignfull has-2-columns has-desktop-equal-layout has-tablet-equal-layout has-mobile-collapsedRows-layout has-vertical-center has-light-bg\"><div class=\"wp-block-themeisle-blocks-advanced-columns-overlay\"><\/div><div class=\"innerblocks-wrap\">\n<div id=\"wp-block-themeisle-blocks-advanced-column-9bb4678f\" class=\"wp-block-themeisle-blocks-advanced-column\">\n<figure class=\"wp-block-image size-large has-custom-border is-style-default\"><img fetchpriority=\"high\" decoding=\"async\" width=\"1024\" height=\"566\" src=\"https:\/\/escoladigital.madeira.gov.pt\/eb1peismartinho\/wp-content\/uploads\/sites\/7\/2024\/08\/escola_pintada-Photoroom-1024x566.png\" alt=\"\" class=\"has-border-color has-ast-global-color-6-border-color wp-image-1085\" style=\"border-width:2px;border-top-left-radius:26px;border-top-right-radius:26px;border-bottom-left-radius:26px;border-bottom-right-radius:26px;box-shadow:none\" srcset=\"https:\/\/escoladigital.madeira.gov.pt\/eb1peismartinho\/wp-content\/uploads\/sites\/7\/2024\/08\/escola_pintada-Photoroom-1024x566.png 1024w, https:\/\/escoladigital.madeira.gov.pt\/eb1peismartinho\/wp-content\/uploads\/sites\/7\/2024\/08\/escola_pintada-Photoroom-300x166.png 300w, https:\/\/escoladigital.madeira.gov.pt\/eb1peismartinho\/wp-content\/uploads\/sites\/7\/2024\/08\/escola_pintada-Photoroom-768x424.png 768w, https:\/\/escoladigital.madeira.gov.pt\/eb1peismartinho\/wp-content\/uploads\/sites\/7\/2024\/08\/escola_pintada-Photoroom.png 1280w\" sizes=\"(max-width: 1024px) 100vw, 1024px\" \/><\/figure>\n<\/div>\n\n\n\n<div id=\"wp-block-themeisle-blocks-advanced-column-6dcd8921\" class=\"wp-block-themeisle-blocks-advanced-column\">\n<div id=\"wp-block-themeisle-blocks-advanced-heading-6c62b82e\" class=\"wp-block-themeisle-blocks-advanced-heading wp-block-themeisle-blocks-advanced-heading-6c62b82e\"><strong>Estabelecimento de Educa\u00e7\u00e3o Pr\u00e9-Escolar e 1.\u00ba Ciclo do Ensino B\u00e1sico<\/strong><\/div>\n\n\n\n<h2 class=\"wp-block-heading has-text-align-left has-text-color has-link-color wp-elements-92f4bc0346f4a6dadded56c81468347c\" style=\"color:#080808\">EB1\/PE de S\u00e3o Martinho<\/h2>\n\n\n\n<p class=\"has-text-align-left has-text-color has-link-color wp-elements-e744aeb260c316c3798b2ea1e17b4986\" style=\"color:#080808\">A Escola B\u00e1sica do 1.\u00ba Ciclo com Pr\u00e9-Escolar da Freguesia de S\u00e3o Martinho \u00e9 um estabelecimento de ensino p\u00fablico integrado na rede escolar da Regi\u00e3o Aut\u00f3noma da Madeira.<\/p>\n\n\n\n<p class=\"has-text-align-left has-text-color has-link-color wp-elements-1dd1a630f4d7050124f176dd9d6086ef\" style=\"color:#080808\">Desenvolve a sua a\u00e7\u00e3o educativa no \u00e2mbito da Educa\u00e7\u00e3o Pr\u00e9-Escolar e do 1.\u00ba Ciclo do Ensino B\u00e1sico.<\/p>\n\n\n\n<div class=\"wp-block-buttons is-layout-flex wp-block-buttons-is-layout-flex\">\n<div class=\"wp-block-button is-style-outline is-style-outline--1\"><a class=\"wp-block-button__link has-ast-global-color-3-color has-text-color has-link-color wp-element-button\" href=\"https:\/\/escoladigital.madeira.gov.pt\/eb1peismartinho\/caracterizacao-da-escola\/\">Caracteriza\u00e7\u00e3o da escola<\/a><\/div>\n<\/div>\n<\/div>\n<\/div><\/section>\n\n\n\n<section id=\"wp-block-themeisle-blocks-advanced-columns-62aa51fe\" class=\"wp-block-themeisle-blocks-advanced-columns alignfull has-1-columns has-desktop-equal-layout has-tablet-equal-layout has-mobile-equal-layout has-vertical-flex-start has-light-bg\"><div class=\"wp-block-themeisle-blocks-advanced-columns-overlay\"><\/div><div class=\"innerblocks-wrap\">\n<div id=\"wp-block-themeisle-blocks-advanced-column-f169ec21\" class=\"wp-block-themeisle-blocks-advanced-column\">\n<div id=\"wp-block-themeisle-blocks-advanced-heading-841ad91e\" class=\"wp-block-themeisle-blocks-advanced-heading wp-block-themeisle-blocks-advanced-heading-841ad91e\">MISS\u00e3o<\/div>\n\n\n\n<hr class=\"wp-block-separator has-text-color has-vivid-red-color has-alpha-channel-opacity has-vivid-red-background-color has-background\" \/>\n\n\n\n<p class=\"has-text-align-center has-text-color has-link-color wp-elements-e266ffcc37dc5a552a2c501ec9500ab0\" style=\"color:#080808\">A escola tem como miss\u00e3o promover uma educa\u00e7\u00e3o de qualidade para todos, adaptada \u00e0s exig\u00eancias de uma sociedade em constante evolu\u00e7\u00e3o, que respeite as necessidades e potencialidades de cada aluno.<\/p>\n\n\n\n<p class=\"has-text-align-center has-text-color has-link-color wp-elements-12b41ced3c6890fc316ff26e3b5a5ace\" style=\"color:#080808\">Pretende-se formar cidad\u00e3os aut\u00f3nomos, cr\u00edticos, participativos, respons\u00e1veis e ativos, respeitando os quatro pilares da educa\u00e7\u00e3o, nomeadamente: aprender a conhecer, aprender a fazer, o aprender a viver com os outros e aprender a ser.<\/p>\n<\/div>\n<\/div><\/section>\n\n\n\n<section id=\"wp-block-themeisle-blocks-advanced-columns-7a634d0a\" class=\"wp-block-themeisle-blocks-advanced-columns alignfull has-1-columns has-desktop-equal-layout has-tablet-equal-layout has-mobile-equal-layout has-vertical-flex-start has-light-bg\"><div class=\"wp-block-themeisle-blocks-advanced-columns-overlay\"><\/div><div class=\"innerblocks-wrap\">\n<div id=\"wp-block-themeisle-blocks-advanced-column-7130922e\" class=\"wp-block-themeisle-blocks-advanced-column\">\n<div id=\"wp-block-themeisle-blocks-advanced-heading-a6c7fbd8\" class=\"wp-block-themeisle-blocks-advanced-heading wp-block-themeisle-blocks-advanced-heading-a6c7fbd8\">ViS\u00e3o<\/div>\n\n\n\n<hr class=\"wp-block-separator has-text-color has-vivid-red-color has-alpha-channel-opacity has-vivid-red-background-color has-background\" \/>\n\n\n\n<p class=\"has-text-align-center has-text-color has-link-color wp-elements-671dac773e4c6f4b476155b9ab36ad27\" style=\"color:#080808\">Aspiramos ser uma Escola acolhedora e segura que prepare cidad\u00e3os para o exerc\u00edcio de uma cidadania plena, construtores de uma sociedade mais justa e equilibrada.<\/p>\n<\/div>\n<\/div><\/section>\n\n\n\n<section id=\"wp-block-themeisle-blocks-advanced-columns-85baf785\" class=\"wp-block-themeisle-blocks-advanced-columns alignfull has-1-columns has-desktop-equal-layout has-tablet-equal-layout has-mobile-equal-layout has-vertical-flex-start has-light-bg\"><div class=\"wp-block-themeisle-blocks-advanced-columns-overlay\"><\/div><div class=\"innerblocks-wrap\">\n<div id=\"wp-block-themeisle-blocks-advanced-column-6fc9854a\" class=\"wp-block-themeisle-blocks-advanced-column\">\n<div id=\"wp-block-themeisle-blocks-advanced-heading-cba02eb6\" class=\"wp-block-themeisle-blocks-advanced-heading wp-block-themeisle-blocks-advanced-heading-cba02eb6\">Valores<\/div>\n\n\n\n<hr class=\"wp-block-separator has-text-color has-vivid-red-color has-alpha-channel-opacity has-vivid-red-background-color has-background\" \/>\n\n\n\n<p class=\"has-text-align-left has-text-color has-link-color wp-elements-faaf91119be0ee1a11851918c339d919\" style=\"color:#080808\">A Escola baseia a sua a\u00e7\u00e3o na aquisi\u00e7\u00e3o e no desenvolvimento de valores essenciais ao ser humano, tais como:<\/p>\n\n\n\n<p><strong>Inclus\u00e3o<\/strong> \u2013 numa perspetiva de aceita\u00e7\u00e3o e valoriza\u00e7\u00e3o da diferen\u00e7a; <\/p>\n\n\n\n<p><strong>Responsabilidade<\/strong> \u2013 numa atitude de reflex\u00e3o e de assumir os seus atos; <\/p>\n\n\n\n<p><strong>Liberdade<\/strong> \u2013 respeitando a autonomia de si pr\u00f3prio e do outro; <\/p>\n\n\n\n<p><strong>Integridade<\/strong> &#8211; formar cidad\u00e3os honestos e justos;<\/p>\n\n\n\n<p><strong>Civismo<\/strong> \u2013 atitudes de cortesia e respeito para com os outros.<\/p>\n<\/div>\n<\/div><\/section>\n\n\n\n<section id=\"wp-block-themeisle-blocks-advanced-columns-a5663609\" class=\"wp-block-themeisle-blocks-advanced-columns alignfull has-1-columns has-desktop-equal-layout has-tablet-equal-layout has-mobile-equal-layout has-vertical-flex-start has-light-bg\"><div class=\"wp-block-themeisle-blocks-advanced-columns-overlay\"><\/div><div class=\"innerblocks-wrap\">\n<div id=\"wp-block-themeisle-blocks-advanced-column-4c4fd106\" class=\"wp-block-themeisle-blocks-advanced-column\">\n<section id=\"wp-block-themeisle-blocks-advanced-columns-0eb219a1\" class=\"wp-block-themeisle-blocks-advanced-columns has-3-columns has-desktop-equal-layout has-tablet-equal-layout has-mobile-collapsedRows-layout has-vertical-flex-start\"><div class=\"wp-block-themeisle-blocks-advanced-columns-overlay\"><\/div><div class=\"innerblocks-wrap\">\n<div id=\"wp-block-themeisle-blocks-advanced-column-dce98669\" class=\"wp-block-themeisle-blocks-advanced-column\">\n<h3 class=\"wp-block-heading has-text-align-center has-text-color has-link-color wp-elements-25cab66c136717e5ffd6b3f0dcf739d1\" style=\"color:#080808\">Projeto Educativo<\/h3>\n\n\n\n<p class=\"has-text-align-center has-text-color has-link-color wp-elements-cb83cb03bc047332b37fae471d52e4df\" style=\"color:#080808\">Documento estruturante que define a identidade da escola, os seus valores, objetivos estrat\u00e9gicos e linhas orientadoras da a\u00e7\u00e3o educativa.<\/p>\n\n\n\n<div class=\"wp-block-buttons is-content-justification-center is-layout-flex wp-container-core-buttons-is-layout-a89b3969 wp-block-buttons-is-layout-flex\">\n<div class=\"wp-block-button is-style-primary\"><a class=\"wp-block-button__link has-text-color has-background has-link-color wp-element-button\" href=\"https:\/\/escoladigital.madeira.gov.pt\/eb1peismartinho\/wp-content\/uploads\/sites\/7\/2026\/01\/PEE_2024-2028_EB1SMARTINHO.pdf\" style=\"border-radius:22px;color:#080808;background-color:#f0a733\" target=\"_blank\" rel=\"noreferrer noopener\">Consultar<\/a><\/div>\n<\/div>\n<\/div>\n\n\n\n<div id=\"wp-block-themeisle-blocks-advanced-column-840de2b2\" class=\"wp-block-themeisle-blocks-advanced-column\">\n<h3 class=\"wp-block-heading has-text-align-center has-text-color has-link-color wp-elements-7c76bc8234176354c368646cf69b7ca6\" style=\"color:#080808\">\u00d3rg\u00e3os de Gest\u00e3o<\/h3>\n\n\n\n<p class=\"has-text-align-center has-text-color has-link-color wp-elements-373169f3201e854fdc3c31d58fd321fa\" style=\"color:#080808\">Estruturas respons\u00e1veis pela dire\u00e7\u00e3o, coordena\u00e7\u00e3o e gest\u00e3o pedag\u00f3gica, administrativa e organizacional da escola, nos termos da legisla\u00e7\u00e3o em vigor.<\/p>\n\n\n\n<div class=\"wp-block-buttons is-content-justification-center is-layout-flex wp-container-core-buttons-is-layout-a89b3969 wp-block-buttons-is-layout-flex\">\n<div class=\"wp-block-button is-style-primary\"><a class=\"wp-block-button__link has-text-color has-background has-link-color wp-element-button\" href=\"https:\/\/escoladigital.madeira.gov.pt\/eb1peismartinho\/orgaos-de-gestao\/\" style=\"border-radius:22px;color:#080808;background-color:#f0a733\" target=\"_blank\" rel=\"noreferrer noopener\">Consultar<\/a><\/div>\n<\/div>\n<\/div>\n\n\n\n<div id=\"wp-block-themeisle-blocks-advanced-column-2e2d3255\" class=\"wp-block-themeisle-blocks-advanced-column\">\n<h3 class=\"wp-block-heading has-text-align-center has-text-color has-link-color wp-elements-5e24e1476b77ce73393711922fe4eed1\" style=\"color:#080808\">Oferta Educativa<\/h3>\n\n\n\n<p class=\"has-text-align-center\">Educa\u00e7\u00e3o Pr\u00e9-Escolar e 1.\u00ba Ciclo do Ensino B\u00e1sico, incluindo componentes curriculares, atividades de enriquecimento curricular e projetos de apoio ao desenvolvimento dos alunos.<\/p>\n\n\n\n<div class=\"wp-block-buttons is-content-justification-center is-layout-flex wp-container-core-buttons-is-layout-a89b3969 wp-block-buttons-is-layout-flex\">\n<div class=\"wp-block-button is-style-primary\"><a class=\"wp-block-button__link has-text-color has-background has-link-color wp-element-button\" href=\"https:\/\/escoladigital.madeira.gov.pt\/eb1peismartinho\/oferta-educativa\/\" style=\"border-radius:22px;color:#080808;background-color:#f0a733\" target=\"_blank\" rel=\"noreferrer noopener\">Consultar<\/a><\/div>\n<\/div>\n<\/div>\n<\/div><\/section>\n\n\n\n<section id=\"wp-block-themeisle-blocks-advanced-columns-804164d0\" class=\"wp-block-themeisle-blocks-advanced-columns has-3-columns has-desktop-equal-layout has-tablet-equal-layout has-mobile-collapsedRows-layout has-vertical-flex-start\"><div class=\"wp-block-themeisle-blocks-advanced-columns-overlay\"><\/div><div class=\"innerblocks-wrap\">\n<div id=\"wp-block-themeisle-blocks-advanced-column-0dc379eb\" class=\"wp-block-themeisle-blocks-advanced-column\">\n<h3 class=\"wp-block-heading has-text-align-center has-text-color has-link-color wp-elements-510433cfd7f71ff65f5a33838e332e1a\" style=\"color:#080808\">Projetos e Atividades<\/h3>\n\n\n\n<p class=\"has-text-align-center has-text-color has-link-color wp-elements-f337519c4d795cccab08e87e9130ebeb\" style=\"color:#080808\">Conjunto de projetos educativos, pedag\u00f3gicos e transversais desenvolvidos no \u00e2mbito do Plano Anual de Atividades, em articula\u00e7\u00e3o com o Projeto Educativo.<\/p>\n\n\n\n<div class=\"wp-block-buttons is-content-justification-center is-layout-flex wp-container-core-buttons-is-layout-a89b3969 wp-block-buttons-is-layout-flex\">\n<div class=\"wp-block-button is-style-primary\"><a class=\"wp-block-button__link has-text-color has-background has-link-color wp-element-button\" href=\"https:\/\/escoladigital.madeira.gov.pt\/eb1peismartinho\/projetos-da-escola\/\" style=\"border-radius:22px;color:#080808;background-color:#f0a733\" target=\"_blank\" rel=\"noreferrer noopener\">Consultar<\/a><\/div>\n<\/div>\n<\/div>\n\n\n\n<div id=\"wp-block-themeisle-blocks-advanced-column-598d6ee8\" class=\"wp-block-themeisle-blocks-advanced-column\">\n<h3 class=\"wp-block-heading has-text-align-center has-text-color has-link-color wp-elements-5b339cbbcfdbfbc791f1004921ae76bf\" style=\"color:#080808\">Informa\u00e7\u00f5es \u00dateis<\/h3>\n\n\n\n<p class=\"has-text-align-center has-text-color has-link-color wp-elements-e4351b46f49686b440aa2442dfb27519\" style=\"color:#080808\">Informa\u00e7\u00e3o relevante para a comunidade educativa, incluindo hor\u00e1rios de funcionamento, calend\u00e1rio escolar, servi\u00e7os e outros procedimentos administrativos.<\/p>\n\n\n\n<div class=\"wp-block-buttons is-content-justification-center is-layout-flex wp-container-core-buttons-is-layout-a89b3969 wp-block-buttons-is-layout-flex\">\n<div class=\"wp-block-button is-style-primary\"><a class=\"wp-block-button__link has-text-color has-background has-link-color wp-element-button\" href=\"https:\/\/escoladigital.madeira.gov.pt\/eb1peismartinho\/informacoes-uteis\/\" style=\"border-radius:22px;color:#080808;background-color:#f0a733\" target=\"_blank\" rel=\"noreferrer noopener\">Consultar<\/a><\/div>\n<\/div>\n<\/div>\n\n\n\n<div id=\"wp-block-themeisle-blocks-advanced-column-c2a37703\" class=\"wp-block-themeisle-blocks-advanced-column\">\n<h3 class=\"wp-block-heading has-text-align-center has-text-color has-link-color wp-elements-2dcf5de9cc629b4f93b82b6bdd2a0cc2\" style=\"color:#080808\">Documentos<\/h3>\n\n\n\n<p class=\"has-text-align-center has-text-color has-link-color wp-elements-84dcace620743bd4fd618af7daea6220\" style=\"color:#080808\">Regulamentos, planos e demais documentos institucionais que enquadram o funcionamento da escola e a sua a\u00e7\u00e3o educativa.<\/p>\n\n\n\n<div class=\"wp-block-buttons is-content-justification-center is-layout-flex wp-container-core-buttons-is-layout-a89b3969 wp-block-buttons-is-layout-flex\">\n<div class=\"wp-block-button is-style-primary\"><a class=\"wp-block-button__link has-text-color has-background has-link-color wp-element-button\" href=\"https:\/\/escoladigital.madeira.gov.pt\/eb1peismartinho\/documentos-orientadores\/\" style=\"border-radius:22px;color:#080808;background-color:#f0a733\" target=\"_blank\" rel=\"noreferrer noopener\">Consultar<\/a><\/div>\n<\/div>\n<\/div>\n<\/div><\/section>\n<\/div>\n<\/div><\/section>\n\n\n\n<section id=\"wp-block-themeisle-blocks-advanced-columns-5bf726c2\" class=\"wp-block-themeisle-blocks-advanced-columns alignfull has-2-columns has-desktop-equal-layout has-tablet-equal-layout has-mobile-collapsedRows-layout has-vertical-center has-dark-bg\"><div class=\"wp-block-themeisle-blocks-advanced-columns-overlay\"><\/div><div class=\"innerblocks-wrap\">\n<div id=\"wp-block-themeisle-blocks-advanced-column-1ecc9713\" class=\"wp-block-themeisle-blocks-advanced-column\">\n<h2 class=\"wp-block-heading has-text-align-left has-text-color\" style=\"color:#ffffff\">Comunidade Educativa<\/h2>\n\n\n\n<p class=\"has-text-align-left has-text-color\" style=\"color:#ffffff\">A EB1\/PE de S\u00e3o Martinho promove a coopera\u00e7\u00e3o entre os diferentes intervenientes da comunidade educativa, assegurando a participa\u00e7\u00e3o dos encarregados de educa\u00e7\u00e3o, entidades locais e parceiros institucionais no desenvolvimento da a\u00e7\u00e3o educativa.<\/p>\n\n\n\n<div class=\"wp-block-buttons is-layout-flex wp-block-buttons-is-layout-flex\">\n<div class=\"wp-block-button is-style-primary\"><a class=\"wp-block-button__link has-text-color has-background has-link-color wp-element-button\" href=\"https:\/\/escoladigital.madeira.gov.pt\/eb1peismartinho\/contatos\/\" style=\"border-radius:22px;color:#080808;background-color:#f0a733\" target=\"_blank\" rel=\"noreferrer noopener\">Contatos e Hor\u00e1rio de Funcionamento<\/a><\/div>\n<\/div>\n<\/div>\n\n\n\n<div id=\"wp-block-themeisle-blocks-advanced-column-c7307024\" class=\"wp-block-themeisle-blocks-advanced-column\">\n<figure class=\"wp-block-gallery has-nested-images columns-2 is-cropped wp-block-gallery-2 is-layout-flex wp-block-gallery-is-layout-flex\">\n<figure class=\"wp-block-image size-full\"><img decoding=\"async\" width=\"1176\" height=\"1194\" data-id=\"518\" src=\"https:\/\/escoladigital.madeira.gov.pt\/eb1peismartinho\/wp-content\/uploads\/sites\/7\/2024\/02\/Sala_Futuro_EBSM.jpeg\" alt=\"\" class=\"wp-image-518\" srcset=\"https:\/\/escoladigital.madeira.gov.pt\/eb1peismartinho\/wp-content\/uploads\/sites\/7\/2024\/02\/Sala_Futuro_EBSM.jpeg 1176w, https:\/\/escoladigital.madeira.gov.pt\/eb1peismartinho\/wp-content\/uploads\/sites\/7\/2024\/02\/Sala_Futuro_EBSM-295x300.jpeg 295w, https:\/\/escoladigital.madeira.gov.pt\/eb1peismartinho\/wp-content\/uploads\/sites\/7\/2024\/02\/Sala_Futuro_EBSM-1009x1024.jpeg 1009w, https:\/\/escoladigital.madeira.gov.pt\/eb1peismartinho\/wp-content\/uploads\/sites\/7\/2024\/02\/Sala_Futuro_EBSM-768x780.jpeg 768w\" sizes=\"(max-width: 1176px) 100vw, 1176px\" \/><\/figure>\n\n\n\n<figure class=\"wp-block-image size-medium\"><img decoding=\"async\" width=\"221\" height=\"300\" data-id=\"809\" src=\"https:\/\/escoladigital.madeira.gov.pt\/eb1peismartinho\/wp-content\/uploads\/sites\/7\/2024\/03\/Bandeiras-e1711140131705-221x300.jpg\" alt=\"\" class=\"wp-image-809\" \/><\/figure>\n\n\n\n<figure class=\"wp-block-image size-full\"><img loading=\"lazy\" decoding=\"async\" width=\"2048\" height=\"1536\" data-id=\"1339\" src=\"https:\/\/escoladigital.madeira.gov.pt\/eb1peismartinho\/wp-content\/uploads\/sites\/7\/2024\/10\/WhatsApp-Image-2024-10-18-at-21.23.49.jpeg\" alt=\"\" class=\"wp-image-1339\" srcset=\"https:\/\/escoladigital.madeira.gov.pt\/eb1peismartinho\/wp-content\/uploads\/sites\/7\/2024\/10\/WhatsApp-Image-2024-10-18-at-21.23.49.jpeg 2048w, https:\/\/escoladigital.madeira.gov.pt\/eb1peismartinho\/wp-content\/uploads\/sites\/7\/2024\/10\/WhatsApp-Image-2024-10-18-at-21.23.49-300x225.jpeg 300w, https:\/\/escoladigital.madeira.gov.pt\/eb1peismartinho\/wp-content\/uploads\/sites\/7\/2024\/10\/WhatsApp-Image-2024-10-18-at-21.23.49-1024x768.jpeg 1024w, https:\/\/escoladigital.madeira.gov.pt\/eb1peismartinho\/wp-content\/uploads\/sites\/7\/2024\/10\/WhatsApp-Image-2024-10-18-at-21.23.49-768x576.jpeg 768w, https:\/\/escoladigital.madeira.gov.pt\/eb1peismartinho\/wp-content\/uploads\/sites\/7\/2024\/10\/WhatsApp-Image-2024-10-18-at-21.23.49-1536x1152.jpeg 1536w\" sizes=\"(max-width: 2048px) 100vw, 2048px\" \/><\/figure>\n\n\n\n<figure class=\"wp-block-image size-full\"><img loading=\"lazy\" decoding=\"async\" width=\"800\" height=\"1280\" data-id=\"261\" src=\"https:\/\/escoladigital.madeira.gov.pt\/eb1peismartinho\/wp-content\/uploads\/sites\/7\/2024\/01\/WhatsApp-Image-2024-01-28-at-11.26.22-1.jpeg\" alt=\"\" class=\"wp-image-261\" srcset=\"https:\/\/escoladigital.madeira.gov.pt\/eb1peismartinho\/wp-content\/uploads\/sites\/7\/2024\/01\/WhatsApp-Image-2024-01-28-at-11.26.22-1.jpeg 800w, https:\/\/escoladigital.madeira.gov.pt\/eb1peismartinho\/wp-content\/uploads\/sites\/7\/2024\/01\/WhatsApp-Image-2024-01-28-at-11.26.22-1-188x300.jpeg 188w, https:\/\/escoladigital.madeira.gov.pt\/eb1peismartinho\/wp-content\/uploads\/sites\/7\/2024\/01\/WhatsApp-Image-2024-01-28-at-11.26.22-1-640x1024.jpeg 640w, https:\/\/escoladigital.madeira.gov.pt\/eb1peismartinho\/wp-content\/uploads\/sites\/7\/2024\/01\/WhatsApp-Image-2024-01-28-at-11.26.22-1-768x1229.jpeg 768w\" sizes=\"(max-width: 800px) 100vw, 800px\" \/><\/figure>\n<\/figure>\n<\/div>\n<\/div><\/section>\n\n\n\n<div style=\"height:66px\" aria-hidden=\"true\" class=\"wp-block-spacer\"><\/div>\n\n\n\n<p><\/p>\n\n\n\n<div style=\"height:100px\" aria-hidden=\"true\" class=\"wp-block-spacer\"><\/div>\n","protected":false},"excerpt":{"rendered":"","protected":false},"author":9,"featured_media":0,"parent":0,"menu_order":0,"comment_status":"closed","ping_status":"closed","template":"","meta":{"site-sidebar-layout":"default","site-content-layout":"","ast-site-content-layout":"default","site-content-style":"default","site-sidebar-style":"default","ast-global-header-display":"","ast-banner-title-visibility":"","ast-main-header-display":"","ast-hfb-above-header-display":"","ast-hfb-below-header-display":"","ast-hfb-mobile-header-display":"","site-post-title":"disabled","ast-breadcrumbs-content":"","ast-featured-img":"","footer-sml-layout":"","ast-disable-related-posts":"","theme-transparent-header-meta":"","adv-header-id-meta":"","stick-header-meta":"","header-above-stick-meta":"","header-main-stick-meta":"","header-below-stick-meta":"","astra-migrate-meta-layouts":"default","ast-page-background-enabled":"default","ast-page-background-meta":{"desktop":{"background-color":"var(--ast-global-color-4)","background-image":"","background-repeat":"repeat","background-position":"center center","background-size":"auto","background-attachment":"scroll","background-type":"","background-media":"","overlay-type":"","overlay-color":"","overlay-opacity":"","overlay-gradient":""},"tablet":{"background-color":"","background-image":"","background-repeat":"repeat","background-position":"center center","background-size":"auto","background-attachment":"scroll","background-type":"","background-media":"","overlay-type":"","overlay-color":"","overlay-opacity":"","overlay-gradient":""},"mobile":{"background-color":"","background-image":"","background-repeat":"repeat","background-position":"center center","background-size":"auto","background-attachment":"scroll","background-type":"","background-media":"","overlay-type":"","overlay-color":"","overlay-opacity":"","overlay-gradient":""}},"ast-content-background-meta":{"desktop":{"background-color":"var(--ast-global-color-5)","background-image":"","background-repeat":"repeat","background-position":"center center","background-size":"auto","background-attachment":"scroll","background-type":"","background-media":"","overlay-type":"","overlay-color":"","overlay-opacity":"","overlay-gradient":""},"tablet":{"background-color":"var(--ast-global-color-5)","background-image":"","background-repeat":"repeat","background-position":"center center","background-size":"auto","background-attachment":"scroll","background-type":"","background-media":"","overlay-type":"","overlay-color":"","overlay-opacity":"","overlay-gradient":""},"mobile":{"background-color":"var(--ast-global-color-5)","background-image":"","background-repeat":"repeat","background-position":"center center","background-size":"auto","background-attachment":"scroll","background-type":"","background-media":"","overlay-type":"","overlay-color":"","overlay-opacity":"","overlay-gradient":""}},"_themeisle_gutenberg_block_has_review":false,"footnotes":""},"class_list":["post-14","page","type-page","status-publish","hentry"],"_links":{"self":[{"href":"https:\/\/escoladigital.madeira.gov.pt\/eb1peismartinho\/wp-json\/wp\/v2\/pages\/14","targetHints":{"allow":["GET"]}}],"collection":[{"href":"https:\/\/escoladigital.madeira.gov.pt\/eb1peismartinho\/wp-json\/wp\/v2\/pages"}],"about":[{"href":"https:\/\/escoladigital.madeira.gov.pt\/eb1peismartinho\/wp-json\/wp\/v2\/types\/page"}],"author":[{"embeddable":true,"href":"https:\/\/escoladigital.madeira.gov.pt\/eb1peismartinho\/wp-json\/wp\/v2\/users\/9"}],"replies":[{"embeddable":true,"href":"https:\/\/escoladigital.madeira.gov.pt\/eb1peismartinho\/wp-json\/wp\/v2\/comments?post=14"}],"version-history":[{"count":59,"href":"https:\/\/escoladigital.madeira.gov.pt\/eb1peismartinho\/wp-json\/wp\/v2\/pages\/14\/revisions"}],"predecessor-version":[{"id":3147,"href":"https:\/\/escoladigital.madeira.gov.pt\/eb1peismartinho\/wp-json\/wp\/v2\/pages\/14\/revisions\/3147"}],"wp:attachment":[{"href":"https:\/\/escoladigital.madeira.gov.pt\/eb1peismartinho\/wp-json\/wp\/v2\/media?parent=14"}],"curies":[{"name":"wp","href":"https:\/\/api.w.org\/{rel}","templated":true}]}}