{"id":1689,"date":"2024-12-31T09:53:41","date_gmt":"2024-12-31T09:53:41","guid":{"rendered":"https:\/\/escoladigital.madeira.gov.pt\/eb1peismartinho\/?page_id=1689"},"modified":"2025-01-20T10:56:14","modified_gmt":"2025-01-20T10:56:14","slug":"menac-mecanismo-nacional-anticorrupcao","status":"publish","type":"page","link":"https:\/\/escoladigital.madeira.gov.pt\/eb1peismartinho\/informacoes\/menac-mecanismo-nacional-anticorrupcao\/","title":{"rendered":"MENAC | Mecanismo Nacional Anticorrup\u00e7\u00e3o"},"content":{"rendered":"\n<figure class=\"wp-block-image aligncenter size-full\"><img fetchpriority=\"high\" decoding=\"async\" width=\"310\" height=\"163\" src=\"https:\/\/escoladigital.madeira.gov.pt\/eb1peismartinho\/wp-content\/uploads\/sites\/7\/2024\/12\/Menac.png\" alt=\"\" class=\"wp-image-1690\" srcset=\"https:\/\/escoladigital.madeira.gov.pt\/eb1peismartinho\/wp-content\/uploads\/sites\/7\/2024\/12\/Menac.png 310w, https:\/\/escoladigital.madeira.gov.pt\/eb1peismartinho\/wp-content\/uploads\/sites\/7\/2024\/12\/Menac-300x158.png 300w\" sizes=\"(max-width: 310px) 100vw, 310px\" \/><\/figure>\n\n\n\n<div style=\"height:100px\" aria-hidden=\"true\" class=\"wp-block-spacer\"><\/div>\n\n\n\n<p class=\"has-text-align-center\"><a href=\"https:\/\/mec-anticorrupcao.pt\/canal-de-denuncias\" target=\"_blank\" rel=\"noreferrer noopener\">MENAC Mecanismo Nacional Anticorrup\u00e7\u00e3o<\/a><\/p>\n\n\n\n<p>Tem por&nbsp;miss\u00e3o&nbsp;a promo\u00e7\u00e3o da transpar\u00eancia e da integridade na a\u00e7\u00e3o p\u00fablica e a garantia da efetividade de pol\u00edticas de preven\u00e7\u00e3o da corrup\u00e7\u00e3o e de infra\u00e7\u00f5es conexas.<\/p>\n\n\n\n<p>Canal de den\u00fancias da Madeira: <a href=\"https:\/\/canaldenuncias.madeira.gov.pt\/\">https:\/\/canaldenuncias.madeira.gov.pt\/<\/a><\/p>\n\n\n\n<p><\/p>\n","protected":false},"excerpt":{"rendered":"<p>MENAC Mecanismo Nacional Anticorrup\u00e7\u00e3o Tem por&nbsp;miss\u00e3o&nbsp;a promo\u00e7\u00e3o da transpar\u00eancia e da integridade na a\u00e7\u00e3o p\u00fablica e a garantia da efetividade [&hellip;]<\/p>\n","protected":false},"author":9,"featured_media":0,"parent":421,"menu_order":0,"comment_status":"closed","ping_status":"closed","template":"","meta":{"site-sidebar-layout":"default","site-content-layout":"","ast-site-content-layout":"default","site-content-style":"default","site-sidebar-style":"default","ast-global-header-display":"","ast-banner-title-visibility":"","ast-main-header-display":"","ast-hfb-above-header-display":"","ast-hfb-below-header-display":"","ast-hfb-mobile-header-display":"","site-post-title":"","ast-breadcrumbs-content":"","ast-featured-img":"","footer-sml-layout":"","ast-disable-related-posts":"","theme-transparent-header-meta":"","adv-header-id-meta":"","stick-header-meta":"","header-above-stick-meta":"","header-main-stick-meta":"","header-below-stick-meta":"","astra-migrate-meta-layouts":"default","ast-page-background-enabled":"default","ast-page-background-meta":{"desktop":{"background-color":"var(--ast-global-color-4)","background-image":"","background-repeat":"repeat","background-position":"center center","background-size":"auto","background-attachment":"scroll","background-type":"","background-media":"","overlay-type":"","overlay-color":"","overlay-opacity":"","overlay-gradient":""},"tablet":{"background-color":"","background-image":"","background-repeat":"repeat","background-position":"center center","background-size":"auto","background-attachment":"scroll","background-type":"","background-media":"","overlay-type":"","overlay-color":"","overlay-opacity":"","overlay-gradient":""},"mobile":{"background-color":"","background-image":"","background-repeat":"repeat","background-position":"center center","background-size":"auto","background-attachment":"scroll","background-type":"","background-media":"","overlay-type":"","overlay-color":"","overlay-opacity":"","overlay-gradient":""}},"ast-content-background-meta":{"desktop":{"background-color":"var(--ast-global-color-5)","background-image":"","background-repeat":"repeat","background-position":"center center","background-size":"auto","background-attachment":"scroll","background-type":"","background-media":"","overlay-type":"","overlay-color":"","overlay-opacity":"","overlay-gradient":""},"tablet":{"background-color":"var(--ast-global-color-5)","background-image":"","background-repeat":"repeat","background-position":"center center","background-size":"auto","background-attachment":"scroll","background-type":"","background-media":"","overlay-type":"","overlay-color":"","overlay-opacity":"","overlay-gradient":""},"mobile":{"background-color":"var(--ast-global-color-5)","background-image":"","background-repeat":"repeat","background-position":"center center","background-size":"auto","background-attachment":"scroll","background-type":"","background-media":"","overlay-type":"","overlay-color":"","overlay-opacity":"","overlay-gradient":""}},"_themeisle_gutenberg_block_has_review":false,"footnotes":""},"class_list":["post-1689","page","type-page","status-publish","hentry"],"_links":{"self":[{"href":"https:\/\/escoladigital.madeira.gov.pt\/eb1peismartinho\/wp-json\/wp\/v2\/pages\/1689","targetHints":{"allow":["GET"]}}],"collection":[{"href":"https:\/\/escoladigital.madeira.gov.pt\/eb1peismartinho\/wp-json\/wp\/v2\/pages"}],"about":[{"href":"https:\/\/escoladigital.madeira.gov.pt\/eb1peismartinho\/wp-json\/wp\/v2\/types\/page"}],"author":[{"embeddable":true,"href":"https:\/\/escoladigital.madeira.gov.pt\/eb1peismartinho\/wp-json\/wp\/v2\/users\/9"}],"replies":[{"embeddable":true,"href":"https:\/\/escoladigital.madeira.gov.pt\/eb1peismartinho\/wp-json\/wp\/v2\/comments?post=1689"}],"version-history":[{"count":4,"href":"https:\/\/escoladigital.madeira.gov.pt\/eb1peismartinho\/wp-json\/wp\/v2\/pages\/1689\/revisions"}],"predecessor-version":[{"id":1711,"href":"https:\/\/escoladigital.madeira.gov.pt\/eb1peismartinho\/wp-json\/wp\/v2\/pages\/1689\/revisions\/1711"}],"up":[{"embeddable":true,"href":"https:\/\/escoladigital.madeira.gov.pt\/eb1peismartinho\/wp-json\/wp\/v2\/pages\/421"}],"wp:attachment":[{"href":"https:\/\/escoladigital.madeira.gov.pt\/eb1peismartinho\/wp-json\/wp\/v2\/media?parent=1689"}],"curies":[{"name":"wp","href":"https:\/\/api.w.org\/{rel}","templated":true}]}}