{"id":2525,"date":"2025-12-21T18:03:34","date_gmt":"2025-12-21T18:03:34","guid":{"rendered":"https:\/\/escoladigital.madeira.gov.pt\/eb1peismartinho\/?page_id=2525"},"modified":"2026-02-20T23:36:31","modified_gmt":"2026-02-20T23:36:31","slug":"informacoes-uteis","status":"publish","type":"page","link":"https:\/\/escoladigital.madeira.gov.pt\/eb1peismartinho\/informacoes-uteis\/","title":{"rendered":"Informa\u00e7\u00f5es | Comunidade Educativa"},"content":{"rendered":"\n<div style=\"height:256px\" aria-hidden=\"true\" class=\"wp-block-spacer\"><\/div>\n\n\n\n<div id=\"wp-block-themeisle-blocks-advanced-columns-e1ca32e1\" class=\"wp-block-themeisle-blocks-advanced-columns alignfull has-1-columns has-desktop-equal-layout has-tablet-equal-layout has-mobile-equal-layout has-vertical-unset\"><div class=\"wp-block-themeisle-blocks-advanced-columns-overlay\"><\/div><div class=\"innerblocks-wrap\">\n<div id=\"wp-block-themeisle-blocks-advanced-column-65b5ef21\" class=\"wp-block-themeisle-blocks-advanced-column\">\n<h1 id=\"wp-block-themeisle-blocks-advanced-heading-bb0c2df7\" class=\"wp-block-themeisle-blocks-advanced-heading wp-block-themeisle-blocks-advanced-heading-bb0c2df7\"> Informa\u00e7\u00f5es  Comunidade Educativa <\/h1>\n\n\n\n<p class=\"has-text-align-center has-white-color has-text-color\">Documentos, calend\u00e1rios e comunica\u00e7\u00f5es importantes para alunos, encarregados de educa\u00e7\u00e3o e comunidade escolar.<\/p>\n<\/div>\n<\/div><\/div>\n\n\n\n<section id=\"wp-block-themeisle-blocks-advanced-columns-9ac3ae90\" class=\"wp-block-themeisle-blocks-advanced-columns alignfull has-1-columns has-desktop-equal-layout has-tablet-equal-layout has-mobile-collapsedRows-layout has-vertical-center has-light-bg\"><div class=\"wp-block-themeisle-blocks-advanced-columns-overlay\"><\/div><div class=\"innerblocks-wrap\">\n<div id=\"wp-block-themeisle-blocks-advanced-column-6dcd8921\" class=\"wp-block-themeisle-blocks-advanced-column\">\n<div id=\"wp-block-themeisle-blocks-advanced-heading-6c62b82e\" class=\"wp-block-themeisle-blocks-advanced-heading wp-block-themeisle-blocks-advanced-heading-6c62b82e\"><\/div>\n\n\n\n<h2 class=\"wp-block-heading has-text-align-left has-text-color has-link-color wp-elements-8f81ca602b7d09a2f762f5ccf4721db3\" style=\"color:#080808\"><\/h2>\n\n\n\n<p class=\"has-text-align-left has-text-color has-link-color wp-elements-0246943d8941256c3bdf459273d2f209\" style=\"color:#080808\">Nesta p\u00e1gina encontram-se reunidas informa\u00e7\u00f5es administrativas e comunica\u00e7\u00f5es relevantes para a comunidade educativa, incluindo inscri\u00e7\u00f5es, material escolar, calend\u00e1rios e outros documentos de apoio ao ano letivo.<\/p>\n\n\n\n<h3 class=\"wp-block-heading has-text-color has-link-color wp-elements-c886db138109bc1d77fb1867bd843f70\" style=\"color:#080808\"><\/h3>\n\n\n\n<p class=\"has-text-color has-link-color wp-elements-1451ba88a38d33f1ed69aa0850ce87e1\" style=\"color:#080808\"><\/p>\n<\/div>\n<\/div><\/section>\n\n\n\n<section id=\"wp-block-themeisle-blocks-advanced-columns-a5663609\" class=\"wp-block-themeisle-blocks-advanced-columns alignfull has-1-columns has-desktop-equal-layout has-tablet-equal-layout has-mobile-equal-layout has-vertical-flex-start has-light-bg\"><div class=\"wp-block-themeisle-blocks-advanced-columns-overlay\"><\/div><div class=\"innerblocks-wrap\">\n<div id=\"wp-block-themeisle-blocks-advanced-column-4c4fd106\" class=\"wp-block-themeisle-blocks-advanced-column\">\n<p class=\"is-style-boxed has-border-color has-ast-global-color-3-border-color has-ast-global-color-3-color has-text-color has-link-color has-medium-font-size wp-elements-3ff14334796e86222796cfa28f1a58d8\" style=\"border-width:1px;border-top-left-radius:0px;border-top-right-radius:0px;border-bottom-left-radius:0px;border-bottom-right-radius:0px\"><strong>Inscri\u00e7\u00f5es e Matr\u00edculas<\/strong><\/p>\n\n\n<div class=\"has-dark-bg is-style-tiled wp-block-themeisle-blocks-posts-grid\" id=\"wp-block-themeisle-blocks-posts-grid-78856b5b\"><div class=\"is-grid o-posts-grid-columns-5\"><div class=\"o-posts-grid-post-blog o-posts-grid-post-plain\"><div class=\"o-posts-grid-post\"><div class=\"o-posts-grid-post-body is-full\"><h4 class=\"o-posts-grid-post-title\"><a href=\"https:\/\/escoladigital.madeira.gov.pt\/eb1peismartinho\/2025\/07\/24\/saida-da-lista-provisoria-de-colocacoes-alunos-2025-2026-duplicate-2118\/\">Sa\u00edda da Lista de Coloca\u00e7\u00f5es alunos | 2025\/2026<\/a><\/h4><\/div><\/div><\/div><div class=\"o-posts-grid-post-blog o-posts-grid-post-plain\"><div class=\"o-posts-grid-post\"><div class=\"o-posts-grid-post-body is-full\"><h4 class=\"o-posts-grid-post-title\"><a href=\"https:\/\/escoladigital.madeira.gov.pt\/eb1peismartinho\/2025\/07\/14\/saida-da-lista-provisoria-de-colocacoes-alunos-2025-2026\/\">Sa\u00edda da Lista Provis\u00f3ria de coloca\u00e7\u00f5es alunos | 2025\/2026<\/a><\/h4><\/div><\/div><\/div><div class=\"o-posts-grid-post-blog o-posts-grid-post-plain\"><div class=\"o-posts-grid-post\"><div class=\"o-posts-grid-post-body is-full\"><h4 class=\"o-posts-grid-post-title\"><a href=\"https:\/\/escoladigital.madeira.gov.pt\/eb1peismartinho\/2025\/06\/21\/processo-de-renovacoes-inscricoes-e-matriculas-para-2025-2026\/\">PROCESSO DE RENOVA\u00c7\u00d5ES, INSCRI\u00c7\u00d5ES E MATR\u00cdCULAS PARA 2025-2026<\/a><\/h4><\/div><\/div><\/div><\/div> <\/div>\n\n\n<div style=\"height:105px\" aria-hidden=\"true\" class=\"wp-block-spacer is-style-boxed\"><\/div>\n\n\n\n<p class=\"is-style-boxed has-border-color has-ast-global-color-3-border-color has-ast-global-color-3-color has-text-color has-link-color has-medium-font-size wp-elements-af33aaf215dc4c62a0290d927980e739\" style=\"border-width:1px\"><strong>Calend\u00e1rio Escolar<\/strong><\/p>\n\n\n\n<div class=\"wp-block-columns is-layout-flex wp-container-core-columns-is-layout-28f84493 wp-block-columns-is-layout-flex\">\n<div class=\"wp-block-column is-layout-flow wp-block-column-is-layout-flow\" style=\"flex-basis:50%\"><div class=\"is-style-tiled has-dark-bg wp-block-themeisle-blocks-posts-grid\" id=\"wp-block-themeisle-blocks-posts-grid-04ebca50\"><div class=\"is-grid o-posts-grid-columns-5\"><div class=\"o-posts-grid-post-blog o-posts-grid-post-plain\"><div class=\"o-posts-grid-post\"><div class=\"o-posts-grid-post-body is-full\"><h4 class=\"o-posts-grid-post-title\"><a href=\"https:\/\/escoladigital.madeira.gov.pt\/eb1peismartinho\/2025\/07\/06\/calendario-escolar-2025-2026\/\">Calend\u00e1rio Escolar 2025\/2026<\/a><\/h4><\/div><\/div><\/div><\/div> <\/div><\/div>\n\n\n\n<div class=\"wp-block-column is-layout-flow wp-block-column-is-layout-flow\" style=\"flex-basis:40%\"><\/div>\n<\/div>\n\n\n\n<div style=\"height:105px\" aria-hidden=\"true\" class=\"wp-block-spacer is-style-boxed\"><\/div>\n\n\n\n<p class=\"is-style-boxed has-border-color has-ast-global-color-3-border-color has-ast-global-color-3-color has-text-color has-link-color has-medium-font-size wp-elements-60abf7bf4d2c971bb722bde6a9b40344\" style=\"border-width:1px\"><strong>Material Escolar<\/strong> | 2025\/2026<\/p>\n\n\n<div class=\"is-style-boxed has-light-bg wp-block-themeisle-blocks-posts-grid\" id=\"wp-block-themeisle-blocks-posts-grid-c6eab6ba\"><div class=\"is-grid o-posts-grid-columns-5\"><div class=\"o-posts-grid-post-blog o-posts-grid-post-plain\"><div class=\"o-posts-grid-post\"><div class=\"o-posts-grid-post-body is-full\"><h4 class=\"o-posts-grid-post-title\"><a href=\"https:\/\/escoladigital.madeira.gov.pt\/eb1peismartinho\/2025\/09\/01\/material-escolar-1o-ano-a-b-2025-2026\/\">Material Escolar 1\u00ba ano (A\/B) | 2025\/2026<\/a><\/h4><\/div><\/div><\/div><div class=\"o-posts-grid-post-blog o-posts-grid-post-plain\"><div class=\"o-posts-grid-post\"><div class=\"o-posts-grid-post-body is-full\"><h4 class=\"o-posts-grid-post-title\"><a href=\"https:\/\/escoladigital.madeira.gov.pt\/eb1peismartinho\/2025\/07\/24\/material-escolar-2o-ano-a-b-2025-2026\/\">Material Escolar 2\u00ba ano (A\/B) | 2025\/2026<\/a><\/h4><\/div><\/div><\/div><div class=\"o-posts-grid-post-blog o-posts-grid-post-plain\"><div class=\"o-posts-grid-post\"><div class=\"o-posts-grid-post-body is-full\"><h4 class=\"o-posts-grid-post-title\"><a href=\"https:\/\/escoladigital.madeira.gov.pt\/eb1peismartinho\/2025\/07\/24\/material-escolar-3o-ano-turma-a-2025-2026\/\">Material Escolar 3\u00ba ano (turma A) | 2025\/2026<\/a><\/h4><\/div><\/div><\/div><div class=\"o-posts-grid-post-blog o-posts-grid-post-plain\"><div class=\"o-posts-grid-post\"><div class=\"o-posts-grid-post-body is-full\"><h4 class=\"o-posts-grid-post-title\"><a href=\"https:\/\/escoladigital.madeira.gov.pt\/eb1peismartinho\/2025\/07\/24\/material-escolar-3o-ano-turma-b-2025-2026\/\">Material Escolar 3\u00ba ano (turma B) | 2025\/2026<\/a><\/h4><\/div><\/div><\/div><div class=\"o-posts-grid-post-blog o-posts-grid-post-plain\"><div class=\"o-posts-grid-post\"><div class=\"o-posts-grid-post-body is-full\"><h4 class=\"o-posts-grid-post-title\"><a href=\"https:\/\/escoladigital.madeira.gov.pt\/eb1peismartinho\/2025\/07\/24\/material-escolar-4o-ano-turma-a-2025-2026\/\">Material Escolar 4\u00ba ano (turma A) | 2025\/2026<\/a><\/h4><\/div><\/div><\/div><div class=\"o-posts-grid-post-blog o-posts-grid-post-plain\"><div class=\"o-posts-grid-post\"><div class=\"o-posts-grid-post-body is-full\"><h4 class=\"o-posts-grid-post-title\"><a href=\"https:\/\/escoladigital.madeira.gov.pt\/eb1peismartinho\/2025\/07\/24\/material-escolar-4o-ano-turma-b-2025-2026\/\">Material Escolar 4\u00ba ano (turma B) | 2025\/2026<\/a><\/h4><\/div><\/div><\/div><\/div> <div class=\"o-posts-grid-pag\"><\/div><\/div>\n\n\n<div style=\"height:105px\" aria-hidden=\"true\" class=\"wp-block-spacer is-style-boxed\"><\/div>\n\n\n\n<p class=\"is-style-boxed has-border-color has-ast-global-color-3-border-color has-ast-global-color-3-color has-text-color has-link-color has-medium-font-size wp-elements-24336c8c0c80f07e8361872e88fa5309\" style=\"border-width:1px\"><strong>Manuais Escolares<\/strong> | 2025\/2026<\/p>\n\n\n<div class=\"has-light-bg is-style-boxed wp-block-themeisle-blocks-posts-grid\" id=\"wp-block-themeisle-blocks-posts-grid-03ee047f\"><div class=\"is-grid o-posts-grid-columns-5\"><div class=\"o-posts-grid-post-blog o-posts-grid-post-plain\"><div class=\"o-posts-grid-post\"><div class=\"o-posts-grid-post-body is-full\"><h4 class=\"o-posts-grid-post-title\"><a href=\"https:\/\/escoladigital.madeira.gov.pt\/eb1peismartinho\/2025\/07\/24\/programa-da-camara-municipal-do-funchal-de-atribuicao-de-manuais-e-material-escolar-no-ensino-basico-ano-letivo-2025-2026\/\">Programa da C\u00e2mara Municipal do Funchal de Atribui\u00e7\u00e3o de Manuais e Material Escolar no Ensino B\u00e1sico: &#8211; Ano Letivo 2025\/2026<\/a><\/h4><\/div><\/div><\/div><div class=\"o-posts-grid-post-blog o-posts-grid-post-plain\"><div class=\"o-posts-grid-post\"><div class=\"o-posts-grid-post-body is-full\"><h4 class=\"o-posts-grid-post-title\"><a href=\"https:\/\/escoladigital.madeira.gov.pt\/eb1peismartinho\/2025\/07\/24\/listas-de-livros-2025-2026\/\">Listas de livros | 2025\/2026<\/a><\/h4><\/div><\/div><\/div><\/div> <\/div>\n\n\n<div style=\"height:105px\" aria-hidden=\"true\" class=\"wp-block-spacer is-style-boxed\"><\/div>\n\n\n\n<p class=\"is-style-boxed has-border-color has-ast-global-color-3-border-color has-ast-global-color-3-color has-text-color has-link-color has-medium-font-size wp-elements-a8f529797a776ead92a098f69e5c0353\" style=\"border-width:1px\"><strong>Equipamento identificativo da escola<\/strong><\/p>\n\n\n\n<div id=\"wp-block-themeisle-blocks-flip-ac6b5273\" class=\"wp-block-themeisle-blocks-flip anim flipY\"><div class=\"o-flip-inner\"><div class=\"o-flip-front\"><div class=\"o-flip-content\"><h3>Consultar informa\u00e7\u00e3o<\/h3><p><\/p><\/div><\/div><div class=\"o-flip-back\">\n<figure class=\"wp-block-image aligncenter is-resized is-style-boxed\"><img fetchpriority=\"high\" decoding=\"async\" width=\"904\" height=\"670\" src=\"https:\/\/escoladigital.madeira.gov.pt\/eb1peismartinho\/wp-content\/uploads\/sites\/7\/2024\/02\/modilogos_site.png\" alt=\"\" class=\"wp-image-439\" style=\"aspect-ratio:1.349328558639212;width:251px;height:auto\" srcset=\"https:\/\/escoladigital.madeira.gov.pt\/eb1peismartinho\/wp-content\/uploads\/sites\/7\/2024\/02\/modilogos_site.png 904w, https:\/\/escoladigital.madeira.gov.pt\/eb1peismartinho\/wp-content\/uploads\/sites\/7\/2024\/02\/modilogos_site-300x222.png 300w, https:\/\/escoladigital.madeira.gov.pt\/eb1peismartinho\/wp-content\/uploads\/sites\/7\/2024\/02\/modilogos_site-768x569.png 768w\" sizes=\"(max-width: 904px) 100vw, 904px\" \/><\/figure>\n<\/div><\/div><\/div>\n\n\n\n<div style=\"height:105px\" aria-hidden=\"true\" class=\"wp-block-spacer is-style-boxed\"><\/div>\n\n\n\n<p class=\"is-style-boxed has-border-color has-ast-global-color-3-border-color has-ast-global-color-3-color has-text-color has-link-color has-medium-font-size wp-elements-c25401028454cfb1feb16467468157db\" style=\"border-width:1px\"><strong>DCB | Diploma em Compet\u00eancias B\u00e1sicas em TI<\/strong><\/p>\n\n\n\n<div class=\"wp-block-media-text is-stacked-on-mobile is-style-boxed\" style=\"grid-template-columns:23% auto\"><figure class=\"wp-block-media-text__media\"><a href=\"https:\/\/escoladigital.madeira.gov.pt\/eb1peismartinho\/dcb\/\" target=\"_blank\" rel=\"noreferrer noopener\"><img decoding=\"async\" width=\"512\" height=\"190\" src=\"https:\/\/escoladigital.madeira.gov.pt\/eb1peismartinho\/wp-content\/uploads\/sites\/7\/2024\/02\/dcb_oficial.png\" alt=\"\" class=\"wp-image-429 size-full\" srcset=\"https:\/\/escoladigital.madeira.gov.pt\/eb1peismartinho\/wp-content\/uploads\/sites\/7\/2024\/02\/dcb_oficial.png 512w, https:\/\/escoladigital.madeira.gov.pt\/eb1peismartinho\/wp-content\/uploads\/sites\/7\/2024\/02\/dcb_oficial-300x111.png 300w\" sizes=\"(max-width: 512px) 100vw, 512px\" \/><\/a><\/figure><div class=\"wp-block-media-text__content\">\n<div class=\"wp-block-buttons is-content-justification-left is-layout-flex wp-container-core-buttons-is-layout-0e5a4d8e wp-block-buttons-is-layout-flex\">\n<div class=\"wp-block-button is-style-outline is-style-outline--1\"><a class=\"wp-block-button__link has-ast-global-color-3-color has-text-color has-link-color has-text-align-center wp-element-button\">Consultar mais informa\u00e7\u00f5es<\/a><\/div>\n<\/div>\n<\/div><\/div>\n\n\n\n<div style=\"height:105px\" aria-hidden=\"true\" class=\"wp-block-spacer is-style-boxed\"><\/div>\n\n\n\n<p class=\"has-text-align-center is-style-boxed\"><\/p>\n\n\n\n<p class=\"is-style-boxed has-border-color has-ast-global-color-3-border-color has-ast-global-color-3-color has-text-color has-link-color has-medium-font-size wp-elements-9dee772ef95fc71a45124bc2c478b5e0\" style=\"border-width:1px\"><strong>Eventos e Sensibiliza\u00e7\u00f5es<\/strong><\/p>\n\n\n<div class=\"is-style-tiled has-dark-bg wp-block-themeisle-blocks-posts-grid\" id=\"wp-block-themeisle-blocks-posts-grid-05ffbea2\"><div class=\"is-grid o-posts-grid-columns-5\"><div class=\"o-posts-grid-post-blog o-posts-grid-post-plain\"><div class=\"o-posts-grid-post\"><div class=\"o-posts-grid-post-body is-full\"><h4 class=\"o-posts-grid-post-title\"><a href=\"https:\/\/escoladigital.madeira.gov.pt\/eb1peismartinho\/2025\/12\/02\/sensibilizacao-seguranca-online-para-pais-5\/\">Sensibiliza\u00e7\u00e3o | Seguran\u00e7a Online para Pais<\/a><\/h4><\/div><\/div><\/div><div class=\"o-posts-grid-post-blog o-posts-grid-post-plain\"><div class=\"o-posts-grid-post\"><div class=\"o-posts-grid-post-body is-full\"><h4 class=\"o-posts-grid-post-title\"><a href=\"https:\/\/escoladigital.madeira.gov.pt\/eb1peismartinho\/2025\/04\/25\/sensibilizacao-seguranca-online-para-pais\/\">SENSIBILIZA\u00c7\u00c3O | SEGURAN\u00c7A ONLINE PARA PAIS<\/a><\/h4><\/div><\/div><\/div><\/div> <\/div>\n\n\n<div style=\"height:100px\" aria-hidden=\"true\" class=\"wp-block-spacer is-style-boxed\"><\/div>\n\n\n\n<p class=\"is-style-boxed has-border-color has-ast-global-color-3-border-color has-ast-global-color-3-color has-text-color has-link-color has-medium-font-size wp-elements-c8600d00d5d73558e281b99bc1de2bb3\" style=\"border-width:1px\"><strong>Not\u00edcias | Informa\u00e7\u00f5es<\/strong><\/p>\n\n\n<div class=\"is-style-tiled has-dark-bg wp-block-themeisle-blocks-posts-grid\" id=\"wp-block-themeisle-blocks-posts-grid-509d7188\"><div class=\"is-grid o-posts-grid-columns-5\"><div class=\"o-posts-grid-post-blog o-posts-grid-post-plain\"><div class=\"o-posts-grid-post\"><div class=\"o-posts-grid-post-body is-full\"><h4 class=\"o-posts-grid-post-title\"><a href=\"https:\/\/escoladigital.madeira.gov.pt\/eb1peismartinho\/2026\/02\/20\/inscricoes-abertas-atl-da-pascoa-2026\/\">Inscri\u00e7\u00f5es Abertas \u2013 ATL da P\u00e1scoa 2026<\/a><\/h4><\/div><\/div><\/div><div class=\"o-posts-grid-post-blog o-posts-grid-post-plain\"><div class=\"o-posts-grid-post\"><div class=\"o-posts-grid-post-body is-full\"><h4 class=\"o-posts-grid-post-title\"><a href=\"https:\/\/escoladigital.madeira.gov.pt\/eb1peismartinho\/2025\/09\/05\/reuniao-geral-1o-ciclo-2025-2026\/\">Reuni\u00e3o Geral &#8211; 1\u00ba Ciclo 2025\/2026<\/a><\/h4><\/div><\/div><\/div><\/div> <div class=\"o-posts-grid-pag\"><span aria-current=\"page\" class=\"page-numbers current\">1<\/span>\n<a class=\"page-numbers\" href=\"https:\/\/escoladigital.madeira.gov.pt\/eb1peismartinho\/wp-json\/wp\/v2\/pages\/2525\/?paged=2\">2<\/a>\n<a class=\"page-numbers\" href=\"https:\/\/escoladigital.madeira.gov.pt\/eb1peismartinho\/wp-json\/wp\/v2\/pages\/2525\/?paged=3\">3<\/a>\n<a class=\"page-numbers\" href=\"https:\/\/escoladigital.madeira.gov.pt\/eb1peismartinho\/wp-json\/wp\/v2\/pages\/2525\/?paged=4\">4<\/a>\n<a class=\"next page-numbers\" href=\"https:\/\/escoladigital.madeira.gov.pt\/eb1peismartinho\/wp-json\/wp\/v2\/pages\/2525\/?paged=2\">Next<\/a><\/div><\/div>\n\n\n<p class=\"is-style-boxed\"><\/p>\n<\/div>\n<\/div><\/section>\n","protected":false},"excerpt":{"rendered":"","protected":false},"author":9,"featured_media":0,"parent":0,"menu_order":0,"comment_status":"closed","ping_status":"closed","template":"","meta":{"site-sidebar-layout":"default","site-content-layout":"","ast-site-content-layout":"default","site-content-style":"default","site-sidebar-style":"default","ast-global-header-display":"","ast-banner-title-visibility":"","ast-main-header-display":"","ast-hfb-above-header-display":"","ast-hfb-below-header-display":"","ast-hfb-mobile-header-display":"","site-post-title":"disabled","ast-breadcrumbs-content":"","ast-featured-img":"","footer-sml-layout":"","ast-disable-related-posts":"","theme-transparent-header-meta":"","adv-header-id-meta":"","stick-header-meta":"","header-above-stick-meta":"","header-main-stick-meta":"","header-below-stick-meta":"","astra-migrate-meta-layouts":"default","ast-page-background-enabled":"default","ast-page-background-meta":{"desktop":{"background-color":"var(--ast-global-color-4)","background-image":"","background-repeat":"repeat","background-position":"center center","background-size":"auto","background-attachment":"scroll","background-type":"","background-media":"","overlay-type":"","overlay-color":"","overlay-opacity":"","overlay-gradient":""},"tablet":{"background-color":"","background-image":"","background-repeat":"repeat","background-position":"center center","background-size":"auto","background-attachment":"scroll","background-type":"","background-media":"","overlay-type":"","overlay-color":"","overlay-opacity":"","overlay-gradient":""},"mobile":{"background-color":"","background-image":"","background-repeat":"repeat","background-position":"center center","background-size":"auto","background-attachment":"scroll","background-type":"","background-media":"","overlay-type":"","overlay-color":"","overlay-opacity":"","overlay-gradient":""}},"ast-content-background-meta":{"desktop":{"background-color":"var(--ast-global-color-5)","background-image":"","background-repeat":"repeat","background-position":"center center","background-size":"auto","background-attachment":"scroll","background-type":"","background-media":"","overlay-type":"","overlay-color":"","overlay-opacity":"","overlay-gradient":""},"tablet":{"background-color":"var(--ast-global-color-5)","background-image":"","background-repeat":"repeat","background-position":"center center","background-size":"auto","background-attachment":"scroll","background-type":"","background-media":"","overlay-type":"","overlay-color":"","overlay-opacity":"","overlay-gradient":""},"mobile":{"background-color":"var(--ast-global-color-5)","background-image":"","background-repeat":"repeat","background-position":"center center","background-size":"auto","background-attachment":"scroll","background-type":"","background-media":"","overlay-type":"","overlay-color":"","overlay-opacity":"","overlay-gradient":""}},"_themeisle_gutenberg_block_has_review":false,"footnotes":""},"class_list":["post-2525","page","type-page","status-publish","hentry"],"_links":{"self":[{"href":"https:\/\/escoladigital.madeira.gov.pt\/eb1peismartinho\/wp-json\/wp\/v2\/pages\/2525","targetHints":{"allow":["GET"]}}],"collection":[{"href":"https:\/\/escoladigital.madeira.gov.pt\/eb1peismartinho\/wp-json\/wp\/v2\/pages"}],"about":[{"href":"https:\/\/escoladigital.madeira.gov.pt\/eb1peismartinho\/wp-json\/wp\/v2\/types\/page"}],"author":[{"embeddable":true,"href":"https:\/\/escoladigital.madeira.gov.pt\/eb1peismartinho\/wp-json\/wp\/v2\/users\/9"}],"replies":[{"embeddable":true,"href":"https:\/\/escoladigital.madeira.gov.pt\/eb1peismartinho\/wp-json\/wp\/v2\/comments?post=2525"}],"version-history":[{"count":19,"href":"https:\/\/escoladigital.madeira.gov.pt\/eb1peismartinho\/wp-json\/wp\/v2\/pages\/2525\/revisions"}],"predecessor-version":[{"id":3124,"href":"https:\/\/escoladigital.madeira.gov.pt\/eb1peismartinho\/wp-json\/wp\/v2\/pages\/2525\/revisions\/3124"}],"wp:attachment":[{"href":"https:\/\/escoladigital.madeira.gov.pt\/eb1peismartinho\/wp-json\/wp\/v2\/media?parent=2525"}],"curies":[{"name":"wp","href":"https:\/\/api.w.org\/{rel}","templated":true}]}}