{"id":2542,"date":"2025-12-21T18:24:02","date_gmt":"2025-12-21T18:24:02","guid":{"rendered":"https:\/\/escoladigital.madeira.gov.pt\/eb1peismartinho\/?page_id=2542"},"modified":"2026-01-24T20:29:44","modified_gmt":"2026-01-24T20:29:44","slug":"caracterizacao-da-escola","status":"publish","type":"page","link":"https:\/\/escoladigital.madeira.gov.pt\/eb1peismartinho\/caracterizacao-da-escola\/","title":{"rendered":"Caracteriza\u00e7\u00e3o da escola"},"content":{"rendered":"\n<div style=\"height:46px\" aria-hidden=\"true\" class=\"wp-block-spacer\"><\/div>\n\n\n\n<div style=\"height:100px\" aria-hidden=\"true\" class=\"wp-block-spacer\"><\/div>\n\n\n\n<section id=\"wp-block-themeisle-blocks-advanced-columns-62aa51fe\" class=\"wp-block-themeisle-blocks-advanced-columns alignfull has-1-columns has-desktop-equal-layout has-tablet-equal-layout has-mobile-equal-layout has-vertical-flex-start has-light-bg\"><div class=\"wp-block-themeisle-blocks-advanced-columns-overlay\"><\/div><div class=\"innerblocks-wrap\">\n<div id=\"wp-block-themeisle-blocks-advanced-column-f169ec21\" class=\"wp-block-themeisle-blocks-advanced-column\">\n<div id=\"wp-block-themeisle-blocks-advanced-heading-841ad91e\" class=\"wp-block-themeisle-blocks-advanced-heading wp-block-themeisle-blocks-advanced-heading-841ad91e\">CARACTERIZA\u00c7\u00c3O DA ESCOLA<\/div>\n\n\n\n<hr class=\"wp-block-separator has-text-color has-alpha-channel-opacity has-background\" style=\"background-color:#080808;color:#080808\" \/>\n\n\n\n<p class=\"has-text-align-center has-text-color has-link-color wp-elements-a45e4efdea2140dee0b4235eccfc6b01\" style=\"color:#080808\">A Escola B\u00e1sica do 1.\u00ba Ciclo com Pr\u00e9-Escolar de S\u00e3o Martinho \u00e9 um estabelecimento de ensino p\u00fablico integrado na rede escolar da Regi\u00e3o Aut\u00f3noma da Madeira, assegurando a educa\u00e7\u00e3o pr\u00e9-escolar e o 1.\u00ba ciclo do ensino b\u00e1sico, em articula\u00e7\u00e3o com a comunidade educativa e de acordo com os princ\u00edpios orientadores do sistema educativo.<\/p>\n<\/div>\n<\/div><\/section>\n\n\n\n<section id=\"wp-block-themeisle-blocks-advanced-columns-94dec1f4\" class=\"wp-block-themeisle-blocks-advanced-columns alignfull has-1-columns has-desktop-equal-layout has-tablet-equal-layout has-mobile-equal-layout has-vertical-flex-start has-light-bg\"><div class=\"wp-block-themeisle-blocks-advanced-columns-overlay\"><\/div><div class=\"innerblocks-wrap\">\n<div id=\"wp-block-themeisle-blocks-advanced-column-7b0444df\" class=\"wp-block-themeisle-blocks-advanced-column\">\n<section id=\"wp-block-themeisle-blocks-advanced-columns-1727ab75\" class=\"wp-block-themeisle-blocks-advanced-columns has-2-columns has-desktop-equal-layout has-tablet-equal-layout has-mobile-collapsedRows-layout has-vertical-center has-reverse-columns-mobile has-light-bg\"><div class=\"wp-block-themeisle-blocks-advanced-columns-overlay\"><\/div><div class=\"innerblocks-wrap\">\n<div id=\"wp-block-themeisle-blocks-advanced-column-28d31c74\" class=\"wp-block-themeisle-blocks-advanced-column\">\n<div id=\"wp-block-themeisle-blocks-advanced-heading-ea62c2ae\" class=\"wp-block-themeisle-blocks-advanced-heading wp-block-themeisle-blocks-advanced-heading-ea62c2ae\"><\/div>\n\n\n\n<h2 class=\"wp-block-heading has-text-align-center has-text-color has-link-color wp-elements-b8f0fe7855098e362f6b988b88ff1379\" style=\"color:#080808\">Identidade e Enquadramento da Escola<\/h2>\n\n\n\n<p class=\"has-text-align-center has-text-color has-link-color wp-elements-2d5f6b0b526d3b237659bbc5c73ddb17\" style=\"color:#080808\">A EB1\/PE de S\u00e3o Martinho desenvolve a sua a\u00e7\u00e3o educativa no respeito pelos documentos orientadores da escola, nomeadamente o Projeto Educativo, o Regulamento Interno e o Plano Anual de Atividades, promovendo uma educa\u00e7\u00e3o inclusiva, equitativa e orientada para o sucesso escolar dos alunos.<\/p>\n<\/div>\n\n\n\n<div id=\"wp-block-themeisle-blocks-advanced-column-f968dc4e\" class=\"wp-block-themeisle-blocks-advanced-column\">\n<figure class=\"wp-block-image size-large ticss-0c5bbe67\"><img fetchpriority=\"high\" decoding=\"async\" width=\"1024\" height=\"566\" src=\"https:\/\/escoladigital.madeira.gov.pt\/eb1peismartinho\/wp-content\/uploads\/sites\/7\/2024\/08\/escola_pintada-Photoroom-1024x566.png\" alt=\"\" class=\"wp-image-1085\" srcset=\"https:\/\/escoladigital.madeira.gov.pt\/eb1peismartinho\/wp-content\/uploads\/sites\/7\/2024\/08\/escola_pintada-Photoroom-1024x566.png 1024w, https:\/\/escoladigital.madeira.gov.pt\/eb1peismartinho\/wp-content\/uploads\/sites\/7\/2024\/08\/escola_pintada-Photoroom-300x166.png 300w, https:\/\/escoladigital.madeira.gov.pt\/eb1peismartinho\/wp-content\/uploads\/sites\/7\/2024\/08\/escola_pintada-Photoroom-768x424.png 768w, https:\/\/escoladigital.madeira.gov.pt\/eb1peismartinho\/wp-content\/uploads\/sites\/7\/2024\/08\/escola_pintada-Photoroom.png 1280w\" sizes=\"(max-width: 1024px) 100vw, 1024px\" \/><\/figure>\n<\/div>\n<\/div><\/section>\n\n\n\n<section id=\"wp-block-themeisle-blocks-advanced-columns-696626d6\" class=\"wp-block-themeisle-blocks-advanced-columns has-2-columns has-desktop-equal-layout has-tablet-equal-layout has-mobile-collapsedRows-layout has-vertical-center has-light-bg\"><div class=\"wp-block-themeisle-blocks-advanced-columns-overlay\"><\/div><div class=\"innerblocks-wrap\">\n<div id=\"wp-block-themeisle-blocks-advanced-column-ee624f6a\" class=\"wp-block-themeisle-blocks-advanced-column\">\n<figure class=\"wp-block-image aligncenter size-large is-resized ticss-fab6ef94\"><img decoding=\"async\" width=\"768\" height=\"1024\" src=\"https:\/\/escoladigital.madeira.gov.pt\/eb1peismartinho\/wp-content\/uploads\/sites\/7\/2024\/01\/WhatsApp-Image-2024-01-28-at-11.26.24-768x1024.jpeg\" alt=\"\" class=\"wp-image-280\" style=\"aspect-ratio:0.7500107513009074;width:237px;height:auto\" srcset=\"https:\/\/escoladigital.madeira.gov.pt\/eb1peismartinho\/wp-content\/uploads\/sites\/7\/2024\/01\/WhatsApp-Image-2024-01-28-at-11.26.24-768x1024.jpeg 768w, https:\/\/escoladigital.madeira.gov.pt\/eb1peismartinho\/wp-content\/uploads\/sites\/7\/2024\/01\/WhatsApp-Image-2024-01-28-at-11.26.24-225x300.jpeg 225w, https:\/\/escoladigital.madeira.gov.pt\/eb1peismartinho\/wp-content\/uploads\/sites\/7\/2024\/01\/WhatsApp-Image-2024-01-28-at-11.26.24-1152x1536.jpeg 1152w, https:\/\/escoladigital.madeira.gov.pt\/eb1peismartinho\/wp-content\/uploads\/sites\/7\/2024\/01\/WhatsApp-Image-2024-01-28-at-11.26.24.jpeg 1368w\" sizes=\"(max-width: 768px) 100vw, 768px\" \/><\/figure>\n<\/div>\n\n\n\n<div id=\"wp-block-themeisle-blocks-advanced-column-40861855\" class=\"wp-block-themeisle-blocks-advanced-column\">\n<div id=\"wp-block-themeisle-blocks-font-awesome-icons-ab3abf87\" class=\"wp-block-themeisle-blocks-font-awesome-icons\"><span class=\"wp-block-themeisle-blocks-font-awesome-icons-container\"><svg xmlns=\"http:\/\/www.w3.org\/2000\/svg\" viewBox=\"0 0 1800 1800\"><path d=\"M1203.175,843.2c-17.272,0-31.273-14-31.273-31.273c0-116.959-117.688-177.271-167.899-177.271 c-17.272,0-31.273-14.001-31.273-31.273s14.001-31.272,31.273-31.272c80.425,0,230.445,82.364,230.445,239.817 C1234.447,829.2,1220.447,843.2,1203.175,843.2z\"><\/path><path d=\"M1012.309,1788.987H787.691c-15.351,0-28.433-11.143-30.876-26.299l-30.721-190.718 c-62.62-16.151-122.402-40.937-178.231-73.885L391.23,1611.258c-12.442,8.983-29.575,7.622-40.428-3.237l-158.825-158.829 c-10.855-10.854-12.227-27.983-3.235-40.427l113.17-156.626c-32.943-55.81-57.731-115.603-73.889-178.231l-190.716-30.723 c-15.156-2.443-26.299-15.523-26.299-30.876V787.688c0-15.353,11.143-28.433,26.299-30.876l190.716-30.717 c16.157-62.633,40.945-122.426,73.887-178.237L188.742,391.235c-8.992-12.443-7.62-29.571,3.235-40.429l158.825-158.834 c10.856-10.854,27.989-12.225,40.428-3.235l156.631,113.17c55.823-32.951,115.604-57.731,178.233-73.885l30.721-190.711 c2.443-15.157,15.525-26.299,30.876-26.299h224.617c15.353,0,28.433,11.143,30.876,26.299l30.723,190.713 c62.629,16.151,122.418,40.938,178.231,73.889l156.631-113.172c12.438-8.994,29.563-7.62,40.431,3.235l158.825,158.829 c10.854,10.855,12.225,27.985,3.232,40.429L1498.09,547.861c32.957,55.832,57.738,115.611,73.89,178.233l190.713,30.717 c15.156,2.443,26.3,15.523,26.3,30.876v224.621c0,15.353-11.144,28.433-26.3,30.876l-190.718,30.723 c-16.155,62.629-40.94,122.422-73.885,178.231l113.168,156.631c8.992,12.442,7.622,29.571-3.232,40.431L1449.2,1608.025 c-10.855,10.859-27.988,12.22-40.431,3.232l-156.64-113.172c-55.81,32.943-115.598,57.729-178.223,73.88l-30.723,190.723 C1040.741,1777.845,1027.661,1788.987,1012.309,1788.987z M814.331,1726.441h171.338l29.794-184.958 c2.033-12.613,11.535-22.727,24-25.536c70.089-15.798,136.509-43.327,197.41-81.83c10.789-6.827,24.659-6.404,35.025,1.087 l151.91,109.756l121.151-121.151l-109.752-151.901c-7.482-10.357-7.914-24.223-1.086-35.025 c38.498-60.901,66.031-127.325,81.843-197.423c2.81-12.465,12.918-21.963,25.531-23.996l184.95-29.794V814.327l-184.95-29.79 c-12.613-2.033-22.727-11.535-25.536-24c-15.793-70.076-43.327-136.498-81.838-197.419c-6.828-10.8-6.396-24.667,1.086-35.025 l109.752-151.897L1423.809,255.04l-151.901,109.756c-10.362,7.482-24.231,7.912-35.029,1.084 c-60.901-38.504-127.321-66.041-197.415-81.838c-12.465-2.81-21.967-12.918-24-25.533l-29.794-184.95h-171.34l-29.792,184.945 c-2.033,12.615-11.533,22.724-23.998,25.534c-70.089,15.802-136.511,43.336-197.421,81.836 c-10.805,6.828-24.667,6.394-35.025-1.086L376.192,255.036L255.04,376.196l109.752,151.893 c7.484,10.357,7.914,24.225,1.086,35.025c-38.495,60.898-66.031,127.323-81.84,197.428 c-2.813,12.462-12.921,21.962-25.534,23.995l-184.95,29.79v171.342l184.95,29.794c12.613,2.033,22.722,11.531,25.534,23.996 c15.806,70.098,43.342,136.521,81.84,197.423c6.828,10.803,6.398,24.668-1.086,35.025L255.04,1423.804l121.152,121.156 l151.901-109.756c10.353-7.486,24.223-7.919,35.023-1.087c60.923,38.503,127.345,66.036,197.423,81.839 c12.464,2.81,21.964,12.918,23.998,25.531L814.331,1726.441z\"><\/path><path d=\"M900,1380.974c-265.211,0-480.978-215.769-480.978-480.982c0-265.211,215.767-480.978,480.978-480.978 c265.218,0,480.987,215.767,480.987,480.978C1380.987,1165.205,1165.218,1380.974,900,1380.974z M900,481.56 c-230.725,0-418.432,187.707-418.432,418.432c0,230.726,187.708,418.437,418.432,418.437 c230.729,0,418.441-187.711,418.441-418.437C1318.441,669.267,1130.729,481.56,900,481.56z\"><\/path><\/svg><\/span><\/div>\n\n\n\n<div id=\"wp-block-themeisle-blocks-advanced-heading-e301d4d0\" class=\"wp-block-themeisle-blocks-advanced-heading wp-block-themeisle-blocks-advanced-heading-e301d4d0\"><strong>FUNCIONAMENTO DA ESCOLA<\/strong><\/div>\n\n\n\n<h2 class=\"wp-block-heading has-text-align-center has-text-color has-link-color wp-elements-f4ca2050ceec98d26ea036b31016e6a2\" style=\"color:#080808\">Escola a Tempo Inteiro<\/h2>\n\n\n\n<p class=\"has-text-align-center has-text-color has-link-color wp-elements-17a8cc841d8f79613668930a4b80663f\" style=\"color:#080808\">A escola funciona em regime de Escola a Tempo Inteiro (ETI) desde o ano letivo de 1998\/1999, assegurando uma resposta educativa integrada ao longo do dia. Para al\u00e9m das atividades curriculares, s\u00e3o disponibilizadas atividades de enriquecimento curricular e a resposta de Ocupa\u00e7\u00e3o dos Tempos Livres (OTL), destinada aos alunos cujos encarregados de educa\u00e7\u00e3o n\u00e3o disp\u00f5em de hor\u00e1rio compat\u00edvel com o hor\u00e1rio escolar.<\/p>\n<\/div>\n<\/div><\/section>\n<\/div>\n<\/div><\/section>\n\n\n\n<section id=\"wp-block-themeisle-blocks-advanced-columns-cb87630d\" class=\"wp-block-themeisle-blocks-advanced-columns alignfull has-1-columns has-desktop-equal-layout has-tablet-equal-layout has-mobile-equal-layout has-vertical-center has-dark-bg\"><div class=\"wp-block-themeisle-blocks-advanced-columns-overlay\"><\/div><div class=\"innerblocks-wrap\">\n<div id=\"wp-block-themeisle-blocks-advanced-column-a521c34e\" class=\"wp-block-themeisle-blocks-advanced-column\">\n<h2 class=\"wp-block-heading has-text-align-center has-text-color\" style=\"color:#ffffff\">Comunidade Educativa<\/h2>\n\n\n\n<p>A EB1\/PE de S\u00e3o Martinho promove a coopera\u00e7\u00e3o entre os diferentes intervenientes da comunidade educativa, assegurando a participa\u00e7\u00e3o dos encarregados de educa\u00e7\u00e3o, entidades locais e parceiros institucionais no desenvolvimento da a\u00e7\u00e3o educativa.<\/p>\n\n\n\n<div class=\"wp-block-buttons is-horizontal is-content-justification-center is-layout-flex wp-container-core-buttons-is-layout-03627597 wp-block-buttons-is-layout-flex\">\n<div class=\"wp-block-button is-style-primary\"><a class=\"wp-block-button__link has-text-color has-background has-link-color wp-element-button\" href=\"https:\/\/escoladigital.madeira.gov.pt\/eb1peismartinho\/informacoes-uteis\/\" style=\"border-radius:22px;color:#080808;background-color:#f0a733\" target=\"_blank\" rel=\"noreferrer noopener\">Informa\u00e7\u00f5es \u00dateis<\/a><\/div>\n\n\n\n<div class=\"wp-block-button is-style-primary\"><a class=\"wp-block-button__link has-text-color has-background has-link-color wp-element-button\" href=\"https:\/\/escoladigital.madeira.gov.pt\/eb1peismartinho\/contatos\/\" style=\"border-radius:22px;color:#080808;background-color:#f0a733\" target=\"_blank\" rel=\"noreferrer noopener\">Contatos<\/a><\/div>\n<\/div>\n<\/div>\n<\/div><\/section>\n\n\n\n<section id=\"wp-block-themeisle-blocks-advanced-columns-e4373a2b\" class=\"wp-block-themeisle-blocks-advanced-columns alignfull has-1-columns has-desktop-equal-layout has-tablet-equal-layout has-mobile-equal-layout has-vertical-flex-start has-light-bg\"><div class=\"wp-block-themeisle-blocks-advanced-columns-overlay\"><\/div><div class=\"innerblocks-wrap\">\n<div id=\"wp-block-themeisle-blocks-advanced-column-0b9db5af\" class=\"wp-block-themeisle-blocks-advanced-column\">\n<section id=\"wp-block-themeisle-blocks-advanced-columns-62d68e08\" class=\"wp-block-themeisle-blocks-advanced-columns has-2-columns has-desktop-equal-layout has-tablet-equal-layout has-mobile-collapsedRows-layout has-vertical-flex-start\"><div class=\"wp-block-themeisle-blocks-advanced-columns-overlay\"><\/div><div class=\"innerblocks-wrap\">\n<div id=\"wp-block-themeisle-blocks-advanced-column-ba020b38\" class=\"wp-block-themeisle-blocks-advanced-column\">\n<h2 class=\"wp-block-heading has-text-align-left has-text-color has-link-color wp-elements-f7d736dd5e343fee1bb98199760d1fa5\" style=\"color:#080808\"><strong>Caracteriza\u00e7\u00e3o da Freguesi<\/strong>a<\/h2>\n<\/div>\n\n\n\n<div id=\"wp-block-themeisle-blocks-advanced-column-6c94b24d\" class=\"wp-block-themeisle-blocks-advanced-column\">\n<figure class=\"wp-block-image size-medium is-resized\"><img decoding=\"async\" width=\"300\" height=\"225\" src=\"https:\/\/escoladigital.madeira.gov.pt\/eb1peismartinho\/wp-content\/uploads\/sites\/7\/2026\/01\/image-2-300x225.png\" alt=\"\" class=\"wp-image-2700\" style=\"aspect-ratio:1.3333474253825992;object-fit:cover;width:324px;height:auto\" srcset=\"https:\/\/escoladigital.madeira.gov.pt\/eb1peismartinho\/wp-content\/uploads\/sites\/7\/2026\/01\/image-2-300x225.png 300w, https:\/\/escoladigital.madeira.gov.pt\/eb1peismartinho\/wp-content\/uploads\/sites\/7\/2026\/01\/image-2-1024x768.png 1024w, https:\/\/escoladigital.madeira.gov.pt\/eb1peismartinho\/wp-content\/uploads\/sites\/7\/2026\/01\/image-2-768x576.png 768w, https:\/\/escoladigital.madeira.gov.pt\/eb1peismartinho\/wp-content\/uploads\/sites\/7\/2026\/01\/image-2-1536x1152.png 1536w, https:\/\/escoladigital.madeira.gov.pt\/eb1peismartinho\/wp-content\/uploads\/sites\/7\/2026\/01\/image-2.png 1600w\" sizes=\"(max-width: 300px) 100vw, 300px\" \/><\/figure>\n<\/div>\n<\/div><\/section>\n\n\n\n<section id=\"wp-block-themeisle-blocks-advanced-columns-6fc7adce\" class=\"wp-block-themeisle-blocks-advanced-columns has-1-columns has-desktop-equal-layout has-tablet-equal-layout has-mobile-collapsedRows-layout has-vertical-flex-start\"><div class=\"wp-block-themeisle-blocks-advanced-columns-overlay\"><\/div><div class=\"innerblocks-wrap\">\n<div id=\"wp-block-themeisle-blocks-advanced-column-25e97a9a\" class=\"wp-block-themeisle-blocks-advanced-column\">\n<div style=\"height:16px\" aria-hidden=\"true\" class=\"wp-block-spacer\"><\/div>\n\n\n\n<h3 class=\"wp-block-heading has-text-align-left has-text-color has-link-color wp-elements-4af21b424d24ef8bb8372bbdeeb1bf7d\" style=\"color:#080808;margin-top:0px\">Freguesia de S\u00e3o Martinho<\/h3>\n\n\n\n<p class=\"has-text-align-left\">A EB1\/PE de S\u00e3o Martinho localiza-se na freguesia de S\u00e3o Martinho, no concelho do Funchal, uma freguesia de car\u00e1cter urbano, integrada na malha urbana do concelho.<\/p>\n\n\n\n<div class=\"wp-block-buttons is-layout-flex wp-block-buttons-is-layout-flex\">\n<div class=\"wp-block-button is-style-primary\"><a class=\"wp-block-button__link has-text-color has-background has-link-color wp-element-button\" href=\"https:\/\/www.jf-saomartinho.pt\/\" style=\"border-radius:22px;color:#080808;background-color:#f0a733\" target=\"_blank\" rel=\"noreferrer noopener\">Site Oficial da Junta de Freguesia de S\u00e3o Martinho<\/a><\/div>\n<\/div>\n<\/div>\n<\/div><\/section>\n<\/div>\n<\/div><\/section>\n","protected":false},"excerpt":{"rendered":"","protected":false},"author":9,"featured_media":0,"parent":0,"menu_order":0,"comment_status":"closed","ping_status":"closed","template":"","meta":{"site-sidebar-layout":"default","site-content-layout":"","ast-site-content-layout":"default","site-content-style":"default","site-sidebar-style":"default","ast-global-header-display":"","ast-banner-title-visibility":"","ast-main-header-display":"","ast-hfb-above-header-display":"","ast-hfb-below-header-display":"","ast-hfb-mobile-header-display":"","site-post-title":"disabled","ast-breadcrumbs-content":"","ast-featured-img":"","footer-sml-layout":"","ast-disable-related-posts":"","theme-transparent-header-meta":"","adv-header-id-meta":"","stick-header-meta":"","header-above-stick-meta":"","header-main-stick-meta":"","header-below-stick-meta":"","astra-migrate-meta-layouts":"default","ast-page-background-enabled":"default","ast-page-background-meta":{"desktop":{"background-color":"var(--ast-global-color-4)","background-image":"","background-repeat":"repeat","background-position":"center center","background-size":"auto","background-attachment":"scroll","background-type":"","background-media":"","overlay-type":"","overlay-color":"","overlay-opacity":"","overlay-gradient":""},"tablet":{"background-color":"","background-image":"","background-repeat":"repeat","background-position":"center center","background-size":"auto","background-attachment":"scroll","background-type":"","background-media":"","overlay-type":"","overlay-color":"","overlay-opacity":"","overlay-gradient":""},"mobile":{"background-color":"","background-image":"","background-repeat":"repeat","background-position":"center center","background-size":"auto","background-attachment":"scroll","background-type":"","background-media":"","overlay-type":"","overlay-color":"","overlay-opacity":"","overlay-gradient":""}},"ast-content-background-meta":{"desktop":{"background-color":"var(--ast-global-color-5)","background-image":"","background-repeat":"repeat","background-position":"center center","background-size":"auto","background-attachment":"scroll","background-type":"","background-media":"","overlay-type":"","overlay-color":"","overlay-opacity":"","overlay-gradient":""},"tablet":{"background-color":"var(--ast-global-color-5)","background-image":"","background-repeat":"repeat","background-position":"center center","background-size":"auto","background-attachment":"scroll","background-type":"","background-media":"","overlay-type":"","overlay-color":"","overlay-opacity":"","overlay-gradient":""},"mobile":{"background-color":"var(--ast-global-color-5)","background-image":"","background-repeat":"repeat","background-position":"center center","background-size":"auto","background-attachment":"scroll","background-type":"","background-media":"","overlay-type":"","overlay-color":"","overlay-opacity":"","overlay-gradient":""}},"_themeisle_gutenberg_block_has_review":false,"footnotes":""},"class_list":["post-2542","page","type-page","status-publish","hentry"],"_links":{"self":[{"href":"https:\/\/escoladigital.madeira.gov.pt\/eb1peismartinho\/wp-json\/wp\/v2\/pages\/2542","targetHints":{"allow":["GET"]}}],"collection":[{"href":"https:\/\/escoladigital.madeira.gov.pt\/eb1peismartinho\/wp-json\/wp\/v2\/pages"}],"about":[{"href":"https:\/\/escoladigital.madeira.gov.pt\/eb1peismartinho\/wp-json\/wp\/v2\/types\/page"}],"author":[{"embeddable":true,"href":"https:\/\/escoladigital.madeira.gov.pt\/eb1peismartinho\/wp-json\/wp\/v2\/users\/9"}],"replies":[{"embeddable":true,"href":"https:\/\/escoladigital.madeira.gov.pt\/eb1peismartinho\/wp-json\/wp\/v2\/comments?post=2542"}],"version-history":[{"count":4,"href":"https:\/\/escoladigital.madeira.gov.pt\/eb1peismartinho\/wp-json\/wp\/v2\/pages\/2542\/revisions"}],"predecessor-version":[{"id":2702,"href":"https:\/\/escoladigital.madeira.gov.pt\/eb1peismartinho\/wp-json\/wp\/v2\/pages\/2542\/revisions\/2702"}],"wp:attachment":[{"href":"https:\/\/escoladigital.madeira.gov.pt\/eb1peismartinho\/wp-json\/wp\/v2\/media?parent=2542"}],"curies":[{"name":"wp","href":"https:\/\/api.w.org\/{rel}","templated":true}]}}